{"id":13123,"date":"2025-10-09T10:55:59","date_gmt":"2025-10-09T10:55:59","guid":{"rendered":"https:\/\/consortium.hr\/?post_type=product&#038;p=13123"},"modified":"2026-02-16T12:39:24","modified_gmt":"2026-02-16T12:39:24","slug":"osmo-3041-polyx-ulje-prirodno-mat","status":"publish","type":"product","link":"https:\/\/consortium.hr\/sl\/product\/osmo-3041-polyx-ulje-prirodno-mat\/","title":{"rendered":"OSMO 3041 Polyx ulje - prirodno mat"},"content":{"rendered":"<p align=\"justify\">Osmo Polyx ulje Efect Natural mat je namijenjeno za skoro nevidljivu za\u0161titu svijelih drveni povr\u0161ina, npr. drvenih podnih obloga i namje\u0161taja \u2013 ne isti\u010de prirodnu boju drveta i vlakana.<\/p>\n<p><strong>PREDNOSTI:<br \/>\n<\/strong>- svijetla boja drveta ostaje svijetla.<br \/>\n-\u00a0gotovo nevidljiva za\u0161tita, bez \u201etrajnog mokrog efekta\u201c<br \/>\n- primjereno za drvo i parapropusne povr\u0161ine.<br \/>\n- Otporno na vino, pivo i gazirana pi\u0107a - bez vidljivih mrlja.<br \/>\n- Jednostavno \u010di\u0161\u0107enje i odr\u017eavanje.<br \/>\n<strong>- sigurno za ljude, \u017eivotinje i biljke (nakon su\u0161enja)<br \/>\n<\/strong><strong>- pogodno za dje\u010dje igra\u010dke<br \/>\n<\/strong><strong>- ispitano prema DIN EN 71.3 standardima; otporan na slinu i znoj<\/strong><\/p>\n<p>RU\u010cNA OBRADA:<strong><br \/>\n<\/strong>Povr\u0161ina gotova u 2 dana, 2 sloja<br \/>\n(1. sloj Polyx ulje Effekt prirodno, 2. sloj Polyx ulje Original)<\/p>\n<p align=\"justify\">1.\u00a0Nanesite prvi sloj na sirovu, bru\u0161enu povr\u0161inu,\u00a0pribli\u017eno\u00a030 ml\/m<sup>2<\/sup>.<\/p>\n<p align=\"justify\">\n<p align=\"justify\">2.Pogre\u0161ke pri nano\u0161enju mogu se otkloniti do 30 minuta nakon prvog nano\u0161enja.<\/p>\n<div align=\"justify\"><\/div>\n<div align=\"justify\"><\/div>\n<div align=\"justify\">3.\u00a0Vrijeme su\u0161enja je oko 24\u00a0h (kod normalnih klimatski uvjeta\u00a0 23 \u00b0 C \/ 50% relativne vlage).\u00a0Ni\u017ee temperature i \/ ili ve\u0107a vlaga mogu produ\u017eiti vrijeme su\u0161enja.\u00a0Ukoliko radite u zatvorenom prostoru osigurajte dobru ventilaciju.<\/div>\n<div align=\"justify\"><\/div>\n<div align=\"justify\">4.\u00a0Ukoliko \u017eelite povr\u0161inu po su\u0161enju prije nanosa drugog sloja mo\u017eete ispolirati sa finim brunim papirom (P400) ili Scotchpadom.<\/div>\n<div align=\"justify\"><\/div>\n<div align=\"justify\">5. Nanesite drugi sloj, pribli\u017eno 35 ml\/m<sup><span style=\"font-size: small;\">2<\/span><\/sup>\u00a0bezbojnog Polyx ulja Original.<\/div>\n<div align=\"justify\"><\/div>\n<div align=\"justify\">6.\u00a0Vrijeme su\u0161enja:\u00a08-10 h.<\/div>\n<div align=\"justify\"><\/div>\n<div align=\"justify\"><\/div>\n<div align=\"justify\"><strong>Za<\/strong><strong>\u00a0nano\u0161enje Vam je potrebno:\u00a0<\/strong><strong>valjak od mikrovlakna, obostrana lopatica, ravna \u010detka.<\/strong><\/div>\n<div align=\"justify\"><strong>\u00a0<\/strong><\/div>\n<div align=\"justify\"><strong>\u00a0<\/strong><\/div>\n<div align=\"justify\"><strong>1 litra dovoljna je za otprilike 30 m2 povr\u0161ine u jednom sloju.<\/strong><\/div>","protected":false},"excerpt":{"rendered":"<p>Osmo Polyx ulje Efect Natural mat je namijenjeno za skoro nevidljivu za\u0161titu svijelih drveni povr\u0161ina, npr. drvenih podnih obloga i namje\u0161taja \u2013 ne isti\u010de prirodnu boju drveta i vlakana. PREDNOSTI: - svijetla boja drveta ostaje svijetla. -\u00a0gotovo nevidljiva za\u0161tita, bez \u201etrajnog mokrog efekta\u201c - primjereno za drvo i parapropusne povr\u0161ine. - Otporno na vino, pivo [&hellip;]<\/p>","protected":false},"featured_media":13124,"template":"","meta":{"_acf_changed":false},"product_brand":[],"product_cat":[169,362,172],"product_tag":[],"class_list":{"0":"post-13123","1":"product","2":"type-product","3":"status-publish","4":"has-post-thumbnail","6":"product_cat-boje-i-lakovi","7":"product_cat-premazi-za-drvo","8":"product_cat-zastita-za-drvo","10":"first","11":"instock","12":"shipping-taxable","13":"purchasable","14":"product-type-variable","15":"wvs-archive-product-wrapper"},"acf":[],"yoast_head":"<!-- This site is optimized with the Yoast SEO plugin v26.1.1 - https:\/\/yoast.com\/wordpress\/plugins\/seo\/ -->\n<title>OSMO 3041 Polyx ulje - prirodno mat - Consortium<\/title>\n<meta name=\"robots\" content=\"index, follow, max-snippet:-1, max-image-preview:large, max-video-preview:-1\" \/>\n<link rel=\"canonical\" href=\"https:\/\/consortium.hr\/sl\/product\/osmo-3041-polyx-ulje-prirodno-mat\/\" \/>\n<meta property=\"og:locale\" content=\"sl_SI\" \/>\n<meta property=\"og:type\" content=\"article\" \/>\n<meta property=\"og:title\" content=\"OSMO 3041 Polyx ulje - prirodno mat - Consortium\" \/>\n<meta property=\"og:description\" content=\"Osmo Polyx ulje Efect Natural mat je namijenjeno za skoro nevidljivu za\u0161titu svijelih drveni povr\u0161ina, npr. drvenih podnih obloga i namje\u0161taja \u2013 ne isti\u010de prirodnu boju drveta i vlakana. PREDNOSTI: - svijetla boja drveta ostaje svijetla. -\u00a0gotovo nevidljiva za\u0161tita, bez \u201etrajnog mokrog efekta\u201c - primjereno za drvo i parapropusne povr\u0161ine. - Otporno na vino, pivo [&hellip;]\" \/>\n<meta property=\"og:url\" content=\"https:\/\/consortium.hr\/sl\/product\/osmo-3041-polyx-ulje-prirodno-mat\/\" \/>\n<meta property=\"og:site_name\" content=\"Consortium\" \/>\n<meta property=\"article:modified_time\" content=\"2026-02-16T12:39:24+00:00\" \/>\n<meta property=\"og:image\" content=\"https:\/\/consortium.hr\/wp-content\/uploads\/2025\/10\/orso-3041-polyx-ulje.png\" \/>\n\t<meta property=\"og:image:width\" content=\"800\" \/>\n\t<meta property=\"og:image:height\" content=\"800\" \/>\n\t<meta property=\"og:image:type\" content=\"image\/png\" \/>\n<meta name=\"twitter:card\" content=\"summary_large_image\" \/>\n<meta name=\"twitter:label1\" content=\"Est. reading time\" \/>\n\t<meta name=\"twitter:data1\" content=\"1 minuta\" \/>\n<script type=\"application\/ld+json\" class=\"yoast-schema-graph\">{\"@context\":\"https:\/\/schema.org\",\"@graph\":[{\"@type\":\"WebPage\",\"@id\":\"https:\/\/consortium.hr\/product\/osmo-3041-polyx-ulje-prirodno-mat\/\",\"url\":\"https:\/\/consortium.hr\/product\/osmo-3041-polyx-ulje-prirodno-mat\/\",\"name\":\"OSMO 3041 Polyx ulje - prirodno mat - Consortium\",\"isPartOf\":{\"@id\":\"https:\/\/consortium.hr\/#website\"},\"primaryImageOfPage\":{\"@id\":\"https:\/\/consortium.hr\/product\/osmo-3041-polyx-ulje-prirodno-mat\/#primaryimage\"},\"image\":{\"@id\":\"https:\/\/consortium.hr\/product\/osmo-3041-polyx-ulje-prirodno-mat\/#primaryimage\"},\"thumbnailUrl\":\"https:\/\/consortium.hr\/wp-content\/uploads\/2025\/10\/orso-3041-polyx-ulje.png\",\"datePublished\":\"2025-10-09T10:55:59+00:00\",\"dateModified\":\"2026-02-16T12:39:24+00:00\",\"breadcrumb\":{\"@id\":\"https:\/\/consortium.hr\/product\/osmo-3041-polyx-ulje-prirodno-mat\/#breadcrumb\"},\"inLanguage\":\"sl-SI\",\"potentialAction\":[{\"@type\":\"ReadAction\",\"target\":[\"https:\/\/consortium.hr\/product\/osmo-3041-polyx-ulje-prirodno-mat\/\"]}]},{\"@type\":\"ImageObject\",\"inLanguage\":\"sl-SI\",\"@id\":\"https:\/\/consortium.hr\/product\/osmo-3041-polyx-ulje-prirodno-mat\/#primaryimage\",\"url\":\"https:\/\/consortium.hr\/wp-content\/uploads\/2025\/10\/orso-3041-polyx-ulje.png\",\"contentUrl\":\"https:\/\/consortium.hr\/wp-content\/uploads\/2025\/10\/orso-3041-polyx-ulje.png\",\"width\":800,\"height\":800},{\"@type\":\"BreadcrumbList\",\"@id\":\"https:\/\/consortium.hr\/product\/osmo-3041-polyx-ulje-prirodno-mat\/#breadcrumb\",\"itemListElement\":[{\"@type\":\"ListItem\",\"position\":1,\"name\":\"Po\u010detna stranica\",\"item\":\"https:\/\/consortium.hr\/sl\/\"},{\"@type\":\"ListItem\",\"position\":2,\"name\":\"Shop\",\"item\":\"https:\/\/consortium.hr\/sl\/shop\/\"},{\"@type\":\"ListItem\",\"position\":3,\"name\":\"OSMO 3041 Polyx ulje - prirodno mat\"}]},{\"@type\":\"WebSite\",\"@id\":\"https:\/\/consortium.hr\/#website\",\"url\":\"https:\/\/consortium.hr\/\",\"name\":\"Consortium\",\"description\":\"Gra\u0111evinski Materijal - Odli\u010dna Ponuda i Cijena\",\"alternateName\":\"Gra\u0111evinski Materijal - Odli\u010dna Ponuda i Cijena\",\"potentialAction\":[{\"@type\":\"SearchAction\",\"target\":{\"@type\":\"EntryPoint\",\"urlTemplate\":\"https:\/\/consortium.hr\/?s={search_term_string}\"},\"query-input\":{\"@type\":\"PropertyValueSpecification\",\"valueRequired\":true,\"valueName\":\"search_term_string\"}}],\"inLanguage\":\"sl-SI\"}]}<\/script>\n<!-- \/ Yoast SEO plugin. -->","yoast_head_json":{"title":"OSMO 3041 Polyx ulje - prirodno mat - Consortium","robots":{"index":"index","follow":"follow","max-snippet":"max-snippet:-1","max-image-preview":"max-image-preview:large","max-video-preview":"max-video-preview:-1"},"canonical":"https:\/\/consortium.hr\/sl\/product\/osmo-3041-polyx-ulje-prirodno-mat\/","og_locale":"sl_SI","og_type":"article","og_title":"OSMO 3041 Polyx ulje - prirodno mat - Consortium","og_description":"Osmo Polyx ulje Efect Natural mat je namijenjeno za skoro nevidljivu za\u0161titu svijelih drveni povr\u0161ina, npr. drvenih podnih obloga i namje\u0161taja \u2013 ne isti\u010de prirodnu boju drveta i vlakana. PREDNOSTI: - svijetla boja drveta ostaje svijetla. -\u00a0gotovo nevidljiva za\u0161tita, bez \u201etrajnog mokrog efekta\u201c - primjereno za drvo i parapropusne povr\u0161ine. - Otporno na vino, pivo [&hellip;]","og_url":"https:\/\/consortium.hr\/sl\/product\/osmo-3041-polyx-ulje-prirodno-mat\/","og_site_name":"Consortium","article_modified_time":"2026-02-16T12:39:24+00:00","og_image":[{"width":800,"height":800,"url":"https:\/\/consortium.hr\/wp-content\/uploads\/2025\/10\/orso-3041-polyx-ulje.png","type":"image\/png"}],"twitter_card":"summary_large_image","twitter_misc":{"Est. reading time":"1 minuta"},"schema":{"@context":"https:\/\/schema.org","@graph":[{"@type":"WebPage","@id":"https:\/\/consortium.hr\/product\/osmo-3041-polyx-ulje-prirodno-mat\/","url":"https:\/\/consortium.hr\/product\/osmo-3041-polyx-ulje-prirodno-mat\/","name":"OSMO 3041 Polyx ulje - prirodno mat - Consortium","isPartOf":{"@id":"https:\/\/consortium.hr\/#website"},"primaryImageOfPage":{"@id":"https:\/\/consortium.hr\/product\/osmo-3041-polyx-ulje-prirodno-mat\/#primaryimage"},"image":{"@id":"https:\/\/consortium.hr\/product\/osmo-3041-polyx-ulje-prirodno-mat\/#primaryimage"},"thumbnailUrl":"https:\/\/consortium.hr\/wp-content\/uploads\/2025\/10\/orso-3041-polyx-ulje.png","datePublished":"2025-10-09T10:55:59+00:00","dateModified":"2026-02-16T12:39:24+00:00","breadcrumb":{"@id":"https:\/\/consortium.hr\/product\/osmo-3041-polyx-ulje-prirodno-mat\/#breadcrumb"},"inLanguage":"sl-SI","potentialAction":[{"@type":"ReadAction","target":["https:\/\/consortium.hr\/product\/osmo-3041-polyx-ulje-prirodno-mat\/"]}]},{"@type":"ImageObject","inLanguage":"sl-SI","@id":"https:\/\/consortium.hr\/product\/osmo-3041-polyx-ulje-prirodno-mat\/#primaryimage","url":"https:\/\/consortium.hr\/wp-content\/uploads\/2025\/10\/orso-3041-polyx-ulje.png","contentUrl":"https:\/\/consortium.hr\/wp-content\/uploads\/2025\/10\/orso-3041-polyx-ulje.png","width":800,"height":800},{"@type":"BreadcrumbList","@id":"https:\/\/consortium.hr\/product\/osmo-3041-polyx-ulje-prirodno-mat\/#breadcrumb","itemListElement":[{"@type":"ListItem","position":1,"name":"Po\u010detna stranica","item":"https:\/\/consortium.hr\/sl\/"},{"@type":"ListItem","position":2,"name":"Shop","item":"https:\/\/consortium.hr\/sl\/shop\/"},{"@type":"ListItem","position":3,"name":"OSMO 3041 Polyx ulje - prirodno mat"}]},{"@type":"WebSite","@id":"https:\/\/consortium.hr\/#website","url":"https:\/\/consortium.hr\/","name":"Consortium","description":"Gra\u0111evinski Materijal - Odli\u010dna Ponuda i Cijena","alternateName":"Gra\u0111evinski Materijal - Odli\u010dna Ponuda i Cijena","potentialAction":[{"@type":"SearchAction","target":{"@type":"EntryPoint","urlTemplate":"https:\/\/consortium.hr\/?s={search_term_string}"},"query-input":{"@type":"PropertyValueSpecification","valueRequired":true,"valueName":"search_term_string"}}],"inLanguage":"sl-SI"}]}},"_links":{"self":[{"href":"https:\/\/consortium.hr\/sl\/wp-json\/wp\/v2\/product\/13123","targetHints":{"allow":["GET"]}}],"collection":[{"href":"https:\/\/consortium.hr\/sl\/wp-json\/wp\/v2\/product"}],"about":[{"href":"https:\/\/consortium.hr\/sl\/wp-json\/wp\/v2\/types\/product"}],"wp:featuredmedia":[{"embeddable":true,"href":"https:\/\/consortium.hr\/sl\/wp-json\/wp\/v2\/media\/13124"}],"wp:attachment":[{"href":"https:\/\/consortium.hr\/sl\/wp-json\/wp\/v2\/media?parent=13123"}],"wp:term":[{"taxonomy":"product_brand","embeddable":true,"href":"https:\/\/consortium.hr\/sl\/wp-json\/wp\/v2\/product_brand?post=13123"},{"taxonomy":"product_cat","embeddable":true,"href":"https:\/\/consortium.hr\/sl\/wp-json\/wp\/v2\/product_cat?post=13123"},{"taxonomy":"product_tag","embeddable":true,"href":"https:\/\/consortium.hr\/sl\/wp-json\/wp\/v2\/product_tag?post=13123"}],"curies":[{"name":"wp","href":"https:\/\/api.w.org\/{rel}","templated":true}]}}