{"id":1612,"date":"2021-06-09T11:35:32","date_gmt":"2021-06-09T11:35:32","guid":{"rendered":"https:\/\/consortium.hr\/?post_type=product&#038;p=1612"},"modified":"2026-04-04T06:57:54","modified_gmt":"2026-04-04T06:57:54","slug":"plosnati-kist-kana","status":"publish","type":"product","link":"https:\/\/consortium.hr\/sl\/product\/plosnati-kist-kana\/","title":{"rendered":"Plosnati kist"},"content":{"rendered":"<ul>\n<li>Kakovost: 6. razred<\/li>\n<li>Sestava \u010dopi\u010da: me\u0161anica naravnih in sinteti\u010dnih \u0161\u010detin<\/li>\n<li>Sestava \u010da\u0161ice: jeklena plo\u010devina<\/li>\n<li>Sastav ru\u010dke: plastika<\/li>\n<\/ul>","protected":false},"excerpt":{"rendered":"<p>Kvaliteta:\u00a0 6. razred Sastav \u010detke:\u00a0mje\u0161avina prirodne i sinteti\u010dke dlake Sastav \u010dahure: \u010deli\u010dni lim Sastav ru\u010dke: plastika<\/p>","protected":false},"featured_media":10457,"template":"","meta":{"_acf_changed":false},"product_brand":[],"product_cat":[205,203],"product_tag":[],"class_list":{"0":"post-1612","1":"product","2":"type-product","3":"status-publish","4":"has-post-thumbnail","6":"product_cat-kistovi-i-cetke-za-bojanje","7":"product_cat-licilacki-pribor","9":"first","10":"onbackorder","11":"shipping-taxable","12":"purchasable","13":"product-type-variable","14":"wvs-archive-product-wrapper"},"acf":[],"yoast_head":"<!-- This site is optimized with the Yoast SEO plugin v26.1.1 - https:\/\/yoast.com\/wordpress\/plugins\/seo\/ -->\n<title>Plosnati kist - Consortium<\/title>\n<meta name=\"robots\" content=\"index, follow, max-snippet:-1, max-image-preview:large, max-video-preview:-1\" \/>\n<link rel=\"canonical\" href=\"https:\/\/consortium.hr\/sl\/product\/plosnati-kist-kana\/\" \/>\n<meta property=\"og:locale\" content=\"sl_SI\" \/>\n<meta property=\"og:type\" content=\"article\" \/>\n<meta property=\"og:title\" content=\"Plosnati kist - Consortium\" \/>\n<meta property=\"og:description\" content=\"Kvaliteta:\u00a0 6. razred Sastav \u010detke:\u00a0mje\u0161avina prirodne i sinteti\u010dke dlake Sastav \u010dahure: \u010deli\u010dni lim Sastav ru\u010dke: plastika\" \/>\n<meta property=\"og:url\" content=\"https:\/\/consortium.hr\/sl\/product\/plosnati-kist-kana\/\" \/>\n<meta property=\"og:site_name\" content=\"Consortium\" \/>\n<meta property=\"article:modified_time\" content=\"2026-04-04T06:57:54+00:00\" \/>\n<meta property=\"og:image\" content=\"https:\/\/consortium.hr\/wp-content\/uploads\/2021\/06\/plosnati-kist-kana-1.jpg\" \/>\n\t<meta property=\"og:image:width\" content=\"800\" \/>\n\t<meta property=\"og:image:height\" content=\"800\" \/>\n\t<meta property=\"og:image:type\" content=\"image\/jpeg\" \/>\n<meta name=\"twitter:card\" content=\"summary_large_image\" \/>\n<script type=\"application\/ld+json\" class=\"yoast-schema-graph\">{\"@context\":\"https:\/\/schema.org\",\"@graph\":[{\"@type\":\"WebPage\",\"@id\":\"https:\/\/consortium.hr\/sl\/product\/plosnati-kist-kana\/\",\"url\":\"https:\/\/consortium.hr\/sl\/product\/plosnati-kist-kana\/\",\"name\":\"Plosnati kist - Consortium\",\"isPartOf\":{\"@id\":\"https:\/\/consortium.hr\/#website\"},\"primaryImageOfPage\":{\"@id\":\"https:\/\/consortium.hr\/sl\/product\/plosnati-kist-kana\/#primaryimage\"},\"image\":{\"@id\":\"https:\/\/consortium.hr\/sl\/product\/plosnati-kist-kana\/#primaryimage\"},\"thumbnailUrl\":\"https:\/\/consortium.hr\/wp-content\/uploads\/2021\/06\/plosnati-kist-kana-1.jpg\",\"datePublished\":\"2021-06-09T11:35:32+00:00\",\"dateModified\":\"2026-04-04T06:57:54+00:00\",\"breadcrumb\":{\"@id\":\"https:\/\/consortium.hr\/sl\/product\/plosnati-kist-kana\/#breadcrumb\"},\"inLanguage\":\"sl-SI\",\"potentialAction\":[{\"@type\":\"ReadAction\",\"target\":[\"https:\/\/consortium.hr\/sl\/product\/plosnati-kist-kana\/\"]}]},{\"@type\":\"ImageObject\",\"inLanguage\":\"sl-SI\",\"@id\":\"https:\/\/consortium.hr\/sl\/product\/plosnati-kist-kana\/#primaryimage\",\"url\":\"https:\/\/consortium.hr\/wp-content\/uploads\/2021\/06\/plosnati-kist-kana-1.jpg\",\"contentUrl\":\"https:\/\/consortium.hr\/wp-content\/uploads\/2021\/06\/plosnati-kist-kana-1.jpg\",\"width\":800,\"height\":800,\"caption\":\"CREATOR: gd-jpeg v1.0 (using IJG JPEG v80), quality = 90\"},{\"@type\":\"BreadcrumbList\",\"@id\":\"https:\/\/consortium.hr\/sl\/product\/plosnati-kist-kana\/#breadcrumb\",\"itemListElement\":[{\"@type\":\"ListItem\",\"position\":1,\"name\":\"Po\u010detna stranica\",\"item\":\"https:\/\/consortium.hr\/sl\/\"},{\"@type\":\"ListItem\",\"position\":2,\"name\":\"Shop\",\"item\":\"https:\/\/consortium.hr\/sl\/shop\/\"},{\"@type\":\"ListItem\",\"position\":3,\"name\":\"Plosnati kist\"}]},{\"@type\":\"WebSite\",\"@id\":\"https:\/\/consortium.hr\/#website\",\"url\":\"https:\/\/consortium.hr\/\",\"name\":\"Consortium\",\"description\":\"Gra\u0111evinski Materijal - Odli\u010dna Ponuda i Cijena\",\"alternateName\":\"Gra\u0111evinski Materijal - Odli\u010dna Ponuda i Cijena\",\"potentialAction\":[{\"@type\":\"SearchAction\",\"target\":{\"@type\":\"EntryPoint\",\"urlTemplate\":\"https:\/\/consortium.hr\/?s={search_term_string}\"},\"query-input\":{\"@type\":\"PropertyValueSpecification\",\"valueRequired\":true,\"valueName\":\"search_term_string\"}}],\"inLanguage\":\"sl-SI\"}]}<\/script>\n<!-- \/ Yoast SEO plugin. -->","yoast_head_json":{"title":"Plosnati kist - Consortium","robots":{"index":"index","follow":"follow","max-snippet":"max-snippet:-1","max-image-preview":"max-image-preview:large","max-video-preview":"max-video-preview:-1"},"canonical":"https:\/\/consortium.hr\/sl\/product\/plosnati-kist-kana\/","og_locale":"sl_SI","og_type":"article","og_title":"Plosnati kist - Consortium","og_description":"Kvaliteta:\u00a0 6. razred Sastav \u010detke:\u00a0mje\u0161avina prirodne i sinteti\u010dke dlake Sastav \u010dahure: \u010deli\u010dni lim Sastav ru\u010dke: plastika","og_url":"https:\/\/consortium.hr\/sl\/product\/plosnati-kist-kana\/","og_site_name":"Consortium","article_modified_time":"2026-04-04T06:57:54+00:00","og_image":[{"width":800,"height":800,"url":"https:\/\/consortium.hr\/wp-content\/uploads\/2021\/06\/plosnati-kist-kana-1.jpg","type":"image\/jpeg"}],"twitter_card":"summary_large_image","schema":{"@context":"https:\/\/schema.org","@graph":[{"@type":"WebPage","@id":"https:\/\/consortium.hr\/sl\/product\/plosnati-kist-kana\/","url":"https:\/\/consortium.hr\/sl\/product\/plosnati-kist-kana\/","name":"Plosnati kist - Consortium","isPartOf":{"@id":"https:\/\/consortium.hr\/#website"},"primaryImageOfPage":{"@id":"https:\/\/consortium.hr\/sl\/product\/plosnati-kist-kana\/#primaryimage"},"image":{"@id":"https:\/\/consortium.hr\/sl\/product\/plosnati-kist-kana\/#primaryimage"},"thumbnailUrl":"https:\/\/consortium.hr\/wp-content\/uploads\/2021\/06\/plosnati-kist-kana-1.jpg","datePublished":"2021-06-09T11:35:32+00:00","dateModified":"2026-04-04T06:57:54+00:00","breadcrumb":{"@id":"https:\/\/consortium.hr\/sl\/product\/plosnati-kist-kana\/#breadcrumb"},"inLanguage":"sl-SI","potentialAction":[{"@type":"ReadAction","target":["https:\/\/consortium.hr\/sl\/product\/plosnati-kist-kana\/"]}]},{"@type":"ImageObject","inLanguage":"sl-SI","@id":"https:\/\/consortium.hr\/sl\/product\/plosnati-kist-kana\/#primaryimage","url":"https:\/\/consortium.hr\/wp-content\/uploads\/2021\/06\/plosnati-kist-kana-1.jpg","contentUrl":"https:\/\/consortium.hr\/wp-content\/uploads\/2021\/06\/plosnati-kist-kana-1.jpg","width":800,"height":800,"caption":"CREATOR: gd-jpeg v1.0 (using IJG JPEG v80), quality = 90"},{"@type":"BreadcrumbList","@id":"https:\/\/consortium.hr\/sl\/product\/plosnati-kist-kana\/#breadcrumb","itemListElement":[{"@type":"ListItem","position":1,"name":"Po\u010detna stranica","item":"https:\/\/consortium.hr\/sl\/"},{"@type":"ListItem","position":2,"name":"Shop","item":"https:\/\/consortium.hr\/sl\/shop\/"},{"@type":"ListItem","position":3,"name":"Plosnati kist"}]},{"@type":"WebSite","@id":"https:\/\/consortium.hr\/#website","url":"https:\/\/consortium.hr\/","name":"Consortium","description":"Gra\u0111evinski Materijal - Odli\u010dna Ponuda i Cijena","alternateName":"Gra\u0111evinski Materijal - Odli\u010dna Ponuda i Cijena","potentialAction":[{"@type":"SearchAction","target":{"@type":"EntryPoint","urlTemplate":"https:\/\/consortium.hr\/?s={search_term_string}"},"query-input":{"@type":"PropertyValueSpecification","valueRequired":true,"valueName":"search_term_string"}}],"inLanguage":"sl-SI"}]}},"_links":{"self":[{"href":"https:\/\/consortium.hr\/sl\/wp-json\/wp\/v2\/product\/1612","targetHints":{"allow":["GET"]}}],"collection":[{"href":"https:\/\/consortium.hr\/sl\/wp-json\/wp\/v2\/product"}],"about":[{"href":"https:\/\/consortium.hr\/sl\/wp-json\/wp\/v2\/types\/product"}],"wp:featuredmedia":[{"embeddable":true,"href":"https:\/\/consortium.hr\/sl\/wp-json\/wp\/v2\/media\/10457"}],"wp:attachment":[{"href":"https:\/\/consortium.hr\/sl\/wp-json\/wp\/v2\/media?parent=1612"}],"wp:term":[{"taxonomy":"product_brand","embeddable":true,"href":"https:\/\/consortium.hr\/sl\/wp-json\/wp\/v2\/product_brand?post=1612"},{"taxonomy":"product_cat","embeddable":true,"href":"https:\/\/consortium.hr\/sl\/wp-json\/wp\/v2\/product_cat?post=1612"},{"taxonomy":"product_tag","embeddable":true,"href":"https:\/\/consortium.hr\/sl\/wp-json\/wp\/v2\/product_tag?post=1612"}],"curies":[{"name":"wp","href":"https:\/\/api.w.org\/{rel}","templated":true}]}}