{"id":1613,"date":"2021-06-09T11:35:32","date_gmt":"2021-06-09T11:35:32","guid":{"rendered":"https:\/\/consortium.hr\/?post_type=product&#038;p=1613"},"modified":"2026-04-20T12:57:43","modified_gmt":"2026-04-20T12:57:43","slug":"teleskopska-drska-za-valjak","status":"publish","type":"product","link":"https:\/\/consortium.hr\/sl\/product\/teleskopska-drska-za-valjak\/","title":{"rendered":"Teleskopski ro\u010daj za valj\u010dek"},"content":{"rendered":"<p>Teleskopski \u0161tap za valjak je idealan alat za bojanje kako za profesionalne korisnike tako i za ku\u0107ne majstore.<\/p>","protected":false},"excerpt":{"rendered":"<p>Teleskopski \u0161tap za valjak je idealan alat za bojanje kako za profesionalne korisnike tako i za ku\u0107ne majstore.<\/p>","protected":false},"featured_media":1644,"template":"","meta":{"_acf_changed":false},"product_brand":[],"product_cat":[318,203],"product_tag":[],"class_list":{"0":"post-1613","1":"product","2":"type-product","3":"status-publish","4":"has-post-thumbnail","6":"product_cat-drske-za-valjak-i-teleskopi","7":"product_cat-licilacki-pribor","9":"first","10":"onbackorder","11":"shipping-taxable","12":"purchasable","13":"product-type-variable","14":"wvs-archive-product-wrapper"},"acf":[],"yoast_head":"<!-- This site is optimized with the Yoast SEO plugin v26.1.1 - https:\/\/yoast.com\/wordpress\/plugins\/seo\/ -->\n<title>Teleskopska dr\u0161ka za valjak - Consortium<\/title>\n<meta name=\"robots\" content=\"index, follow, max-snippet:-1, max-image-preview:large, max-video-preview:-1\" \/>\n<link rel=\"canonical\" href=\"https:\/\/consortium.hr\/sl\/product\/teleskopska-drska-za-valjak\/\" \/>\n<meta property=\"og:locale\" content=\"sl_SI\" \/>\n<meta property=\"og:type\" content=\"article\" \/>\n<meta property=\"og:title\" content=\"Teleskopska dr\u0161ka za valjak - Consortium\" \/>\n<meta property=\"og:description\" content=\"Teleskopski \u0161tap za valjak je idealan alat za bojanje kako za profesionalne korisnike tako i za ku\u0107ne majstore.\" \/>\n<meta property=\"og:url\" content=\"https:\/\/consortium.hr\/sl\/product\/teleskopska-drska-za-valjak\/\" \/>\n<meta property=\"og:site_name\" content=\"Consortium\" \/>\n<meta property=\"article:modified_time\" content=\"2026-04-20T12:57:43+00:00\" \/>\n<meta property=\"og:image\" content=\"https:\/\/consortium.hr\/wp-content\/uploads\/2021\/06\/Teleskopska-drska-za-valjak.png\" \/>\n\t<meta property=\"og:image:width\" content=\"400\" \/>\n\t<meta property=\"og:image:height\" content=\"400\" \/>\n\t<meta property=\"og:image:type\" content=\"image\/png\" \/>\n<meta name=\"twitter:card\" content=\"summary_large_image\" \/>\n<script type=\"application\/ld+json\" class=\"yoast-schema-graph\">{\"@context\":\"https:\/\/schema.org\",\"@graph\":[{\"@type\":\"WebPage\",\"@id\":\"https:\/\/consortium.hr\/product\/teleskopska-drska-za-valjak\/\",\"url\":\"https:\/\/consortium.hr\/product\/teleskopska-drska-za-valjak\/\",\"name\":\"Teleskopska dr\u0161ka za valjak - Consortium\",\"isPartOf\":{\"@id\":\"https:\/\/consortium.hr\/#website\"},\"primaryImageOfPage\":{\"@id\":\"https:\/\/consortium.hr\/product\/teleskopska-drska-za-valjak\/#primaryimage\"},\"image\":{\"@id\":\"https:\/\/consortium.hr\/product\/teleskopska-drska-za-valjak\/#primaryimage\"},\"thumbnailUrl\":\"https:\/\/consortium.hr\/wp-content\/uploads\/2021\/06\/Teleskopska-drska-za-valjak.png\",\"datePublished\":\"2021-06-09T11:35:32+00:00\",\"dateModified\":\"2026-04-20T12:57:43+00:00\",\"breadcrumb\":{\"@id\":\"https:\/\/consortium.hr\/product\/teleskopska-drska-za-valjak\/#breadcrumb\"},\"inLanguage\":\"sl-SI\",\"potentialAction\":[{\"@type\":\"ReadAction\",\"target\":[\"https:\/\/consortium.hr\/product\/teleskopska-drska-za-valjak\/\"]}]},{\"@type\":\"ImageObject\",\"inLanguage\":\"sl-SI\",\"@id\":\"https:\/\/consortium.hr\/product\/teleskopska-drska-za-valjak\/#primaryimage\",\"url\":\"https:\/\/consortium.hr\/wp-content\/uploads\/2021\/06\/Teleskopska-drska-za-valjak.png\",\"contentUrl\":\"https:\/\/consortium.hr\/wp-content\/uploads\/2021\/06\/Teleskopska-drska-za-valjak.png\",\"width\":400,\"height\":400},{\"@type\":\"BreadcrumbList\",\"@id\":\"https:\/\/consortium.hr\/product\/teleskopska-drska-za-valjak\/#breadcrumb\",\"itemListElement\":[{\"@type\":\"ListItem\",\"position\":1,\"name\":\"Po\u010detna stranica\",\"item\":\"https:\/\/consortium.hr\/sl\/\"},{\"@type\":\"ListItem\",\"position\":2,\"name\":\"Shop\",\"item\":\"https:\/\/consortium.hr\/sl\/shop\/\"},{\"@type\":\"ListItem\",\"position\":3,\"name\":\"Teleskopska dr\u0161ka za valjak\"}]},{\"@type\":\"WebSite\",\"@id\":\"https:\/\/consortium.hr\/#website\",\"url\":\"https:\/\/consortium.hr\/\",\"name\":\"Consortium\",\"description\":\"Gra\u0111evinski Materijal - Odli\u010dna Ponuda i Cijena\",\"alternateName\":\"Gra\u0111evinski Materijal - Odli\u010dna Ponuda i Cijena\",\"potentialAction\":[{\"@type\":\"SearchAction\",\"target\":{\"@type\":\"EntryPoint\",\"urlTemplate\":\"https:\/\/consortium.hr\/?s={search_term_string}\"},\"query-input\":{\"@type\":\"PropertyValueSpecification\",\"valueRequired\":true,\"valueName\":\"search_term_string\"}}],\"inLanguage\":\"sl-SI\"}]}<\/script>\n<!-- \/ Yoast SEO plugin. -->","yoast_head_json":{"title":"Teleskopska dr\u0161ka za valjak - Consortium","robots":{"index":"index","follow":"follow","max-snippet":"max-snippet:-1","max-image-preview":"max-image-preview:large","max-video-preview":"max-video-preview:-1"},"canonical":"https:\/\/consortium.hr\/sl\/product\/teleskopska-drska-za-valjak\/","og_locale":"sl_SI","og_type":"article","og_title":"Teleskopska dr\u0161ka za valjak - Consortium","og_description":"Teleskopski \u0161tap za valjak je idealan alat za bojanje kako za profesionalne korisnike tako i za ku\u0107ne majstore.","og_url":"https:\/\/consortium.hr\/sl\/product\/teleskopska-drska-za-valjak\/","og_site_name":"Consortium","article_modified_time":"2026-04-20T12:57:43+00:00","og_image":[{"width":400,"height":400,"url":"https:\/\/consortium.hr\/wp-content\/uploads\/2021\/06\/Teleskopska-drska-za-valjak.png","type":"image\/png"}],"twitter_card":"summary_large_image","schema":{"@context":"https:\/\/schema.org","@graph":[{"@type":"WebPage","@id":"https:\/\/consortium.hr\/product\/teleskopska-drska-za-valjak\/","url":"https:\/\/consortium.hr\/product\/teleskopska-drska-za-valjak\/","name":"Teleskopska dr\u0161ka za valjak - Consortium","isPartOf":{"@id":"https:\/\/consortium.hr\/#website"},"primaryImageOfPage":{"@id":"https:\/\/consortium.hr\/product\/teleskopska-drska-za-valjak\/#primaryimage"},"image":{"@id":"https:\/\/consortium.hr\/product\/teleskopska-drska-za-valjak\/#primaryimage"},"thumbnailUrl":"https:\/\/consortium.hr\/wp-content\/uploads\/2021\/06\/Teleskopska-drska-za-valjak.png","datePublished":"2021-06-09T11:35:32+00:00","dateModified":"2026-04-20T12:57:43+00:00","breadcrumb":{"@id":"https:\/\/consortium.hr\/product\/teleskopska-drska-za-valjak\/#breadcrumb"},"inLanguage":"sl-SI","potentialAction":[{"@type":"ReadAction","target":["https:\/\/consortium.hr\/product\/teleskopska-drska-za-valjak\/"]}]},{"@type":"ImageObject","inLanguage":"sl-SI","@id":"https:\/\/consortium.hr\/product\/teleskopska-drska-za-valjak\/#primaryimage","url":"https:\/\/consortium.hr\/wp-content\/uploads\/2021\/06\/Teleskopska-drska-za-valjak.png","contentUrl":"https:\/\/consortium.hr\/wp-content\/uploads\/2021\/06\/Teleskopska-drska-za-valjak.png","width":400,"height":400},{"@type":"BreadcrumbList","@id":"https:\/\/consortium.hr\/product\/teleskopska-drska-za-valjak\/#breadcrumb","itemListElement":[{"@type":"ListItem","position":1,"name":"Po\u010detna stranica","item":"https:\/\/consortium.hr\/sl\/"},{"@type":"ListItem","position":2,"name":"Shop","item":"https:\/\/consortium.hr\/sl\/shop\/"},{"@type":"ListItem","position":3,"name":"Teleskopska dr\u0161ka za valjak"}]},{"@type":"WebSite","@id":"https:\/\/consortium.hr\/#website","url":"https:\/\/consortium.hr\/","name":"Consortium","description":"Gra\u0111evinski Materijal - Odli\u010dna Ponuda i Cijena","alternateName":"Gra\u0111evinski Materijal - Odli\u010dna Ponuda i Cijena","potentialAction":[{"@type":"SearchAction","target":{"@type":"EntryPoint","urlTemplate":"https:\/\/consortium.hr\/?s={search_term_string}"},"query-input":{"@type":"PropertyValueSpecification","valueRequired":true,"valueName":"search_term_string"}}],"inLanguage":"sl-SI"}]}},"_links":{"self":[{"href":"https:\/\/consortium.hr\/sl\/wp-json\/wp\/v2\/product\/1613","targetHints":{"allow":["GET"]}}],"collection":[{"href":"https:\/\/consortium.hr\/sl\/wp-json\/wp\/v2\/product"}],"about":[{"href":"https:\/\/consortium.hr\/sl\/wp-json\/wp\/v2\/types\/product"}],"wp:featuredmedia":[{"embeddable":true,"href":"https:\/\/consortium.hr\/sl\/wp-json\/wp\/v2\/media\/1644"}],"wp:attachment":[{"href":"https:\/\/consortium.hr\/sl\/wp-json\/wp\/v2\/media?parent=1613"}],"wp:term":[{"taxonomy":"product_brand","embeddable":true,"href":"https:\/\/consortium.hr\/sl\/wp-json\/wp\/v2\/product_brand?post=1613"},{"taxonomy":"product_cat","embeddable":true,"href":"https:\/\/consortium.hr\/sl\/wp-json\/wp\/v2\/product_cat?post=1613"},{"taxonomy":"product_tag","embeddable":true,"href":"https:\/\/consortium.hr\/sl\/wp-json\/wp\/v2\/product_tag?post=1613"}],"curies":[{"name":"wp","href":"https:\/\/api.w.org\/{rel}","templated":true}]}}