{"id":1614,"date":"2021-06-09T11:35:32","date_gmt":"2021-06-09T11:35:32","guid":{"rendered":"https:\/\/consortium.hr\/?post_type=product&#038;p=1614"},"modified":"2026-03-30T10:13:25","modified_gmt":"2026-03-30T10:13:25","slug":"valjak-kana-color","status":"publish","type":"product","link":"https:\/\/consortium.hr\/sl\/product\/valjak-kana-color\/","title":{"rendered":"Valj\u010dek Kana color"},"content":{"rendered":"<ul>\n<li>27 cm<\/li>\n<li>Poliakril<\/li>\n<li>\u0160ivano<\/li>\n<\/ul>\n<p>&nbsp;<\/p>","protected":false},"excerpt":{"rendered":"<p>27 cm Poliakril \u0160ivani &nbsp;<\/p>","protected":false},"featured_media":1640,"template":"","meta":{"_acf_changed":false},"product_brand":[],"product_cat":[203,204],"product_tag":[],"class_list":{"0":"post-1614","1":"product","2":"type-product","3":"status-publish","4":"has-post-thumbnail","6":"product_cat-licilacki-pribor","7":"product_cat-valjci-za-bojanje","9":"first","10":"instock","11":"shipping-taxable","12":"purchasable","13":"product-type-simple"},"acf":[],"yoast_head":"<!-- This site is optimized with the Yoast SEO plugin v26.1.1 - https:\/\/yoast.com\/wordpress\/plugins\/seo\/ -->\n<title>Valjak Kana color - Consortium<\/title>\n<meta name=\"robots\" content=\"index, follow, max-snippet:-1, max-image-preview:large, max-video-preview:-1\" \/>\n<link rel=\"canonical\" href=\"https:\/\/consortium.hr\/sl\/product\/valjak-kana-color\/\" \/>\n<meta property=\"og:locale\" content=\"sl_SI\" \/>\n<meta property=\"og:type\" content=\"article\" \/>\n<meta property=\"og:title\" content=\"Valjak Kana color - Consortium\" \/>\n<meta property=\"og:description\" content=\"27 cm Poliakril \u0160ivani &nbsp;\" \/>\n<meta property=\"og:url\" content=\"https:\/\/consortium.hr\/sl\/product\/valjak-kana-color\/\" \/>\n<meta property=\"og:site_name\" content=\"Consortium\" \/>\n<meta property=\"article:modified_time\" content=\"2026-03-30T10:13:25+00:00\" \/>\n<meta property=\"og:image\" content=\"https:\/\/consortium.hr\/wp-content\/uploads\/2021\/06\/Valjak-rainbow-slika.png\" \/>\n\t<meta property=\"og:image:width\" content=\"400\" \/>\n\t<meta property=\"og:image:height\" content=\"400\" \/>\n\t<meta property=\"og:image:type\" content=\"image\/png\" \/>\n<meta name=\"twitter:card\" content=\"summary_large_image\" \/>\n<script type=\"application\/ld+json\" class=\"yoast-schema-graph\">{\"@context\":\"https:\/\/schema.org\",\"@graph\":[{\"@type\":\"WebPage\",\"@id\":\"https:\/\/consortium.hr\/product\/valjak-kana-color\/\",\"url\":\"https:\/\/consortium.hr\/product\/valjak-kana-color\/\",\"name\":\"Valjak Kana color - Consortium\",\"isPartOf\":{\"@id\":\"https:\/\/consortium.hr\/#website\"},\"primaryImageOfPage\":{\"@id\":\"https:\/\/consortium.hr\/product\/valjak-kana-color\/#primaryimage\"},\"image\":{\"@id\":\"https:\/\/consortium.hr\/product\/valjak-kana-color\/#primaryimage\"},\"thumbnailUrl\":\"https:\/\/consortium.hr\/wp-content\/uploads\/2021\/06\/Valjak-rainbow-slika.png\",\"datePublished\":\"2021-06-09T11:35:32+00:00\",\"dateModified\":\"2026-03-30T10:13:25+00:00\",\"breadcrumb\":{\"@id\":\"https:\/\/consortium.hr\/product\/valjak-kana-color\/#breadcrumb\"},\"inLanguage\":\"sl-SI\",\"potentialAction\":[{\"@type\":\"ReadAction\",\"target\":[\"https:\/\/consortium.hr\/product\/valjak-kana-color\/\"]}]},{\"@type\":\"ImageObject\",\"inLanguage\":\"sl-SI\",\"@id\":\"https:\/\/consortium.hr\/product\/valjak-kana-color\/#primaryimage\",\"url\":\"https:\/\/consortium.hr\/wp-content\/uploads\/2021\/06\/Valjak-rainbow-slika.png\",\"contentUrl\":\"https:\/\/consortium.hr\/wp-content\/uploads\/2021\/06\/Valjak-rainbow-slika.png\",\"width\":400,\"height\":400},{\"@type\":\"BreadcrumbList\",\"@id\":\"https:\/\/consortium.hr\/product\/valjak-kana-color\/#breadcrumb\",\"itemListElement\":[{\"@type\":\"ListItem\",\"position\":1,\"name\":\"Po\u010detna stranica\",\"item\":\"https:\/\/consortium.hr\/sl\/\"},{\"@type\":\"ListItem\",\"position\":2,\"name\":\"Shop\",\"item\":\"https:\/\/consortium.hr\/sl\/shop\/\"},{\"@type\":\"ListItem\",\"position\":3,\"name\":\"Valjak Kana color\"}]},{\"@type\":\"WebSite\",\"@id\":\"https:\/\/consortium.hr\/#website\",\"url\":\"https:\/\/consortium.hr\/\",\"name\":\"Consortium\",\"description\":\"Gra\u0111evinski Materijal - Odli\u010dna Ponuda i Cijena\",\"alternateName\":\"Gra\u0111evinski Materijal - Odli\u010dna Ponuda i Cijena\",\"potentialAction\":[{\"@type\":\"SearchAction\",\"target\":{\"@type\":\"EntryPoint\",\"urlTemplate\":\"https:\/\/consortium.hr\/?s={search_term_string}\"},\"query-input\":{\"@type\":\"PropertyValueSpecification\",\"valueRequired\":true,\"valueName\":\"search_term_string\"}}],\"inLanguage\":\"sl-SI\"}]}<\/script>\n<!-- \/ Yoast SEO plugin. -->","yoast_head_json":{"title":"Valjak Kana color - Consortium","robots":{"index":"index","follow":"follow","max-snippet":"max-snippet:-1","max-image-preview":"max-image-preview:large","max-video-preview":"max-video-preview:-1"},"canonical":"https:\/\/consortium.hr\/sl\/product\/valjak-kana-color\/","og_locale":"sl_SI","og_type":"article","og_title":"Valjak Kana color - Consortium","og_description":"27 cm Poliakril \u0160ivani &nbsp;","og_url":"https:\/\/consortium.hr\/sl\/product\/valjak-kana-color\/","og_site_name":"Consortium","article_modified_time":"2026-03-30T10:13:25+00:00","og_image":[{"width":400,"height":400,"url":"https:\/\/consortium.hr\/wp-content\/uploads\/2021\/06\/Valjak-rainbow-slika.png","type":"image\/png"}],"twitter_card":"summary_large_image","schema":{"@context":"https:\/\/schema.org","@graph":[{"@type":"WebPage","@id":"https:\/\/consortium.hr\/product\/valjak-kana-color\/","url":"https:\/\/consortium.hr\/product\/valjak-kana-color\/","name":"Valjak Kana color - Consortium","isPartOf":{"@id":"https:\/\/consortium.hr\/#website"},"primaryImageOfPage":{"@id":"https:\/\/consortium.hr\/product\/valjak-kana-color\/#primaryimage"},"image":{"@id":"https:\/\/consortium.hr\/product\/valjak-kana-color\/#primaryimage"},"thumbnailUrl":"https:\/\/consortium.hr\/wp-content\/uploads\/2021\/06\/Valjak-rainbow-slika.png","datePublished":"2021-06-09T11:35:32+00:00","dateModified":"2026-03-30T10:13:25+00:00","breadcrumb":{"@id":"https:\/\/consortium.hr\/product\/valjak-kana-color\/#breadcrumb"},"inLanguage":"sl-SI","potentialAction":[{"@type":"ReadAction","target":["https:\/\/consortium.hr\/product\/valjak-kana-color\/"]}]},{"@type":"ImageObject","inLanguage":"sl-SI","@id":"https:\/\/consortium.hr\/product\/valjak-kana-color\/#primaryimage","url":"https:\/\/consortium.hr\/wp-content\/uploads\/2021\/06\/Valjak-rainbow-slika.png","contentUrl":"https:\/\/consortium.hr\/wp-content\/uploads\/2021\/06\/Valjak-rainbow-slika.png","width":400,"height":400},{"@type":"BreadcrumbList","@id":"https:\/\/consortium.hr\/product\/valjak-kana-color\/#breadcrumb","itemListElement":[{"@type":"ListItem","position":1,"name":"Po\u010detna stranica","item":"https:\/\/consortium.hr\/sl\/"},{"@type":"ListItem","position":2,"name":"Shop","item":"https:\/\/consortium.hr\/sl\/shop\/"},{"@type":"ListItem","position":3,"name":"Valjak Kana color"}]},{"@type":"WebSite","@id":"https:\/\/consortium.hr\/#website","url":"https:\/\/consortium.hr\/","name":"Consortium","description":"Gra\u0111evinski Materijal - Odli\u010dna Ponuda i Cijena","alternateName":"Gra\u0111evinski Materijal - Odli\u010dna Ponuda i Cijena","potentialAction":[{"@type":"SearchAction","target":{"@type":"EntryPoint","urlTemplate":"https:\/\/consortium.hr\/?s={search_term_string}"},"query-input":{"@type":"PropertyValueSpecification","valueRequired":true,"valueName":"search_term_string"}}],"inLanguage":"sl-SI"}]}},"_links":{"self":[{"href":"https:\/\/consortium.hr\/sl\/wp-json\/wp\/v2\/product\/1614","targetHints":{"allow":["GET"]}}],"collection":[{"href":"https:\/\/consortium.hr\/sl\/wp-json\/wp\/v2\/product"}],"about":[{"href":"https:\/\/consortium.hr\/sl\/wp-json\/wp\/v2\/types\/product"}],"wp:featuredmedia":[{"embeddable":true,"href":"https:\/\/consortium.hr\/sl\/wp-json\/wp\/v2\/media\/1640"}],"wp:attachment":[{"href":"https:\/\/consortium.hr\/sl\/wp-json\/wp\/v2\/media?parent=1614"}],"wp:term":[{"taxonomy":"product_brand","embeddable":true,"href":"https:\/\/consortium.hr\/sl\/wp-json\/wp\/v2\/product_brand?post=1614"},{"taxonomy":"product_cat","embeddable":true,"href":"https:\/\/consortium.hr\/sl\/wp-json\/wp\/v2\/product_cat?post=1614"},{"taxonomy":"product_tag","embeddable":true,"href":"https:\/\/consortium.hr\/sl\/wp-json\/wp\/v2\/product_tag?post=1614"}],"curies":[{"name":"wp","href":"https:\/\/api.w.org\/{rel}","templated":true}]}}