{"id":16689,"date":"2026-01-23T08:59:56","date_gmt":"2026-01-23T08:59:56","guid":{"rendered":"https:\/\/consortium.hr\/?post_type=product&#038;p=16689"},"modified":"2026-04-15T16:04:00","modified_gmt":"2026-04-15T16:04:00","slug":"monto-catalizador-barniz-acripol-150-ml-utvrdivac-za-2k-pu","status":"publish","type":"product","link":"https:\/\/consortium.hr\/sl\/product\/monto-catalizador-barniz-acripol-150-ml-utvrdivac-za-2k-pu\/","title":{"rendered":"Monto Catalizador Barniz Acripol 150 ml, utvr\u0111iva\u010d za 2k PU"},"content":{"rendered":"<p><strong>Ta izdelek se uporablja v kombinaciji z:<\/strong>\u00a0<strong><a href=\"https:\/\/consortium.hr\/sl\/product\/monto-barniz-acripol-600ml-2k-pu\/\">Monto Barniz Acripol 600 ml, 2k PU<\/a><\/strong><\/p>\n<p>Utrjevalec za dvokomponentne poliuretanske premazke.<\/p>\n<p>MONTO CATALIZADOR BARNIZ ACRIPOL\u00a0 specijalizirani je proizvod namijenjen stvrdnjavanju i pove\u0107anju performansi dvokomponentnih poliuretanskih premaza, poput Acripol i Impripol. Njegova formula osigurava otpornost premaza na habanje, kemikalije i vanjske uvjete, pru\u017eaju\u0107i dugotrajnu za\u0161titu i estetiku.<\/p>","protected":false},"excerpt":{"rendered":"<p>Ovaj proizvod se koristi u kombinaciji sa:\u00a0Monto Barniz Acripol 600 ml, 2k PU U\u010dvr\u0161\u0107iva\u010d za dvokomponentne poliuretanske premaze MONTO CATALIZADOR BARNIZ ACRIPOL\u00a0 specijalizirani je proizvod namijenjen stvrdnjavanju i pove\u0107anju performansi dvokomponentnih poliuretanskih premaza, poput Acripol i Impripol. Njegova formula osigurava otpornost premaza na habanje, kemikalije i vanjske uvjete, pru\u017eaju\u0107i dugotrajnu za\u0161titu i estetiku.<\/p>","protected":false},"featured_media":16688,"template":"","meta":{"_acf_changed":false},"product_brand":[],"product_cat":[169,173,364,365],"product_tag":[],"class_list":{"0":"post-16689","1":"product","2":"type-product","3":"status-publish","4":"has-post-thumbnail","6":"product_cat-boje-i-lakovi","7":"product_cat-lakovi","8":"product_cat-lakovi-za-drvo","9":"product_cat-lakovi-za-metal","11":"first","12":"instock","13":"shipping-taxable","14":"purchasable","15":"product-type-simple"},"acf":[],"yoast_head":"<!-- This site is optimized with the Yoast SEO plugin v26.1.1 - https:\/\/yoast.com\/wordpress\/plugins\/seo\/ -->\n<title>Monto Catalizador Barniz Acripol 150 ml, utvr\u0111iva\u010d za 2k PU - Consortium<\/title>\n<meta name=\"robots\" content=\"index, follow, max-snippet:-1, max-image-preview:large, max-video-preview:-1\" \/>\n<link rel=\"canonical\" href=\"https:\/\/consortium.hr\/sl\/product\/monto-catalizador-barniz-acripol-150-ml-utvrdivac-za-2k-pu\/\" \/>\n<meta property=\"og:locale\" content=\"sl_SI\" \/>\n<meta property=\"og:type\" content=\"article\" \/>\n<meta property=\"og:title\" content=\"Monto Catalizador Barniz Acripol 150 ml, utvr\u0111iva\u010d za 2k PU - Consortium\" \/>\n<meta property=\"og:description\" content=\"Ovaj proizvod se koristi u kombinaciji sa:\u00a0Monto Barniz Acripol 600 ml, 2k PU U\u010dvr\u0161\u0107iva\u010d za dvokomponentne poliuretanske premaze MONTO CATALIZADOR BARNIZ ACRIPOL\u00a0 specijalizirani je proizvod namijenjen stvrdnjavanju i pove\u0107anju performansi dvokomponentnih poliuretanskih premaza, poput Acripol i Impripol. Njegova formula osigurava otpornost premaza na habanje, kemikalije i vanjske uvjete, pru\u017eaju\u0107i dugotrajnu za\u0161titu i estetiku.\" \/>\n<meta property=\"og:url\" content=\"https:\/\/consortium.hr\/sl\/product\/monto-catalizador-barniz-acripol-150-ml-utvrdivac-za-2k-pu\/\" \/>\n<meta property=\"og:site_name\" content=\"Consortium\" \/>\n<meta property=\"article:modified_time\" content=\"2026-04-15T16:04:00+00:00\" \/>\n<meta property=\"og:image\" content=\"https:\/\/consortium.hr\/wp-content\/uploads\/2026\/01\/monto-catalizador-acripol-impripol.jpg\" \/>\n\t<meta property=\"og:image:width\" content=\"800\" \/>\n\t<meta property=\"og:image:height\" content=\"800\" \/>\n\t<meta property=\"og:image:type\" content=\"image\/jpeg\" \/>\n<meta name=\"twitter:card\" content=\"summary_large_image\" \/>\n<meta name=\"twitter:label1\" content=\"Est. reading time\" \/>\n\t<meta name=\"twitter:data1\" content=\"1 minuta\" \/>\n<script type=\"application\/ld+json\" class=\"yoast-schema-graph\">{\"@context\":\"https:\/\/schema.org\",\"@graph\":[{\"@type\":\"WebPage\",\"@id\":\"https:\/\/consortium.hr\/product\/monto-catalizador-barniz-acripol-150-ml-utvrdivac-za-2k-pu\/\",\"url\":\"https:\/\/consortium.hr\/product\/monto-catalizador-barniz-acripol-150-ml-utvrdivac-za-2k-pu\/\",\"name\":\"Monto Catalizador Barniz Acripol 150 ml, utvr\u0111iva\u010d za 2k PU - Consortium\",\"isPartOf\":{\"@id\":\"https:\/\/consortium.hr\/#website\"},\"primaryImageOfPage\":{\"@id\":\"https:\/\/consortium.hr\/product\/monto-catalizador-barniz-acripol-150-ml-utvrdivac-za-2k-pu\/#primaryimage\"},\"image\":{\"@id\":\"https:\/\/consortium.hr\/product\/monto-catalizador-barniz-acripol-150-ml-utvrdivac-za-2k-pu\/#primaryimage\"},\"thumbnailUrl\":\"https:\/\/consortium.hr\/wp-content\/uploads\/2026\/01\/monto-catalizador-acripol-impripol.jpg\",\"datePublished\":\"2026-01-23T08:59:56+00:00\",\"dateModified\":\"2026-04-15T16:04:00+00:00\",\"breadcrumb\":{\"@id\":\"https:\/\/consortium.hr\/product\/monto-catalizador-barniz-acripol-150-ml-utvrdivac-za-2k-pu\/#breadcrumb\"},\"inLanguage\":\"sl-SI\",\"potentialAction\":[{\"@type\":\"ReadAction\",\"target\":[\"https:\/\/consortium.hr\/product\/monto-catalizador-barniz-acripol-150-ml-utvrdivac-za-2k-pu\/\"]}]},{\"@type\":\"ImageObject\",\"inLanguage\":\"sl-SI\",\"@id\":\"https:\/\/consortium.hr\/product\/monto-catalizador-barniz-acripol-150-ml-utvrdivac-za-2k-pu\/#primaryimage\",\"url\":\"https:\/\/consortium.hr\/wp-content\/uploads\/2026\/01\/monto-catalizador-acripol-impripol.jpg\",\"contentUrl\":\"https:\/\/consortium.hr\/wp-content\/uploads\/2026\/01\/monto-catalizador-acripol-impripol.jpg\",\"width\":800,\"height\":800},{\"@type\":\"BreadcrumbList\",\"@id\":\"https:\/\/consortium.hr\/product\/monto-catalizador-barniz-acripol-150-ml-utvrdivac-za-2k-pu\/#breadcrumb\",\"itemListElement\":[{\"@type\":\"ListItem\",\"position\":1,\"name\":\"Po\u010detna stranica\",\"item\":\"https:\/\/consortium.hr\/sl\/\"},{\"@type\":\"ListItem\",\"position\":2,\"name\":\"Shop\",\"item\":\"https:\/\/consortium.hr\/sl\/shop\/\"},{\"@type\":\"ListItem\",\"position\":3,\"name\":\"Monto Catalizador Barniz Acripol 150 ml, utvr\u0111iva\u010d za 2k PU\"}]},{\"@type\":\"WebSite\",\"@id\":\"https:\/\/consortium.hr\/#website\",\"url\":\"https:\/\/consortium.hr\/\",\"name\":\"Consortium\",\"description\":\"Gra\u0111evinski Materijal - Odli\u010dna Ponuda i Cijena\",\"alternateName\":\"Gra\u0111evinski Materijal - Odli\u010dna Ponuda i Cijena\",\"potentialAction\":[{\"@type\":\"SearchAction\",\"target\":{\"@type\":\"EntryPoint\",\"urlTemplate\":\"https:\/\/consortium.hr\/?s={search_term_string}\"},\"query-input\":{\"@type\":\"PropertyValueSpecification\",\"valueRequired\":true,\"valueName\":\"search_term_string\"}}],\"inLanguage\":\"sl-SI\"}]}<\/script>\n<!-- \/ Yoast SEO plugin. -->","yoast_head_json":{"title":"Monto Catalizador Barniz Acripol 150 ml, utvr\u0111iva\u010d za 2k PU - Consortium","robots":{"index":"index","follow":"follow","max-snippet":"max-snippet:-1","max-image-preview":"max-image-preview:large","max-video-preview":"max-video-preview:-1"},"canonical":"https:\/\/consortium.hr\/sl\/product\/monto-catalizador-barniz-acripol-150-ml-utvrdivac-za-2k-pu\/","og_locale":"sl_SI","og_type":"article","og_title":"Monto Catalizador Barniz Acripol 150 ml, utvr\u0111iva\u010d za 2k PU - Consortium","og_description":"Ovaj proizvod se koristi u kombinaciji sa:\u00a0Monto Barniz Acripol 600 ml, 2k PU U\u010dvr\u0161\u0107iva\u010d za dvokomponentne poliuretanske premaze MONTO CATALIZADOR BARNIZ ACRIPOL\u00a0 specijalizirani je proizvod namijenjen stvrdnjavanju i pove\u0107anju performansi dvokomponentnih poliuretanskih premaza, poput Acripol i Impripol. Njegova formula osigurava otpornost premaza na habanje, kemikalije i vanjske uvjete, pru\u017eaju\u0107i dugotrajnu za\u0161titu i estetiku.","og_url":"https:\/\/consortium.hr\/sl\/product\/monto-catalizador-barniz-acripol-150-ml-utvrdivac-za-2k-pu\/","og_site_name":"Consortium","article_modified_time":"2026-04-15T16:04:00+00:00","og_image":[{"width":800,"height":800,"url":"https:\/\/consortium.hr\/wp-content\/uploads\/2026\/01\/monto-catalizador-acripol-impripol.jpg","type":"image\/jpeg"}],"twitter_card":"summary_large_image","twitter_misc":{"Est. reading time":"1 minuta"},"schema":{"@context":"https:\/\/schema.org","@graph":[{"@type":"WebPage","@id":"https:\/\/consortium.hr\/product\/monto-catalizador-barniz-acripol-150-ml-utvrdivac-za-2k-pu\/","url":"https:\/\/consortium.hr\/product\/monto-catalizador-barniz-acripol-150-ml-utvrdivac-za-2k-pu\/","name":"Monto Catalizador Barniz Acripol 150 ml, utvr\u0111iva\u010d za 2k PU - Consortium","isPartOf":{"@id":"https:\/\/consortium.hr\/#website"},"primaryImageOfPage":{"@id":"https:\/\/consortium.hr\/product\/monto-catalizador-barniz-acripol-150-ml-utvrdivac-za-2k-pu\/#primaryimage"},"image":{"@id":"https:\/\/consortium.hr\/product\/monto-catalizador-barniz-acripol-150-ml-utvrdivac-za-2k-pu\/#primaryimage"},"thumbnailUrl":"https:\/\/consortium.hr\/wp-content\/uploads\/2026\/01\/monto-catalizador-acripol-impripol.jpg","datePublished":"2026-01-23T08:59:56+00:00","dateModified":"2026-04-15T16:04:00+00:00","breadcrumb":{"@id":"https:\/\/consortium.hr\/product\/monto-catalizador-barniz-acripol-150-ml-utvrdivac-za-2k-pu\/#breadcrumb"},"inLanguage":"sl-SI","potentialAction":[{"@type":"ReadAction","target":["https:\/\/consortium.hr\/product\/monto-catalizador-barniz-acripol-150-ml-utvrdivac-za-2k-pu\/"]}]},{"@type":"ImageObject","inLanguage":"sl-SI","@id":"https:\/\/consortium.hr\/product\/monto-catalizador-barniz-acripol-150-ml-utvrdivac-za-2k-pu\/#primaryimage","url":"https:\/\/consortium.hr\/wp-content\/uploads\/2026\/01\/monto-catalizador-acripol-impripol.jpg","contentUrl":"https:\/\/consortium.hr\/wp-content\/uploads\/2026\/01\/monto-catalizador-acripol-impripol.jpg","width":800,"height":800},{"@type":"BreadcrumbList","@id":"https:\/\/consortium.hr\/product\/monto-catalizador-barniz-acripol-150-ml-utvrdivac-za-2k-pu\/#breadcrumb","itemListElement":[{"@type":"ListItem","position":1,"name":"Po\u010detna stranica","item":"https:\/\/consortium.hr\/sl\/"},{"@type":"ListItem","position":2,"name":"Shop","item":"https:\/\/consortium.hr\/sl\/shop\/"},{"@type":"ListItem","position":3,"name":"Monto Catalizador Barniz Acripol 150 ml, utvr\u0111iva\u010d za 2k PU"}]},{"@type":"WebSite","@id":"https:\/\/consortium.hr\/#website","url":"https:\/\/consortium.hr\/","name":"Consortium","description":"Gra\u0111evinski Materijal - Odli\u010dna Ponuda i Cijena","alternateName":"Gra\u0111evinski Materijal - Odli\u010dna Ponuda i Cijena","potentialAction":[{"@type":"SearchAction","target":{"@type":"EntryPoint","urlTemplate":"https:\/\/consortium.hr\/?s={search_term_string}"},"query-input":{"@type":"PropertyValueSpecification","valueRequired":true,"valueName":"search_term_string"}}],"inLanguage":"sl-SI"}]}},"_links":{"self":[{"href":"https:\/\/consortium.hr\/sl\/wp-json\/wp\/v2\/product\/16689","targetHints":{"allow":["GET"]}}],"collection":[{"href":"https:\/\/consortium.hr\/sl\/wp-json\/wp\/v2\/product"}],"about":[{"href":"https:\/\/consortium.hr\/sl\/wp-json\/wp\/v2\/types\/product"}],"wp:featuredmedia":[{"embeddable":true,"href":"https:\/\/consortium.hr\/sl\/wp-json\/wp\/v2\/media\/16688"}],"wp:attachment":[{"href":"https:\/\/consortium.hr\/sl\/wp-json\/wp\/v2\/media?parent=16689"}],"wp:term":[{"taxonomy":"product_brand","embeddable":true,"href":"https:\/\/consortium.hr\/sl\/wp-json\/wp\/v2\/product_brand?post=16689"},{"taxonomy":"product_cat","embeddable":true,"href":"https:\/\/consortium.hr\/sl\/wp-json\/wp\/v2\/product_cat?post=16689"},{"taxonomy":"product_tag","embeddable":true,"href":"https:\/\/consortium.hr\/sl\/wp-json\/wp\/v2\/product_tag?post=16689"}],"curies":[{"name":"wp","href":"https:\/\/api.w.org\/{rel}","templated":true}]}}