{"id":17876,"date":"2026-02-26T10:22:31","date_gmt":"2026-02-26T10:22:31","guid":{"rendered":"https:\/\/consortium.hr\/?post_type=product&#038;p=17876"},"modified":"2026-03-27T07:23:23","modified_gmt":"2026-03-27T07:23:23","slug":"ljestve-teleskopske-prislojne-410m-14-gazista","status":"publish","type":"product","link":"https:\/\/consortium.hr\/sl\/product\/ljestve-teleskopske-prislojne-410m-14-gazista\/","title":{"rendered":"Ljestve teleskopske prislojne 4,10m - 14 gazi\u0161ta"},"content":{"rendered":"<p>Aluminijske jednodijelne teleskopske ljestve pogodne su i prakti\u010dne za rad na visini za jednostavno kori\u0161tenje ljestava zbog prakti\u010dnog izvla\u010denja koje je mogu\u0107e uz lagani pritisak na gumb koji se nalazi na svakom gazi\u0161tu, izuzetno su prakti\u010dne za skladi\u0161tenje jer zauzimaju vrlo malo prostora.<\/p>","protected":false},"excerpt":{"rendered":"<p>Aluminijske jednodijelne teleskopske ljestve pogodne su i prakti\u010dne za rad na visini za jednostavno kori\u0161tenje ljestava zbog prakti\u010dnog izvla\u010denja koje je mogu\u0107e uz lagani pritisak na gumb koji se nalazi na svakom gazi\u0161tu, izuzetno su prakti\u010dne za skladi\u0161tenje jer zauzimaju vrlo malo prostora.<\/p>","protected":false},"featured_media":17877,"template":"","meta":{"_acf_changed":false},"product_brand":[],"product_cat":[222,313,224],"product_tag":[],"class_list":{"0":"post-17876","1":"product","2":"type-product","3":"status-publish","4":"has-post-thumbnail","6":"product_cat-alati","7":"product_cat-ostali-rucni-pribor","8":"product_cat-rucni-alati","10":"first","11":"instock","12":"shipping-taxable","13":"purchasable","14":"product-type-simple"},"acf":[],"yoast_head":"<!-- This site is optimized with the Yoast SEO plugin v26.1.1 - https:\/\/yoast.com\/wordpress\/plugins\/seo\/ -->\n<title>Ljestve teleskopske prislojne 4,10m - 14 gazi\u0161ta - Consortium<\/title>\n<meta name=\"robots\" content=\"index, follow, max-snippet:-1, max-image-preview:large, max-video-preview:-1\" \/>\n<link rel=\"canonical\" href=\"https:\/\/consortium.hr\/sl\/product\/ljestve-teleskopske-prislojne-410m-14-gazista\/\" \/>\n<meta property=\"og:locale\" content=\"sl_SI\" \/>\n<meta property=\"og:type\" content=\"article\" \/>\n<meta property=\"og:title\" content=\"Ljestve teleskopske prislojne 4,10m - 14 gazi\u0161ta - Consortium\" \/>\n<meta property=\"og:description\" content=\"Aluminijske jednodijelne teleskopske ljestve pogodne su i prakti\u010dne za rad na visini za jednostavno kori\u0161tenje ljestava zbog prakti\u010dnog izvla\u010denja koje je mogu\u0107e uz lagani pritisak na gumb koji se nalazi na svakom gazi\u0161tu, izuzetno su prakti\u010dne za skladi\u0161tenje jer zauzimaju vrlo malo prostora.\" \/>\n<meta property=\"og:url\" content=\"https:\/\/consortium.hr\/sl\/product\/ljestve-teleskopske-prislojne-410m-14-gazista\/\" \/>\n<meta property=\"og:site_name\" content=\"Consortium\" \/>\n<meta property=\"article:modified_time\" content=\"2026-03-27T07:23:23+00:00\" \/>\n<meta property=\"og:image\" content=\"https:\/\/consortium.hr\/wp-content\/uploads\/2026\/02\/ljestve-teleskopske.png\" \/>\n\t<meta property=\"og:image:width\" content=\"800\" \/>\n\t<meta property=\"og:image:height\" content=\"800\" \/>\n\t<meta property=\"og:image:type\" content=\"image\/png\" \/>\n<meta name=\"twitter:card\" content=\"summary_large_image\" \/>\n<meta name=\"twitter:label1\" content=\"Est. reading time\" \/>\n\t<meta name=\"twitter:data1\" content=\"1 minuta\" \/>\n<script type=\"application\/ld+json\" class=\"yoast-schema-graph\">{\"@context\":\"https:\/\/schema.org\",\"@graph\":[{\"@type\":\"WebPage\",\"@id\":\"https:\/\/consortium.hr\/product\/ljestve-teleskopske-prislojne-410m-14-gazista\/\",\"url\":\"https:\/\/consortium.hr\/product\/ljestve-teleskopske-prislojne-410m-14-gazista\/\",\"name\":\"Ljestve teleskopske prislojne 4,10m - 14 gazi\u0161ta - Consortium\",\"isPartOf\":{\"@id\":\"https:\/\/consortium.hr\/#website\"},\"primaryImageOfPage\":{\"@id\":\"https:\/\/consortium.hr\/product\/ljestve-teleskopske-prislojne-410m-14-gazista\/#primaryimage\"},\"image\":{\"@id\":\"https:\/\/consortium.hr\/product\/ljestve-teleskopske-prislojne-410m-14-gazista\/#primaryimage\"},\"thumbnailUrl\":\"https:\/\/consortium.hr\/wp-content\/uploads\/2026\/02\/ljestve-teleskopske.png\",\"datePublished\":\"2026-02-26T10:22:31+00:00\",\"dateModified\":\"2026-03-27T07:23:23+00:00\",\"breadcrumb\":{\"@id\":\"https:\/\/consortium.hr\/product\/ljestve-teleskopske-prislojne-410m-14-gazista\/#breadcrumb\"},\"inLanguage\":\"sl-SI\",\"potentialAction\":[{\"@type\":\"ReadAction\",\"target\":[\"https:\/\/consortium.hr\/product\/ljestve-teleskopske-prislojne-410m-14-gazista\/\"]}]},{\"@type\":\"ImageObject\",\"inLanguage\":\"sl-SI\",\"@id\":\"https:\/\/consortium.hr\/product\/ljestve-teleskopske-prislojne-410m-14-gazista\/#primaryimage\",\"url\":\"https:\/\/consortium.hr\/wp-content\/uploads\/2026\/02\/ljestve-teleskopske.png\",\"contentUrl\":\"https:\/\/consortium.hr\/wp-content\/uploads\/2026\/02\/ljestve-teleskopske.png\",\"width\":800,\"height\":800},{\"@type\":\"BreadcrumbList\",\"@id\":\"https:\/\/consortium.hr\/product\/ljestve-teleskopske-prislojne-410m-14-gazista\/#breadcrumb\",\"itemListElement\":[{\"@type\":\"ListItem\",\"position\":1,\"name\":\"Po\u010detna stranica\",\"item\":\"https:\/\/consortium.hr\/sl\/\"},{\"@type\":\"ListItem\",\"position\":2,\"name\":\"Shop\",\"item\":\"https:\/\/consortium.hr\/sl\/shop\/\"},{\"@type\":\"ListItem\",\"position\":3,\"name\":\"Ljestve teleskopske prislojne 4,10m - 14 gazi\u0161ta\"}]},{\"@type\":\"WebSite\",\"@id\":\"https:\/\/consortium.hr\/#website\",\"url\":\"https:\/\/consortium.hr\/\",\"name\":\"Consortium\",\"description\":\"Gra\u0111evinski Materijal - Odli\u010dna Ponuda i Cijena\",\"alternateName\":\"Gra\u0111evinski Materijal - Odli\u010dna Ponuda i Cijena\",\"potentialAction\":[{\"@type\":\"SearchAction\",\"target\":{\"@type\":\"EntryPoint\",\"urlTemplate\":\"https:\/\/consortium.hr\/?s={search_term_string}\"},\"query-input\":{\"@type\":\"PropertyValueSpecification\",\"valueRequired\":true,\"valueName\":\"search_term_string\"}}],\"inLanguage\":\"sl-SI\"}]}<\/script>\n<!-- \/ Yoast SEO plugin. -->","yoast_head_json":{"title":"Ljestve teleskopske prislojne 4,10m - 14 gazi\u0161ta - Consortium","robots":{"index":"index","follow":"follow","max-snippet":"max-snippet:-1","max-image-preview":"max-image-preview:large","max-video-preview":"max-video-preview:-1"},"canonical":"https:\/\/consortium.hr\/sl\/product\/ljestve-teleskopske-prislojne-410m-14-gazista\/","og_locale":"sl_SI","og_type":"article","og_title":"Ljestve teleskopske prislojne 4,10m - 14 gazi\u0161ta - Consortium","og_description":"Aluminijske jednodijelne teleskopske ljestve pogodne su i prakti\u010dne za rad na visini za jednostavno kori\u0161tenje ljestava zbog prakti\u010dnog izvla\u010denja koje je mogu\u0107e uz lagani pritisak na gumb koji se nalazi na svakom gazi\u0161tu, izuzetno su prakti\u010dne za skladi\u0161tenje jer zauzimaju vrlo malo prostora.","og_url":"https:\/\/consortium.hr\/sl\/product\/ljestve-teleskopske-prislojne-410m-14-gazista\/","og_site_name":"Consortium","article_modified_time":"2026-03-27T07:23:23+00:00","og_image":[{"width":800,"height":800,"url":"https:\/\/consortium.hr\/wp-content\/uploads\/2026\/02\/ljestve-teleskopske.png","type":"image\/png"}],"twitter_card":"summary_large_image","twitter_misc":{"Est. reading time":"1 minuta"},"schema":{"@context":"https:\/\/schema.org","@graph":[{"@type":"WebPage","@id":"https:\/\/consortium.hr\/product\/ljestve-teleskopske-prislojne-410m-14-gazista\/","url":"https:\/\/consortium.hr\/product\/ljestve-teleskopske-prislojne-410m-14-gazista\/","name":"Ljestve teleskopske prislojne 4,10m - 14 gazi\u0161ta - Consortium","isPartOf":{"@id":"https:\/\/consortium.hr\/#website"},"primaryImageOfPage":{"@id":"https:\/\/consortium.hr\/product\/ljestve-teleskopske-prislojne-410m-14-gazista\/#primaryimage"},"image":{"@id":"https:\/\/consortium.hr\/product\/ljestve-teleskopske-prislojne-410m-14-gazista\/#primaryimage"},"thumbnailUrl":"https:\/\/consortium.hr\/wp-content\/uploads\/2026\/02\/ljestve-teleskopske.png","datePublished":"2026-02-26T10:22:31+00:00","dateModified":"2026-03-27T07:23:23+00:00","breadcrumb":{"@id":"https:\/\/consortium.hr\/product\/ljestve-teleskopske-prislojne-410m-14-gazista\/#breadcrumb"},"inLanguage":"sl-SI","potentialAction":[{"@type":"ReadAction","target":["https:\/\/consortium.hr\/product\/ljestve-teleskopske-prislojne-410m-14-gazista\/"]}]},{"@type":"ImageObject","inLanguage":"sl-SI","@id":"https:\/\/consortium.hr\/product\/ljestve-teleskopske-prislojne-410m-14-gazista\/#primaryimage","url":"https:\/\/consortium.hr\/wp-content\/uploads\/2026\/02\/ljestve-teleskopske.png","contentUrl":"https:\/\/consortium.hr\/wp-content\/uploads\/2026\/02\/ljestve-teleskopske.png","width":800,"height":800},{"@type":"BreadcrumbList","@id":"https:\/\/consortium.hr\/product\/ljestve-teleskopske-prislojne-410m-14-gazista\/#breadcrumb","itemListElement":[{"@type":"ListItem","position":1,"name":"Po\u010detna stranica","item":"https:\/\/consortium.hr\/sl\/"},{"@type":"ListItem","position":2,"name":"Shop","item":"https:\/\/consortium.hr\/sl\/shop\/"},{"@type":"ListItem","position":3,"name":"Ljestve teleskopske prislojne 4,10m - 14 gazi\u0161ta"}]},{"@type":"WebSite","@id":"https:\/\/consortium.hr\/#website","url":"https:\/\/consortium.hr\/","name":"Consortium","description":"Gra\u0111evinski Materijal - Odli\u010dna Ponuda i Cijena","alternateName":"Gra\u0111evinski Materijal - Odli\u010dna Ponuda i Cijena","potentialAction":[{"@type":"SearchAction","target":{"@type":"EntryPoint","urlTemplate":"https:\/\/consortium.hr\/?s={search_term_string}"},"query-input":{"@type":"PropertyValueSpecification","valueRequired":true,"valueName":"search_term_string"}}],"inLanguage":"sl-SI"}]}},"_links":{"self":[{"href":"https:\/\/consortium.hr\/sl\/wp-json\/wp\/v2\/product\/17876","targetHints":{"allow":["GET"]}}],"collection":[{"href":"https:\/\/consortium.hr\/sl\/wp-json\/wp\/v2\/product"}],"about":[{"href":"https:\/\/consortium.hr\/sl\/wp-json\/wp\/v2\/types\/product"}],"wp:featuredmedia":[{"embeddable":true,"href":"https:\/\/consortium.hr\/sl\/wp-json\/wp\/v2\/media\/17877"}],"wp:attachment":[{"href":"https:\/\/consortium.hr\/sl\/wp-json\/wp\/v2\/media?parent=17876"}],"wp:term":[{"taxonomy":"product_brand","embeddable":true,"href":"https:\/\/consortium.hr\/sl\/wp-json\/wp\/v2\/product_brand?post=17876"},{"taxonomy":"product_cat","embeddable":true,"href":"https:\/\/consortium.hr\/sl\/wp-json\/wp\/v2\/product_cat?post=17876"},{"taxonomy":"product_tag","embeddable":true,"href":"https:\/\/consortium.hr\/sl\/wp-json\/wp\/v2\/product_tag?post=17876"}],"curies":[{"name":"wp","href":"https:\/\/api.w.org\/{rel}","templated":true}]}}