{"id":18287,"date":"2026-03-17T13:08:00","date_gmt":"2026-03-17T13:08:00","guid":{"rendered":"https:\/\/consortium.hr\/?post_type=product&#038;p=18287"},"modified":"2026-03-31T08:43:08","modified_gmt":"2026-03-31T08:43:08","slug":"boldrini-loutil-parfait-rucna-brusilica-za-coskove","status":"publish","type":"product","link":"https:\/\/consortium.hr\/sl\/product\/boldrini-loutil-parfait-rucna-brusilica-za-coskove\/","title":{"rendered":"Boldrini L'outil Parfait ru\u010dna brusilica za kuteve"},"content":{"rendered":"<p>Kutna brusilica<br \/>\nErgoLiss'\u00ae linija<\/p>\n<ul>\n<li>Za zavr\u0161nu obradu te\u0161ko dostupnih unutarnjih kutova i rubova<\/li>\n<li>Precizan rad<\/li>\n<\/ul>\n<p>Blok montiran na pjenu visoke gusto\u0107e omogu\u0107uje jednostavno i ravnomjerno bru\u0161enje \u2013 smanjuje potreban pritisak.<\/p>\n<p>Glava koja se mo\u017ee pomicati u oba smjera: ravnomjernost i \u0161irok radni raspon<\/p>\n<p>Za spajanje na Clip'System\u00ae teleskopsku dr\u0161ku, referenca 1482<\/p>\n<p>Tehni\u010dki opis proizvoda \u2013 kutna brusilica:<\/p>\n<p>2 bloka montirana na pjenu visoke gusto\u0107e \u2013 dimenzije: 14 \u00d7 12 cm<br \/>\nPodesiva glava \u2013 isporu\u010duje se bez brusnog papira<\/p>","protected":false},"excerpt":{"rendered":"<p>Kutna brusilica ErgoLiss'\u00ae linija Za zavr\u0161nu obradu te\u0161ko dostupnih unutarnjih kutova i rubova Precizan rad Blok montiran na pjenu visoke gusto\u0107e omogu\u0107uje jednostavno i ravnomjerno bru\u0161enje \u2013 smanjuje potreban pritisak. Glava koja se mo\u017ee pomicati u oba smjera: ravnomjernost i \u0161irok radni raspon Za spajanje na Clip'System\u00ae teleskopsku dr\u0161ku, referenca 1482 Tehni\u010dki opis proizvoda \u2013 [&hellip;]<\/p>","protected":false},"featured_media":18288,"template":"","meta":{"_acf_changed":false},"product_brand":[],"product_cat":[222,314,225],"product_tag":[],"class_list":{"0":"post-18287","1":"product","2":"type-product","3":"status-publish","4":"has-post-thumbnail","6":"product_cat-alati","7":"product_cat-pribor-za-brusenje-i-rezanje","8":"product_cat-specijalni-alati","10":"first","11":"instock","12":"shipping-taxable","13":"purchasable","14":"product-type-simple"},"acf":[],"yoast_head":"<!-- This site is optimized with the Yoast SEO plugin v26.1.1 - https:\/\/yoast.com\/wordpress\/plugins\/seo\/ -->\n<title>Boldrini L&#039;outil Parfait ru\u010dna brusilica za kuteve - Consortium<\/title>\n<meta name=\"robots\" content=\"index, follow, max-snippet:-1, max-image-preview:large, max-video-preview:-1\" \/>\n<link rel=\"canonical\" href=\"https:\/\/consortium.hr\/sl\/product\/boldrini-loutil-parfait-rucna-brusilica-za-coskove\/\" \/>\n<meta property=\"og:locale\" content=\"sl_SI\" \/>\n<meta property=\"og:type\" content=\"article\" \/>\n<meta property=\"og:title\" content=\"Boldrini L&#039;outil Parfait ru\u010dna brusilica za kuteve - Consortium\" \/>\n<meta property=\"og:description\" content=\"Kutna brusilica ErgoLiss&#039;\u00ae linija Za zavr\u0161nu obradu te\u0161ko dostupnih unutarnjih kutova i rubova Precizan rad Blok montiran na pjenu visoke gusto\u0107e omogu\u0107uje jednostavno i ravnomjerno bru\u0161enje \u2013 smanjuje potreban pritisak. Glava koja se mo\u017ee pomicati u oba smjera: ravnomjernost i \u0161irok radni raspon Za spajanje na Clip&#039;System\u00ae teleskopsku dr\u0161ku, referenca 1482 Tehni\u010dki opis proizvoda \u2013 [&hellip;]\" \/>\n<meta property=\"og:url\" content=\"https:\/\/consortium.hr\/sl\/product\/boldrini-loutil-parfait-rucna-brusilica-za-coskove\/\" \/>\n<meta property=\"og:site_name\" content=\"Consortium\" \/>\n<meta property=\"article:modified_time\" content=\"2026-03-31T08:43:08+00:00\" \/>\n<meta property=\"og:image\" content=\"https:\/\/consortium.hr\/wp-content\/uploads\/2026\/03\/boldrini-loutil-parfait-rucna-brusilica-za-coskove.png\" \/>\n\t<meta property=\"og:image:width\" content=\"800\" \/>\n\t<meta property=\"og:image:height\" content=\"800\" \/>\n\t<meta property=\"og:image:type\" content=\"image\/png\" \/>\n<meta name=\"twitter:card\" content=\"summary_large_image\" \/>\n<meta name=\"twitter:label1\" content=\"Est. reading time\" \/>\n\t<meta name=\"twitter:data1\" content=\"1 minuta\" \/>\n<script type=\"application\/ld+json\" class=\"yoast-schema-graph\">{\"@context\":\"https:\/\/schema.org\",\"@graph\":[{\"@type\":\"WebPage\",\"@id\":\"https:\/\/consortium.hr\/product\/boldrini-loutil-parfait-rucna-brusilica-za-coskove\/\",\"url\":\"https:\/\/consortium.hr\/product\/boldrini-loutil-parfait-rucna-brusilica-za-coskove\/\",\"name\":\"Boldrini L'outil Parfait ru\u010dna brusilica za kuteve - Consortium\",\"isPartOf\":{\"@id\":\"https:\/\/consortium.hr\/#website\"},\"primaryImageOfPage\":{\"@id\":\"https:\/\/consortium.hr\/product\/boldrini-loutil-parfait-rucna-brusilica-za-coskove\/#primaryimage\"},\"image\":{\"@id\":\"https:\/\/consortium.hr\/product\/boldrini-loutil-parfait-rucna-brusilica-za-coskove\/#primaryimage\"},\"thumbnailUrl\":\"https:\/\/consortium.hr\/wp-content\/uploads\/2026\/03\/boldrini-loutil-parfait-rucna-brusilica-za-coskove.png\",\"datePublished\":\"2026-03-17T13:08:00+00:00\",\"dateModified\":\"2026-03-31T08:43:08+00:00\",\"breadcrumb\":{\"@id\":\"https:\/\/consortium.hr\/product\/boldrini-loutil-parfait-rucna-brusilica-za-coskove\/#breadcrumb\"},\"inLanguage\":\"sl-SI\",\"potentialAction\":[{\"@type\":\"ReadAction\",\"target\":[\"https:\/\/consortium.hr\/product\/boldrini-loutil-parfait-rucna-brusilica-za-coskove\/\"]}]},{\"@type\":\"ImageObject\",\"inLanguage\":\"sl-SI\",\"@id\":\"https:\/\/consortium.hr\/product\/boldrini-loutil-parfait-rucna-brusilica-za-coskove\/#primaryimage\",\"url\":\"https:\/\/consortium.hr\/wp-content\/uploads\/2026\/03\/boldrini-loutil-parfait-rucna-brusilica-za-coskove.png\",\"contentUrl\":\"https:\/\/consortium.hr\/wp-content\/uploads\/2026\/03\/boldrini-loutil-parfait-rucna-brusilica-za-coskove.png\",\"width\":800,\"height\":800},{\"@type\":\"BreadcrumbList\",\"@id\":\"https:\/\/consortium.hr\/product\/boldrini-loutil-parfait-rucna-brusilica-za-coskove\/#breadcrumb\",\"itemListElement\":[{\"@type\":\"ListItem\",\"position\":1,\"name\":\"Po\u010detna stranica\",\"item\":\"https:\/\/consortium.hr\/sl\/\"},{\"@type\":\"ListItem\",\"position\":2,\"name\":\"Shop\",\"item\":\"https:\/\/consortium.hr\/sl\/shop\/\"},{\"@type\":\"ListItem\",\"position\":3,\"name\":\"Boldrini L'outil Parfait ru\u010dna brusilica za kuteve\"}]},{\"@type\":\"WebSite\",\"@id\":\"https:\/\/consortium.hr\/#website\",\"url\":\"https:\/\/consortium.hr\/\",\"name\":\"Consortium\",\"description\":\"Gra\u0111evinski Materijal - Odli\u010dna Ponuda i Cijena\",\"alternateName\":\"Gra\u0111evinski Materijal - Odli\u010dna Ponuda i Cijena\",\"potentialAction\":[{\"@type\":\"SearchAction\",\"target\":{\"@type\":\"EntryPoint\",\"urlTemplate\":\"https:\/\/consortium.hr\/?s={search_term_string}\"},\"query-input\":{\"@type\":\"PropertyValueSpecification\",\"valueRequired\":true,\"valueName\":\"search_term_string\"}}],\"inLanguage\":\"sl-SI\"}]}<\/script>\n<!-- \/ Yoast SEO plugin. -->","yoast_head_json":{"title":"Boldrini L'outil Parfait ru\u010dna brusilica za kuteve - Consortium","robots":{"index":"index","follow":"follow","max-snippet":"max-snippet:-1","max-image-preview":"max-image-preview:large","max-video-preview":"max-video-preview:-1"},"canonical":"https:\/\/consortium.hr\/sl\/product\/boldrini-loutil-parfait-rucna-brusilica-za-coskove\/","og_locale":"sl_SI","og_type":"article","og_title":"Boldrini L'outil Parfait ru\u010dna brusilica za kuteve - Consortium","og_description":"Kutna brusilica ErgoLiss'\u00ae linija Za zavr\u0161nu obradu te\u0161ko dostupnih unutarnjih kutova i rubova Precizan rad Blok montiran na pjenu visoke gusto\u0107e omogu\u0107uje jednostavno i ravnomjerno bru\u0161enje \u2013 smanjuje potreban pritisak. Glava koja se mo\u017ee pomicati u oba smjera: ravnomjernost i \u0161irok radni raspon Za spajanje na Clip'System\u00ae teleskopsku dr\u0161ku, referenca 1482 Tehni\u010dki opis proizvoda \u2013 [&hellip;]","og_url":"https:\/\/consortium.hr\/sl\/product\/boldrini-loutil-parfait-rucna-brusilica-za-coskove\/","og_site_name":"Consortium","article_modified_time":"2026-03-31T08:43:08+00:00","og_image":[{"width":800,"height":800,"url":"https:\/\/consortium.hr\/wp-content\/uploads\/2026\/03\/boldrini-loutil-parfait-rucna-brusilica-za-coskove.png","type":"image\/png"}],"twitter_card":"summary_large_image","twitter_misc":{"Est. reading time":"1 minuta"},"schema":{"@context":"https:\/\/schema.org","@graph":[{"@type":"WebPage","@id":"https:\/\/consortium.hr\/product\/boldrini-loutil-parfait-rucna-brusilica-za-coskove\/","url":"https:\/\/consortium.hr\/product\/boldrini-loutil-parfait-rucna-brusilica-za-coskove\/","name":"Boldrini L'outil Parfait ru\u010dna brusilica za kuteve - Consortium","isPartOf":{"@id":"https:\/\/consortium.hr\/#website"},"primaryImageOfPage":{"@id":"https:\/\/consortium.hr\/product\/boldrini-loutil-parfait-rucna-brusilica-za-coskove\/#primaryimage"},"image":{"@id":"https:\/\/consortium.hr\/product\/boldrini-loutil-parfait-rucna-brusilica-za-coskove\/#primaryimage"},"thumbnailUrl":"https:\/\/consortium.hr\/wp-content\/uploads\/2026\/03\/boldrini-loutil-parfait-rucna-brusilica-za-coskove.png","datePublished":"2026-03-17T13:08:00+00:00","dateModified":"2026-03-31T08:43:08+00:00","breadcrumb":{"@id":"https:\/\/consortium.hr\/product\/boldrini-loutil-parfait-rucna-brusilica-za-coskove\/#breadcrumb"},"inLanguage":"sl-SI","potentialAction":[{"@type":"ReadAction","target":["https:\/\/consortium.hr\/product\/boldrini-loutil-parfait-rucna-brusilica-za-coskove\/"]}]},{"@type":"ImageObject","inLanguage":"sl-SI","@id":"https:\/\/consortium.hr\/product\/boldrini-loutil-parfait-rucna-brusilica-za-coskove\/#primaryimage","url":"https:\/\/consortium.hr\/wp-content\/uploads\/2026\/03\/boldrini-loutil-parfait-rucna-brusilica-za-coskove.png","contentUrl":"https:\/\/consortium.hr\/wp-content\/uploads\/2026\/03\/boldrini-loutil-parfait-rucna-brusilica-za-coskove.png","width":800,"height":800},{"@type":"BreadcrumbList","@id":"https:\/\/consortium.hr\/product\/boldrini-loutil-parfait-rucna-brusilica-za-coskove\/#breadcrumb","itemListElement":[{"@type":"ListItem","position":1,"name":"Po\u010detna stranica","item":"https:\/\/consortium.hr\/sl\/"},{"@type":"ListItem","position":2,"name":"Shop","item":"https:\/\/consortium.hr\/sl\/shop\/"},{"@type":"ListItem","position":3,"name":"Boldrini L'outil Parfait ru\u010dna brusilica za kuteve"}]},{"@type":"WebSite","@id":"https:\/\/consortium.hr\/#website","url":"https:\/\/consortium.hr\/","name":"Consortium","description":"Gra\u0111evinski Materijal - Odli\u010dna Ponuda i Cijena","alternateName":"Gra\u0111evinski Materijal - Odli\u010dna Ponuda i Cijena","potentialAction":[{"@type":"SearchAction","target":{"@type":"EntryPoint","urlTemplate":"https:\/\/consortium.hr\/?s={search_term_string}"},"query-input":{"@type":"PropertyValueSpecification","valueRequired":true,"valueName":"search_term_string"}}],"inLanguage":"sl-SI"}]}},"_links":{"self":[{"href":"https:\/\/consortium.hr\/sl\/wp-json\/wp\/v2\/product\/18287","targetHints":{"allow":["GET"]}}],"collection":[{"href":"https:\/\/consortium.hr\/sl\/wp-json\/wp\/v2\/product"}],"about":[{"href":"https:\/\/consortium.hr\/sl\/wp-json\/wp\/v2\/types\/product"}],"wp:featuredmedia":[{"embeddable":true,"href":"https:\/\/consortium.hr\/sl\/wp-json\/wp\/v2\/media\/18288"}],"wp:attachment":[{"href":"https:\/\/consortium.hr\/sl\/wp-json\/wp\/v2\/media?parent=18287"}],"wp:term":[{"taxonomy":"product_brand","embeddable":true,"href":"https:\/\/consortium.hr\/sl\/wp-json\/wp\/v2\/product_brand?post=18287"},{"taxonomy":"product_cat","embeddable":true,"href":"https:\/\/consortium.hr\/sl\/wp-json\/wp\/v2\/product_cat?post=18287"},{"taxonomy":"product_tag","embeddable":true,"href":"https:\/\/consortium.hr\/sl\/wp-json\/wp\/v2\/product_tag?post=18287"}],"curies":[{"name":"wp","href":"https:\/\/api.w.org\/{rel}","templated":true}]}}