{"id":18290,"date":"2026-03-17T13:22:41","date_gmt":"2026-03-17T13:22:41","guid":{"rendered":"https:\/\/consortium.hr\/?post_type=product&#038;p=18290"},"modified":"2026-03-17T13:27:49","modified_gmt":"2026-03-17T13:27:49","slug":"boldrini-loutil-parafait-adapter-za-kutnu-rucnu-brusilicu","status":"publish","type":"product","link":"https:\/\/consortium.hr\/sl\/product\/boldrini-loutil-parafait-adapter-za-kutnu-rucnu-brusilicu\/","title":{"rendered":"Boldrini L'Outil Parfait adapter za kutnu ru\u010dnu brusilicu"},"content":{"rendered":"<p>ClipSystem konektor<\/p>\n<p>Novi OP Process'\u00ae koncept alata s navojnim priklju\u010dkom: jedna univerzalna dr\u0161ka koja se mo\u017ee prilagoditi vrsti radova na gradili\u0161tu<\/p>\n<p>Zauzima manje prostora na gradili\u0161tu, optimizira transport<\/p>\n<p>Dostupni i drugi nastavci na navoj: vi\u0161enamjenski alati, nosa\u010di valjaka, kutna gleterica, ParfaitLiss'\u00ae konektor, produ\u017eetak od 100 cm i konektor za \u0161uplju dr\u0161ku<\/p>\n<p>Konektor izra\u0111en od tehni\u010dkog PBT materijala, oja\u010dan staklenim kuglicama radi mehani\u010dke \u010dvrsto\u0107e \u2013 izvrstan omjer male te\u017eine i visoke izdr\u017eljivosti<\/p>","protected":false},"excerpt":{"rendered":"<p>ClipSystem konektor Novi OP Process'\u00ae koncept alata s navojnim priklju\u010dkom: jedna univerzalna dr\u0161ka koja se mo\u017ee prilagoditi vrsti radova na gradili\u0161tu Zauzima manje prostora na gradili\u0161tu, optimizira transport Dostupni i drugi nastavci na navoj: vi\u0161enamjenski alati, nosa\u010di valjaka, kutna gleterica, ParfaitLiss'\u00ae konektor, produ\u017eetak od 100 cm i konektor za \u0161uplju dr\u0161ku Konektor izra\u0111en od tehni\u010dkog [&hellip;]<\/p>","protected":false},"featured_media":18291,"template":"","meta":{"_acf_changed":false},"product_brand":[],"product_cat":[222,314,225],"product_tag":[],"class_list":{"0":"post-18290","1":"product","2":"type-product","3":"status-publish","4":"has-post-thumbnail","6":"product_cat-alati","7":"product_cat-pribor-za-brusenje-i-rezanje","8":"product_cat-specijalni-alati","10":"first","11":"instock","12":"shipping-taxable","13":"purchasable","14":"product-type-simple"},"acf":[],"yoast_head":"<!-- This site is optimized with the Yoast SEO plugin v26.1.1 - https:\/\/yoast.com\/wordpress\/plugins\/seo\/ -->\n<title>Boldrini L&#039;Outil Parfait adapter za kutnu ru\u010dnu brusilicu - Consortium<\/title>\n<meta name=\"robots\" content=\"index, follow, max-snippet:-1, max-image-preview:large, max-video-preview:-1\" \/>\n<link rel=\"canonical\" href=\"https:\/\/consortium.hr\/sl\/product\/boldrini-loutil-parafait-adapter-za-kutnu-rucnu-brusilicu\/\" \/>\n<meta property=\"og:locale\" content=\"sl_SI\" \/>\n<meta property=\"og:type\" content=\"article\" \/>\n<meta property=\"og:title\" content=\"Boldrini L&#039;Outil Parfait adapter za kutnu ru\u010dnu brusilicu - Consortium\" \/>\n<meta property=\"og:description\" content=\"ClipSystem konektor Novi OP Process&#039;\u00ae koncept alata s navojnim priklju\u010dkom: jedna univerzalna dr\u0161ka koja se mo\u017ee prilagoditi vrsti radova na gradili\u0161tu Zauzima manje prostora na gradili\u0161tu, optimizira transport Dostupni i drugi nastavci na navoj: vi\u0161enamjenski alati, nosa\u010di valjaka, kutna gleterica, ParfaitLiss&#039;\u00ae konektor, produ\u017eetak od 100 cm i konektor za \u0161uplju dr\u0161ku Konektor izra\u0111en od tehni\u010dkog [&hellip;]\" \/>\n<meta property=\"og:url\" content=\"https:\/\/consortium.hr\/sl\/product\/boldrini-loutil-parafait-adapter-za-kutnu-rucnu-brusilicu\/\" \/>\n<meta property=\"og:site_name\" content=\"Consortium\" \/>\n<meta property=\"article:modified_time\" content=\"2026-03-17T13:27:49+00:00\" \/>\n<meta property=\"og:image\" content=\"https:\/\/consortium.hr\/wp-content\/uploads\/2026\/03\/boldrini-loutil-parfait-adapter.png\" \/>\n\t<meta property=\"og:image:width\" content=\"800\" \/>\n\t<meta property=\"og:image:height\" content=\"800\" \/>\n\t<meta property=\"og:image:type\" content=\"image\/png\" \/>\n<meta name=\"twitter:card\" content=\"summary_large_image\" \/>\n<meta name=\"twitter:label1\" content=\"Est. reading time\" \/>\n\t<meta name=\"twitter:data1\" content=\"1 minuta\" \/>\n<script type=\"application\/ld+json\" class=\"yoast-schema-graph\">{\"@context\":\"https:\/\/schema.org\",\"@graph\":[{\"@type\":\"WebPage\",\"@id\":\"https:\/\/consortium.hr\/product\/boldrini-loutil-parafait-adapter-za-kutnu-rucnu-brusilicu\/\",\"url\":\"https:\/\/consortium.hr\/product\/boldrini-loutil-parafait-adapter-za-kutnu-rucnu-brusilicu\/\",\"name\":\"Boldrini L'Outil Parfait adapter za kutnu ru\u010dnu brusilicu - Consortium\",\"isPartOf\":{\"@id\":\"https:\/\/consortium.hr\/#website\"},\"primaryImageOfPage\":{\"@id\":\"https:\/\/consortium.hr\/product\/boldrini-loutil-parafait-adapter-za-kutnu-rucnu-brusilicu\/#primaryimage\"},\"image\":{\"@id\":\"https:\/\/consortium.hr\/product\/boldrini-loutil-parafait-adapter-za-kutnu-rucnu-brusilicu\/#primaryimage\"},\"thumbnailUrl\":\"https:\/\/consortium.hr\/wp-content\/uploads\/2026\/03\/boldrini-loutil-parfait-adapter.png\",\"datePublished\":\"2026-03-17T13:22:41+00:00\",\"dateModified\":\"2026-03-17T13:27:49+00:00\",\"breadcrumb\":{\"@id\":\"https:\/\/consortium.hr\/product\/boldrini-loutil-parafait-adapter-za-kutnu-rucnu-brusilicu\/#breadcrumb\"},\"inLanguage\":\"sl-SI\",\"potentialAction\":[{\"@type\":\"ReadAction\",\"target\":[\"https:\/\/consortium.hr\/product\/boldrini-loutil-parafait-adapter-za-kutnu-rucnu-brusilicu\/\"]}]},{\"@type\":\"ImageObject\",\"inLanguage\":\"sl-SI\",\"@id\":\"https:\/\/consortium.hr\/product\/boldrini-loutil-parafait-adapter-za-kutnu-rucnu-brusilicu\/#primaryimage\",\"url\":\"https:\/\/consortium.hr\/wp-content\/uploads\/2026\/03\/boldrini-loutil-parfait-adapter.png\",\"contentUrl\":\"https:\/\/consortium.hr\/wp-content\/uploads\/2026\/03\/boldrini-loutil-parfait-adapter.png\",\"width\":800,\"height\":800},{\"@type\":\"BreadcrumbList\",\"@id\":\"https:\/\/consortium.hr\/product\/boldrini-loutil-parafait-adapter-za-kutnu-rucnu-brusilicu\/#breadcrumb\",\"itemListElement\":[{\"@type\":\"ListItem\",\"position\":1,\"name\":\"Po\u010detna stranica\",\"item\":\"https:\/\/consortium.hr\/sl\/\"},{\"@type\":\"ListItem\",\"position\":2,\"name\":\"Shop\",\"item\":\"https:\/\/consortium.hr\/sl\/shop\/\"},{\"@type\":\"ListItem\",\"position\":3,\"name\":\"Boldrini L'Outil Parfait adapter za kutnu ru\u010dnu brusilicu\"}]},{\"@type\":\"WebSite\",\"@id\":\"https:\/\/consortium.hr\/#website\",\"url\":\"https:\/\/consortium.hr\/\",\"name\":\"Consortium\",\"description\":\"Gra\u0111evinski Materijal - Odli\u010dna Ponuda i Cijena\",\"alternateName\":\"Gra\u0111evinski Materijal - Odli\u010dna Ponuda i Cijena\",\"potentialAction\":[{\"@type\":\"SearchAction\",\"target\":{\"@type\":\"EntryPoint\",\"urlTemplate\":\"https:\/\/consortium.hr\/?s={search_term_string}\"},\"query-input\":{\"@type\":\"PropertyValueSpecification\",\"valueRequired\":true,\"valueName\":\"search_term_string\"}}],\"inLanguage\":\"sl-SI\"}]}<\/script>\n<!-- \/ Yoast SEO plugin. -->","yoast_head_json":{"title":"Boldrini L'Outil Parfait adapter za kutnu ru\u010dnu brusilicu - Consortium","robots":{"index":"index","follow":"follow","max-snippet":"max-snippet:-1","max-image-preview":"max-image-preview:large","max-video-preview":"max-video-preview:-1"},"canonical":"https:\/\/consortium.hr\/sl\/product\/boldrini-loutil-parafait-adapter-za-kutnu-rucnu-brusilicu\/","og_locale":"sl_SI","og_type":"article","og_title":"Boldrini L'Outil Parfait adapter za kutnu ru\u010dnu brusilicu - Consortium","og_description":"ClipSystem konektor Novi OP Process'\u00ae koncept alata s navojnim priklju\u010dkom: jedna univerzalna dr\u0161ka koja se mo\u017ee prilagoditi vrsti radova na gradili\u0161tu Zauzima manje prostora na gradili\u0161tu, optimizira transport Dostupni i drugi nastavci na navoj: vi\u0161enamjenski alati, nosa\u010di valjaka, kutna gleterica, ParfaitLiss'\u00ae konektor, produ\u017eetak od 100 cm i konektor za \u0161uplju dr\u0161ku Konektor izra\u0111en od tehni\u010dkog [&hellip;]","og_url":"https:\/\/consortium.hr\/sl\/product\/boldrini-loutil-parafait-adapter-za-kutnu-rucnu-brusilicu\/","og_site_name":"Consortium","article_modified_time":"2026-03-17T13:27:49+00:00","og_image":[{"width":800,"height":800,"url":"https:\/\/consortium.hr\/wp-content\/uploads\/2026\/03\/boldrini-loutil-parfait-adapter.png","type":"image\/png"}],"twitter_card":"summary_large_image","twitter_misc":{"Est. reading time":"1 minuta"},"schema":{"@context":"https:\/\/schema.org","@graph":[{"@type":"WebPage","@id":"https:\/\/consortium.hr\/product\/boldrini-loutil-parafait-adapter-za-kutnu-rucnu-brusilicu\/","url":"https:\/\/consortium.hr\/product\/boldrini-loutil-parafait-adapter-za-kutnu-rucnu-brusilicu\/","name":"Boldrini L'Outil Parfait adapter za kutnu ru\u010dnu brusilicu - Consortium","isPartOf":{"@id":"https:\/\/consortium.hr\/#website"},"primaryImageOfPage":{"@id":"https:\/\/consortium.hr\/product\/boldrini-loutil-parafait-adapter-za-kutnu-rucnu-brusilicu\/#primaryimage"},"image":{"@id":"https:\/\/consortium.hr\/product\/boldrini-loutil-parafait-adapter-za-kutnu-rucnu-brusilicu\/#primaryimage"},"thumbnailUrl":"https:\/\/consortium.hr\/wp-content\/uploads\/2026\/03\/boldrini-loutil-parfait-adapter.png","datePublished":"2026-03-17T13:22:41+00:00","dateModified":"2026-03-17T13:27:49+00:00","breadcrumb":{"@id":"https:\/\/consortium.hr\/product\/boldrini-loutil-parafait-adapter-za-kutnu-rucnu-brusilicu\/#breadcrumb"},"inLanguage":"sl-SI","potentialAction":[{"@type":"ReadAction","target":["https:\/\/consortium.hr\/product\/boldrini-loutil-parafait-adapter-za-kutnu-rucnu-brusilicu\/"]}]},{"@type":"ImageObject","inLanguage":"sl-SI","@id":"https:\/\/consortium.hr\/product\/boldrini-loutil-parafait-adapter-za-kutnu-rucnu-brusilicu\/#primaryimage","url":"https:\/\/consortium.hr\/wp-content\/uploads\/2026\/03\/boldrini-loutil-parfait-adapter.png","contentUrl":"https:\/\/consortium.hr\/wp-content\/uploads\/2026\/03\/boldrini-loutil-parfait-adapter.png","width":800,"height":800},{"@type":"BreadcrumbList","@id":"https:\/\/consortium.hr\/product\/boldrini-loutil-parafait-adapter-za-kutnu-rucnu-brusilicu\/#breadcrumb","itemListElement":[{"@type":"ListItem","position":1,"name":"Po\u010detna stranica","item":"https:\/\/consortium.hr\/sl\/"},{"@type":"ListItem","position":2,"name":"Shop","item":"https:\/\/consortium.hr\/sl\/shop\/"},{"@type":"ListItem","position":3,"name":"Boldrini L'Outil Parfait adapter za kutnu ru\u010dnu brusilicu"}]},{"@type":"WebSite","@id":"https:\/\/consortium.hr\/#website","url":"https:\/\/consortium.hr\/","name":"Consortium","description":"Gra\u0111evinski Materijal - Odli\u010dna Ponuda i Cijena","alternateName":"Gra\u0111evinski Materijal - Odli\u010dna Ponuda i Cijena","potentialAction":[{"@type":"SearchAction","target":{"@type":"EntryPoint","urlTemplate":"https:\/\/consortium.hr\/?s={search_term_string}"},"query-input":{"@type":"PropertyValueSpecification","valueRequired":true,"valueName":"search_term_string"}}],"inLanguage":"sl-SI"}]}},"_links":{"self":[{"href":"https:\/\/consortium.hr\/sl\/wp-json\/wp\/v2\/product\/18290","targetHints":{"allow":["GET"]}}],"collection":[{"href":"https:\/\/consortium.hr\/sl\/wp-json\/wp\/v2\/product"}],"about":[{"href":"https:\/\/consortium.hr\/sl\/wp-json\/wp\/v2\/types\/product"}],"wp:featuredmedia":[{"embeddable":true,"href":"https:\/\/consortium.hr\/sl\/wp-json\/wp\/v2\/media\/18291"}],"wp:attachment":[{"href":"https:\/\/consortium.hr\/sl\/wp-json\/wp\/v2\/media?parent=18290"}],"wp:term":[{"taxonomy":"product_brand","embeddable":true,"href":"https:\/\/consortium.hr\/sl\/wp-json\/wp\/v2\/product_brand?post=18290"},{"taxonomy":"product_cat","embeddable":true,"href":"https:\/\/consortium.hr\/sl\/wp-json\/wp\/v2\/product_cat?post=18290"},{"taxonomy":"product_tag","embeddable":true,"href":"https:\/\/consortium.hr\/sl\/wp-json\/wp\/v2\/product_tag?post=18290"}],"curies":[{"name":"wp","href":"https:\/\/api.w.org\/{rel}","templated":true}]}}