{"id":18292,"date":"2026-03-17T13:28:57","date_gmt":"2026-03-17T13:28:57","guid":{"rendered":"https:\/\/consortium.hr\/?post_type=product&#038;p=18292"},"modified":"2026-03-17T13:32:44","modified_gmt":"2026-03-17T13:32:44","slug":"boldrini-loutil-parfait-gleter-bi-flex","status":"publish","type":"product","link":"https:\/\/consortium.hr\/sl\/product\/boldrini-loutil-parfait-gleter-bi-flex\/","title":{"rendered":"Boldrini L'Outil Parfait gleter Bi-Flex"},"content":{"rendered":"<p>Bi-Flex zavr\u0161na gleterica<\/p>\n<p>Za zavr\u0161nu obradu spojeva gipskartonskih plo\u010da (trake za spojeve)<\/p>\n<p>Bi-Flex tehnologija \u2013 postupno zaobljeni rubovi i kutovi bez ostavljanja tragova<\/p>\n<p>Izuzetno lagana<\/p>","protected":false},"excerpt":{"rendered":"<p>Bi-Flex zavr\u0161na gleterica Za zavr\u0161nu obradu spojeva gipskartonskih plo\u010da (trake za spojeve) Bi-Flex tehnologija \u2013 postupno zaobljeni rubovi i kutovi bez ostavljanja tragova Izuzetno lagana<\/p>","protected":false},"featured_media":18293,"template":"","meta":{"_acf_changed":false},"product_brand":[],"product_cat":[222,232,223],"product_tag":[],"class_list":{"0":"post-18292","1":"product","2":"type-product","3":"status-publish","4":"has-post-thumbnail","6":"product_cat-alati","7":"product_cat-gleteri-i-gladilice","8":"product_cat-zidarski-alati","10":"first","11":"instock","12":"shipping-taxable","13":"purchasable","14":"product-type-variable","15":"wvs-archive-product-wrapper"},"acf":[],"yoast_head":"<!-- This site is optimized with the Yoast SEO plugin v26.1.1 - https:\/\/yoast.com\/wordpress\/plugins\/seo\/ -->\n<title>Boldrini L&#039;Outil Parfait gleter Bi-Flex - Consortium<\/title>\n<meta name=\"robots\" content=\"index, follow, max-snippet:-1, max-image-preview:large, max-video-preview:-1\" \/>\n<link rel=\"canonical\" href=\"https:\/\/consortium.hr\/sl\/product\/boldrini-loutil-parfait-gleter-bi-flex\/\" \/>\n<meta property=\"og:locale\" content=\"sl_SI\" \/>\n<meta property=\"og:type\" content=\"article\" \/>\n<meta property=\"og:title\" content=\"Boldrini L&#039;Outil Parfait gleter Bi-Flex - Consortium\" \/>\n<meta property=\"og:description\" content=\"Bi-Flex zavr\u0161na gleterica Za zavr\u0161nu obradu spojeva gipskartonskih plo\u010da (trake za spojeve) Bi-Flex tehnologija \u2013 postupno zaobljeni rubovi i kutovi bez ostavljanja tragova Izuzetno lagana\" \/>\n<meta property=\"og:url\" content=\"https:\/\/consortium.hr\/sl\/product\/boldrini-loutil-parfait-gleter-bi-flex\/\" \/>\n<meta property=\"og:site_name\" content=\"Consortium\" \/>\n<meta property=\"article:modified_time\" content=\"2026-03-17T13:32:44+00:00\" \/>\n<meta property=\"og:image\" content=\"https:\/\/consortium.hr\/wp-content\/uploads\/2026\/03\/boldrini-gleter-loutil-parfait-biflex.png\" \/>\n\t<meta property=\"og:image:width\" content=\"800\" \/>\n\t<meta property=\"og:image:height\" content=\"800\" \/>\n\t<meta property=\"og:image:type\" content=\"image\/png\" \/>\n<meta name=\"twitter:card\" content=\"summary_large_image\" \/>\n<meta name=\"twitter:label1\" content=\"Est. reading time\" \/>\n\t<meta name=\"twitter:data1\" content=\"1 minuta\" \/>\n<script type=\"application\/ld+json\" class=\"yoast-schema-graph\">{\"@context\":\"https:\/\/schema.org\",\"@graph\":[{\"@type\":\"WebPage\",\"@id\":\"https:\/\/consortium.hr\/product\/boldrini-loutil-parfait-gleter-bi-flex\/\",\"url\":\"https:\/\/consortium.hr\/product\/boldrini-loutil-parfait-gleter-bi-flex\/\",\"name\":\"Boldrini L'Outil Parfait gleter Bi-Flex - Consortium\",\"isPartOf\":{\"@id\":\"https:\/\/consortium.hr\/#website\"},\"primaryImageOfPage\":{\"@id\":\"https:\/\/consortium.hr\/product\/boldrini-loutil-parfait-gleter-bi-flex\/#primaryimage\"},\"image\":{\"@id\":\"https:\/\/consortium.hr\/product\/boldrini-loutil-parfait-gleter-bi-flex\/#primaryimage\"},\"thumbnailUrl\":\"https:\/\/consortium.hr\/wp-content\/uploads\/2026\/03\/boldrini-gleter-loutil-parfait-biflex.png\",\"datePublished\":\"2026-03-17T13:28:57+00:00\",\"dateModified\":\"2026-03-17T13:32:44+00:00\",\"breadcrumb\":{\"@id\":\"https:\/\/consortium.hr\/product\/boldrini-loutil-parfait-gleter-bi-flex\/#breadcrumb\"},\"inLanguage\":\"sl-SI\",\"potentialAction\":[{\"@type\":\"ReadAction\",\"target\":[\"https:\/\/consortium.hr\/product\/boldrini-loutil-parfait-gleter-bi-flex\/\"]}]},{\"@type\":\"ImageObject\",\"inLanguage\":\"sl-SI\",\"@id\":\"https:\/\/consortium.hr\/product\/boldrini-loutil-parfait-gleter-bi-flex\/#primaryimage\",\"url\":\"https:\/\/consortium.hr\/wp-content\/uploads\/2026\/03\/boldrini-gleter-loutil-parfait-biflex.png\",\"contentUrl\":\"https:\/\/consortium.hr\/wp-content\/uploads\/2026\/03\/boldrini-gleter-loutil-parfait-biflex.png\",\"width\":800,\"height\":800},{\"@type\":\"BreadcrumbList\",\"@id\":\"https:\/\/consortium.hr\/product\/boldrini-loutil-parfait-gleter-bi-flex\/#breadcrumb\",\"itemListElement\":[{\"@type\":\"ListItem\",\"position\":1,\"name\":\"Po\u010detna stranica\",\"item\":\"https:\/\/consortium.hr\/sl\/\"},{\"@type\":\"ListItem\",\"position\":2,\"name\":\"Shop\",\"item\":\"https:\/\/consortium.hr\/sl\/shop\/\"},{\"@type\":\"ListItem\",\"position\":3,\"name\":\"Boldrini L'Outil Parfait gleter Bi-Flex\"}]},{\"@type\":\"WebSite\",\"@id\":\"https:\/\/consortium.hr\/#website\",\"url\":\"https:\/\/consortium.hr\/\",\"name\":\"Consortium\",\"description\":\"Gra\u0111evinski Materijal - Odli\u010dna Ponuda i Cijena\",\"alternateName\":\"Gra\u0111evinski Materijal - Odli\u010dna Ponuda i Cijena\",\"potentialAction\":[{\"@type\":\"SearchAction\",\"target\":{\"@type\":\"EntryPoint\",\"urlTemplate\":\"https:\/\/consortium.hr\/?s={search_term_string}\"},\"query-input\":{\"@type\":\"PropertyValueSpecification\",\"valueRequired\":true,\"valueName\":\"search_term_string\"}}],\"inLanguage\":\"sl-SI\"}]}<\/script>\n<!-- \/ Yoast SEO plugin. -->","yoast_head_json":{"title":"Boldrini L'Outil Parfait gleter Bi-Flex - Consortium","robots":{"index":"index","follow":"follow","max-snippet":"max-snippet:-1","max-image-preview":"max-image-preview:large","max-video-preview":"max-video-preview:-1"},"canonical":"https:\/\/consortium.hr\/sl\/product\/boldrini-loutil-parfait-gleter-bi-flex\/","og_locale":"sl_SI","og_type":"article","og_title":"Boldrini L'Outil Parfait gleter Bi-Flex - Consortium","og_description":"Bi-Flex zavr\u0161na gleterica Za zavr\u0161nu obradu spojeva gipskartonskih plo\u010da (trake za spojeve) Bi-Flex tehnologija \u2013 postupno zaobljeni rubovi i kutovi bez ostavljanja tragova Izuzetno lagana","og_url":"https:\/\/consortium.hr\/sl\/product\/boldrini-loutil-parfait-gleter-bi-flex\/","og_site_name":"Consortium","article_modified_time":"2026-03-17T13:32:44+00:00","og_image":[{"width":800,"height":800,"url":"https:\/\/consortium.hr\/wp-content\/uploads\/2026\/03\/boldrini-gleter-loutil-parfait-biflex.png","type":"image\/png"}],"twitter_card":"summary_large_image","twitter_misc":{"Est. reading time":"1 minuta"},"schema":{"@context":"https:\/\/schema.org","@graph":[{"@type":"WebPage","@id":"https:\/\/consortium.hr\/product\/boldrini-loutil-parfait-gleter-bi-flex\/","url":"https:\/\/consortium.hr\/product\/boldrini-loutil-parfait-gleter-bi-flex\/","name":"Boldrini L'Outil Parfait gleter Bi-Flex - Consortium","isPartOf":{"@id":"https:\/\/consortium.hr\/#website"},"primaryImageOfPage":{"@id":"https:\/\/consortium.hr\/product\/boldrini-loutil-parfait-gleter-bi-flex\/#primaryimage"},"image":{"@id":"https:\/\/consortium.hr\/product\/boldrini-loutil-parfait-gleter-bi-flex\/#primaryimage"},"thumbnailUrl":"https:\/\/consortium.hr\/wp-content\/uploads\/2026\/03\/boldrini-gleter-loutil-parfait-biflex.png","datePublished":"2026-03-17T13:28:57+00:00","dateModified":"2026-03-17T13:32:44+00:00","breadcrumb":{"@id":"https:\/\/consortium.hr\/product\/boldrini-loutil-parfait-gleter-bi-flex\/#breadcrumb"},"inLanguage":"sl-SI","potentialAction":[{"@type":"ReadAction","target":["https:\/\/consortium.hr\/product\/boldrini-loutil-parfait-gleter-bi-flex\/"]}]},{"@type":"ImageObject","inLanguage":"sl-SI","@id":"https:\/\/consortium.hr\/product\/boldrini-loutil-parfait-gleter-bi-flex\/#primaryimage","url":"https:\/\/consortium.hr\/wp-content\/uploads\/2026\/03\/boldrini-gleter-loutil-parfait-biflex.png","contentUrl":"https:\/\/consortium.hr\/wp-content\/uploads\/2026\/03\/boldrini-gleter-loutil-parfait-biflex.png","width":800,"height":800},{"@type":"BreadcrumbList","@id":"https:\/\/consortium.hr\/product\/boldrini-loutil-parfait-gleter-bi-flex\/#breadcrumb","itemListElement":[{"@type":"ListItem","position":1,"name":"Po\u010detna stranica","item":"https:\/\/consortium.hr\/sl\/"},{"@type":"ListItem","position":2,"name":"Shop","item":"https:\/\/consortium.hr\/sl\/shop\/"},{"@type":"ListItem","position":3,"name":"Boldrini L'Outil Parfait gleter Bi-Flex"}]},{"@type":"WebSite","@id":"https:\/\/consortium.hr\/#website","url":"https:\/\/consortium.hr\/","name":"Consortium","description":"Gra\u0111evinski Materijal - Odli\u010dna Ponuda i Cijena","alternateName":"Gra\u0111evinski Materijal - Odli\u010dna Ponuda i Cijena","potentialAction":[{"@type":"SearchAction","target":{"@type":"EntryPoint","urlTemplate":"https:\/\/consortium.hr\/?s={search_term_string}"},"query-input":{"@type":"PropertyValueSpecification","valueRequired":true,"valueName":"search_term_string"}}],"inLanguage":"sl-SI"}]}},"_links":{"self":[{"href":"https:\/\/consortium.hr\/sl\/wp-json\/wp\/v2\/product\/18292","targetHints":{"allow":["GET"]}}],"collection":[{"href":"https:\/\/consortium.hr\/sl\/wp-json\/wp\/v2\/product"}],"about":[{"href":"https:\/\/consortium.hr\/sl\/wp-json\/wp\/v2\/types\/product"}],"wp:featuredmedia":[{"embeddable":true,"href":"https:\/\/consortium.hr\/sl\/wp-json\/wp\/v2\/media\/18293"}],"wp:attachment":[{"href":"https:\/\/consortium.hr\/sl\/wp-json\/wp\/v2\/media?parent=18292"}],"wp:term":[{"taxonomy":"product_brand","embeddable":true,"href":"https:\/\/consortium.hr\/sl\/wp-json\/wp\/v2\/product_brand?post=18292"},{"taxonomy":"product_cat","embeddable":true,"href":"https:\/\/consortium.hr\/sl\/wp-json\/wp\/v2\/product_cat?post=18292"},{"taxonomy":"product_tag","embeddable":true,"href":"https:\/\/consortium.hr\/sl\/wp-json\/wp\/v2\/product_tag?post=18292"}],"curies":[{"name":"wp","href":"https:\/\/api.w.org\/{rel}","templated":true}]}}