{"id":18314,"date":"2026-03-24T16:03:13","date_gmt":"2026-03-24T16:03:13","guid":{"rendered":"https:\/\/consortium.hr\/?post_type=product&#038;p=18314"},"modified":"2026-04-10T12:39:50","modified_gmt":"2026-04-10T12:39:50","slug":"monto-pavimont-acqua-blanco","status":"publish","type":"product","link":"https:\/\/consortium.hr\/sl\/product\/monto-pavimont-acqua-blanco\/","title":{"rendered":"Monto Pavimont Acqua Blanco"},"content":{"rendered":"<p>Boja za podove i markiranje koja se isti\u010de izuzetnom \u010dvrsto\u0107om, maksimalnom adhezijom i jednostavnom primjenom. Ovaj brzosu\u0161e\u0107i premaz na bazi vode idealan je za terase, podove, podne oznake, ulaze u gara\u017ee i sli\u010dne povr\u0161ine. Uz vrhunsku otpornost, omogu\u0107uje dugotrajnu za\u0161titu i estetski zavr\u0161ni sloj.<\/p>\n<p>Klju\u010dne zna\u010dilnosti:<br \/>\n\u2022 Izuzetna \u010dvrsto\u0107a \u2013 Osigurava visoku otpornost na habanje i vanjske utjecaje, \u0161to ga \u010dini savr\u0161enim za intenzivno kori\u0161tene povr\u0161ine.<br \/>\n\u2022 Maksimalna adhezija \u2013 Osigurava \u010dvrsto prianjanje na razli\u010dite vrste podloga, uklju\u010duju\u0107i beton.<br \/>\n\u2022 Brzosu\u0161e\u0107i premaz \u2013 Su\u0161i se na dodir unutar 30 minuta, \u010dime se smanjuje vrijeme \u010dekanja izme\u0111u slojeva.<br \/>\n\u2022 Vi\u0161enamjenska primjena \u2013 Idealno rje\u0161enje za podne oznake, terase, gara\u017ee i druge prostore izlo\u017eenije tro\u0161enju.<br \/>\n\u2022 Kompatibilnost s zavr\u0161nim lakom \u2013 Mo\u017ee se premazati Barniz Pavimont Acqua, sjajnim zavr\u0161nim lakom, za dodatnu za\u0161titu i estetiku.<\/p>\n<p>Navodila za uporabo:<br \/>\nPrije nano\u0161enja boje, povr\u0161ina mora biti temeljito o\u010di\u0161\u0107ena kako bi se uklonila prljav\u0161tina i zaga\u0111iva\u010di. \u010ci\u0161\u0107enje omogu\u0107uje postizanje potrebne poroznosti za optimalno u\u010dvr\u0161\u0107ivanje premaza te poma\u017ee u uo\u010davanju eventualnih o\u0161te\u0107enja koje je potrebno sanirati. Kvalitetna priprema povr\u0161ine klju\u010dna je za postizanje maksimalne u\u010dinkovitosti proizvoda.<\/p>\n<p>Prvi sloj nanosi se valjkom ili pi\u0161toljem za raspr\u0161ivanje, razrije\u0111en do 10-25% ovisno o poroznosti povr\u0161ine. Drugi sloj nanosi se ravnomjerno, razrije\u0111en do 0-15%, kako bi se izbjegle razlike u sjaju. Vrijeme izme\u0111u slojeva je 2 sata, \u0161to omogu\u0107uje brzu zavr\u0161nu obradu.<\/p>\n<p>Za dodatnu za\u0161titu i sjaj, preporu\u010duje se kori\u0161tenje Barniz Pavimont Acqua, transparentnog zavr\u0161nog laka koji se mo\u017ee koristiti direktno na betonu ili preko Pavimonta.<\/p>\n<p>Ovaj proizvod pru\u017ea izvanrednu trajnost i estetiku za sve vrste podova i podnih oznaka.<\/p>","protected":false},"excerpt":{"rendered":"<p>Boja za podove i markiranje koja se isti\u010de izuzetnom \u010dvrsto\u0107om, maksimalnom adhezijom i jednostavnom primjenom. Ovaj brzosu\u0161e\u0107i premaz na bazi vode idealan je za terase, podove, podne oznake, ulaze u gara\u017ee i sli\u010dne povr\u0161ine. Uz vrhunsku otpornost, omogu\u0107uje dugotrajnu za\u0161titu i estetski zavr\u0161ni sloj. Klju\u010dne karakteristike: \u2022 Izuzetna \u010dvrsto\u0107a \u2013 Osigurava visoku otpornost na habanje [&hellip;]<\/p>","protected":false},"featured_media":18315,"template":"","meta":{"_acf_changed":false},"product_brand":[],"product_cat":[169,177],"product_tag":[],"class_list":{"0":"post-18314","1":"product","2":"type-product","3":"status-publish","4":"has-post-thumbnail","6":"product_cat-boje-i-lakovi","7":"product_cat-premazi-za-podove","9":"first","10":"instock","11":"shipping-taxable","12":"purchasable","13":"product-type-variable","14":"wvs-archive-product-wrapper"},"acf":[],"yoast_head":"<!-- This site is optimized with the Yoast SEO plugin v26.1.1 - https:\/\/yoast.com\/wordpress\/plugins\/seo\/ -->\n<title>Monto Pavimont Acqua Blanco - Consortium<\/title>\n<meta name=\"robots\" content=\"index, follow, max-snippet:-1, max-image-preview:large, max-video-preview:-1\" \/>\n<link rel=\"canonical\" href=\"https:\/\/consortium.hr\/sl\/product\/monto-pavimont-acqua-blanco\/\" \/>\n<meta property=\"og:locale\" content=\"sl_SI\" \/>\n<meta property=\"og:type\" content=\"article\" \/>\n<meta property=\"og:title\" content=\"Monto Pavimont Acqua Blanco - Consortium\" \/>\n<meta property=\"og:description\" content=\"Boja za podove i markiranje koja se isti\u010de izuzetnom \u010dvrsto\u0107om, maksimalnom adhezijom i jednostavnom primjenom. Ovaj brzosu\u0161e\u0107i premaz na bazi vode idealan je za terase, podove, podne oznake, ulaze u gara\u017ee i sli\u010dne povr\u0161ine. Uz vrhunsku otpornost, omogu\u0107uje dugotrajnu za\u0161titu i estetski zavr\u0161ni sloj. Klju\u010dne karakteristike: \u2022 Izuzetna \u010dvrsto\u0107a \u2013 Osigurava visoku otpornost na habanje [&hellip;]\" \/>\n<meta property=\"og:url\" content=\"https:\/\/consortium.hr\/sl\/product\/monto-pavimont-acqua-blanco\/\" \/>\n<meta property=\"og:site_name\" content=\"Consortium\" \/>\n<meta property=\"article:modified_time\" content=\"2026-04-10T12:39:50+00:00\" \/>\n<meta property=\"og:image\" content=\"https:\/\/consortium.hr\/wp-content\/uploads\/2026\/03\/monto-pavimont-acqua.png\" \/>\n\t<meta property=\"og:image:width\" content=\"800\" \/>\n\t<meta property=\"og:image:height\" content=\"800\" \/>\n\t<meta property=\"og:image:type\" content=\"image\/png\" \/>\n<meta name=\"twitter:card\" content=\"summary_large_image\" \/>\n<meta name=\"twitter:label1\" content=\"Est. reading time\" \/>\n\t<meta name=\"twitter:data1\" content=\"2 minuti\" \/>\n<script type=\"application\/ld+json\" class=\"yoast-schema-graph\">{\"@context\":\"https:\/\/schema.org\",\"@graph\":[{\"@type\":\"WebPage\",\"@id\":\"https:\/\/consortium.hr\/product\/monto-pavimont-acqua-blanco\/\",\"url\":\"https:\/\/consortium.hr\/product\/monto-pavimont-acqua-blanco\/\",\"name\":\"Monto Pavimont Acqua Blanco - Consortium\",\"isPartOf\":{\"@id\":\"https:\/\/consortium.hr\/#website\"},\"primaryImageOfPage\":{\"@id\":\"https:\/\/consortium.hr\/product\/monto-pavimont-acqua-blanco\/#primaryimage\"},\"image\":{\"@id\":\"https:\/\/consortium.hr\/product\/monto-pavimont-acqua-blanco\/#primaryimage\"},\"thumbnailUrl\":\"https:\/\/consortium.hr\/wp-content\/uploads\/2026\/03\/monto-pavimont-acqua.png\",\"datePublished\":\"2026-03-24T16:03:13+00:00\",\"dateModified\":\"2026-04-10T12:39:50+00:00\",\"breadcrumb\":{\"@id\":\"https:\/\/consortium.hr\/product\/monto-pavimont-acqua-blanco\/#breadcrumb\"},\"inLanguage\":\"sl-SI\",\"potentialAction\":[{\"@type\":\"ReadAction\",\"target\":[\"https:\/\/consortium.hr\/product\/monto-pavimont-acqua-blanco\/\"]}]},{\"@type\":\"ImageObject\",\"inLanguage\":\"sl-SI\",\"@id\":\"https:\/\/consortium.hr\/product\/monto-pavimont-acqua-blanco\/#primaryimage\",\"url\":\"https:\/\/consortium.hr\/wp-content\/uploads\/2026\/03\/monto-pavimont-acqua.png\",\"contentUrl\":\"https:\/\/consortium.hr\/wp-content\/uploads\/2026\/03\/monto-pavimont-acqua.png\",\"width\":800,\"height\":800},{\"@type\":\"BreadcrumbList\",\"@id\":\"https:\/\/consortium.hr\/product\/monto-pavimont-acqua-blanco\/#breadcrumb\",\"itemListElement\":[{\"@type\":\"ListItem\",\"position\":1,\"name\":\"Po\u010detna stranica\",\"item\":\"https:\/\/consortium.hr\/sl\/\"},{\"@type\":\"ListItem\",\"position\":2,\"name\":\"Shop\",\"item\":\"https:\/\/consortium.hr\/sl\/shop\/\"},{\"@type\":\"ListItem\",\"position\":3,\"name\":\"Monto Pavimont Acqua Blanco\"}]},{\"@type\":\"WebSite\",\"@id\":\"https:\/\/consortium.hr\/#website\",\"url\":\"https:\/\/consortium.hr\/\",\"name\":\"Consortium\",\"description\":\"Gra\u0111evinski Materijal - Odli\u010dna Ponuda i Cijena\",\"alternateName\":\"Gra\u0111evinski Materijal - Odli\u010dna Ponuda i Cijena\",\"potentialAction\":[{\"@type\":\"SearchAction\",\"target\":{\"@type\":\"EntryPoint\",\"urlTemplate\":\"https:\/\/consortium.hr\/?s={search_term_string}\"},\"query-input\":{\"@type\":\"PropertyValueSpecification\",\"valueRequired\":true,\"valueName\":\"search_term_string\"}}],\"inLanguage\":\"sl-SI\"}]}<\/script>\n<!-- \/ Yoast SEO plugin. -->","yoast_head_json":{"title":"Monto Pavimont Acqua Blanco - Consortium","robots":{"index":"index","follow":"follow","max-snippet":"max-snippet:-1","max-image-preview":"max-image-preview:large","max-video-preview":"max-video-preview:-1"},"canonical":"https:\/\/consortium.hr\/sl\/product\/monto-pavimont-acqua-blanco\/","og_locale":"sl_SI","og_type":"article","og_title":"Monto Pavimont Acqua Blanco - Consortium","og_description":"Boja za podove i markiranje koja se isti\u010de izuzetnom \u010dvrsto\u0107om, maksimalnom adhezijom i jednostavnom primjenom. Ovaj brzosu\u0161e\u0107i premaz na bazi vode idealan je za terase, podove, podne oznake, ulaze u gara\u017ee i sli\u010dne povr\u0161ine. Uz vrhunsku otpornost, omogu\u0107uje dugotrajnu za\u0161titu i estetski zavr\u0161ni sloj. Klju\u010dne karakteristike: \u2022 Izuzetna \u010dvrsto\u0107a \u2013 Osigurava visoku otpornost na habanje [&hellip;]","og_url":"https:\/\/consortium.hr\/sl\/product\/monto-pavimont-acqua-blanco\/","og_site_name":"Consortium","article_modified_time":"2026-04-10T12:39:50+00:00","og_image":[{"width":800,"height":800,"url":"https:\/\/consortium.hr\/wp-content\/uploads\/2026\/03\/monto-pavimont-acqua.png","type":"image\/png"}],"twitter_card":"summary_large_image","twitter_misc":{"Est. reading time":"2 minuti"},"schema":{"@context":"https:\/\/schema.org","@graph":[{"@type":"WebPage","@id":"https:\/\/consortium.hr\/product\/monto-pavimont-acqua-blanco\/","url":"https:\/\/consortium.hr\/product\/monto-pavimont-acqua-blanco\/","name":"Monto Pavimont Acqua Blanco - Consortium","isPartOf":{"@id":"https:\/\/consortium.hr\/#website"},"primaryImageOfPage":{"@id":"https:\/\/consortium.hr\/product\/monto-pavimont-acqua-blanco\/#primaryimage"},"image":{"@id":"https:\/\/consortium.hr\/product\/monto-pavimont-acqua-blanco\/#primaryimage"},"thumbnailUrl":"https:\/\/consortium.hr\/wp-content\/uploads\/2026\/03\/monto-pavimont-acqua.png","datePublished":"2026-03-24T16:03:13+00:00","dateModified":"2026-04-10T12:39:50+00:00","breadcrumb":{"@id":"https:\/\/consortium.hr\/product\/monto-pavimont-acqua-blanco\/#breadcrumb"},"inLanguage":"sl-SI","potentialAction":[{"@type":"ReadAction","target":["https:\/\/consortium.hr\/product\/monto-pavimont-acqua-blanco\/"]}]},{"@type":"ImageObject","inLanguage":"sl-SI","@id":"https:\/\/consortium.hr\/product\/monto-pavimont-acqua-blanco\/#primaryimage","url":"https:\/\/consortium.hr\/wp-content\/uploads\/2026\/03\/monto-pavimont-acqua.png","contentUrl":"https:\/\/consortium.hr\/wp-content\/uploads\/2026\/03\/monto-pavimont-acqua.png","width":800,"height":800},{"@type":"BreadcrumbList","@id":"https:\/\/consortium.hr\/product\/monto-pavimont-acqua-blanco\/#breadcrumb","itemListElement":[{"@type":"ListItem","position":1,"name":"Po\u010detna stranica","item":"https:\/\/consortium.hr\/sl\/"},{"@type":"ListItem","position":2,"name":"Shop","item":"https:\/\/consortium.hr\/sl\/shop\/"},{"@type":"ListItem","position":3,"name":"Monto Pavimont Acqua Blanco"}]},{"@type":"WebSite","@id":"https:\/\/consortium.hr\/#website","url":"https:\/\/consortium.hr\/","name":"Consortium","description":"Gra\u0111evinski Materijal - Odli\u010dna Ponuda i Cijena","alternateName":"Gra\u0111evinski Materijal - Odli\u010dna Ponuda i Cijena","potentialAction":[{"@type":"SearchAction","target":{"@type":"EntryPoint","urlTemplate":"https:\/\/consortium.hr\/?s={search_term_string}"},"query-input":{"@type":"PropertyValueSpecification","valueRequired":true,"valueName":"search_term_string"}}],"inLanguage":"sl-SI"}]}},"_links":{"self":[{"href":"https:\/\/consortium.hr\/sl\/wp-json\/wp\/v2\/product\/18314","targetHints":{"allow":["GET"]}}],"collection":[{"href":"https:\/\/consortium.hr\/sl\/wp-json\/wp\/v2\/product"}],"about":[{"href":"https:\/\/consortium.hr\/sl\/wp-json\/wp\/v2\/types\/product"}],"wp:featuredmedia":[{"embeddable":true,"href":"https:\/\/consortium.hr\/sl\/wp-json\/wp\/v2\/media\/18315"}],"wp:attachment":[{"href":"https:\/\/consortium.hr\/sl\/wp-json\/wp\/v2\/media?parent=18314"}],"wp:term":[{"taxonomy":"product_brand","embeddable":true,"href":"https:\/\/consortium.hr\/sl\/wp-json\/wp\/v2\/product_brand?post=18314"},{"taxonomy":"product_cat","embeddable":true,"href":"https:\/\/consortium.hr\/sl\/wp-json\/wp\/v2\/product_cat?post=18314"},{"taxonomy":"product_tag","embeddable":true,"href":"https:\/\/consortium.hr\/sl\/wp-json\/wp\/v2\/product_tag?post=18314"}],"curies":[{"name":"wp","href":"https:\/\/api.w.org\/{rel}","templated":true}]}}