{"id":18330,"date":"2026-03-27T14:42:56","date_gmt":"2026-03-27T14:42:56","guid":{"rendered":"https:\/\/consortium.hr\/?post_type=product&#038;p=18330"},"modified":"2026-03-27T17:43:59","modified_gmt":"2026-03-27T17:43:59","slug":"boldrini-lampa-loutil-parfait-sa-teleskopskom","status":"publish","type":"product","link":"https:\/\/consortium.hr\/sl\/product\/boldrini-lampa-loutil-parfait-sa-teleskopskom\/","title":{"rendered":"Boldrini Lampa L'Outil Parfait sa teleskopom"},"content":{"rendered":"<p>Be\u017ei\u0107na lampa na teleskopskoj \u0161ipci<br \/>\nSerija ErgoLiss'\u00ae \u2013 novi kov\u010deg<\/p>\n<p>Sna\u017ena be\u017ei\u010dna lampa za otkrivanje nepravilnosti<br \/>\nSprje\u010dava skupe dorade \u2013 pobolj\u0161ava produktivnost<\/p>\n<p>Pomicanje i pozicioniranje vrlo su brzi: nema smetaju\u0107ih kabela za priklju\u010divanje \u2013 prianja uz zid ili strop do 3 m \u2013 mali otisak na podu \u2013 podesiva u svim smjerovima<br \/>\nLagana i opremljena za\u0161titnim jastu\u010di\u0107em protiv tragova \u2013 montirana na podesivu vilicu \u2013 stabilan sustav pri\u010dvr\u0161\u0107ivanja na \u0161ipku<br \/>\nOpremljena s 3 LED \u017earulje uskog snopa kako ne bi zasljepljivala \u2013 ne zagrijava se i ima nisku potro\u0161nju \u2013 mo\u017ee se koristiti ru\u010dno ili s kabelom pomo\u0107u prilo\u017eenog kabela duljine 3,5 m<\/p>\n<p>Tehni\u010dki opis proizvoda<\/p>\n<p>Sastav: 1 be\u017ei\u010dna rasantna lampa + 1 OP Process'\u00ae \u0161ipka 2 \u00d7 1 m + produ\u017eetak 1 m<br \/>\nSvjetlosni tok: 1020 lm<br \/>\nVrijeme punjenja: 2 h<br \/>\nPunjenje putem mre\u017enog kabela (uklju\u010den)<br \/>\nKov\u010deg: 105 \u00d7 30 \u00d7 11,3 cm<\/p>\n<p>Lampa:<br \/>\nTe\u017eina: 2,3 kg<br \/>\nDimenzije: 36 \u00d7 45 \u00d7 12 cm<br \/>\nTemperatura boje: 5700 K<br \/>\nVijek trajanja LED dioda: 20.000 sati<br \/>\nAutonomija: 5 sati<br \/>\nNapon: DC 12 V<br \/>\nBaterija: litijska 14,4 V \/ 2900 mAh<br \/>\nCE certificirana<\/p>\n<p>\u0160ipka:<br \/>\nTeleskopska \u0161ipka s konusnom \u017eenskom glavom<br \/>\nSustav pri\u010dvr\u0161\u0107ivanja s utorima<br \/>\nAluminijska cijev<br \/>\nSustav zaklju\u010davanja na ekscentar: brz i u\u010dinkovit<br \/>\nErgonomska protuklizna ru\u010dka<br \/>\nZavr\u0161etak otporan na udarce i klizanje<\/p>","protected":false},"excerpt":{"rendered":"<p>Be\u017ei\u0107na lampa na teleskopskoj \u0161ipci Serija ErgoLiss'\u00ae \u2013 novi kov\u010deg Sna\u017ena be\u017ei\u010dna lampa za otkrivanje nepravilnosti Sprje\u010dava skupe dorade \u2013 pobolj\u0161ava produktivnost Pomicanje i pozicioniranje vrlo su brzi: nema smetaju\u0107ih kabela za priklju\u010divanje \u2013 prianja uz zid ili strop do 3 m \u2013 mali otisak na podu \u2013 podesiva u svim smjerovima Lagana i opremljena [&hellip;]<\/p>","protected":false},"featured_media":18331,"template":"","meta":{"_acf_changed":false},"product_brand":[],"product_cat":[371,222,226],"product_tag":[],"class_list":{"0":"post-18330","1":"product","2":"type-product","3":"status-publish","4":"has-post-thumbnail","6":"product_cat-akumulatorski-alati","7":"product_cat-alati","8":"product_cat-elektricni-i-akumulatorski-alati","10":"first","11":"instock","12":"shipping-taxable","13":"purchasable","14":"product-type-simple"},"acf":[],"yoast_head":"<!-- This site is optimized with the Yoast SEO plugin v26.1.1 - https:\/\/yoast.com\/wordpress\/plugins\/seo\/ -->\n<title>Boldrini Lampa L&#039;Outil Parfait sa teleskopom - Consortium<\/title>\n<meta name=\"robots\" content=\"index, follow, max-snippet:-1, max-image-preview:large, max-video-preview:-1\" \/>\n<link rel=\"canonical\" href=\"https:\/\/consortium.hr\/sl\/product\/boldrini-lampa-loutil-parfait-sa-teleskopskom\/\" \/>\n<meta property=\"og:locale\" content=\"sl_SI\" \/>\n<meta property=\"og:type\" content=\"article\" \/>\n<meta property=\"og:title\" content=\"Boldrini Lampa L&#039;Outil Parfait sa teleskopom - Consortium\" \/>\n<meta property=\"og:description\" content=\"Be\u017ei\u0107na lampa na teleskopskoj \u0161ipci Serija ErgoLiss&#039;\u00ae \u2013 novi kov\u010deg Sna\u017ena be\u017ei\u010dna lampa za otkrivanje nepravilnosti Sprje\u010dava skupe dorade \u2013 pobolj\u0161ava produktivnost Pomicanje i pozicioniranje vrlo su brzi: nema smetaju\u0107ih kabela za priklju\u010divanje \u2013 prianja uz zid ili strop do 3 m \u2013 mali otisak na podu \u2013 podesiva u svim smjerovima Lagana i opremljena [&hellip;]\" \/>\n<meta property=\"og:url\" content=\"https:\/\/consortium.hr\/sl\/product\/boldrini-lampa-loutil-parfait-sa-teleskopskom\/\" \/>\n<meta property=\"og:site_name\" content=\"Consortium\" \/>\n<meta property=\"article:modified_time\" content=\"2026-03-27T17:43:59+00:00\" \/>\n<meta property=\"og:image\" content=\"https:\/\/consortium.hr\/wp-content\/uploads\/2026\/03\/boldrini-lampa-loutil-parfait-teleskopska-sipka.png\" \/>\n\t<meta property=\"og:image:width\" content=\"800\" \/>\n\t<meta property=\"og:image:height\" content=\"800\" \/>\n\t<meta property=\"og:image:type\" content=\"image\/png\" \/>\n<meta name=\"twitter:card\" content=\"summary_large_image\" \/>\n<meta name=\"twitter:label1\" content=\"Est. reading time\" \/>\n\t<meta name=\"twitter:data1\" content=\"2 minuti\" \/>\n<script type=\"application\/ld+json\" class=\"yoast-schema-graph\">{\"@context\":\"https:\/\/schema.org\",\"@graph\":[{\"@type\":\"WebPage\",\"@id\":\"https:\/\/consortium.hr\/product\/boldrini-lampa-loutil-parfait-sa-teleskopskom\/\",\"url\":\"https:\/\/consortium.hr\/product\/boldrini-lampa-loutil-parfait-sa-teleskopskom\/\",\"name\":\"Boldrini Lampa L'Outil Parfait sa teleskopom - Consortium\",\"isPartOf\":{\"@id\":\"https:\/\/consortium.hr\/#website\"},\"primaryImageOfPage\":{\"@id\":\"https:\/\/consortium.hr\/product\/boldrini-lampa-loutil-parfait-sa-teleskopskom\/#primaryimage\"},\"image\":{\"@id\":\"https:\/\/consortium.hr\/product\/boldrini-lampa-loutil-parfait-sa-teleskopskom\/#primaryimage\"},\"thumbnailUrl\":\"https:\/\/consortium.hr\/wp-content\/uploads\/2026\/03\/boldrini-lampa-loutil-parfait-teleskopska-sipka.png\",\"datePublished\":\"2026-03-27T14:42:56+00:00\",\"dateModified\":\"2026-03-27T17:43:59+00:00\",\"breadcrumb\":{\"@id\":\"https:\/\/consortium.hr\/product\/boldrini-lampa-loutil-parfait-sa-teleskopskom\/#breadcrumb\"},\"inLanguage\":\"sl-SI\",\"potentialAction\":[{\"@type\":\"ReadAction\",\"target\":[\"https:\/\/consortium.hr\/product\/boldrini-lampa-loutil-parfait-sa-teleskopskom\/\"]}]},{\"@type\":\"ImageObject\",\"inLanguage\":\"sl-SI\",\"@id\":\"https:\/\/consortium.hr\/product\/boldrini-lampa-loutil-parfait-sa-teleskopskom\/#primaryimage\",\"url\":\"https:\/\/consortium.hr\/wp-content\/uploads\/2026\/03\/boldrini-lampa-loutil-parfait-teleskopska-sipka.png\",\"contentUrl\":\"https:\/\/consortium.hr\/wp-content\/uploads\/2026\/03\/boldrini-lampa-loutil-parfait-teleskopska-sipka.png\",\"width\":800,\"height\":800},{\"@type\":\"BreadcrumbList\",\"@id\":\"https:\/\/consortium.hr\/product\/boldrini-lampa-loutil-parfait-sa-teleskopskom\/#breadcrumb\",\"itemListElement\":[{\"@type\":\"ListItem\",\"position\":1,\"name\":\"Po\u010detna stranica\",\"item\":\"https:\/\/consortium.hr\/sl\/\"},{\"@type\":\"ListItem\",\"position\":2,\"name\":\"Shop\",\"item\":\"https:\/\/consortium.hr\/sl\/shop\/\"},{\"@type\":\"ListItem\",\"position\":3,\"name\":\"Boldrini Lampa L'Outil Parfait sa teleskopom\"}]},{\"@type\":\"WebSite\",\"@id\":\"https:\/\/consortium.hr\/#website\",\"url\":\"https:\/\/consortium.hr\/\",\"name\":\"Consortium\",\"description\":\"Gra\u0111evinski Materijal - Odli\u010dna Ponuda i Cijena\",\"alternateName\":\"Gra\u0111evinski Materijal - Odli\u010dna Ponuda i Cijena\",\"potentialAction\":[{\"@type\":\"SearchAction\",\"target\":{\"@type\":\"EntryPoint\",\"urlTemplate\":\"https:\/\/consortium.hr\/?s={search_term_string}\"},\"query-input\":{\"@type\":\"PropertyValueSpecification\",\"valueRequired\":true,\"valueName\":\"search_term_string\"}}],\"inLanguage\":\"sl-SI\"}]}<\/script>\n<!-- \/ Yoast SEO plugin. -->","yoast_head_json":{"title":"Boldrini Lampa L'Outil Parfait sa teleskopom - Consortium","robots":{"index":"index","follow":"follow","max-snippet":"max-snippet:-1","max-image-preview":"max-image-preview:large","max-video-preview":"max-video-preview:-1"},"canonical":"https:\/\/consortium.hr\/sl\/product\/boldrini-lampa-loutil-parfait-sa-teleskopskom\/","og_locale":"sl_SI","og_type":"article","og_title":"Boldrini Lampa L'Outil Parfait sa teleskopom - Consortium","og_description":"Be\u017ei\u0107na lampa na teleskopskoj \u0161ipci Serija ErgoLiss'\u00ae \u2013 novi kov\u010deg Sna\u017ena be\u017ei\u010dna lampa za otkrivanje nepravilnosti Sprje\u010dava skupe dorade \u2013 pobolj\u0161ava produktivnost Pomicanje i pozicioniranje vrlo su brzi: nema smetaju\u0107ih kabela za priklju\u010divanje \u2013 prianja uz zid ili strop do 3 m \u2013 mali otisak na podu \u2013 podesiva u svim smjerovima Lagana i opremljena [&hellip;]","og_url":"https:\/\/consortium.hr\/sl\/product\/boldrini-lampa-loutil-parfait-sa-teleskopskom\/","og_site_name":"Consortium","article_modified_time":"2026-03-27T17:43:59+00:00","og_image":[{"width":800,"height":800,"url":"https:\/\/consortium.hr\/wp-content\/uploads\/2026\/03\/boldrini-lampa-loutil-parfait-teleskopska-sipka.png","type":"image\/png"}],"twitter_card":"summary_large_image","twitter_misc":{"Est. reading time":"2 minuti"},"schema":{"@context":"https:\/\/schema.org","@graph":[{"@type":"WebPage","@id":"https:\/\/consortium.hr\/product\/boldrini-lampa-loutil-parfait-sa-teleskopskom\/","url":"https:\/\/consortium.hr\/product\/boldrini-lampa-loutil-parfait-sa-teleskopskom\/","name":"Boldrini Lampa L'Outil Parfait sa teleskopom - Consortium","isPartOf":{"@id":"https:\/\/consortium.hr\/#website"},"primaryImageOfPage":{"@id":"https:\/\/consortium.hr\/product\/boldrini-lampa-loutil-parfait-sa-teleskopskom\/#primaryimage"},"image":{"@id":"https:\/\/consortium.hr\/product\/boldrini-lampa-loutil-parfait-sa-teleskopskom\/#primaryimage"},"thumbnailUrl":"https:\/\/consortium.hr\/wp-content\/uploads\/2026\/03\/boldrini-lampa-loutil-parfait-teleskopska-sipka.png","datePublished":"2026-03-27T14:42:56+00:00","dateModified":"2026-03-27T17:43:59+00:00","breadcrumb":{"@id":"https:\/\/consortium.hr\/product\/boldrini-lampa-loutil-parfait-sa-teleskopskom\/#breadcrumb"},"inLanguage":"sl-SI","potentialAction":[{"@type":"ReadAction","target":["https:\/\/consortium.hr\/product\/boldrini-lampa-loutil-parfait-sa-teleskopskom\/"]}]},{"@type":"ImageObject","inLanguage":"sl-SI","@id":"https:\/\/consortium.hr\/product\/boldrini-lampa-loutil-parfait-sa-teleskopskom\/#primaryimage","url":"https:\/\/consortium.hr\/wp-content\/uploads\/2026\/03\/boldrini-lampa-loutil-parfait-teleskopska-sipka.png","contentUrl":"https:\/\/consortium.hr\/wp-content\/uploads\/2026\/03\/boldrini-lampa-loutil-parfait-teleskopska-sipka.png","width":800,"height":800},{"@type":"BreadcrumbList","@id":"https:\/\/consortium.hr\/product\/boldrini-lampa-loutil-parfait-sa-teleskopskom\/#breadcrumb","itemListElement":[{"@type":"ListItem","position":1,"name":"Po\u010detna stranica","item":"https:\/\/consortium.hr\/sl\/"},{"@type":"ListItem","position":2,"name":"Shop","item":"https:\/\/consortium.hr\/sl\/shop\/"},{"@type":"ListItem","position":3,"name":"Boldrini Lampa L'Outil Parfait sa teleskopom"}]},{"@type":"WebSite","@id":"https:\/\/consortium.hr\/#website","url":"https:\/\/consortium.hr\/","name":"Consortium","description":"Gra\u0111evinski Materijal - Odli\u010dna Ponuda i Cijena","alternateName":"Gra\u0111evinski Materijal - Odli\u010dna Ponuda i Cijena","potentialAction":[{"@type":"SearchAction","target":{"@type":"EntryPoint","urlTemplate":"https:\/\/consortium.hr\/?s={search_term_string}"},"query-input":{"@type":"PropertyValueSpecification","valueRequired":true,"valueName":"search_term_string"}}],"inLanguage":"sl-SI"}]}},"_links":{"self":[{"href":"https:\/\/consortium.hr\/sl\/wp-json\/wp\/v2\/product\/18330","targetHints":{"allow":["GET"]}}],"collection":[{"href":"https:\/\/consortium.hr\/sl\/wp-json\/wp\/v2\/product"}],"about":[{"href":"https:\/\/consortium.hr\/sl\/wp-json\/wp\/v2\/types\/product"}],"wp:featuredmedia":[{"embeddable":true,"href":"https:\/\/consortium.hr\/sl\/wp-json\/wp\/v2\/media\/18331"}],"wp:attachment":[{"href":"https:\/\/consortium.hr\/sl\/wp-json\/wp\/v2\/media?parent=18330"}],"wp:term":[{"taxonomy":"product_brand","embeddable":true,"href":"https:\/\/consortium.hr\/sl\/wp-json\/wp\/v2\/product_brand?post=18330"},{"taxonomy":"product_cat","embeddable":true,"href":"https:\/\/consortium.hr\/sl\/wp-json\/wp\/v2\/product_cat?post=18330"},{"taxonomy":"product_tag","embeddable":true,"href":"https:\/\/consortium.hr\/sl\/wp-json\/wp\/v2\/product_tag?post=18330"}],"curies":[{"name":"wp","href":"https:\/\/api.w.org\/{rel}","templated":true}]}}