{"id":18335,"date":"2026-03-31T12:40:32","date_gmt":"2026-03-31T12:40:32","guid":{"rendered":"https:\/\/consortium.hr\/?post_type=product&#038;p=18335"},"modified":"2026-03-31T12:44:25","modified_gmt":"2026-03-31T12:44:25","slug":"monto-acripol-piscinas-poliester-azul-3-2-l","status":"publish","type":"product","link":"https:\/\/consortium.hr\/sl\/product\/monto-acripol-piscinas-poliester-azul-3-2-l\/","title":{"rendered":"Monto Acripol Piscinas Poliester Azul 3.2 L"},"content":{"rendered":"<h5><span style=\"color: #000000;\">2k boja za bazen - katalizator se kupuje odvojeno! Mo\u017eete ga kupiti na linku:<span style=\"color: #0000ff;\">\u00a0<a style=\"color: #0000ff;\" href=\"https:\/\/consortium.hr\/sl\/product\/monto-catalizador-acripol-piscinas-800-ml-utvrdivac-za-2k-boje\/\">Monto Catalizador Acripol Piscinas 800 ml - Utvr\u0111iva\u010d za 2k boje<\/a><\/span><\/span><\/h5>\n<p>MONTO ACRIPOL PISCINAS POLIESTER je vrhunska boja za bazene izra\u0111ena na bazi poliuretanske formulacije koja osigurava dugotrajnu za\u0161titu, otpornost i estetiku. Ova boja pru\u017ea vrhunsku otpornost na grebanje, kemikalije i vanjske utjecaje, uz postojanost sjaja i boje. Idealan je izbor za bazene koji se nalaze u zahtjevnim uvjetima, uklju\u010duju\u0107i industrijska i agresivna okru\u017eenja.<\/p>\n<p>Klju\u010dne zna\u010dilnosti:<br \/>\n\u2022 Visoka otpornost \u2013 Izdr\u017eljiva na habanje, grebanje i djelovanje kemikalija.<br \/>\n\u2022 Postojanost boje i sjaja \u2013 Kristalno \u010dist zavr\u0161etak koji dugotrajno \u010duva estetski izgled bazena.<br \/>\n\u2022 Fleksibilnost u primjeni \u2013 Jednostavno mije\u0161anje i prilagodba koli\u010dine prema potrebama.<br \/>\n\u2022 Prakti\u010dna odr\u017eivost \u2013 Povr\u0161ine premazane ovom bojom lako se \u010diste i odr\u017eavaju.<br \/>\n\u2022 Prilago\u0111enost za sve uvjete \u2013 Pogodna za privatne i industrijske bazene, \u010dak i u najzahtjevnijim okru\u017eenjima.<\/p>\n<p>Navodila za uporabo:<br \/>\nPovr\u0161ina mora biti \u010dista, suha, nosiva i bez tragova pra\u0161ine ili ostataka lo\u0161e boje. Smjesu pripremite mije\u0161anjem dvije komponente u omjeru 4:1 (npr. 600 ml boje + 150 ml katalizatora) dok ne postane homogena. Pripremite samo onoliko smjese koliko vam je potrebno za trenutnu upotrebu, jer je vijek trajanja smjese 8 sati.<\/p>\n<p>Premaz nanesite u dobro prozra\u010denom prostoru na temperaturi vi\u0161oj od 5 \u00b0C. Drugi sloj se preporu\u010duje nanijeti unutar 24 sata od prvog sloja. Nikada ne koristite boju bez dodavanja specifi\u010dnog katalizatora.<br \/>\nPotro\u0161nja: 10 - 15 m2 \/ L<\/p>","protected":false},"excerpt":{"rendered":"<p>2k boja za bazen - katalizator se kupuje odvojeno! Mo\u017eete ga kupiti na linku:\u00a0Monto Catalizador Acripol Piscinas 800 ml - Utvr\u0111iva\u010d za 2k boje MONTO ACRIPOL PISCINAS POLIESTER je vrhunska boja za bazene izra\u0111ena na bazi poliuretanske formulacije koja osigurava dugotrajnu za\u0161titu, otpornost i estetiku. Ova boja pru\u017ea vrhunsku otpornost na grebanje, kemikalije i vanjske [&hellip;]<\/p>","protected":false},"featured_media":18339,"template":"","meta":{"_acf_changed":false},"product_brand":[],"product_cat":[169,352],"product_tag":[],"class_list":{"0":"post-18335","1":"product","2":"type-product","3":"status-publish","4":"has-post-thumbnail","6":"product_cat-boje-i-lakovi","7":"product_cat-boje-za-bazene","9":"first","10":"instock","11":"shipping-taxable","12":"purchasable","13":"product-type-simple"},"acf":[],"yoast_head":"<!-- This site is optimized with the Yoast SEO plugin v26.1.1 - https:\/\/yoast.com\/wordpress\/plugins\/seo\/ -->\n<title>Monto Acripol Piscinas Poliester Azul 3.2 L - Consortium<\/title>\n<meta name=\"robots\" content=\"index, follow, max-snippet:-1, max-image-preview:large, max-video-preview:-1\" \/>\n<link rel=\"canonical\" href=\"https:\/\/consortium.hr\/sl\/product\/monto-acripol-piscinas-poliester-azul-3-2-l\/\" \/>\n<meta property=\"og:locale\" content=\"sl_SI\" \/>\n<meta property=\"og:type\" content=\"article\" \/>\n<meta property=\"og:title\" content=\"Monto Acripol Piscinas Poliester Azul 3.2 L - Consortium\" \/>\n<meta property=\"og:description\" content=\"2k boja za bazen - katalizator se kupuje odvojeno! Mo\u017eete ga kupiti na linku:\u00a0Monto Catalizador Acripol Piscinas 800 ml - Utvr\u0111iva\u010d za 2k boje MONTO ACRIPOL PISCINAS POLIESTER je vrhunska boja za bazene izra\u0111ena na bazi poliuretanske formulacije koja osigurava dugotrajnu za\u0161titu, otpornost i estetiku. Ova boja pru\u017ea vrhunsku otpornost na grebanje, kemikalije i vanjske [&hellip;]\" \/>\n<meta property=\"og:url\" content=\"https:\/\/consortium.hr\/sl\/product\/monto-acripol-piscinas-poliester-azul-3-2-l\/\" \/>\n<meta property=\"og:site_name\" content=\"Consortium\" \/>\n<meta property=\"article:modified_time\" content=\"2026-03-31T12:44:25+00:00\" \/>\n<meta property=\"og:image\" content=\"https:\/\/consortium.hr\/wp-content\/uploads\/2026\/03\/monto-acripol-piscinas.png\" \/>\n\t<meta property=\"og:image:width\" content=\"800\" \/>\n\t<meta property=\"og:image:height\" content=\"800\" \/>\n\t<meta property=\"og:image:type\" content=\"image\/png\" \/>\n<meta name=\"twitter:card\" content=\"summary_large_image\" \/>\n<meta name=\"twitter:label1\" content=\"Est. reading time\" \/>\n\t<meta name=\"twitter:data1\" content=\"2 minuti\" \/>\n<script type=\"application\/ld+json\" class=\"yoast-schema-graph\">{\"@context\":\"https:\/\/schema.org\",\"@graph\":[{\"@type\":\"WebPage\",\"@id\":\"https:\/\/consortium.hr\/product\/monto-acripol-piscinas-poliester-azul-3-2-l\/\",\"url\":\"https:\/\/consortium.hr\/product\/monto-acripol-piscinas-poliester-azul-3-2-l\/\",\"name\":\"Monto Acripol Piscinas Poliester Azul 3.2 L - Consortium\",\"isPartOf\":{\"@id\":\"https:\/\/consortium.hr\/#website\"},\"primaryImageOfPage\":{\"@id\":\"https:\/\/consortium.hr\/product\/monto-acripol-piscinas-poliester-azul-3-2-l\/#primaryimage\"},\"image\":{\"@id\":\"https:\/\/consortium.hr\/product\/monto-acripol-piscinas-poliester-azul-3-2-l\/#primaryimage\"},\"thumbnailUrl\":\"https:\/\/consortium.hr\/wp-content\/uploads\/2026\/03\/monto-acripol-piscinas.png\",\"datePublished\":\"2026-03-31T12:40:32+00:00\",\"dateModified\":\"2026-03-31T12:44:25+00:00\",\"breadcrumb\":{\"@id\":\"https:\/\/consortium.hr\/product\/monto-acripol-piscinas-poliester-azul-3-2-l\/#breadcrumb\"},\"inLanguage\":\"sl-SI\",\"potentialAction\":[{\"@type\":\"ReadAction\",\"target\":[\"https:\/\/consortium.hr\/product\/monto-acripol-piscinas-poliester-azul-3-2-l\/\"]}]},{\"@type\":\"ImageObject\",\"inLanguage\":\"sl-SI\",\"@id\":\"https:\/\/consortium.hr\/product\/monto-acripol-piscinas-poliester-azul-3-2-l\/#primaryimage\",\"url\":\"https:\/\/consortium.hr\/wp-content\/uploads\/2026\/03\/monto-acripol-piscinas.png\",\"contentUrl\":\"https:\/\/consortium.hr\/wp-content\/uploads\/2026\/03\/monto-acripol-piscinas.png\",\"width\":800,\"height\":800},{\"@type\":\"BreadcrumbList\",\"@id\":\"https:\/\/consortium.hr\/product\/monto-acripol-piscinas-poliester-azul-3-2-l\/#breadcrumb\",\"itemListElement\":[{\"@type\":\"ListItem\",\"position\":1,\"name\":\"Po\u010detna stranica\",\"item\":\"https:\/\/consortium.hr\/sl\/\"},{\"@type\":\"ListItem\",\"position\":2,\"name\":\"Shop\",\"item\":\"https:\/\/consortium.hr\/sl\/shop\/\"},{\"@type\":\"ListItem\",\"position\":3,\"name\":\"Monto Acripol Piscinas Poliester Azul 3.2 L\"}]},{\"@type\":\"WebSite\",\"@id\":\"https:\/\/consortium.hr\/#website\",\"url\":\"https:\/\/consortium.hr\/\",\"name\":\"Consortium\",\"description\":\"Gra\u0111evinski Materijal - Odli\u010dna Ponuda i Cijena\",\"alternateName\":\"Gra\u0111evinski Materijal - Odli\u010dna Ponuda i Cijena\",\"potentialAction\":[{\"@type\":\"SearchAction\",\"target\":{\"@type\":\"EntryPoint\",\"urlTemplate\":\"https:\/\/consortium.hr\/?s={search_term_string}\"},\"query-input\":{\"@type\":\"PropertyValueSpecification\",\"valueRequired\":true,\"valueName\":\"search_term_string\"}}],\"inLanguage\":\"sl-SI\"}]}<\/script>\n<!-- \/ Yoast SEO plugin. -->","yoast_head_json":{"title":"Monto Acripol Piscinas Poliester Azul 3.2 L - Consortium","robots":{"index":"index","follow":"follow","max-snippet":"max-snippet:-1","max-image-preview":"max-image-preview:large","max-video-preview":"max-video-preview:-1"},"canonical":"https:\/\/consortium.hr\/sl\/product\/monto-acripol-piscinas-poliester-azul-3-2-l\/","og_locale":"sl_SI","og_type":"article","og_title":"Monto Acripol Piscinas Poliester Azul 3.2 L - Consortium","og_description":"2k boja za bazen - katalizator se kupuje odvojeno! Mo\u017eete ga kupiti na linku:\u00a0Monto Catalizador Acripol Piscinas 800 ml - Utvr\u0111iva\u010d za 2k boje MONTO ACRIPOL PISCINAS POLIESTER je vrhunska boja za bazene izra\u0111ena na bazi poliuretanske formulacije koja osigurava dugotrajnu za\u0161titu, otpornost i estetiku. Ova boja pru\u017ea vrhunsku otpornost na grebanje, kemikalije i vanjske [&hellip;]","og_url":"https:\/\/consortium.hr\/sl\/product\/monto-acripol-piscinas-poliester-azul-3-2-l\/","og_site_name":"Consortium","article_modified_time":"2026-03-31T12:44:25+00:00","og_image":[{"width":800,"height":800,"url":"https:\/\/consortium.hr\/wp-content\/uploads\/2026\/03\/monto-acripol-piscinas.png","type":"image\/png"}],"twitter_card":"summary_large_image","twitter_misc":{"Est. reading time":"2 minuti"},"schema":{"@context":"https:\/\/schema.org","@graph":[{"@type":"WebPage","@id":"https:\/\/consortium.hr\/product\/monto-acripol-piscinas-poliester-azul-3-2-l\/","url":"https:\/\/consortium.hr\/product\/monto-acripol-piscinas-poliester-azul-3-2-l\/","name":"Monto Acripol Piscinas Poliester Azul 3.2 L - Consortium","isPartOf":{"@id":"https:\/\/consortium.hr\/#website"},"primaryImageOfPage":{"@id":"https:\/\/consortium.hr\/product\/monto-acripol-piscinas-poliester-azul-3-2-l\/#primaryimage"},"image":{"@id":"https:\/\/consortium.hr\/product\/monto-acripol-piscinas-poliester-azul-3-2-l\/#primaryimage"},"thumbnailUrl":"https:\/\/consortium.hr\/wp-content\/uploads\/2026\/03\/monto-acripol-piscinas.png","datePublished":"2026-03-31T12:40:32+00:00","dateModified":"2026-03-31T12:44:25+00:00","breadcrumb":{"@id":"https:\/\/consortium.hr\/product\/monto-acripol-piscinas-poliester-azul-3-2-l\/#breadcrumb"},"inLanguage":"sl-SI","potentialAction":[{"@type":"ReadAction","target":["https:\/\/consortium.hr\/product\/monto-acripol-piscinas-poliester-azul-3-2-l\/"]}]},{"@type":"ImageObject","inLanguage":"sl-SI","@id":"https:\/\/consortium.hr\/product\/monto-acripol-piscinas-poliester-azul-3-2-l\/#primaryimage","url":"https:\/\/consortium.hr\/wp-content\/uploads\/2026\/03\/monto-acripol-piscinas.png","contentUrl":"https:\/\/consortium.hr\/wp-content\/uploads\/2026\/03\/monto-acripol-piscinas.png","width":800,"height":800},{"@type":"BreadcrumbList","@id":"https:\/\/consortium.hr\/product\/monto-acripol-piscinas-poliester-azul-3-2-l\/#breadcrumb","itemListElement":[{"@type":"ListItem","position":1,"name":"Po\u010detna stranica","item":"https:\/\/consortium.hr\/sl\/"},{"@type":"ListItem","position":2,"name":"Shop","item":"https:\/\/consortium.hr\/sl\/shop\/"},{"@type":"ListItem","position":3,"name":"Monto Acripol Piscinas Poliester Azul 3.2 L"}]},{"@type":"WebSite","@id":"https:\/\/consortium.hr\/#website","url":"https:\/\/consortium.hr\/","name":"Consortium","description":"Gra\u0111evinski Materijal - Odli\u010dna Ponuda i Cijena","alternateName":"Gra\u0111evinski Materijal - Odli\u010dna Ponuda i Cijena","potentialAction":[{"@type":"SearchAction","target":{"@type":"EntryPoint","urlTemplate":"https:\/\/consortium.hr\/?s={search_term_string}"},"query-input":{"@type":"PropertyValueSpecification","valueRequired":true,"valueName":"search_term_string"}}],"inLanguage":"sl-SI"}]}},"_links":{"self":[{"href":"https:\/\/consortium.hr\/sl\/wp-json\/wp\/v2\/product\/18335","targetHints":{"allow":["GET"]}}],"collection":[{"href":"https:\/\/consortium.hr\/sl\/wp-json\/wp\/v2\/product"}],"about":[{"href":"https:\/\/consortium.hr\/sl\/wp-json\/wp\/v2\/types\/product"}],"wp:featuredmedia":[{"embeddable":true,"href":"https:\/\/consortium.hr\/sl\/wp-json\/wp\/v2\/media\/18339"}],"wp:attachment":[{"href":"https:\/\/consortium.hr\/sl\/wp-json\/wp\/v2\/media?parent=18335"}],"wp:term":[{"taxonomy":"product_brand","embeddable":true,"href":"https:\/\/consortium.hr\/sl\/wp-json\/wp\/v2\/product_brand?post=18335"},{"taxonomy":"product_cat","embeddable":true,"href":"https:\/\/consortium.hr\/sl\/wp-json\/wp\/v2\/product_cat?post=18335"},{"taxonomy":"product_tag","embeddable":true,"href":"https:\/\/consortium.hr\/sl\/wp-json\/wp\/v2\/product_tag?post=18335"}],"curies":[{"name":"wp","href":"https:\/\/api.w.org\/{rel}","templated":true}]}}