{"id":18340,"date":"2026-03-31T12:38:29","date_gmt":"2026-03-31T12:38:29","guid":{"rendered":"https:\/\/consortium.hr\/?post_type=product&#038;p=18340"},"modified":"2026-03-31T12:48:15","modified_gmt":"2026-03-31T12:48:15","slug":"monto-catalizador-acripol-piscinas-800-ml-utvrdivac-za-2k-boje","status":"publish","type":"product","link":"https:\/\/consortium.hr\/sl\/product\/monto-catalizador-acripol-piscinas-800-ml-utvrdivac-za-2k-boje\/","title":{"rendered":"Monto Catalizador Acripol Piscinas 800 ml - Utvr\u0111iva\u010d za 2k boje"},"content":{"rendered":"<h5><span style=\"color: #000000;\">Ovaj proizvod se koristi u kombinaciji sa<span style=\"color: #0000ff;\">:<\/span><\/span><span style=\"color: #0000ff;\">\u00a0<a style=\"color: #0000ff;\" href=\"https:\/\/consortium.hr\/sl\/product\/monto-acripol-piscinas-poliester-azul-3-2-l\/\">Monto Acripol Piscinas Poliester Azul 3.2 L<\/a><\/span><\/h5>\n<p><strong>Utrjevalec za dvokomponentne poliuretanske premazke.<\/strong><\/p>","protected":false},"excerpt":{"rendered":"<p>Ovaj proizvod se koristi u kombinaciji sa:\u00a0Monto Acripol Piscinas Poliester Azul 3.2 L U\u010dvr\u0161\u0107iva\u010d za dvokomponentne poliuretanske premaze<\/p>","protected":false},"featured_media":18341,"template":"","meta":{"_acf_changed":false},"product_brand":[],"product_cat":[169,352],"product_tag":[],"class_list":{"0":"post-18340","1":"product","2":"type-product","3":"status-publish","4":"has-post-thumbnail","6":"product_cat-boje-i-lakovi","7":"product_cat-boje-za-bazene","9":"first","10":"instock","11":"shipping-taxable","12":"purchasable","13":"product-type-simple"},"acf":[],"yoast_head":"<!-- This site is optimized with the Yoast SEO plugin v26.1.1 - https:\/\/yoast.com\/wordpress\/plugins\/seo\/ -->\n<title>Monto Catalizador Acripol Piscinas 800 ml - Utvr\u0111iva\u010d za 2k boje - Consortium<\/title>\n<meta name=\"robots\" content=\"index, follow, max-snippet:-1, max-image-preview:large, max-video-preview:-1\" \/>\n<link rel=\"canonical\" href=\"https:\/\/consortium.hr\/sl\/product\/monto-catalizador-acripol-piscinas-800-ml-utvrdivac-za-2k-boje\/\" \/>\n<meta property=\"og:locale\" content=\"sl_SI\" \/>\n<meta property=\"og:type\" content=\"article\" \/>\n<meta property=\"og:title\" content=\"Monto Catalizador Acripol Piscinas 800 ml - Utvr\u0111iva\u010d za 2k boje - Consortium\" \/>\n<meta property=\"og:description\" content=\"Ovaj proizvod se koristi u kombinaciji sa:\u00a0Monto Acripol Piscinas Poliester Azul 3.2 L U\u010dvr\u0161\u0107iva\u010d za dvokomponentne poliuretanske premaze\" \/>\n<meta property=\"og:url\" content=\"https:\/\/consortium.hr\/sl\/product\/monto-catalizador-acripol-piscinas-800-ml-utvrdivac-za-2k-boje\/\" \/>\n<meta property=\"og:site_name\" content=\"Consortium\" \/>\n<meta property=\"article:modified_time\" content=\"2026-03-31T12:48:15+00:00\" \/>\n<meta property=\"og:image\" content=\"https:\/\/consortium.hr\/wp-content\/uploads\/2026\/03\/monto-catalizador-acripol-piscinas.png\" \/>\n\t<meta property=\"og:image:width\" content=\"800\" \/>\n\t<meta property=\"og:image:height\" content=\"800\" \/>\n\t<meta property=\"og:image:type\" content=\"image\/png\" \/>\n<meta name=\"twitter:card\" content=\"summary_large_image\" \/>\n<meta name=\"twitter:label1\" content=\"Est. reading time\" \/>\n\t<meta name=\"twitter:data1\" content=\"1 minuta\" \/>\n<script type=\"application\/ld+json\" class=\"yoast-schema-graph\">{\"@context\":\"https:\/\/schema.org\",\"@graph\":[{\"@type\":\"WebPage\",\"@id\":\"https:\/\/consortium.hr\/product\/monto-catalizador-acripol-piscinas-800-ml-utvrdivac-za-2k-boje\/\",\"url\":\"https:\/\/consortium.hr\/product\/monto-catalizador-acripol-piscinas-800-ml-utvrdivac-za-2k-boje\/\",\"name\":\"Monto Catalizador Acripol Piscinas 800 ml - Utvr\u0111iva\u010d za 2k boje - Consortium\",\"isPartOf\":{\"@id\":\"https:\/\/consortium.hr\/#website\"},\"primaryImageOfPage\":{\"@id\":\"https:\/\/consortium.hr\/product\/monto-catalizador-acripol-piscinas-800-ml-utvrdivac-za-2k-boje\/#primaryimage\"},\"image\":{\"@id\":\"https:\/\/consortium.hr\/product\/monto-catalizador-acripol-piscinas-800-ml-utvrdivac-za-2k-boje\/#primaryimage\"},\"thumbnailUrl\":\"https:\/\/consortium.hr\/wp-content\/uploads\/2026\/03\/monto-catalizador-acripol-piscinas.png\",\"datePublished\":\"2026-03-31T12:38:29+00:00\",\"dateModified\":\"2026-03-31T12:48:15+00:00\",\"breadcrumb\":{\"@id\":\"https:\/\/consortium.hr\/product\/monto-catalizador-acripol-piscinas-800-ml-utvrdivac-za-2k-boje\/#breadcrumb\"},\"inLanguage\":\"sl-SI\",\"potentialAction\":[{\"@type\":\"ReadAction\",\"target\":[\"https:\/\/consortium.hr\/product\/monto-catalizador-acripol-piscinas-800-ml-utvrdivac-za-2k-boje\/\"]}]},{\"@type\":\"ImageObject\",\"inLanguage\":\"sl-SI\",\"@id\":\"https:\/\/consortium.hr\/product\/monto-catalizador-acripol-piscinas-800-ml-utvrdivac-za-2k-boje\/#primaryimage\",\"url\":\"https:\/\/consortium.hr\/wp-content\/uploads\/2026\/03\/monto-catalizador-acripol-piscinas.png\",\"contentUrl\":\"https:\/\/consortium.hr\/wp-content\/uploads\/2026\/03\/monto-catalizador-acripol-piscinas.png\",\"width\":800,\"height\":800},{\"@type\":\"BreadcrumbList\",\"@id\":\"https:\/\/consortium.hr\/product\/monto-catalizador-acripol-piscinas-800-ml-utvrdivac-za-2k-boje\/#breadcrumb\",\"itemListElement\":[{\"@type\":\"ListItem\",\"position\":1,\"name\":\"Po\u010detna stranica\",\"item\":\"https:\/\/consortium.hr\/sl\/\"},{\"@type\":\"ListItem\",\"position\":2,\"name\":\"Shop\",\"item\":\"https:\/\/consortium.hr\/sl\/shop\/\"},{\"@type\":\"ListItem\",\"position\":3,\"name\":\"Monto Catalizador Acripol Piscinas 800 ml - Utvr\u0111iva\u010d za 2k boje\"}]},{\"@type\":\"WebSite\",\"@id\":\"https:\/\/consortium.hr\/#website\",\"url\":\"https:\/\/consortium.hr\/\",\"name\":\"Consortium\",\"description\":\"Gra\u0111evinski Materijal - Odli\u010dna Ponuda i Cijena\",\"alternateName\":\"Gra\u0111evinski Materijal - Odli\u010dna Ponuda i Cijena\",\"potentialAction\":[{\"@type\":\"SearchAction\",\"target\":{\"@type\":\"EntryPoint\",\"urlTemplate\":\"https:\/\/consortium.hr\/?s={search_term_string}\"},\"query-input\":{\"@type\":\"PropertyValueSpecification\",\"valueRequired\":true,\"valueName\":\"search_term_string\"}}],\"inLanguage\":\"sl-SI\"}]}<\/script>\n<!-- \/ Yoast SEO plugin. -->","yoast_head_json":{"title":"Monto Catalizador Acripol Piscinas 800 ml - Utvr\u0111iva\u010d za 2k boje - Consortium","robots":{"index":"index","follow":"follow","max-snippet":"max-snippet:-1","max-image-preview":"max-image-preview:large","max-video-preview":"max-video-preview:-1"},"canonical":"https:\/\/consortium.hr\/sl\/product\/monto-catalizador-acripol-piscinas-800-ml-utvrdivac-za-2k-boje\/","og_locale":"sl_SI","og_type":"article","og_title":"Monto Catalizador Acripol Piscinas 800 ml - Utvr\u0111iva\u010d za 2k boje - Consortium","og_description":"Ovaj proizvod se koristi u kombinaciji sa:\u00a0Monto Acripol Piscinas Poliester Azul 3.2 L U\u010dvr\u0161\u0107iva\u010d za dvokomponentne poliuretanske premaze","og_url":"https:\/\/consortium.hr\/sl\/product\/monto-catalizador-acripol-piscinas-800-ml-utvrdivac-za-2k-boje\/","og_site_name":"Consortium","article_modified_time":"2026-03-31T12:48:15+00:00","og_image":[{"width":800,"height":800,"url":"https:\/\/consortium.hr\/wp-content\/uploads\/2026\/03\/monto-catalizador-acripol-piscinas.png","type":"image\/png"}],"twitter_card":"summary_large_image","twitter_misc":{"Est. reading time":"1 minuta"},"schema":{"@context":"https:\/\/schema.org","@graph":[{"@type":"WebPage","@id":"https:\/\/consortium.hr\/product\/monto-catalizador-acripol-piscinas-800-ml-utvrdivac-za-2k-boje\/","url":"https:\/\/consortium.hr\/product\/monto-catalizador-acripol-piscinas-800-ml-utvrdivac-za-2k-boje\/","name":"Monto Catalizador Acripol Piscinas 800 ml - Utvr\u0111iva\u010d za 2k boje - Consortium","isPartOf":{"@id":"https:\/\/consortium.hr\/#website"},"primaryImageOfPage":{"@id":"https:\/\/consortium.hr\/product\/monto-catalizador-acripol-piscinas-800-ml-utvrdivac-za-2k-boje\/#primaryimage"},"image":{"@id":"https:\/\/consortium.hr\/product\/monto-catalizador-acripol-piscinas-800-ml-utvrdivac-za-2k-boje\/#primaryimage"},"thumbnailUrl":"https:\/\/consortium.hr\/wp-content\/uploads\/2026\/03\/monto-catalizador-acripol-piscinas.png","datePublished":"2026-03-31T12:38:29+00:00","dateModified":"2026-03-31T12:48:15+00:00","breadcrumb":{"@id":"https:\/\/consortium.hr\/product\/monto-catalizador-acripol-piscinas-800-ml-utvrdivac-za-2k-boje\/#breadcrumb"},"inLanguage":"sl-SI","potentialAction":[{"@type":"ReadAction","target":["https:\/\/consortium.hr\/product\/monto-catalizador-acripol-piscinas-800-ml-utvrdivac-za-2k-boje\/"]}]},{"@type":"ImageObject","inLanguage":"sl-SI","@id":"https:\/\/consortium.hr\/product\/monto-catalizador-acripol-piscinas-800-ml-utvrdivac-za-2k-boje\/#primaryimage","url":"https:\/\/consortium.hr\/wp-content\/uploads\/2026\/03\/monto-catalizador-acripol-piscinas.png","contentUrl":"https:\/\/consortium.hr\/wp-content\/uploads\/2026\/03\/monto-catalizador-acripol-piscinas.png","width":800,"height":800},{"@type":"BreadcrumbList","@id":"https:\/\/consortium.hr\/product\/monto-catalizador-acripol-piscinas-800-ml-utvrdivac-za-2k-boje\/#breadcrumb","itemListElement":[{"@type":"ListItem","position":1,"name":"Po\u010detna stranica","item":"https:\/\/consortium.hr\/sl\/"},{"@type":"ListItem","position":2,"name":"Shop","item":"https:\/\/consortium.hr\/sl\/shop\/"},{"@type":"ListItem","position":3,"name":"Monto Catalizador Acripol Piscinas 800 ml - Utvr\u0111iva\u010d za 2k boje"}]},{"@type":"WebSite","@id":"https:\/\/consortium.hr\/#website","url":"https:\/\/consortium.hr\/","name":"Consortium","description":"Gra\u0111evinski Materijal - Odli\u010dna Ponuda i Cijena","alternateName":"Gra\u0111evinski Materijal - Odli\u010dna Ponuda i Cijena","potentialAction":[{"@type":"SearchAction","target":{"@type":"EntryPoint","urlTemplate":"https:\/\/consortium.hr\/?s={search_term_string}"},"query-input":{"@type":"PropertyValueSpecification","valueRequired":true,"valueName":"search_term_string"}}],"inLanguage":"sl-SI"}]}},"_links":{"self":[{"href":"https:\/\/consortium.hr\/sl\/wp-json\/wp\/v2\/product\/18340","targetHints":{"allow":["GET"]}}],"collection":[{"href":"https:\/\/consortium.hr\/sl\/wp-json\/wp\/v2\/product"}],"about":[{"href":"https:\/\/consortium.hr\/sl\/wp-json\/wp\/v2\/types\/product"}],"wp:featuredmedia":[{"embeddable":true,"href":"https:\/\/consortium.hr\/sl\/wp-json\/wp\/v2\/media\/18341"}],"wp:attachment":[{"href":"https:\/\/consortium.hr\/sl\/wp-json\/wp\/v2\/media?parent=18340"}],"wp:term":[{"taxonomy":"product_brand","embeddable":true,"href":"https:\/\/consortium.hr\/sl\/wp-json\/wp\/v2\/product_brand?post=18340"},{"taxonomy":"product_cat","embeddable":true,"href":"https:\/\/consortium.hr\/sl\/wp-json\/wp\/v2\/product_cat?post=18340"},{"taxonomy":"product_tag","embeddable":true,"href":"https:\/\/consortium.hr\/sl\/wp-json\/wp\/v2\/product_tag?post=18340"}],"curies":[{"name":"wp","href":"https:\/\/api.w.org\/{rel}","templated":true}]}}