{"id":18342,"date":"2026-03-31T12:57:52","date_gmt":"2026-03-31T12:57:52","guid":{"rendered":"https:\/\/consortium.hr\/?post_type=product&#038;p=18342"},"modified":"2026-04-18T09:33:36","modified_gmt":"2026-04-18T09:33:36","slug":"beton-3","status":"publish","type":"product","link":"https:\/\/consortium.hr\/sl\/product\/beton-3\/","title":{"rendered":"Beton 3"},"content":{"rendered":"<p><strong>Beton 3<\/strong>\u00a0je pouzdano sredstvo za uklanjanje tvrdokornih naslaga cementa, vapna, salitre i drugih ne\u010disto\u0107a koje se nakupljaju na podovima, plo\u010dicama, staklu ili prozorskim okvirima. Posebno je prakti\u010dan nakon gra\u0111evinskih ili renovacijskih radova, kada na povr\u0161inama \u010desto ostaju bijele mrlje i tragovi koji se te\u0161ko skidaju obi\u010dnim sredstvima.<\/p>\n<p>Kori\u0161tenje je vrlo jednostavno, dovoljno je nanijeti Beton 3 kistom, spu\u017evom ili krpom, ostaviti ga nekoliko minuta da djeluje, a zatim povr\u0161inu dobro i\u0161\u010detkati i isprati vodom. Za ja\u010de naslage postupak se mo\u017ee ponoviti, sve dok povr\u0161ina ne postane potpuno \u010dista.<\/p>\n<p>Va\u017eno je napomenuti da se Beton 3 ne preporu\u010duje koristiti na fugama, mramoru ili prirodnom kamenu, jer mo\u017ee o\u0161tetiti osjetljive materijale. Najbolje ga je prvo isprobati na manjem, skrivenom dijelu povr\u0161ine.<\/p>","protected":false},"excerpt":{"rendered":"<p>Beton 3\u00a0je pouzdano sredstvo za uklanjanje tvrdokornih naslaga cementa, vapna, salitre i drugih ne\u010disto\u0107a koje se nakupljaju na podovima, plo\u010dicama, staklu ili prozorskim okvirima. Posebno je prakti\u010dan nakon gra\u0111evinskih ili renovacijskih radova, kada na povr\u0161inama \u010desto ostaju bijele mrlje i tragovi koji se te\u0161ko skidaju obi\u010dnim sredstvima. Kori\u0161tenje je vrlo jednostavno, dovoljno je nanijeti Beton [&hellip;]<\/p>","protected":false},"featured_media":18343,"template":"","meta":{"_acf_changed":false},"product_brand":[],"product_cat":[169,175],"product_tag":[],"class_list":{"0":"post-18342","1":"product","2":"type-product","3":"status-publish","4":"has-post-thumbnail","6":"product_cat-boje-i-lakovi","7":"product_cat-razrjedivaci-i-cistila","9":"first","10":"instock","11":"shipping-taxable","12":"purchasable","13":"product-type-variable","14":"wvs-archive-product-wrapper"},"acf":[],"yoast_head":"<!-- This site is optimized with the Yoast SEO plugin v26.1.1 - https:\/\/yoast.com\/wordpress\/plugins\/seo\/ -->\n<title>Beton 3 - Consortium<\/title>\n<meta name=\"robots\" content=\"index, follow, max-snippet:-1, max-image-preview:large, max-video-preview:-1\" \/>\n<link rel=\"canonical\" href=\"https:\/\/consortium.hr\/sl\/product\/beton-3\/\" \/>\n<meta property=\"og:locale\" content=\"sl_SI\" \/>\n<meta property=\"og:type\" content=\"article\" \/>\n<meta property=\"og:title\" content=\"Beton 3 - Consortium\" \/>\n<meta property=\"og:description\" content=\"Beton 3\u00a0je pouzdano sredstvo za uklanjanje tvrdokornih naslaga cementa, vapna, salitre i drugih ne\u010disto\u0107a koje se nakupljaju na podovima, plo\u010dicama, staklu ili prozorskim okvirima. Posebno je prakti\u010dan nakon gra\u0111evinskih ili renovacijskih radova, kada na povr\u0161inama \u010desto ostaju bijele mrlje i tragovi koji se te\u0161ko skidaju obi\u010dnim sredstvima. Kori\u0161tenje je vrlo jednostavno, dovoljno je nanijeti Beton [&hellip;]\" \/>\n<meta property=\"og:url\" content=\"https:\/\/consortium.hr\/sl\/product\/beton-3\/\" \/>\n<meta property=\"og:site_name\" content=\"Consortium\" \/>\n<meta property=\"article:modified_time\" content=\"2026-04-18T09:33:36+00:00\" \/>\n<meta property=\"og:image\" content=\"https:\/\/consortium.hr\/wp-content\/uploads\/2026\/03\/beton3.png\" \/>\n\t<meta property=\"og:image:width\" content=\"800\" \/>\n\t<meta property=\"og:image:height\" content=\"800\" \/>\n\t<meta property=\"og:image:type\" content=\"image\/png\" \/>\n<meta name=\"twitter:card\" content=\"summary_large_image\" \/>\n<meta name=\"twitter:label1\" content=\"Est. reading time\" \/>\n\t<meta name=\"twitter:data1\" content=\"1 minuta\" \/>\n<script type=\"application\/ld+json\" class=\"yoast-schema-graph\">{\"@context\":\"https:\/\/schema.org\",\"@graph\":[{\"@type\":\"WebPage\",\"@id\":\"https:\/\/consortium.hr\/product\/beton-3\/\",\"url\":\"https:\/\/consortium.hr\/product\/beton-3\/\",\"name\":\"Beton 3 - Consortium\",\"isPartOf\":{\"@id\":\"https:\/\/consortium.hr\/#website\"},\"primaryImageOfPage\":{\"@id\":\"https:\/\/consortium.hr\/product\/beton-3\/#primaryimage\"},\"image\":{\"@id\":\"https:\/\/consortium.hr\/product\/beton-3\/#primaryimage\"},\"thumbnailUrl\":\"https:\/\/consortium.hr\/wp-content\/uploads\/2026\/03\/beton3.png\",\"datePublished\":\"2026-03-31T12:57:52+00:00\",\"dateModified\":\"2026-04-18T09:33:36+00:00\",\"breadcrumb\":{\"@id\":\"https:\/\/consortium.hr\/product\/beton-3\/#breadcrumb\"},\"inLanguage\":\"sl-SI\",\"potentialAction\":[{\"@type\":\"ReadAction\",\"target\":[\"https:\/\/consortium.hr\/product\/beton-3\/\"]}]},{\"@type\":\"ImageObject\",\"inLanguage\":\"sl-SI\",\"@id\":\"https:\/\/consortium.hr\/product\/beton-3\/#primaryimage\",\"url\":\"https:\/\/consortium.hr\/wp-content\/uploads\/2026\/03\/beton3.png\",\"contentUrl\":\"https:\/\/consortium.hr\/wp-content\/uploads\/2026\/03\/beton3.png\",\"width\":800,\"height\":800},{\"@type\":\"BreadcrumbList\",\"@id\":\"https:\/\/consortium.hr\/product\/beton-3\/#breadcrumb\",\"itemListElement\":[{\"@type\":\"ListItem\",\"position\":1,\"name\":\"Po\u010detna stranica\",\"item\":\"https:\/\/consortium.hr\/sl\/\"},{\"@type\":\"ListItem\",\"position\":2,\"name\":\"Shop\",\"item\":\"https:\/\/consortium.hr\/sl\/shop\/\"},{\"@type\":\"ListItem\",\"position\":3,\"name\":\"Beton 3\"}]},{\"@type\":\"WebSite\",\"@id\":\"https:\/\/consortium.hr\/#website\",\"url\":\"https:\/\/consortium.hr\/\",\"name\":\"Consortium\",\"description\":\"Gra\u0111evinski Materijal - Odli\u010dna Ponuda i Cijena\",\"alternateName\":\"Gra\u0111evinski Materijal - Odli\u010dna Ponuda i Cijena\",\"potentialAction\":[{\"@type\":\"SearchAction\",\"target\":{\"@type\":\"EntryPoint\",\"urlTemplate\":\"https:\/\/consortium.hr\/?s={search_term_string}\"},\"query-input\":{\"@type\":\"PropertyValueSpecification\",\"valueRequired\":true,\"valueName\":\"search_term_string\"}}],\"inLanguage\":\"sl-SI\"}]}<\/script>\n<!-- \/ Yoast SEO plugin. -->","yoast_head_json":{"title":"Beton 3 - Consortium","robots":{"index":"index","follow":"follow","max-snippet":"max-snippet:-1","max-image-preview":"max-image-preview:large","max-video-preview":"max-video-preview:-1"},"canonical":"https:\/\/consortium.hr\/sl\/product\/beton-3\/","og_locale":"sl_SI","og_type":"article","og_title":"Beton 3 - Consortium","og_description":"Beton 3\u00a0je pouzdano sredstvo za uklanjanje tvrdokornih naslaga cementa, vapna, salitre i drugih ne\u010disto\u0107a koje se nakupljaju na podovima, plo\u010dicama, staklu ili prozorskim okvirima. Posebno je prakti\u010dan nakon gra\u0111evinskih ili renovacijskih radova, kada na povr\u0161inama \u010desto ostaju bijele mrlje i tragovi koji se te\u0161ko skidaju obi\u010dnim sredstvima. Kori\u0161tenje je vrlo jednostavno, dovoljno je nanijeti Beton [&hellip;]","og_url":"https:\/\/consortium.hr\/sl\/product\/beton-3\/","og_site_name":"Consortium","article_modified_time":"2026-04-18T09:33:36+00:00","og_image":[{"width":800,"height":800,"url":"https:\/\/consortium.hr\/wp-content\/uploads\/2026\/03\/beton3.png","type":"image\/png"}],"twitter_card":"summary_large_image","twitter_misc":{"Est. reading time":"1 minuta"},"schema":{"@context":"https:\/\/schema.org","@graph":[{"@type":"WebPage","@id":"https:\/\/consortium.hr\/product\/beton-3\/","url":"https:\/\/consortium.hr\/product\/beton-3\/","name":"Beton 3 - Consortium","isPartOf":{"@id":"https:\/\/consortium.hr\/#website"},"primaryImageOfPage":{"@id":"https:\/\/consortium.hr\/product\/beton-3\/#primaryimage"},"image":{"@id":"https:\/\/consortium.hr\/product\/beton-3\/#primaryimage"},"thumbnailUrl":"https:\/\/consortium.hr\/wp-content\/uploads\/2026\/03\/beton3.png","datePublished":"2026-03-31T12:57:52+00:00","dateModified":"2026-04-18T09:33:36+00:00","breadcrumb":{"@id":"https:\/\/consortium.hr\/product\/beton-3\/#breadcrumb"},"inLanguage":"sl-SI","potentialAction":[{"@type":"ReadAction","target":["https:\/\/consortium.hr\/product\/beton-3\/"]}]},{"@type":"ImageObject","inLanguage":"sl-SI","@id":"https:\/\/consortium.hr\/product\/beton-3\/#primaryimage","url":"https:\/\/consortium.hr\/wp-content\/uploads\/2026\/03\/beton3.png","contentUrl":"https:\/\/consortium.hr\/wp-content\/uploads\/2026\/03\/beton3.png","width":800,"height":800},{"@type":"BreadcrumbList","@id":"https:\/\/consortium.hr\/product\/beton-3\/#breadcrumb","itemListElement":[{"@type":"ListItem","position":1,"name":"Po\u010detna stranica","item":"https:\/\/consortium.hr\/sl\/"},{"@type":"ListItem","position":2,"name":"Shop","item":"https:\/\/consortium.hr\/sl\/shop\/"},{"@type":"ListItem","position":3,"name":"Beton 3"}]},{"@type":"WebSite","@id":"https:\/\/consortium.hr\/#website","url":"https:\/\/consortium.hr\/","name":"Consortium","description":"Gra\u0111evinski Materijal - Odli\u010dna Ponuda i Cijena","alternateName":"Gra\u0111evinski Materijal - Odli\u010dna Ponuda i Cijena","potentialAction":[{"@type":"SearchAction","target":{"@type":"EntryPoint","urlTemplate":"https:\/\/consortium.hr\/?s={search_term_string}"},"query-input":{"@type":"PropertyValueSpecification","valueRequired":true,"valueName":"search_term_string"}}],"inLanguage":"sl-SI"}]}},"_links":{"self":[{"href":"https:\/\/consortium.hr\/sl\/wp-json\/wp\/v2\/product\/18342","targetHints":{"allow":["GET"]}}],"collection":[{"href":"https:\/\/consortium.hr\/sl\/wp-json\/wp\/v2\/product"}],"about":[{"href":"https:\/\/consortium.hr\/sl\/wp-json\/wp\/v2\/types\/product"}],"wp:featuredmedia":[{"embeddable":true,"href":"https:\/\/consortium.hr\/sl\/wp-json\/wp\/v2\/media\/18343"}],"wp:attachment":[{"href":"https:\/\/consortium.hr\/sl\/wp-json\/wp\/v2\/media?parent=18342"}],"wp:term":[{"taxonomy":"product_brand","embeddable":true,"href":"https:\/\/consortium.hr\/sl\/wp-json\/wp\/v2\/product_brand?post=18342"},{"taxonomy":"product_cat","embeddable":true,"href":"https:\/\/consortium.hr\/sl\/wp-json\/wp\/v2\/product_cat?post=18342"},{"taxonomy":"product_tag","embeddable":true,"href":"https:\/\/consortium.hr\/sl\/wp-json\/wp\/v2\/product_tag?post=18342"}],"curies":[{"name":"wp","href":"https:\/\/api.w.org\/{rel}","templated":true}]}}