{"id":18354,"date":"2026-03-31T13:29:22","date_gmt":"2026-03-31T13:29:22","guid":{"rendered":"https:\/\/consortium.hr\/?post_type=product&#038;p=18354"},"modified":"2026-04-02T09:42:46","modified_gmt":"2026-04-02T09:42:46","slug":"monto-impersil","status":"publish","type":"product","link":"https:\/\/consortium.hr\/sl\/product\/monto-impersil\/","title":{"rendered":"Monto Impersil"},"content":{"rendered":"<p>Nevidljivi vodoodbojni premaz za za\u0161titu cigle, kamena i sli\u010dnih poroznih materijala. Monto Impersil pru\u017ea u\u010dinkovitu za\u0161titu od vode i mrlja, a da pritom ne mijenja izvorni izgled tretiranih povr\u0161ina. Ovaj paropropusni premaz omogu\u0107uje disanje materijala, sprje\u010dava prodor vlage i \u0161titi obojene povr\u0161ine od daljnjeg propadanja.<\/p>\n<p>Klju\u010dne zna\u010dilnosti:<br \/>\n\u2022 Nevidljiva za\u0161tita \u2013 Nakon nano\u0161enja zadr\u017eava prirodan izgled povr\u0161ina bez stvaranja vidljivog sloja.<br \/>\n\u2022 Vodoodbojnost \u2013 Blokira upijanje vode i \u0161titi od stvaranja mrlja.<br \/>\n\u2022 Izvrsna penetracija \u2013 Prodire duboko u porozne materijale, pru\u017eaju\u0107i dugotrajnu za\u0161titu.<br \/>\n\u2022 Paropropusnost \u2013 Omogu\u0107uje disanje povr\u0161ina, sprje\u010davaju\u0107i kondenzaciju i nakupljanje vlage.<br \/>\n\u2022 Za\u0161tita obojenih povr\u0161ina \u2013 \u0160titi boje od daljnjeg o\u0161te\u0107enja i propadanja zbog vlage.<\/p>\n<p>Navodila za uporabo:<br \/>\nPrije upotrebe proizvod temeljito protresite kako bi se osigurala potpuna homogenost. Povr\u0161ine moraju biti \u010diste, suhe i bez pra\u0161ine, ulja, masno\u0107e ili hr\u0111e.<\/p>\n<p>Nano\u0161enje se vr\u0161i u nekoliko slojeva, ovisno o upijanju materijala. Svaki sloj treba se ravnomjerno nanijeti, omogu\u0107uju\u0107i povr\u0161ini da upije proizvod prije nano\u0161enja sljede\u0107eg sloja.<\/p>\n<p>Dodatne informacije:<br \/>\n\u2022 Prikladan za unutarnje i vanjske primjene \u2013 Idealno za dugotrajnu za\u0161titu fasada, zidova i drugih poroznih povr\u0161ina.<br \/>\n\u2022 Primjena: Preporu\u010duje se za materijale poput cigle, kamena i obojenih povr\u0161ina.<\/p>","protected":false},"excerpt":{"rendered":"<p>Nevidljivi vodoodbojni premaz za za\u0161titu cigle, kamena i sli\u010dnih poroznih materijala. Monto Impersil pru\u017ea u\u010dinkovitu za\u0161titu od vode i mrlja, a da pritom ne mijenja izvorni izgled tretiranih povr\u0161ina. Ovaj paropropusni premaz omogu\u0107uje disanje materijala, sprje\u010dava prodor vlage i \u0161titi obojene povr\u0161ine od daljnjeg propadanja. Klju\u010dne karakteristike: \u2022 Nevidljiva za\u0161tita \u2013 Nakon nano\u0161enja zadr\u017eava prirodan [&hellip;]<\/p>","protected":false},"featured_media":18351,"template":"","meta":{"_acf_changed":false},"product_brand":[],"product_cat":[169,171],"product_tag":[],"class_list":{"0":"post-18354","1":"product","2":"type-product","3":"status-publish","4":"has-post-thumbnail","6":"product_cat-boje-i-lakovi","7":"product_cat-impregnacije-za-zidove","9":"first","10":"instock","11":"shipping-taxable","12":"purchasable","13":"product-type-variable","14":"wvs-archive-product-wrapper"},"acf":[],"yoast_head":"<!-- This site is optimized with the Yoast SEO plugin v26.1.1 - https:\/\/yoast.com\/wordpress\/plugins\/seo\/ -->\n<title>Monto Impersil - Consortium<\/title>\n<meta name=\"robots\" content=\"index, follow, max-snippet:-1, max-image-preview:large, max-video-preview:-1\" \/>\n<link rel=\"canonical\" href=\"https:\/\/consortium.hr\/sl\/product\/monto-impersil\/\" \/>\n<meta property=\"og:locale\" content=\"sl_SI\" \/>\n<meta property=\"og:type\" content=\"article\" \/>\n<meta property=\"og:title\" content=\"Monto Impersil - Consortium\" \/>\n<meta property=\"og:description\" content=\"Nevidljivi vodoodbojni premaz za za\u0161titu cigle, kamena i sli\u010dnih poroznih materijala. Monto Impersil pru\u017ea u\u010dinkovitu za\u0161titu od vode i mrlja, a da pritom ne mijenja izvorni izgled tretiranih povr\u0161ina. Ovaj paropropusni premaz omogu\u0107uje disanje materijala, sprje\u010dava prodor vlage i \u0161titi obojene povr\u0161ine od daljnjeg propadanja. Klju\u010dne karakteristike: \u2022 Nevidljiva za\u0161tita \u2013 Nakon nano\u0161enja zadr\u017eava prirodan [&hellip;]\" \/>\n<meta property=\"og:url\" content=\"https:\/\/consortium.hr\/sl\/product\/monto-impersil\/\" \/>\n<meta property=\"og:site_name\" content=\"Consortium\" \/>\n<meta property=\"article:modified_time\" content=\"2026-04-02T09:42:46+00:00\" \/>\n<meta property=\"og:image\" content=\"https:\/\/consortium.hr\/wp-content\/uploads\/2026\/03\/monto-impersil-acqua.png\" \/>\n\t<meta property=\"og:image:width\" content=\"800\" \/>\n\t<meta property=\"og:image:height\" content=\"800\" \/>\n\t<meta property=\"og:image:type\" content=\"image\/png\" \/>\n<meta name=\"twitter:card\" content=\"summary_large_image\" \/>\n<meta name=\"twitter:label1\" content=\"Est. reading time\" \/>\n\t<meta name=\"twitter:data1\" content=\"2 minuti\" \/>\n<script type=\"application\/ld+json\" class=\"yoast-schema-graph\">{\"@context\":\"https:\/\/schema.org\",\"@graph\":[{\"@type\":\"WebPage\",\"@id\":\"https:\/\/consortium.hr\/product\/monto-impersil\/\",\"url\":\"https:\/\/consortium.hr\/product\/monto-impersil\/\",\"name\":\"Monto Impersil - Consortium\",\"isPartOf\":{\"@id\":\"https:\/\/consortium.hr\/#website\"},\"primaryImageOfPage\":{\"@id\":\"https:\/\/consortium.hr\/product\/monto-impersil\/#primaryimage\"},\"image\":{\"@id\":\"https:\/\/consortium.hr\/product\/monto-impersil\/#primaryimage\"},\"thumbnailUrl\":\"https:\/\/consortium.hr\/wp-content\/uploads\/2026\/03\/monto-impersil-acqua.png\",\"datePublished\":\"2026-03-31T13:29:22+00:00\",\"dateModified\":\"2026-04-02T09:42:46+00:00\",\"breadcrumb\":{\"@id\":\"https:\/\/consortium.hr\/product\/monto-impersil\/#breadcrumb\"},\"inLanguage\":\"sl-SI\",\"potentialAction\":[{\"@type\":\"ReadAction\",\"target\":[\"https:\/\/consortium.hr\/product\/monto-impersil\/\"]}]},{\"@type\":\"ImageObject\",\"inLanguage\":\"sl-SI\",\"@id\":\"https:\/\/consortium.hr\/product\/monto-impersil\/#primaryimage\",\"url\":\"https:\/\/consortium.hr\/wp-content\/uploads\/2026\/03\/monto-impersil-acqua.png\",\"contentUrl\":\"https:\/\/consortium.hr\/wp-content\/uploads\/2026\/03\/monto-impersil-acqua.png\",\"width\":800,\"height\":800},{\"@type\":\"BreadcrumbList\",\"@id\":\"https:\/\/consortium.hr\/product\/monto-impersil\/#breadcrumb\",\"itemListElement\":[{\"@type\":\"ListItem\",\"position\":1,\"name\":\"Po\u010detna stranica\",\"item\":\"https:\/\/consortium.hr\/sl\/\"},{\"@type\":\"ListItem\",\"position\":2,\"name\":\"Shop\",\"item\":\"https:\/\/consortium.hr\/sl\/shop\/\"},{\"@type\":\"ListItem\",\"position\":3,\"name\":\"Monto Impersil\"}]},{\"@type\":\"WebSite\",\"@id\":\"https:\/\/consortium.hr\/#website\",\"url\":\"https:\/\/consortium.hr\/\",\"name\":\"Consortium\",\"description\":\"Gra\u0111evinski Materijal - Odli\u010dna Ponuda i Cijena\",\"alternateName\":\"Gra\u0111evinski Materijal - Odli\u010dna Ponuda i Cijena\",\"potentialAction\":[{\"@type\":\"SearchAction\",\"target\":{\"@type\":\"EntryPoint\",\"urlTemplate\":\"https:\/\/consortium.hr\/?s={search_term_string}\"},\"query-input\":{\"@type\":\"PropertyValueSpecification\",\"valueRequired\":true,\"valueName\":\"search_term_string\"}}],\"inLanguage\":\"sl-SI\"}]}<\/script>\n<!-- \/ Yoast SEO plugin. -->","yoast_head_json":{"title":"Monto Impersil - Consortium","robots":{"index":"index","follow":"follow","max-snippet":"max-snippet:-1","max-image-preview":"max-image-preview:large","max-video-preview":"max-video-preview:-1"},"canonical":"https:\/\/consortium.hr\/sl\/product\/monto-impersil\/","og_locale":"sl_SI","og_type":"article","og_title":"Monto Impersil - Consortium","og_description":"Nevidljivi vodoodbojni premaz za za\u0161titu cigle, kamena i sli\u010dnih poroznih materijala. Monto Impersil pru\u017ea u\u010dinkovitu za\u0161titu od vode i mrlja, a da pritom ne mijenja izvorni izgled tretiranih povr\u0161ina. Ovaj paropropusni premaz omogu\u0107uje disanje materijala, sprje\u010dava prodor vlage i \u0161titi obojene povr\u0161ine od daljnjeg propadanja. Klju\u010dne karakteristike: \u2022 Nevidljiva za\u0161tita \u2013 Nakon nano\u0161enja zadr\u017eava prirodan [&hellip;]","og_url":"https:\/\/consortium.hr\/sl\/product\/monto-impersil\/","og_site_name":"Consortium","article_modified_time":"2026-04-02T09:42:46+00:00","og_image":[{"width":800,"height":800,"url":"https:\/\/consortium.hr\/wp-content\/uploads\/2026\/03\/monto-impersil-acqua.png","type":"image\/png"}],"twitter_card":"summary_large_image","twitter_misc":{"Est. reading time":"2 minuti"},"schema":{"@context":"https:\/\/schema.org","@graph":[{"@type":"WebPage","@id":"https:\/\/consortium.hr\/product\/monto-impersil\/","url":"https:\/\/consortium.hr\/product\/monto-impersil\/","name":"Monto Impersil - Consortium","isPartOf":{"@id":"https:\/\/consortium.hr\/#website"},"primaryImageOfPage":{"@id":"https:\/\/consortium.hr\/product\/monto-impersil\/#primaryimage"},"image":{"@id":"https:\/\/consortium.hr\/product\/monto-impersil\/#primaryimage"},"thumbnailUrl":"https:\/\/consortium.hr\/wp-content\/uploads\/2026\/03\/monto-impersil-acqua.png","datePublished":"2026-03-31T13:29:22+00:00","dateModified":"2026-04-02T09:42:46+00:00","breadcrumb":{"@id":"https:\/\/consortium.hr\/product\/monto-impersil\/#breadcrumb"},"inLanguage":"sl-SI","potentialAction":[{"@type":"ReadAction","target":["https:\/\/consortium.hr\/product\/monto-impersil\/"]}]},{"@type":"ImageObject","inLanguage":"sl-SI","@id":"https:\/\/consortium.hr\/product\/monto-impersil\/#primaryimage","url":"https:\/\/consortium.hr\/wp-content\/uploads\/2026\/03\/monto-impersil-acqua.png","contentUrl":"https:\/\/consortium.hr\/wp-content\/uploads\/2026\/03\/monto-impersil-acqua.png","width":800,"height":800},{"@type":"BreadcrumbList","@id":"https:\/\/consortium.hr\/product\/monto-impersil\/#breadcrumb","itemListElement":[{"@type":"ListItem","position":1,"name":"Po\u010detna stranica","item":"https:\/\/consortium.hr\/sl\/"},{"@type":"ListItem","position":2,"name":"Shop","item":"https:\/\/consortium.hr\/sl\/shop\/"},{"@type":"ListItem","position":3,"name":"Monto Impersil"}]},{"@type":"WebSite","@id":"https:\/\/consortium.hr\/#website","url":"https:\/\/consortium.hr\/","name":"Consortium","description":"Gra\u0111evinski Materijal - Odli\u010dna Ponuda i Cijena","alternateName":"Gra\u0111evinski Materijal - Odli\u010dna Ponuda i Cijena","potentialAction":[{"@type":"SearchAction","target":{"@type":"EntryPoint","urlTemplate":"https:\/\/consortium.hr\/?s={search_term_string}"},"query-input":{"@type":"PropertyValueSpecification","valueRequired":true,"valueName":"search_term_string"}}],"inLanguage":"sl-SI"}]}},"_links":{"self":[{"href":"https:\/\/consortium.hr\/sl\/wp-json\/wp\/v2\/product\/18354","targetHints":{"allow":["GET"]}}],"collection":[{"href":"https:\/\/consortium.hr\/sl\/wp-json\/wp\/v2\/product"}],"about":[{"href":"https:\/\/consortium.hr\/sl\/wp-json\/wp\/v2\/types\/product"}],"wp:featuredmedia":[{"embeddable":true,"href":"https:\/\/consortium.hr\/sl\/wp-json\/wp\/v2\/media\/18351"}],"wp:attachment":[{"href":"https:\/\/consortium.hr\/sl\/wp-json\/wp\/v2\/media?parent=18354"}],"wp:term":[{"taxonomy":"product_brand","embeddable":true,"href":"https:\/\/consortium.hr\/sl\/wp-json\/wp\/v2\/product_brand?post=18354"},{"taxonomy":"product_cat","embeddable":true,"href":"https:\/\/consortium.hr\/sl\/wp-json\/wp\/v2\/product_cat?post=18354"},{"taxonomy":"product_tag","embeddable":true,"href":"https:\/\/consortium.hr\/sl\/wp-json\/wp\/v2\/product_tag?post=18354"}],"curies":[{"name":"wp","href":"https:\/\/api.w.org\/{rel}","templated":true}]}}