{"id":18389,"date":"2026-04-08T09:09:46","date_gmt":"2026-04-08T09:09:46","guid":{"rendered":"https:\/\/consortium.hr\/?post_type=product&#038;p=18389"},"modified":"2026-04-08T09:13:14","modified_gmt":"2026-04-08T09:13:14","slug":"ivero-klor-granule","status":"publish","type":"product","link":"https:\/\/consortium.hr\/sl\/product\/ivero-klor-granule\/","title":{"rendered":"Ivero klor granule"},"content":{"rendered":"<p>Sredstvo za dezinfekciju vode na bazi natrijevog dikloroizocijanurata sa sadr\u017eajem 56% aktivnog klora \u0161to ga \u010dini iznimno u\u010dinkovitim. Odlikuje ga velika u\u010dinkovitost neovisno o tvrdo\u0107i vode, stabilnost od utjecaja UV zraka, pH neutralno reagira u void. Ima sna\u017ean germicidni u\u010dinak na bakterije, protoaze, gljivice, viruse i alge.<\/p>\n<p>Zbog dobre topivosti u vodi mo\u017ee se dodavati direktno u bazen ili skimmer, no bolje ga je prvo otopiti u vodi (5%-tna otopina) jer se tada mo\u017ee ravnomjernije dozirati, ali i upotrebljavati za automatsko doziranje.<br \/>\nZa superkloriranje (\u0161ok) dodaje se kod prvog kloriranja bazena 100-150 g na 10 m<sup>3<\/sup>, jednokratno.<br \/>\nZa redovno kloriranje dodaje se 10-30 g na 10 m<sup>3<\/sup>, dnevno.<\/p>\n<p>Maksimalni efekt dezinfekcije posti\u017ee se u rasponu pH vrijednosti 7,0-7,6.<\/p>","protected":false},"excerpt":{"rendered":"<p>Sredstvo za dezinfekciju vode na bazi natrijevog dikloroizocijanurata sa sadr\u017eajem 56% aktivnog klora \u0161to ga \u010dini iznimno u\u010dinkovitim. Odlikuje ga velika u\u010dinkovitost neovisno o tvrdo\u0107i vode, stabilnost od utjecaja UV zraka, pH neutralno reagira u void. Ima sna\u017ean germicidni u\u010dinak na bakterije, protoaze, gljivice, viruse i alge. Zbog dobre topivosti u vodi mo\u017ee se dodavati [&hellip;]<\/p>","protected":false},"featured_media":18390,"template":"","meta":{"_acf_changed":false},"product_brand":[],"product_cat":[169,376],"product_tag":[],"class_list":{"0":"post-18389","1":"product","2":"type-product","3":"status-publish","4":"has-post-thumbnail","6":"product_cat-boje-i-lakovi","7":"product_cat-sredstva-za-odrzavanje-bazena","9":"first","10":"instock","11":"shipping-taxable","12":"purchasable","13":"product-type-variable","14":"wvs-archive-product-wrapper"},"acf":[],"yoast_head":"<!-- This site is optimized with the Yoast SEO plugin v26.1.1 - https:\/\/yoast.com\/wordpress\/plugins\/seo\/ -->\n<title>Ivero klor granule - Consortium<\/title>\n<meta name=\"robots\" content=\"index, follow, max-snippet:-1, max-image-preview:large, max-video-preview:-1\" \/>\n<link rel=\"canonical\" href=\"https:\/\/consortium.hr\/sl\/product\/ivero-klor-granule\/\" \/>\n<meta property=\"og:locale\" content=\"sl_SI\" \/>\n<meta property=\"og:type\" content=\"article\" \/>\n<meta property=\"og:title\" content=\"Ivero klor granule - Consortium\" \/>\n<meta property=\"og:description\" content=\"Sredstvo za dezinfekciju vode na bazi natrijevog dikloroizocijanurata sa sadr\u017eajem 56% aktivnog klora \u0161to ga \u010dini iznimno u\u010dinkovitim. Odlikuje ga velika u\u010dinkovitost neovisno o tvrdo\u0107i vode, stabilnost od utjecaja UV zraka, pH neutralno reagira u void. Ima sna\u017ean germicidni u\u010dinak na bakterije, protoaze, gljivice, viruse i alge. Zbog dobre topivosti u vodi mo\u017ee se dodavati [&hellip;]\" \/>\n<meta property=\"og:url\" content=\"https:\/\/consortium.hr\/sl\/product\/ivero-klor-granule\/\" \/>\n<meta property=\"og:site_name\" content=\"Consortium\" \/>\n<meta property=\"article:modified_time\" content=\"2026-04-08T09:13:14+00:00\" \/>\n<meta property=\"og:image\" content=\"https:\/\/consortium.hr\/wp-content\/uploads\/2026\/04\/ivero-klor-granule.png\" \/>\n\t<meta property=\"og:image:width\" content=\"800\" \/>\n\t<meta property=\"og:image:height\" content=\"800\" \/>\n\t<meta property=\"og:image:type\" content=\"image\/png\" \/>\n<meta name=\"twitter:card\" content=\"summary_large_image\" \/>\n<meta name=\"twitter:label1\" content=\"Est. reading time\" \/>\n\t<meta name=\"twitter:data1\" content=\"1 minuta\" \/>\n<script type=\"application\/ld+json\" class=\"yoast-schema-graph\">{\"@context\":\"https:\/\/schema.org\",\"@graph\":[{\"@type\":\"WebPage\",\"@id\":\"https:\/\/consortium.hr\/product\/ivero-klor-granule\/\",\"url\":\"https:\/\/consortium.hr\/product\/ivero-klor-granule\/\",\"name\":\"Ivero klor granule - Consortium\",\"isPartOf\":{\"@id\":\"https:\/\/consortium.hr\/#website\"},\"primaryImageOfPage\":{\"@id\":\"https:\/\/consortium.hr\/product\/ivero-klor-granule\/#primaryimage\"},\"image\":{\"@id\":\"https:\/\/consortium.hr\/product\/ivero-klor-granule\/#primaryimage\"},\"thumbnailUrl\":\"https:\/\/consortium.hr\/wp-content\/uploads\/2026\/04\/ivero-klor-granule.png\",\"datePublished\":\"2026-04-08T09:09:46+00:00\",\"dateModified\":\"2026-04-08T09:13:14+00:00\",\"breadcrumb\":{\"@id\":\"https:\/\/consortium.hr\/product\/ivero-klor-granule\/#breadcrumb\"},\"inLanguage\":\"sl-SI\",\"potentialAction\":[{\"@type\":\"ReadAction\",\"target\":[\"https:\/\/consortium.hr\/product\/ivero-klor-granule\/\"]}]},{\"@type\":\"ImageObject\",\"inLanguage\":\"sl-SI\",\"@id\":\"https:\/\/consortium.hr\/product\/ivero-klor-granule\/#primaryimage\",\"url\":\"https:\/\/consortium.hr\/wp-content\/uploads\/2026\/04\/ivero-klor-granule.png\",\"contentUrl\":\"https:\/\/consortium.hr\/wp-content\/uploads\/2026\/04\/ivero-klor-granule.png\",\"width\":800,\"height\":800},{\"@type\":\"BreadcrumbList\",\"@id\":\"https:\/\/consortium.hr\/product\/ivero-klor-granule\/#breadcrumb\",\"itemListElement\":[{\"@type\":\"ListItem\",\"position\":1,\"name\":\"Po\u010detna stranica\",\"item\":\"https:\/\/consortium.hr\/sl\/\"},{\"@type\":\"ListItem\",\"position\":2,\"name\":\"Shop\",\"item\":\"https:\/\/consortium.hr\/sl\/shop\/\"},{\"@type\":\"ListItem\",\"position\":3,\"name\":\"Ivero klor granule\"}]},{\"@type\":\"WebSite\",\"@id\":\"https:\/\/consortium.hr\/#website\",\"url\":\"https:\/\/consortium.hr\/\",\"name\":\"Consortium\",\"description\":\"Gra\u0111evinski Materijal - Odli\u010dna Ponuda i Cijena\",\"alternateName\":\"Gra\u0111evinski Materijal - Odli\u010dna Ponuda i Cijena\",\"potentialAction\":[{\"@type\":\"SearchAction\",\"target\":{\"@type\":\"EntryPoint\",\"urlTemplate\":\"https:\/\/consortium.hr\/?s={search_term_string}\"},\"query-input\":{\"@type\":\"PropertyValueSpecification\",\"valueRequired\":true,\"valueName\":\"search_term_string\"}}],\"inLanguage\":\"sl-SI\"}]}<\/script>\n<!-- \/ Yoast SEO plugin. -->","yoast_head_json":{"title":"Ivero klor granule - Consortium","robots":{"index":"index","follow":"follow","max-snippet":"max-snippet:-1","max-image-preview":"max-image-preview:large","max-video-preview":"max-video-preview:-1"},"canonical":"https:\/\/consortium.hr\/sl\/product\/ivero-klor-granule\/","og_locale":"sl_SI","og_type":"article","og_title":"Ivero klor granule - Consortium","og_description":"Sredstvo za dezinfekciju vode na bazi natrijevog dikloroizocijanurata sa sadr\u017eajem 56% aktivnog klora \u0161to ga \u010dini iznimno u\u010dinkovitim. Odlikuje ga velika u\u010dinkovitost neovisno o tvrdo\u0107i vode, stabilnost od utjecaja UV zraka, pH neutralno reagira u void. Ima sna\u017ean germicidni u\u010dinak na bakterije, protoaze, gljivice, viruse i alge. Zbog dobre topivosti u vodi mo\u017ee se dodavati [&hellip;]","og_url":"https:\/\/consortium.hr\/sl\/product\/ivero-klor-granule\/","og_site_name":"Consortium","article_modified_time":"2026-04-08T09:13:14+00:00","og_image":[{"width":800,"height":800,"url":"https:\/\/consortium.hr\/wp-content\/uploads\/2026\/04\/ivero-klor-granule.png","type":"image\/png"}],"twitter_card":"summary_large_image","twitter_misc":{"Est. reading time":"1 minuta"},"schema":{"@context":"https:\/\/schema.org","@graph":[{"@type":"WebPage","@id":"https:\/\/consortium.hr\/product\/ivero-klor-granule\/","url":"https:\/\/consortium.hr\/product\/ivero-klor-granule\/","name":"Ivero klor granule - Consortium","isPartOf":{"@id":"https:\/\/consortium.hr\/#website"},"primaryImageOfPage":{"@id":"https:\/\/consortium.hr\/product\/ivero-klor-granule\/#primaryimage"},"image":{"@id":"https:\/\/consortium.hr\/product\/ivero-klor-granule\/#primaryimage"},"thumbnailUrl":"https:\/\/consortium.hr\/wp-content\/uploads\/2026\/04\/ivero-klor-granule.png","datePublished":"2026-04-08T09:09:46+00:00","dateModified":"2026-04-08T09:13:14+00:00","breadcrumb":{"@id":"https:\/\/consortium.hr\/product\/ivero-klor-granule\/#breadcrumb"},"inLanguage":"sl-SI","potentialAction":[{"@type":"ReadAction","target":["https:\/\/consortium.hr\/product\/ivero-klor-granule\/"]}]},{"@type":"ImageObject","inLanguage":"sl-SI","@id":"https:\/\/consortium.hr\/product\/ivero-klor-granule\/#primaryimage","url":"https:\/\/consortium.hr\/wp-content\/uploads\/2026\/04\/ivero-klor-granule.png","contentUrl":"https:\/\/consortium.hr\/wp-content\/uploads\/2026\/04\/ivero-klor-granule.png","width":800,"height":800},{"@type":"BreadcrumbList","@id":"https:\/\/consortium.hr\/product\/ivero-klor-granule\/#breadcrumb","itemListElement":[{"@type":"ListItem","position":1,"name":"Po\u010detna stranica","item":"https:\/\/consortium.hr\/sl\/"},{"@type":"ListItem","position":2,"name":"Shop","item":"https:\/\/consortium.hr\/sl\/shop\/"},{"@type":"ListItem","position":3,"name":"Ivero klor granule"}]},{"@type":"WebSite","@id":"https:\/\/consortium.hr\/#website","url":"https:\/\/consortium.hr\/","name":"Consortium","description":"Gra\u0111evinski Materijal - Odli\u010dna Ponuda i Cijena","alternateName":"Gra\u0111evinski Materijal - Odli\u010dna Ponuda i Cijena","potentialAction":[{"@type":"SearchAction","target":{"@type":"EntryPoint","urlTemplate":"https:\/\/consortium.hr\/?s={search_term_string}"},"query-input":{"@type":"PropertyValueSpecification","valueRequired":true,"valueName":"search_term_string"}}],"inLanguage":"sl-SI"}]}},"_links":{"self":[{"href":"https:\/\/consortium.hr\/sl\/wp-json\/wp\/v2\/product\/18389","targetHints":{"allow":["GET"]}}],"collection":[{"href":"https:\/\/consortium.hr\/sl\/wp-json\/wp\/v2\/product"}],"about":[{"href":"https:\/\/consortium.hr\/sl\/wp-json\/wp\/v2\/types\/product"}],"wp:featuredmedia":[{"embeddable":true,"href":"https:\/\/consortium.hr\/sl\/wp-json\/wp\/v2\/media\/18390"}],"wp:attachment":[{"href":"https:\/\/consortium.hr\/sl\/wp-json\/wp\/v2\/media?parent=18389"}],"wp:term":[{"taxonomy":"product_brand","embeddable":true,"href":"https:\/\/consortium.hr\/sl\/wp-json\/wp\/v2\/product_brand?post=18389"},{"taxonomy":"product_cat","embeddable":true,"href":"https:\/\/consortium.hr\/sl\/wp-json\/wp\/v2\/product_cat?post=18389"},{"taxonomy":"product_tag","embeddable":true,"href":"https:\/\/consortium.hr\/sl\/wp-json\/wp\/v2\/product_tag?post=18389"}],"curies":[{"name":"wp","href":"https:\/\/api.w.org\/{rel}","templated":true}]}}