{"id":18403,"date":"2026-04-08T09:33:13","date_gmt":"2026-04-08T09:33:13","guid":{"rendered":"https:\/\/consortium.hr\/?post_type=product&#038;p=18403"},"modified":"2026-04-08T09:38:15","modified_gmt":"2026-04-08T09:38:15","slug":"ivero-granule-ph-minus","status":"publish","type":"product","link":"https:\/\/consortium.hr\/sl\/product\/ivero-granule-ph-minus\/","title":{"rendered":"Ivero granule pH minus"},"content":{"rendered":"<p><span style=\"color: #000000;\">Pra\u0161kasto sredstvo za sni\u017eavanje pH vrijednosti Pogodan je za automatsko i ru\u010dno doziranje ali ga je potrebno prethodno\u00a0<strong>otopiti u vodi<\/strong>. Kod ru\u010dnog doziranja preporu\u010duje se ravnomjerno ga ulijevati na vi\u0161e mjesta u bazen.<\/span><\/p>\n<p><span style=\"color: #000000;\"><u>Dozira se<\/u>:<\/span><br \/>\n<span style=\"color: #000000;\">Na 10 m\u00b3 vode dodati 80 \u2013 100 g pH minus granula da bi se pH vrijednost vode smanjila za cca. 0,1 pH<\/span><\/p>\n<p><span style=\"color: #000000;\">To\u010dnu koli\u010dinu odredite sami nakon nekoliko postupaka jer doziranje ovisi i o kvaliteti, sastavu i tvrdo\u0107i vode u va\u0161em bazenu.<\/span><\/p>\n<p><span style=\"color: #000000;\">Osim smanjenja pH vrijednosti vode\u00a0<strong>Ivero<\/strong>\u00a0<strong>pH minus teku\u0107ina i granulat<\/strong>\u00a0omek\u0161avaju vodu, te sprje\u010davaju izdvajanje vodenog kamenca na vodenim povr\u0161inama i\u00a0 opremi. Ne djeluju korozivno na bazenske povr\u0161ine i armaturu.<\/span><\/p>","protected":false},"excerpt":{"rendered":"<p>Pra\u0161kasto sredstvo za sni\u017eavanje pH vrijednosti Pogodan je za automatsko i ru\u010dno doziranje ali ga je potrebno prethodno\u00a0otopiti u vodi. Kod ru\u010dnog doziranja preporu\u010duje se ravnomjerno ga ulijevati na vi\u0161e mjesta u bazen. Dozira se: Na 10 m\u00b3 vode dodati 80 \u2013 100 g pH minus granula da bi se pH vrijednost vode smanjila za [&hellip;]<\/p>","protected":false},"featured_media":18404,"template":"","meta":{"_acf_changed":false},"product_brand":[],"product_cat":[169,376],"product_tag":[],"class_list":{"0":"post-18403","1":"product","2":"type-product","3":"status-publish","4":"has-post-thumbnail","6":"product_cat-boje-i-lakovi","7":"product_cat-sredstva-za-odrzavanje-bazena","9":"first","10":"instock","11":"shipping-taxable","12":"purchasable","13":"product-type-variable","14":"wvs-archive-product-wrapper"},"acf":[],"yoast_head":"<!-- This site is optimized with the Yoast SEO plugin v26.1.1 - https:\/\/yoast.com\/wordpress\/plugins\/seo\/ -->\n<title>Ivero granule pH minus - Consortium<\/title>\n<meta name=\"robots\" content=\"index, follow, max-snippet:-1, max-image-preview:large, max-video-preview:-1\" \/>\n<link rel=\"canonical\" href=\"https:\/\/consortium.hr\/sl\/product\/ivero-granule-ph-minus\/\" \/>\n<meta property=\"og:locale\" content=\"sl_SI\" \/>\n<meta property=\"og:type\" content=\"article\" \/>\n<meta property=\"og:title\" content=\"Ivero granule pH minus - Consortium\" \/>\n<meta property=\"og:description\" content=\"Pra\u0161kasto sredstvo za sni\u017eavanje pH vrijednosti Pogodan je za automatsko i ru\u010dno doziranje ali ga je potrebno prethodno\u00a0otopiti u vodi. Kod ru\u010dnog doziranja preporu\u010duje se ravnomjerno ga ulijevati na vi\u0161e mjesta u bazen. Dozira se: Na 10 m\u00b3 vode dodati 80 \u2013 100 g pH minus granula da bi se pH vrijednost vode smanjila za [&hellip;]\" \/>\n<meta property=\"og:url\" content=\"https:\/\/consortium.hr\/sl\/product\/ivero-granule-ph-minus\/\" \/>\n<meta property=\"og:site_name\" content=\"Consortium\" \/>\n<meta property=\"article:modified_time\" content=\"2026-04-08T09:38:15+00:00\" \/>\n<meta property=\"og:image\" content=\"https:\/\/consortium.hr\/wp-content\/uploads\/2026\/04\/ivero-ph-minus-granule.png\" \/>\n\t<meta property=\"og:image:width\" content=\"800\" \/>\n\t<meta property=\"og:image:height\" content=\"800\" \/>\n\t<meta property=\"og:image:type\" content=\"image\/png\" \/>\n<meta name=\"twitter:card\" content=\"summary_large_image\" \/>\n<meta name=\"twitter:label1\" content=\"Est. reading time\" \/>\n\t<meta name=\"twitter:data1\" content=\"1 minuta\" \/>\n<script type=\"application\/ld+json\" class=\"yoast-schema-graph\">{\"@context\":\"https:\/\/schema.org\",\"@graph\":[{\"@type\":\"WebPage\",\"@id\":\"https:\/\/consortium.hr\/product\/ivero-granule-ph-minus\/\",\"url\":\"https:\/\/consortium.hr\/product\/ivero-granule-ph-minus\/\",\"name\":\"Ivero granule pH minus - Consortium\",\"isPartOf\":{\"@id\":\"https:\/\/consortium.hr\/#website\"},\"primaryImageOfPage\":{\"@id\":\"https:\/\/consortium.hr\/product\/ivero-granule-ph-minus\/#primaryimage\"},\"image\":{\"@id\":\"https:\/\/consortium.hr\/product\/ivero-granule-ph-minus\/#primaryimage\"},\"thumbnailUrl\":\"https:\/\/consortium.hr\/wp-content\/uploads\/2026\/04\/ivero-ph-minus-granule.png\",\"datePublished\":\"2026-04-08T09:33:13+00:00\",\"dateModified\":\"2026-04-08T09:38:15+00:00\",\"breadcrumb\":{\"@id\":\"https:\/\/consortium.hr\/product\/ivero-granule-ph-minus\/#breadcrumb\"},\"inLanguage\":\"sl-SI\",\"potentialAction\":[{\"@type\":\"ReadAction\",\"target\":[\"https:\/\/consortium.hr\/product\/ivero-granule-ph-minus\/\"]}]},{\"@type\":\"ImageObject\",\"inLanguage\":\"sl-SI\",\"@id\":\"https:\/\/consortium.hr\/product\/ivero-granule-ph-minus\/#primaryimage\",\"url\":\"https:\/\/consortium.hr\/wp-content\/uploads\/2026\/04\/ivero-ph-minus-granule.png\",\"contentUrl\":\"https:\/\/consortium.hr\/wp-content\/uploads\/2026\/04\/ivero-ph-minus-granule.png\",\"width\":800,\"height\":800},{\"@type\":\"BreadcrumbList\",\"@id\":\"https:\/\/consortium.hr\/product\/ivero-granule-ph-minus\/#breadcrumb\",\"itemListElement\":[{\"@type\":\"ListItem\",\"position\":1,\"name\":\"Po\u010detna stranica\",\"item\":\"https:\/\/consortium.hr\/sl\/\"},{\"@type\":\"ListItem\",\"position\":2,\"name\":\"Shop\",\"item\":\"https:\/\/consortium.hr\/sl\/shop\/\"},{\"@type\":\"ListItem\",\"position\":3,\"name\":\"Ivero granule pH minus\"}]},{\"@type\":\"WebSite\",\"@id\":\"https:\/\/consortium.hr\/#website\",\"url\":\"https:\/\/consortium.hr\/\",\"name\":\"Consortium\",\"description\":\"Gra\u0111evinski Materijal - Odli\u010dna Ponuda i Cijena\",\"alternateName\":\"Gra\u0111evinski Materijal - Odli\u010dna Ponuda i Cijena\",\"potentialAction\":[{\"@type\":\"SearchAction\",\"target\":{\"@type\":\"EntryPoint\",\"urlTemplate\":\"https:\/\/consortium.hr\/?s={search_term_string}\"},\"query-input\":{\"@type\":\"PropertyValueSpecification\",\"valueRequired\":true,\"valueName\":\"search_term_string\"}}],\"inLanguage\":\"sl-SI\"}]}<\/script>\n<!-- \/ Yoast SEO plugin. -->","yoast_head_json":{"title":"Ivero granule pH minus - Consortium","robots":{"index":"index","follow":"follow","max-snippet":"max-snippet:-1","max-image-preview":"max-image-preview:large","max-video-preview":"max-video-preview:-1"},"canonical":"https:\/\/consortium.hr\/sl\/product\/ivero-granule-ph-minus\/","og_locale":"sl_SI","og_type":"article","og_title":"Ivero granule pH minus - Consortium","og_description":"Pra\u0161kasto sredstvo za sni\u017eavanje pH vrijednosti Pogodan je za automatsko i ru\u010dno doziranje ali ga je potrebno prethodno\u00a0otopiti u vodi. Kod ru\u010dnog doziranja preporu\u010duje se ravnomjerno ga ulijevati na vi\u0161e mjesta u bazen. Dozira se: Na 10 m\u00b3 vode dodati 80 \u2013 100 g pH minus granula da bi se pH vrijednost vode smanjila za [&hellip;]","og_url":"https:\/\/consortium.hr\/sl\/product\/ivero-granule-ph-minus\/","og_site_name":"Consortium","article_modified_time":"2026-04-08T09:38:15+00:00","og_image":[{"width":800,"height":800,"url":"https:\/\/consortium.hr\/wp-content\/uploads\/2026\/04\/ivero-ph-minus-granule.png","type":"image\/png"}],"twitter_card":"summary_large_image","twitter_misc":{"Est. reading time":"1 minuta"},"schema":{"@context":"https:\/\/schema.org","@graph":[{"@type":"WebPage","@id":"https:\/\/consortium.hr\/product\/ivero-granule-ph-minus\/","url":"https:\/\/consortium.hr\/product\/ivero-granule-ph-minus\/","name":"Ivero granule pH minus - Consortium","isPartOf":{"@id":"https:\/\/consortium.hr\/#website"},"primaryImageOfPage":{"@id":"https:\/\/consortium.hr\/product\/ivero-granule-ph-minus\/#primaryimage"},"image":{"@id":"https:\/\/consortium.hr\/product\/ivero-granule-ph-minus\/#primaryimage"},"thumbnailUrl":"https:\/\/consortium.hr\/wp-content\/uploads\/2026\/04\/ivero-ph-minus-granule.png","datePublished":"2026-04-08T09:33:13+00:00","dateModified":"2026-04-08T09:38:15+00:00","breadcrumb":{"@id":"https:\/\/consortium.hr\/product\/ivero-granule-ph-minus\/#breadcrumb"},"inLanguage":"sl-SI","potentialAction":[{"@type":"ReadAction","target":["https:\/\/consortium.hr\/product\/ivero-granule-ph-minus\/"]}]},{"@type":"ImageObject","inLanguage":"sl-SI","@id":"https:\/\/consortium.hr\/product\/ivero-granule-ph-minus\/#primaryimage","url":"https:\/\/consortium.hr\/wp-content\/uploads\/2026\/04\/ivero-ph-minus-granule.png","contentUrl":"https:\/\/consortium.hr\/wp-content\/uploads\/2026\/04\/ivero-ph-minus-granule.png","width":800,"height":800},{"@type":"BreadcrumbList","@id":"https:\/\/consortium.hr\/product\/ivero-granule-ph-minus\/#breadcrumb","itemListElement":[{"@type":"ListItem","position":1,"name":"Po\u010detna stranica","item":"https:\/\/consortium.hr\/sl\/"},{"@type":"ListItem","position":2,"name":"Shop","item":"https:\/\/consortium.hr\/sl\/shop\/"},{"@type":"ListItem","position":3,"name":"Ivero granule pH minus"}]},{"@type":"WebSite","@id":"https:\/\/consortium.hr\/#website","url":"https:\/\/consortium.hr\/","name":"Consortium","description":"Gra\u0111evinski Materijal - Odli\u010dna Ponuda i Cijena","alternateName":"Gra\u0111evinski Materijal - Odli\u010dna Ponuda i Cijena","potentialAction":[{"@type":"SearchAction","target":{"@type":"EntryPoint","urlTemplate":"https:\/\/consortium.hr\/?s={search_term_string}"},"query-input":{"@type":"PropertyValueSpecification","valueRequired":true,"valueName":"search_term_string"}}],"inLanguage":"sl-SI"}]}},"_links":{"self":[{"href":"https:\/\/consortium.hr\/sl\/wp-json\/wp\/v2\/product\/18403","targetHints":{"allow":["GET"]}}],"collection":[{"href":"https:\/\/consortium.hr\/sl\/wp-json\/wp\/v2\/product"}],"about":[{"href":"https:\/\/consortium.hr\/sl\/wp-json\/wp\/v2\/types\/product"}],"wp:featuredmedia":[{"embeddable":true,"href":"https:\/\/consortium.hr\/sl\/wp-json\/wp\/v2\/media\/18404"}],"wp:attachment":[{"href":"https:\/\/consortium.hr\/sl\/wp-json\/wp\/v2\/media?parent=18403"}],"wp:term":[{"taxonomy":"product_brand","embeddable":true,"href":"https:\/\/consortium.hr\/sl\/wp-json\/wp\/v2\/product_brand?post=18403"},{"taxonomy":"product_cat","embeddable":true,"href":"https:\/\/consortium.hr\/sl\/wp-json\/wp\/v2\/product_cat?post=18403"},{"taxonomy":"product_tag","embeddable":true,"href":"https:\/\/consortium.hr\/sl\/wp-json\/wp\/v2\/product_tag?post=18403"}],"curies":[{"name":"wp","href":"https:\/\/api.w.org\/{rel}","templated":true}]}}