{"id":1901,"date":"2022-10-28T16:04:08","date_gmt":"2022-10-28T16:04:08","guid":{"rendered":"https:\/\/consortium.hr\/?post_type=product&#038;p=1901"},"modified":"2026-04-17T08:02:47","modified_gmt":"2026-04-17T08:02:47","slug":"san-marco-cavenier","status":"publish","type":"product","link":"https:\/\/consortium.hr\/sl\/product\/san-marco-cavenier\/","title":{"rendered":"San Marco Cavenier"},"content":{"rendered":"<p><strong>CAVENIER je inovativna zaklju\u010dna obdelava s biserno in prefinjeno teksturo, ki okra\u0161uje interierje z razli\u010dnimi estetskimi u\u010dinki. <\/strong><\/p>\n<p>Zidovom daje kristalno \u010dist, biseren videz, rahlo odsevajo\u010d, gladek in prijeten na dotik.<\/p>\n<p>CAVENIER je vsestranski in prefinjen izdelek, ki lahko prilagodi vsa okolja z elegantnim stilom, bogatimi sofisticiranimi odtenki barv in ne\u017enimi igrami svetlobe. Posebna gosta, pastozna tekstura omogo\u010da enostavno in hitro nana\u0161anje.<\/p>\n<p>En ali dva sloja, odvisno od \u017eeljenega u\u010dinka. CAVENIER se razma\u017ee in obdeluje s spatulo na razli\u010dnih vrstah povr\u0161in, novih ali \u017ee pobarvanih zidovih, ometih povr\u0161inah ter lesenih, mav\u010dnih in gipsanih podlagah.<\/p>\n<p>Visoka prekrivna mo\u010d CAVENIER-ja ga naredi primernega tudi za neravne povr\u0161ine. Odvisno od tehnike nana\u0161anja lahko CAVENIER ustvari u\u010dinek prugastega materiala ali, z uporabo dveh razli\u010dnih odtenkov, prefinjen dvobarvni vzorec.<\/p>\n<p>Posebna formulacija CAVENIER-ja, brez formaldehida in dodatnih plastifikatorjev, upo\u0161teva udobje \u017eivljenja.<\/p>\n<p>Ko je delo kon\u010dano, uporabite vodo za \u010di\u0161\u010denje orodja.<br \/>\nCAVENIER je izdelan z mislijo na ekolo\u0161ko trajnost.<\/p>\n<p>Uporabljajte v skladu z veljavnimi zdravstvenimi in varnostnimi predpisi (maska za obraz in prezra\u010devanje).<\/p>\n<p>Za odpravo zidne plesni, pred barvanjem o\u010distite povr\u0161ine s sredstvom COMBAT 222.<\/p>","protected":false},"excerpt":{"rendered":"<p>CAVENIER je inovativna zavr\u0161na obrada sa sedefastom i profinjenom teksturom koja ukra\u0161ava interijere s razli\u010ditim estetskim efektima. Zidovima daje kristalno \u010dist, biserni izgled, lagano reflektiraju\u0107i, glatki i ugodan na dodir. CAVENIER je svestran i profinjen proizvod koji mo\u017ee prilagoditi sva okru\u017eenja elegantnim stilom, bogatim sofisticiranim nijansama boja i delikatnim igrama svjetla. posebna gusta, pastozna tekstura [&hellip;]<\/p>","protected":false},"featured_media":1902,"template":"","meta":{"_acf_changed":false},"product_brand":[],"product_cat":[188,186],"product_tag":[],"class_list":{"0":"post-1901","1":"product","2":"type-product","3":"status-publish","4":"has-post-thumbnail","6":"product_cat-dekorativne-boje-za-zidove-i-dodaci","7":"product_cat-dekorativni-program","9":"first","10":"instock","11":"shipping-taxable","12":"purchasable","13":"product-type-variable","14":"wvs-archive-product-wrapper"},"acf":[],"yoast_head":"<!-- This site is optimized with the Yoast SEO plugin v26.1.1 - https:\/\/yoast.com\/wordpress\/plugins\/seo\/ -->\n<title>San Marco Cavenier - Consortium<\/title>\n<meta name=\"robots\" content=\"index, follow, max-snippet:-1, max-image-preview:large, max-video-preview:-1\" \/>\n<link rel=\"canonical\" href=\"https:\/\/consortium.hr\/sl\/product\/san-marco-cavenier\/\" \/>\n<meta property=\"og:locale\" content=\"sl_SI\" \/>\n<meta property=\"og:type\" content=\"article\" \/>\n<meta property=\"og:title\" content=\"San Marco Cavenier - Consortium\" \/>\n<meta property=\"og:description\" content=\"CAVENIER je inovativna zavr\u0161na obrada sa sedefastom i profinjenom teksturom koja ukra\u0161ava interijere s razli\u010ditim estetskim efektima. Zidovima daje kristalno \u010dist, biserni izgled, lagano reflektiraju\u0107i, glatki i ugodan na dodir. CAVENIER je svestran i profinjen proizvod koji mo\u017ee prilagoditi sva okru\u017eenja elegantnim stilom, bogatim sofisticiranim nijansama boja i delikatnim igrama svjetla. posebna gusta, pastozna tekstura [&hellip;]\" \/>\n<meta property=\"og:url\" content=\"https:\/\/consortium.hr\/sl\/product\/san-marco-cavenier\/\" \/>\n<meta property=\"og:site_name\" content=\"Consortium\" \/>\n<meta property=\"article:modified_time\" content=\"2026-04-17T08:02:47+00:00\" \/>\n<meta property=\"og:image\" content=\"https:\/\/consortium.hr\/wp-content\/uploads\/2022\/10\/Cavenier.png\" \/>\n\t<meta property=\"og:image:width\" content=\"700\" \/>\n\t<meta property=\"og:image:height\" content=\"700\" \/>\n\t<meta property=\"og:image:type\" content=\"image\/png\" \/>\n<meta name=\"twitter:card\" content=\"summary_large_image\" \/>\n<meta name=\"twitter:label1\" content=\"Est. reading time\" \/>\n\t<meta name=\"twitter:data1\" content=\"1 minuta\" \/>\n<script type=\"application\/ld+json\" class=\"yoast-schema-graph\">{\"@context\":\"https:\/\/schema.org\",\"@graph\":[{\"@type\":\"WebPage\",\"@id\":\"https:\/\/consortium.hr\/product\/san-marco-cavenier\/\",\"url\":\"https:\/\/consortium.hr\/product\/san-marco-cavenier\/\",\"name\":\"San Marco Cavenier - Consortium\",\"isPartOf\":{\"@id\":\"https:\/\/consortium.hr\/#website\"},\"primaryImageOfPage\":{\"@id\":\"https:\/\/consortium.hr\/product\/san-marco-cavenier\/#primaryimage\"},\"image\":{\"@id\":\"https:\/\/consortium.hr\/product\/san-marco-cavenier\/#primaryimage\"},\"thumbnailUrl\":\"https:\/\/consortium.hr\/wp-content\/uploads\/2022\/10\/Cavenier.png\",\"datePublished\":\"2022-10-28T16:04:08+00:00\",\"dateModified\":\"2026-04-17T08:02:47+00:00\",\"breadcrumb\":{\"@id\":\"https:\/\/consortium.hr\/product\/san-marco-cavenier\/#breadcrumb\"},\"inLanguage\":\"sl-SI\",\"potentialAction\":[{\"@type\":\"ReadAction\",\"target\":[\"https:\/\/consortium.hr\/product\/san-marco-cavenier\/\"]}]},{\"@type\":\"ImageObject\",\"inLanguage\":\"sl-SI\",\"@id\":\"https:\/\/consortium.hr\/product\/san-marco-cavenier\/#primaryimage\",\"url\":\"https:\/\/consortium.hr\/wp-content\/uploads\/2022\/10\/Cavenier.png\",\"contentUrl\":\"https:\/\/consortium.hr\/wp-content\/uploads\/2022\/10\/Cavenier.png\",\"width\":700,\"height\":700},{\"@type\":\"BreadcrumbList\",\"@id\":\"https:\/\/consortium.hr\/product\/san-marco-cavenier\/#breadcrumb\",\"itemListElement\":[{\"@type\":\"ListItem\",\"position\":1,\"name\":\"Po\u010detna stranica\",\"item\":\"https:\/\/consortium.hr\/sl\/\"},{\"@type\":\"ListItem\",\"position\":2,\"name\":\"Shop\",\"item\":\"https:\/\/consortium.hr\/sl\/shop\/\"},{\"@type\":\"ListItem\",\"position\":3,\"name\":\"San Marco Cavenier\"}]},{\"@type\":\"WebSite\",\"@id\":\"https:\/\/consortium.hr\/#website\",\"url\":\"https:\/\/consortium.hr\/\",\"name\":\"Consortium\",\"description\":\"Gra\u0111evinski Materijal - Odli\u010dna Ponuda i Cijena\",\"alternateName\":\"Gra\u0111evinski Materijal - Odli\u010dna Ponuda i Cijena\",\"potentialAction\":[{\"@type\":\"SearchAction\",\"target\":{\"@type\":\"EntryPoint\",\"urlTemplate\":\"https:\/\/consortium.hr\/?s={search_term_string}\"},\"query-input\":{\"@type\":\"PropertyValueSpecification\",\"valueRequired\":true,\"valueName\":\"search_term_string\"}}],\"inLanguage\":\"sl-SI\"}]}<\/script>\n<!-- \/ Yoast SEO plugin. -->","yoast_head_json":{"title":"San Marco Cavenier - Consortium","robots":{"index":"index","follow":"follow","max-snippet":"max-snippet:-1","max-image-preview":"max-image-preview:large","max-video-preview":"max-video-preview:-1"},"canonical":"https:\/\/consortium.hr\/sl\/product\/san-marco-cavenier\/","og_locale":"sl_SI","og_type":"article","og_title":"San Marco Cavenier - Consortium","og_description":"CAVENIER je inovativna zavr\u0161na obrada sa sedefastom i profinjenom teksturom koja ukra\u0161ava interijere s razli\u010ditim estetskim efektima. Zidovima daje kristalno \u010dist, biserni izgled, lagano reflektiraju\u0107i, glatki i ugodan na dodir. CAVENIER je svestran i profinjen proizvod koji mo\u017ee prilagoditi sva okru\u017eenja elegantnim stilom, bogatim sofisticiranim nijansama boja i delikatnim igrama svjetla. posebna gusta, pastozna tekstura [&hellip;]","og_url":"https:\/\/consortium.hr\/sl\/product\/san-marco-cavenier\/","og_site_name":"Consortium","article_modified_time":"2026-04-17T08:02:47+00:00","og_image":[{"width":700,"height":700,"url":"https:\/\/consortium.hr\/wp-content\/uploads\/2022\/10\/Cavenier.png","type":"image\/png"}],"twitter_card":"summary_large_image","twitter_misc":{"Est. reading time":"1 minuta"},"schema":{"@context":"https:\/\/schema.org","@graph":[{"@type":"WebPage","@id":"https:\/\/consortium.hr\/product\/san-marco-cavenier\/","url":"https:\/\/consortium.hr\/product\/san-marco-cavenier\/","name":"San Marco Cavenier - Consortium","isPartOf":{"@id":"https:\/\/consortium.hr\/#website"},"primaryImageOfPage":{"@id":"https:\/\/consortium.hr\/product\/san-marco-cavenier\/#primaryimage"},"image":{"@id":"https:\/\/consortium.hr\/product\/san-marco-cavenier\/#primaryimage"},"thumbnailUrl":"https:\/\/consortium.hr\/wp-content\/uploads\/2022\/10\/Cavenier.png","datePublished":"2022-10-28T16:04:08+00:00","dateModified":"2026-04-17T08:02:47+00:00","breadcrumb":{"@id":"https:\/\/consortium.hr\/product\/san-marco-cavenier\/#breadcrumb"},"inLanguage":"sl-SI","potentialAction":[{"@type":"ReadAction","target":["https:\/\/consortium.hr\/product\/san-marco-cavenier\/"]}]},{"@type":"ImageObject","inLanguage":"sl-SI","@id":"https:\/\/consortium.hr\/product\/san-marco-cavenier\/#primaryimage","url":"https:\/\/consortium.hr\/wp-content\/uploads\/2022\/10\/Cavenier.png","contentUrl":"https:\/\/consortium.hr\/wp-content\/uploads\/2022\/10\/Cavenier.png","width":700,"height":700},{"@type":"BreadcrumbList","@id":"https:\/\/consortium.hr\/product\/san-marco-cavenier\/#breadcrumb","itemListElement":[{"@type":"ListItem","position":1,"name":"Po\u010detna stranica","item":"https:\/\/consortium.hr\/sl\/"},{"@type":"ListItem","position":2,"name":"Shop","item":"https:\/\/consortium.hr\/sl\/shop\/"},{"@type":"ListItem","position":3,"name":"San Marco Cavenier"}]},{"@type":"WebSite","@id":"https:\/\/consortium.hr\/#website","url":"https:\/\/consortium.hr\/","name":"Consortium","description":"Gra\u0111evinski Materijal - Odli\u010dna Ponuda i Cijena","alternateName":"Gra\u0111evinski Materijal - Odli\u010dna Ponuda i Cijena","potentialAction":[{"@type":"SearchAction","target":{"@type":"EntryPoint","urlTemplate":"https:\/\/consortium.hr\/?s={search_term_string}"},"query-input":{"@type":"PropertyValueSpecification","valueRequired":true,"valueName":"search_term_string"}}],"inLanguage":"sl-SI"}]}},"_links":{"self":[{"href":"https:\/\/consortium.hr\/sl\/wp-json\/wp\/v2\/product\/1901","targetHints":{"allow":["GET"]}}],"collection":[{"href":"https:\/\/consortium.hr\/sl\/wp-json\/wp\/v2\/product"}],"about":[{"href":"https:\/\/consortium.hr\/sl\/wp-json\/wp\/v2\/types\/product"}],"wp:featuredmedia":[{"embeddable":true,"href":"https:\/\/consortium.hr\/sl\/wp-json\/wp\/v2\/media\/1902"}],"wp:attachment":[{"href":"https:\/\/consortium.hr\/sl\/wp-json\/wp\/v2\/media?parent=1901"}],"wp:term":[{"taxonomy":"product_brand","embeddable":true,"href":"https:\/\/consortium.hr\/sl\/wp-json\/wp\/v2\/product_brand?post=1901"},{"taxonomy":"product_cat","embeddable":true,"href":"https:\/\/consortium.hr\/sl\/wp-json\/wp\/v2\/product_cat?post=1901"},{"taxonomy":"product_tag","embeddable":true,"href":"https:\/\/consortium.hr\/sl\/wp-json\/wp\/v2\/product_tag?post=1901"}],"curies":[{"name":"wp","href":"https:\/\/api.w.org\/{rel}","templated":true}]}}