{"id":1918,"date":"2022-10-28T16:09:15","date_gmt":"2022-10-28T16:09:15","guid":{"rendered":"https:\/\/consortium.hr\/?post_type=product&#038;p=1918"},"modified":"2026-04-13T07:18:10","modified_gmt":"2026-04-13T07:18:10","slug":"san-marco-marmo-antico","status":"publish","type":"product","link":"https:\/\/consortium.hr\/sl\/product\/san-marco-marmo-antico\/","title":{"rendered":"San Marco Marmo Antico"},"content":{"rendered":"<p><strong>MARMO ANTICO je mineralni premaz na osnovi apna, ki ustvarja klasi\u010dne dekoracije na notranjih in zunanjih zidovih. <\/strong><\/p>\n<p>Nanese se tako na nove kot na stare omete ter na podlage iz betona, gipsa in mav\u010dnih plo\u0161\u010d, da se dose\u017eejo zidovi z visoko zra\u010dnostjo, s poroznim in prugastim u\u010dinkom, ki posnema prefinjen videz travertina.<\/p>\n<p>MARMO ANTICO zunanjim povr\u0161inam daje zelo elegantno monumentalnost kamnitih povr\u0161in, notranjim prostorom pa estetsko skladnost in funkcionalno trdnost.<br \/>\nMARMO ANTICO je pripravljen za uporabo in nanese se s jekleno spatulo na gladke in enakomerne povr\u0161ine.<\/p>\n<p>Popolen za tiste, ki obo\u017eujejo \u010disto\u010do marmorja, je primeren za arhitekturne zna\u010dilnosti, kot so ni\u0161e in stebri, ter povsod, kjer \u017eelite okrasiti prostor z harmoni\u010dnim in brez\u010dasnim estetskim dotikom.<\/p>\n<p>MARMO ANTICO prepre\u010duje pojav plesni in obi\u010dajnih te\u017eav, povezanih z vlago.<br \/>\nNa osnovi apna, MARMO ANTICO je izdelek, ki spo\u0161tuje zdravje, ne izpu\u0161\u010da hlapnih snovi in spodbuja udobje bivanja.<\/p>\n<p>Na voljo je v \u0161iroki in popolni paleti barv.<\/p>\n<p>Ko je delo kon\u010dano, uporabite vodo za \u010di\u0161\u010denje orodja.<br \/>\nUporabljajte v skladu z veljavnimi zdravstvenimi in varnostnimi predpisi (maska za obraz in prezra\u010devanje).<\/p>\n<p>\u010ce je podlaga nepravilna, obdelajte luknje in vdolbine s primernim sredstvom za gladjenje.<\/p>\n<p>Popravite vse vrzeli ali odpadajo\u010de stene z ATOMO-jem, nato pa nanesite zaklju\u010dni premaz.<br \/>\nZa odpravo zidne plesni, pred barvanjem o\u010distite povr\u0161ine s sredstvom COMBAT 222.<\/p>","protected":false},"excerpt":{"rendered":"<p>MARMO ANTICO je mineralni premaz na bazi vapna koji stvara klasi\u010dne dekoracije na unutarnjim i vanjskim zidovima. Nanosi se i na nove i na stare \u017ebuke i na nosa\u010de od betona, gipsa i gipsanih plo\u010da, kako bi se dobili zidovi koji imaju visoku prozra\u010dnost, s poroznim i prugastim efektom koji reproducira profinjeni izgled travertina. MARMO [&hellip;]<\/p>","protected":false},"featured_media":1919,"template":"","meta":{"_acf_changed":false},"product_brand":[],"product_cat":[188,186],"product_tag":[],"class_list":{"0":"post-1918","1":"product","2":"type-product","3":"status-publish","4":"has-post-thumbnail","6":"product_cat-dekorativne-boje-za-zidove-i-dodaci","7":"product_cat-dekorativni-program","9":"first","10":"instock","11":"shipping-taxable","12":"purchasable","13":"product-type-variable","14":"wvs-archive-product-wrapper"},"acf":[],"yoast_head":"<!-- This site is optimized with the Yoast SEO plugin v26.1.1 - https:\/\/yoast.com\/wordpress\/plugins\/seo\/ -->\n<title>San Marco Marmo Antico - Consortium<\/title>\n<meta name=\"robots\" content=\"index, follow, max-snippet:-1, max-image-preview:large, max-video-preview:-1\" \/>\n<link rel=\"canonical\" href=\"https:\/\/consortium.hr\/sl\/product\/san-marco-marmo-antico\/\" \/>\n<meta property=\"og:locale\" content=\"sl_SI\" \/>\n<meta property=\"og:type\" content=\"article\" \/>\n<meta property=\"og:title\" content=\"San Marco Marmo Antico - Consortium\" \/>\n<meta property=\"og:description\" content=\"MARMO ANTICO je mineralni premaz na bazi vapna koji stvara klasi\u010dne dekoracije na unutarnjim i vanjskim zidovima. Nanosi se i na nove i na stare \u017ebuke i na nosa\u010de od betona, gipsa i gipsanih plo\u010da, kako bi se dobili zidovi koji imaju visoku prozra\u010dnost, s poroznim i prugastim efektom koji reproducira profinjeni izgled travertina. MARMO [&hellip;]\" \/>\n<meta property=\"og:url\" content=\"https:\/\/consortium.hr\/sl\/product\/san-marco-marmo-antico\/\" \/>\n<meta property=\"og:site_name\" content=\"Consortium\" \/>\n<meta property=\"article:modified_time\" content=\"2026-04-13T07:18:10+00:00\" \/>\n<meta property=\"og:image\" content=\"https:\/\/consortium.hr\/wp-content\/uploads\/2022\/10\/Marmo-Antico.png\" \/>\n\t<meta property=\"og:image:width\" content=\"700\" \/>\n\t<meta property=\"og:image:height\" content=\"700\" \/>\n\t<meta property=\"og:image:type\" content=\"image\/png\" \/>\n<meta name=\"twitter:card\" content=\"summary_large_image\" \/>\n<meta name=\"twitter:label1\" content=\"Est. reading time\" \/>\n\t<meta name=\"twitter:data1\" content=\"1 minuta\" \/>\n<script type=\"application\/ld+json\" class=\"yoast-schema-graph\">{\"@context\":\"https:\/\/schema.org\",\"@graph\":[{\"@type\":\"WebPage\",\"@id\":\"https:\/\/consortium.hr\/product\/san-marco-marmo-antico\/\",\"url\":\"https:\/\/consortium.hr\/product\/san-marco-marmo-antico\/\",\"name\":\"San Marco Marmo Antico - Consortium\",\"isPartOf\":{\"@id\":\"https:\/\/consortium.hr\/#website\"},\"primaryImageOfPage\":{\"@id\":\"https:\/\/consortium.hr\/product\/san-marco-marmo-antico\/#primaryimage\"},\"image\":{\"@id\":\"https:\/\/consortium.hr\/product\/san-marco-marmo-antico\/#primaryimage\"},\"thumbnailUrl\":\"https:\/\/consortium.hr\/wp-content\/uploads\/2022\/10\/Marmo-Antico.png\",\"datePublished\":\"2022-10-28T16:09:15+00:00\",\"dateModified\":\"2026-04-13T07:18:10+00:00\",\"breadcrumb\":{\"@id\":\"https:\/\/consortium.hr\/product\/san-marco-marmo-antico\/#breadcrumb\"},\"inLanguage\":\"sl-SI\",\"potentialAction\":[{\"@type\":\"ReadAction\",\"target\":[\"https:\/\/consortium.hr\/product\/san-marco-marmo-antico\/\"]}]},{\"@type\":\"ImageObject\",\"inLanguage\":\"sl-SI\",\"@id\":\"https:\/\/consortium.hr\/product\/san-marco-marmo-antico\/#primaryimage\",\"url\":\"https:\/\/consortium.hr\/wp-content\/uploads\/2022\/10\/Marmo-Antico.png\",\"contentUrl\":\"https:\/\/consortium.hr\/wp-content\/uploads\/2022\/10\/Marmo-Antico.png\",\"width\":700,\"height\":700},{\"@type\":\"BreadcrumbList\",\"@id\":\"https:\/\/consortium.hr\/product\/san-marco-marmo-antico\/#breadcrumb\",\"itemListElement\":[{\"@type\":\"ListItem\",\"position\":1,\"name\":\"Po\u010detna stranica\",\"item\":\"https:\/\/consortium.hr\/sl\/\"},{\"@type\":\"ListItem\",\"position\":2,\"name\":\"Shop\",\"item\":\"https:\/\/consortium.hr\/sl\/shop\/\"},{\"@type\":\"ListItem\",\"position\":3,\"name\":\"San Marco Marmo Antico\"}]},{\"@type\":\"WebSite\",\"@id\":\"https:\/\/consortium.hr\/#website\",\"url\":\"https:\/\/consortium.hr\/\",\"name\":\"Consortium\",\"description\":\"Gra\u0111evinski Materijal - Odli\u010dna Ponuda i Cijena\",\"alternateName\":\"Gra\u0111evinski Materijal - Odli\u010dna Ponuda i Cijena\",\"potentialAction\":[{\"@type\":\"SearchAction\",\"target\":{\"@type\":\"EntryPoint\",\"urlTemplate\":\"https:\/\/consortium.hr\/?s={search_term_string}\"},\"query-input\":{\"@type\":\"PropertyValueSpecification\",\"valueRequired\":true,\"valueName\":\"search_term_string\"}}],\"inLanguage\":\"sl-SI\"}]}<\/script>\n<!-- \/ Yoast SEO plugin. -->","yoast_head_json":{"title":"San Marco Marmo Antico - Consortium","robots":{"index":"index","follow":"follow","max-snippet":"max-snippet:-1","max-image-preview":"max-image-preview:large","max-video-preview":"max-video-preview:-1"},"canonical":"https:\/\/consortium.hr\/sl\/product\/san-marco-marmo-antico\/","og_locale":"sl_SI","og_type":"article","og_title":"San Marco Marmo Antico - Consortium","og_description":"MARMO ANTICO je mineralni premaz na bazi vapna koji stvara klasi\u010dne dekoracije na unutarnjim i vanjskim zidovima. Nanosi se i na nove i na stare \u017ebuke i na nosa\u010de od betona, gipsa i gipsanih plo\u010da, kako bi se dobili zidovi koji imaju visoku prozra\u010dnost, s poroznim i prugastim efektom koji reproducira profinjeni izgled travertina. MARMO [&hellip;]","og_url":"https:\/\/consortium.hr\/sl\/product\/san-marco-marmo-antico\/","og_site_name":"Consortium","article_modified_time":"2026-04-13T07:18:10+00:00","og_image":[{"width":700,"height":700,"url":"https:\/\/consortium.hr\/wp-content\/uploads\/2022\/10\/Marmo-Antico.png","type":"image\/png"}],"twitter_card":"summary_large_image","twitter_misc":{"Est. reading time":"1 minuta"},"schema":{"@context":"https:\/\/schema.org","@graph":[{"@type":"WebPage","@id":"https:\/\/consortium.hr\/product\/san-marco-marmo-antico\/","url":"https:\/\/consortium.hr\/product\/san-marco-marmo-antico\/","name":"San Marco Marmo Antico - Consortium","isPartOf":{"@id":"https:\/\/consortium.hr\/#website"},"primaryImageOfPage":{"@id":"https:\/\/consortium.hr\/product\/san-marco-marmo-antico\/#primaryimage"},"image":{"@id":"https:\/\/consortium.hr\/product\/san-marco-marmo-antico\/#primaryimage"},"thumbnailUrl":"https:\/\/consortium.hr\/wp-content\/uploads\/2022\/10\/Marmo-Antico.png","datePublished":"2022-10-28T16:09:15+00:00","dateModified":"2026-04-13T07:18:10+00:00","breadcrumb":{"@id":"https:\/\/consortium.hr\/product\/san-marco-marmo-antico\/#breadcrumb"},"inLanguage":"sl-SI","potentialAction":[{"@type":"ReadAction","target":["https:\/\/consortium.hr\/product\/san-marco-marmo-antico\/"]}]},{"@type":"ImageObject","inLanguage":"sl-SI","@id":"https:\/\/consortium.hr\/product\/san-marco-marmo-antico\/#primaryimage","url":"https:\/\/consortium.hr\/wp-content\/uploads\/2022\/10\/Marmo-Antico.png","contentUrl":"https:\/\/consortium.hr\/wp-content\/uploads\/2022\/10\/Marmo-Antico.png","width":700,"height":700},{"@type":"BreadcrumbList","@id":"https:\/\/consortium.hr\/product\/san-marco-marmo-antico\/#breadcrumb","itemListElement":[{"@type":"ListItem","position":1,"name":"Po\u010detna stranica","item":"https:\/\/consortium.hr\/sl\/"},{"@type":"ListItem","position":2,"name":"Shop","item":"https:\/\/consortium.hr\/sl\/shop\/"},{"@type":"ListItem","position":3,"name":"San Marco Marmo Antico"}]},{"@type":"WebSite","@id":"https:\/\/consortium.hr\/#website","url":"https:\/\/consortium.hr\/","name":"Consortium","description":"Gra\u0111evinski Materijal - Odli\u010dna Ponuda i Cijena","alternateName":"Gra\u0111evinski Materijal - Odli\u010dna Ponuda i Cijena","potentialAction":[{"@type":"SearchAction","target":{"@type":"EntryPoint","urlTemplate":"https:\/\/consortium.hr\/?s={search_term_string}"},"query-input":{"@type":"PropertyValueSpecification","valueRequired":true,"valueName":"search_term_string"}}],"inLanguage":"sl-SI"}]}},"_links":{"self":[{"href":"https:\/\/consortium.hr\/sl\/wp-json\/wp\/v2\/product\/1918","targetHints":{"allow":["GET"]}}],"collection":[{"href":"https:\/\/consortium.hr\/sl\/wp-json\/wp\/v2\/product"}],"about":[{"href":"https:\/\/consortium.hr\/sl\/wp-json\/wp\/v2\/types\/product"}],"wp:featuredmedia":[{"embeddable":true,"href":"https:\/\/consortium.hr\/sl\/wp-json\/wp\/v2\/media\/1919"}],"wp:attachment":[{"href":"https:\/\/consortium.hr\/sl\/wp-json\/wp\/v2\/media?parent=1918"}],"wp:term":[{"taxonomy":"product_brand","embeddable":true,"href":"https:\/\/consortium.hr\/sl\/wp-json\/wp\/v2\/product_brand?post=1918"},{"taxonomy":"product_cat","embeddable":true,"href":"https:\/\/consortium.hr\/sl\/wp-json\/wp\/v2\/product_cat?post=1918"},{"taxonomy":"product_tag","embeddable":true,"href":"https:\/\/consortium.hr\/sl\/wp-json\/wp\/v2\/product_tag?post=1918"}],"curies":[{"name":"wp","href":"https:\/\/api.w.org\/{rel}","templated":true}]}}