{"id":2524,"date":"2022-11-12T16:44:45","date_gmt":"2022-11-12T16:44:45","guid":{"rendered":"https:\/\/consortium.hr\/?post_type=product&#038;p=2524"},"modified":"2025-11-14T09:26:11","modified_gmt":"2025-11-14T09:26:11","slug":"boldrini-dekor-komplet-delta-20-cm","status":"publish","type":"product","link":"https:\/\/consortium.hr\/sl\/product\/boldrini-dekor-komplet-delta-20-cm\/","title":{"rendered":"Boldrini Dekor Komplet Delta 20 cm"},"content":{"rendered":"<p>Valj\u010dek za DELTA efekt.<\/p>\n<p>V kompletu z ro\u010dajem.<\/p>","protected":false},"excerpt":{"rendered":"<p>Valjak za DELTA efekt. U kompletu s ru\u010dkom.<\/p>","protected":false},"featured_media":2525,"template":"","meta":{"_acf_changed":false},"product_brand":[],"product_cat":[222,293],"product_tag":[],"class_list":{"0":"post-2524","1":"product","2":"type-product","3":"status-publish","4":"has-post-thumbnail","6":"product_cat-alati","7":"product_cat-alati-za-dekorativne-tehnike","9":"first","10":"instock","11":"shipping-taxable","12":"purchasable","13":"product-type-simple"},"acf":[],"yoast_head":"<!-- This site is optimized with the Yoast SEO plugin v26.1.1 - https:\/\/yoast.com\/wordpress\/plugins\/seo\/ -->\n<title>Boldrini Dekor Komplet Delta 20 cm - Consortium<\/title>\n<meta name=\"robots\" content=\"index, follow, max-snippet:-1, max-image-preview:large, max-video-preview:-1\" \/>\n<link rel=\"canonical\" href=\"https:\/\/consortium.hr\/sl\/product\/boldrini-dekor-komplet-delta-20-cm\/\" \/>\n<meta property=\"og:locale\" content=\"sl_SI\" \/>\n<meta property=\"og:type\" content=\"article\" \/>\n<meta property=\"og:title\" content=\"Boldrini Dekor Komplet Delta 20 cm - Consortium\" \/>\n<meta property=\"og:description\" content=\"Valjak za DELTA efekt. U kompletu s ru\u010dkom.\" \/>\n<meta property=\"og:url\" content=\"https:\/\/consortium.hr\/sl\/product\/boldrini-dekor-komplet-delta-20-cm\/\" \/>\n<meta property=\"og:site_name\" content=\"Consortium\" \/>\n<meta property=\"article:modified_time\" content=\"2025-11-14T09:26:11+00:00\" \/>\n<meta property=\"og:image\" content=\"https:\/\/consortium.hr\/wp-content\/uploads\/2022\/11\/Boldrini-Delta-20cm.png\" \/>\n\t<meta property=\"og:image:width\" content=\"700\" \/>\n\t<meta property=\"og:image:height\" content=\"700\" \/>\n\t<meta property=\"og:image:type\" content=\"image\/png\" \/>\n<meta name=\"twitter:card\" content=\"summary_large_image\" \/>\n<script type=\"application\/ld+json\" class=\"yoast-schema-graph\">{\"@context\":\"https:\/\/schema.org\",\"@graph\":[{\"@type\":\"WebPage\",\"@id\":\"https:\/\/consortium.hr\/product\/boldrini-dekor-komplet-delta-20-cm\/\",\"url\":\"https:\/\/consortium.hr\/product\/boldrini-dekor-komplet-delta-20-cm\/\",\"name\":\"Boldrini Dekor Komplet Delta 20 cm - Consortium\",\"isPartOf\":{\"@id\":\"https:\/\/consortium.hr\/#website\"},\"primaryImageOfPage\":{\"@id\":\"https:\/\/consortium.hr\/product\/boldrini-dekor-komplet-delta-20-cm\/#primaryimage\"},\"image\":{\"@id\":\"https:\/\/consortium.hr\/product\/boldrini-dekor-komplet-delta-20-cm\/#primaryimage\"},\"thumbnailUrl\":\"https:\/\/consortium.hr\/wp-content\/uploads\/2022\/11\/Boldrini-Delta-20cm.png\",\"datePublished\":\"2022-11-12T16:44:45+00:00\",\"dateModified\":\"2025-11-14T09:26:11+00:00\",\"breadcrumb\":{\"@id\":\"https:\/\/consortium.hr\/product\/boldrini-dekor-komplet-delta-20-cm\/#breadcrumb\"},\"inLanguage\":\"sl-SI\",\"potentialAction\":[{\"@type\":\"ReadAction\",\"target\":[\"https:\/\/consortium.hr\/product\/boldrini-dekor-komplet-delta-20-cm\/\"]}]},{\"@type\":\"ImageObject\",\"inLanguage\":\"sl-SI\",\"@id\":\"https:\/\/consortium.hr\/product\/boldrini-dekor-komplet-delta-20-cm\/#primaryimage\",\"url\":\"https:\/\/consortium.hr\/wp-content\/uploads\/2022\/11\/Boldrini-Delta-20cm.png\",\"contentUrl\":\"https:\/\/consortium.hr\/wp-content\/uploads\/2022\/11\/Boldrini-Delta-20cm.png\",\"width\":700,\"height\":700},{\"@type\":\"BreadcrumbList\",\"@id\":\"https:\/\/consortium.hr\/product\/boldrini-dekor-komplet-delta-20-cm\/#breadcrumb\",\"itemListElement\":[{\"@type\":\"ListItem\",\"position\":1,\"name\":\"Po\u010detna stranica\",\"item\":\"https:\/\/consortium.hr\/sl\/\"},{\"@type\":\"ListItem\",\"position\":2,\"name\":\"Shop\",\"item\":\"https:\/\/consortium.hr\/sl\/shop\/\"},{\"@type\":\"ListItem\",\"position\":3,\"name\":\"Boldrini Dekor Komplet Delta 20 cm\"}]},{\"@type\":\"WebSite\",\"@id\":\"https:\/\/consortium.hr\/#website\",\"url\":\"https:\/\/consortium.hr\/\",\"name\":\"Consortium\",\"description\":\"Gra\u0111evinski Materijal - Odli\u010dna Ponuda i Cijena\",\"alternateName\":\"Gra\u0111evinski Materijal - Odli\u010dna Ponuda i Cijena\",\"potentialAction\":[{\"@type\":\"SearchAction\",\"target\":{\"@type\":\"EntryPoint\",\"urlTemplate\":\"https:\/\/consortium.hr\/?s={search_term_string}\"},\"query-input\":{\"@type\":\"PropertyValueSpecification\",\"valueRequired\":true,\"valueName\":\"search_term_string\"}}],\"inLanguage\":\"sl-SI\"}]}<\/script>\n<!-- \/ Yoast SEO plugin. -->","yoast_head_json":{"title":"Boldrini Dekor Komplet Delta 20 cm - Consortium","robots":{"index":"index","follow":"follow","max-snippet":"max-snippet:-1","max-image-preview":"max-image-preview:large","max-video-preview":"max-video-preview:-1"},"canonical":"https:\/\/consortium.hr\/sl\/product\/boldrini-dekor-komplet-delta-20-cm\/","og_locale":"sl_SI","og_type":"article","og_title":"Boldrini Dekor Komplet Delta 20 cm - Consortium","og_description":"Valjak za DELTA efekt. U kompletu s ru\u010dkom.","og_url":"https:\/\/consortium.hr\/sl\/product\/boldrini-dekor-komplet-delta-20-cm\/","og_site_name":"Consortium","article_modified_time":"2025-11-14T09:26:11+00:00","og_image":[{"width":700,"height":700,"url":"https:\/\/consortium.hr\/wp-content\/uploads\/2022\/11\/Boldrini-Delta-20cm.png","type":"image\/png"}],"twitter_card":"summary_large_image","schema":{"@context":"https:\/\/schema.org","@graph":[{"@type":"WebPage","@id":"https:\/\/consortium.hr\/product\/boldrini-dekor-komplet-delta-20-cm\/","url":"https:\/\/consortium.hr\/product\/boldrini-dekor-komplet-delta-20-cm\/","name":"Boldrini Dekor Komplet Delta 20 cm - Consortium","isPartOf":{"@id":"https:\/\/consortium.hr\/#website"},"primaryImageOfPage":{"@id":"https:\/\/consortium.hr\/product\/boldrini-dekor-komplet-delta-20-cm\/#primaryimage"},"image":{"@id":"https:\/\/consortium.hr\/product\/boldrini-dekor-komplet-delta-20-cm\/#primaryimage"},"thumbnailUrl":"https:\/\/consortium.hr\/wp-content\/uploads\/2022\/11\/Boldrini-Delta-20cm.png","datePublished":"2022-11-12T16:44:45+00:00","dateModified":"2025-11-14T09:26:11+00:00","breadcrumb":{"@id":"https:\/\/consortium.hr\/product\/boldrini-dekor-komplet-delta-20-cm\/#breadcrumb"},"inLanguage":"sl-SI","potentialAction":[{"@type":"ReadAction","target":["https:\/\/consortium.hr\/product\/boldrini-dekor-komplet-delta-20-cm\/"]}]},{"@type":"ImageObject","inLanguage":"sl-SI","@id":"https:\/\/consortium.hr\/product\/boldrini-dekor-komplet-delta-20-cm\/#primaryimage","url":"https:\/\/consortium.hr\/wp-content\/uploads\/2022\/11\/Boldrini-Delta-20cm.png","contentUrl":"https:\/\/consortium.hr\/wp-content\/uploads\/2022\/11\/Boldrini-Delta-20cm.png","width":700,"height":700},{"@type":"BreadcrumbList","@id":"https:\/\/consortium.hr\/product\/boldrini-dekor-komplet-delta-20-cm\/#breadcrumb","itemListElement":[{"@type":"ListItem","position":1,"name":"Po\u010detna stranica","item":"https:\/\/consortium.hr\/sl\/"},{"@type":"ListItem","position":2,"name":"Shop","item":"https:\/\/consortium.hr\/sl\/shop\/"},{"@type":"ListItem","position":3,"name":"Boldrini Dekor Komplet Delta 20 cm"}]},{"@type":"WebSite","@id":"https:\/\/consortium.hr\/#website","url":"https:\/\/consortium.hr\/","name":"Consortium","description":"Gra\u0111evinski Materijal - Odli\u010dna Ponuda i Cijena","alternateName":"Gra\u0111evinski Materijal - Odli\u010dna Ponuda i Cijena","potentialAction":[{"@type":"SearchAction","target":{"@type":"EntryPoint","urlTemplate":"https:\/\/consortium.hr\/?s={search_term_string}"},"query-input":{"@type":"PropertyValueSpecification","valueRequired":true,"valueName":"search_term_string"}}],"inLanguage":"sl-SI"}]}},"_links":{"self":[{"href":"https:\/\/consortium.hr\/sl\/wp-json\/wp\/v2\/product\/2524","targetHints":{"allow":["GET"]}}],"collection":[{"href":"https:\/\/consortium.hr\/sl\/wp-json\/wp\/v2\/product"}],"about":[{"href":"https:\/\/consortium.hr\/sl\/wp-json\/wp\/v2\/types\/product"}],"wp:featuredmedia":[{"embeddable":true,"href":"https:\/\/consortium.hr\/sl\/wp-json\/wp\/v2\/media\/2525"}],"wp:attachment":[{"href":"https:\/\/consortium.hr\/sl\/wp-json\/wp\/v2\/media?parent=2524"}],"wp:term":[{"taxonomy":"product_brand","embeddable":true,"href":"https:\/\/consortium.hr\/sl\/wp-json\/wp\/v2\/product_brand?post=2524"},{"taxonomy":"product_cat","embeddable":true,"href":"https:\/\/consortium.hr\/sl\/wp-json\/wp\/v2\/product_cat?post=2524"},{"taxonomy":"product_tag","embeddable":true,"href":"https:\/\/consortium.hr\/sl\/wp-json\/wp\/v2\/product_tag?post=2524"}],"curies":[{"name":"wp","href":"https:\/\/api.w.org\/{rel}","templated":true}]}}