{"id":2569,"date":"2022-11-12T16:55:32","date_gmt":"2022-11-12T16:55:32","guid":{"rendered":"https:\/\/consortium.hr\/?post_type=product&#038;p=2569"},"modified":"2026-03-31T10:33:28","modified_gmt":"2026-03-31T10:33:28","slug":"boldrini-mijesac-plasticni-28-cm","status":"publish","type":"product","link":"https:\/\/consortium.hr\/sl\/product\/boldrini-mijesac-plasticni-28-cm\/","title":{"rendered":"Boldrini Plasti\u010dni Me\u0161alec 28 cm"},"content":{"rendered":"<p>Materijal: plastika<\/p>\n<p>Veli\u010dina: 28 cm<\/p>","protected":false},"excerpt":{"rendered":"<p>Materijal: plastika Veli\u010dina: 28 cm<\/p>","protected":false},"featured_media":2570,"template":"","meta":{"_acf_changed":false},"product_brand":[],"product_cat":[222,293],"product_tag":[],"class_list":{"0":"post-2569","1":"product","2":"type-product","3":"status-publish","4":"has-post-thumbnail","6":"product_cat-alati","7":"product_cat-alati-za-dekorativne-tehnike","9":"first","10":"instock","11":"shipping-taxable","12":"purchasable","13":"product-type-simple"},"acf":[],"yoast_head":"<!-- This site is optimized with the Yoast SEO plugin v26.1.1 - https:\/\/yoast.com\/wordpress\/plugins\/seo\/ -->\n<title>Boldrini Mije\u0161a\u010d Plasti\u010dni 28 cm - Consortium<\/title>\n<meta name=\"robots\" content=\"index, follow, max-snippet:-1, max-image-preview:large, max-video-preview:-1\" \/>\n<link rel=\"canonical\" href=\"https:\/\/consortium.hr\/sl\/product\/boldrini-mijesac-plasticni-28-cm\/\" \/>\n<meta property=\"og:locale\" content=\"sl_SI\" \/>\n<meta property=\"og:type\" content=\"article\" \/>\n<meta property=\"og:title\" content=\"Boldrini Mije\u0161a\u010d Plasti\u010dni 28 cm - Consortium\" \/>\n<meta property=\"og:description\" content=\"Materijal: plastika Veli\u010dina: 28 cm\" \/>\n<meta property=\"og:url\" content=\"https:\/\/consortium.hr\/sl\/product\/boldrini-mijesac-plasticni-28-cm\/\" \/>\n<meta property=\"og:site_name\" content=\"Consortium\" \/>\n<meta property=\"article:modified_time\" content=\"2026-03-31T10:33:28+00:00\" \/>\n<meta property=\"og:image\" content=\"https:\/\/consortium.hr\/wp-content\/uploads\/2022\/11\/Plastic-drilled-mixer.png\" \/>\n\t<meta property=\"og:image:width\" content=\"700\" \/>\n\t<meta property=\"og:image:height\" content=\"700\" \/>\n\t<meta property=\"og:image:type\" content=\"image\/png\" \/>\n<meta name=\"twitter:card\" content=\"summary_large_image\" \/>\n<script type=\"application\/ld+json\" class=\"yoast-schema-graph\">{\"@context\":\"https:\/\/schema.org\",\"@graph\":[{\"@type\":\"WebPage\",\"@id\":\"https:\/\/consortium.hr\/product\/boldrini-mijesac-plasticni-28-cm\/\",\"url\":\"https:\/\/consortium.hr\/product\/boldrini-mijesac-plasticni-28-cm\/\",\"name\":\"Boldrini Mije\u0161a\u010d Plasti\u010dni 28 cm - Consortium\",\"isPartOf\":{\"@id\":\"https:\/\/consortium.hr\/#website\"},\"primaryImageOfPage\":{\"@id\":\"https:\/\/consortium.hr\/product\/boldrini-mijesac-plasticni-28-cm\/#primaryimage\"},\"image\":{\"@id\":\"https:\/\/consortium.hr\/product\/boldrini-mijesac-plasticni-28-cm\/#primaryimage\"},\"thumbnailUrl\":\"https:\/\/consortium.hr\/wp-content\/uploads\/2022\/11\/Plastic-drilled-mixer.png\",\"datePublished\":\"2022-11-12T16:55:32+00:00\",\"dateModified\":\"2026-03-31T10:33:28+00:00\",\"breadcrumb\":{\"@id\":\"https:\/\/consortium.hr\/product\/boldrini-mijesac-plasticni-28-cm\/#breadcrumb\"},\"inLanguage\":\"sl-SI\",\"potentialAction\":[{\"@type\":\"ReadAction\",\"target\":[\"https:\/\/consortium.hr\/product\/boldrini-mijesac-plasticni-28-cm\/\"]}]},{\"@type\":\"ImageObject\",\"inLanguage\":\"sl-SI\",\"@id\":\"https:\/\/consortium.hr\/product\/boldrini-mijesac-plasticni-28-cm\/#primaryimage\",\"url\":\"https:\/\/consortium.hr\/wp-content\/uploads\/2022\/11\/Plastic-drilled-mixer.png\",\"contentUrl\":\"https:\/\/consortium.hr\/wp-content\/uploads\/2022\/11\/Plastic-drilled-mixer.png\",\"width\":700,\"height\":700},{\"@type\":\"BreadcrumbList\",\"@id\":\"https:\/\/consortium.hr\/product\/boldrini-mijesac-plasticni-28-cm\/#breadcrumb\",\"itemListElement\":[{\"@type\":\"ListItem\",\"position\":1,\"name\":\"Po\u010detna stranica\",\"item\":\"https:\/\/consortium.hr\/sl\/\"},{\"@type\":\"ListItem\",\"position\":2,\"name\":\"Shop\",\"item\":\"https:\/\/consortium.hr\/sl\/shop\/\"},{\"@type\":\"ListItem\",\"position\":3,\"name\":\"Boldrini Mije\u0161a\u010d Plasti\u010dni 28 cm\"}]},{\"@type\":\"WebSite\",\"@id\":\"https:\/\/consortium.hr\/#website\",\"url\":\"https:\/\/consortium.hr\/\",\"name\":\"Consortium\",\"description\":\"Gra\u0111evinski Materijal - Odli\u010dna Ponuda i Cijena\",\"alternateName\":\"Gra\u0111evinski Materijal - Odli\u010dna Ponuda i Cijena\",\"potentialAction\":[{\"@type\":\"SearchAction\",\"target\":{\"@type\":\"EntryPoint\",\"urlTemplate\":\"https:\/\/consortium.hr\/?s={search_term_string}\"},\"query-input\":{\"@type\":\"PropertyValueSpecification\",\"valueRequired\":true,\"valueName\":\"search_term_string\"}}],\"inLanguage\":\"sl-SI\"}]}<\/script>\n<!-- \/ Yoast SEO plugin. -->","yoast_head_json":{"title":"Boldrini Mije\u0161a\u010d Plasti\u010dni 28 cm - Consortium","robots":{"index":"index","follow":"follow","max-snippet":"max-snippet:-1","max-image-preview":"max-image-preview:large","max-video-preview":"max-video-preview:-1"},"canonical":"https:\/\/consortium.hr\/sl\/product\/boldrini-mijesac-plasticni-28-cm\/","og_locale":"sl_SI","og_type":"article","og_title":"Boldrini Mije\u0161a\u010d Plasti\u010dni 28 cm - Consortium","og_description":"Materijal: plastika Veli\u010dina: 28 cm","og_url":"https:\/\/consortium.hr\/sl\/product\/boldrini-mijesac-plasticni-28-cm\/","og_site_name":"Consortium","article_modified_time":"2026-03-31T10:33:28+00:00","og_image":[{"width":700,"height":700,"url":"https:\/\/consortium.hr\/wp-content\/uploads\/2022\/11\/Plastic-drilled-mixer.png","type":"image\/png"}],"twitter_card":"summary_large_image","schema":{"@context":"https:\/\/schema.org","@graph":[{"@type":"WebPage","@id":"https:\/\/consortium.hr\/product\/boldrini-mijesac-plasticni-28-cm\/","url":"https:\/\/consortium.hr\/product\/boldrini-mijesac-plasticni-28-cm\/","name":"Boldrini Mije\u0161a\u010d Plasti\u010dni 28 cm - Consortium","isPartOf":{"@id":"https:\/\/consortium.hr\/#website"},"primaryImageOfPage":{"@id":"https:\/\/consortium.hr\/product\/boldrini-mijesac-plasticni-28-cm\/#primaryimage"},"image":{"@id":"https:\/\/consortium.hr\/product\/boldrini-mijesac-plasticni-28-cm\/#primaryimage"},"thumbnailUrl":"https:\/\/consortium.hr\/wp-content\/uploads\/2022\/11\/Plastic-drilled-mixer.png","datePublished":"2022-11-12T16:55:32+00:00","dateModified":"2026-03-31T10:33:28+00:00","breadcrumb":{"@id":"https:\/\/consortium.hr\/product\/boldrini-mijesac-plasticni-28-cm\/#breadcrumb"},"inLanguage":"sl-SI","potentialAction":[{"@type":"ReadAction","target":["https:\/\/consortium.hr\/product\/boldrini-mijesac-plasticni-28-cm\/"]}]},{"@type":"ImageObject","inLanguage":"sl-SI","@id":"https:\/\/consortium.hr\/product\/boldrini-mijesac-plasticni-28-cm\/#primaryimage","url":"https:\/\/consortium.hr\/wp-content\/uploads\/2022\/11\/Plastic-drilled-mixer.png","contentUrl":"https:\/\/consortium.hr\/wp-content\/uploads\/2022\/11\/Plastic-drilled-mixer.png","width":700,"height":700},{"@type":"BreadcrumbList","@id":"https:\/\/consortium.hr\/product\/boldrini-mijesac-plasticni-28-cm\/#breadcrumb","itemListElement":[{"@type":"ListItem","position":1,"name":"Po\u010detna stranica","item":"https:\/\/consortium.hr\/sl\/"},{"@type":"ListItem","position":2,"name":"Shop","item":"https:\/\/consortium.hr\/sl\/shop\/"},{"@type":"ListItem","position":3,"name":"Boldrini Mije\u0161a\u010d Plasti\u010dni 28 cm"}]},{"@type":"WebSite","@id":"https:\/\/consortium.hr\/#website","url":"https:\/\/consortium.hr\/","name":"Consortium","description":"Gra\u0111evinski Materijal - Odli\u010dna Ponuda i Cijena","alternateName":"Gra\u0111evinski Materijal - Odli\u010dna Ponuda i Cijena","potentialAction":[{"@type":"SearchAction","target":{"@type":"EntryPoint","urlTemplate":"https:\/\/consortium.hr\/?s={search_term_string}"},"query-input":{"@type":"PropertyValueSpecification","valueRequired":true,"valueName":"search_term_string"}}],"inLanguage":"sl-SI"}]}},"_links":{"self":[{"href":"https:\/\/consortium.hr\/sl\/wp-json\/wp\/v2\/product\/2569","targetHints":{"allow":["GET"]}}],"collection":[{"href":"https:\/\/consortium.hr\/sl\/wp-json\/wp\/v2\/product"}],"about":[{"href":"https:\/\/consortium.hr\/sl\/wp-json\/wp\/v2\/types\/product"}],"wp:featuredmedia":[{"embeddable":true,"href":"https:\/\/consortium.hr\/sl\/wp-json\/wp\/v2\/media\/2570"}],"wp:attachment":[{"href":"https:\/\/consortium.hr\/sl\/wp-json\/wp\/v2\/media?parent=2569"}],"wp:term":[{"taxonomy":"product_brand","embeddable":true,"href":"https:\/\/consortium.hr\/sl\/wp-json\/wp\/v2\/product_brand?post=2569"},{"taxonomy":"product_cat","embeddable":true,"href":"https:\/\/consortium.hr\/sl\/wp-json\/wp\/v2\/product_cat?post=2569"},{"taxonomy":"product_tag","embeddable":true,"href":"https:\/\/consortium.hr\/sl\/wp-json\/wp\/v2\/product_tag?post=2569"}],"curies":[{"name":"wp","href":"https:\/\/api.w.org\/{rel}","templated":true}]}}