{"id":2586,"date":"2022-11-12T17:00:27","date_gmt":"2022-11-12T17:00:27","guid":{"rendered":"https:\/\/consortium.hr\/?post_type=product&#038;p=2586"},"modified":"2026-04-13T05:08:14","modified_gmt":"2026-04-13T05:08:14","slug":"boldrini-valjak-velour-25-cm-5-mm","status":"publish","type":"product","link":"https:\/\/consortium.hr\/sl\/product\/boldrini-valjak-velour-25-cm-5-mm\/","title":{"rendered":"Boldrini valj\u010dek Velour 25 cm 5 mm"},"content":{"rendered":"<div class=\"docos-collapsible-replyview\">\n<div class=\"docos-replyview-static\">\n<div class=\"docos-replyview-body docos-anchoredreplyview-body docos-replyview-body-emoji-reactable\" dir=\"ltr\">Valj\u010dek za nanos emajlov in barv na osnovi topil. Za brezhiben zaklju\u010dek in enakomerno spro\u0161\u010danje emajlov ter barv.<\/div>\n<\/div>\n<\/div>","protected":false},"excerpt":{"rendered":"<p>Valj\u010dek za nanos emajlov in barv na osnovi topil. Za brezhiben zaklju\u010dek in enakomerno spro\u0161\u010danje emajlov ter barv.<\/p>","protected":false},"featured_media":2587,"template":"","meta":{"_acf_changed":false},"product_brand":[],"product_cat":[203,204],"product_tag":[],"class_list":{"0":"post-2586","1":"product","2":"type-product","3":"status-publish","4":"has-post-thumbnail","6":"product_cat-licilacki-pribor","7":"product_cat-valjci-za-bojanje","9":"first","10":"instock","11":"shipping-taxable","12":"purchasable","13":"product-type-simple"},"acf":[],"yoast_head":"<!-- This site is optimized with the Yoast SEO plugin v26.1.1 - https:\/\/yoast.com\/wordpress\/plugins\/seo\/ -->\n<title>Boldrini Valjak Velour 25 cm 5 mm - Consortium<\/title>\n<meta name=\"robots\" content=\"index, follow, max-snippet:-1, max-image-preview:large, max-video-preview:-1\" \/>\n<link rel=\"canonical\" href=\"https:\/\/consortium.hr\/sl\/product\/boldrini-valjak-velour-25-cm-5-mm\/\" \/>\n<meta property=\"og:locale\" content=\"sl_SI\" \/>\n<meta property=\"og:type\" content=\"article\" \/>\n<meta property=\"og:title\" content=\"Boldrini Valjak Velour 25 cm 5 mm - Consortium\" \/>\n<meta property=\"og:description\" content=\"Valjak za nano\u0161enje emajla i boja na bazi otapala. Za fini\u0161 bez gre\u0161aka i ravnomjerno otpu\u0161tanje emajla i boja.\" \/>\n<meta property=\"og:url\" content=\"https:\/\/consortium.hr\/sl\/product\/boldrini-valjak-velour-25-cm-5-mm\/\" \/>\n<meta property=\"og:site_name\" content=\"Consortium\" \/>\n<meta property=\"article:modified_time\" content=\"2026-04-13T05:08:14+00:00\" \/>\n<meta property=\"og:image\" content=\"https:\/\/consortium.hr\/wp-content\/uploads\/2022\/11\/Rullo-professionale-VELOUR-5-mm.png\" \/>\n\t<meta property=\"og:image:width\" content=\"700\" \/>\n\t<meta property=\"og:image:height\" content=\"700\" \/>\n\t<meta property=\"og:image:type\" content=\"image\/png\" \/>\n<meta name=\"twitter:card\" content=\"summary_large_image\" \/>\n<script type=\"application\/ld+json\" class=\"yoast-schema-graph\">{\"@context\":\"https:\/\/schema.org\",\"@graph\":[{\"@type\":\"WebPage\",\"@id\":\"https:\/\/consortium.hr\/product\/boldrini-valjak-velour-25-cm-5-mm\/\",\"url\":\"https:\/\/consortium.hr\/product\/boldrini-valjak-velour-25-cm-5-mm\/\",\"name\":\"Boldrini Valjak Velour 25 cm 5 mm - Consortium\",\"isPartOf\":{\"@id\":\"https:\/\/consortium.hr\/#website\"},\"primaryImageOfPage\":{\"@id\":\"https:\/\/consortium.hr\/product\/boldrini-valjak-velour-25-cm-5-mm\/#primaryimage\"},\"image\":{\"@id\":\"https:\/\/consortium.hr\/product\/boldrini-valjak-velour-25-cm-5-mm\/#primaryimage\"},\"thumbnailUrl\":\"https:\/\/consortium.hr\/wp-content\/uploads\/2022\/11\/Rullo-professionale-VELOUR-5-mm.png\",\"datePublished\":\"2022-11-12T17:00:27+00:00\",\"dateModified\":\"2026-04-13T05:08:14+00:00\",\"breadcrumb\":{\"@id\":\"https:\/\/consortium.hr\/product\/boldrini-valjak-velour-25-cm-5-mm\/#breadcrumb\"},\"inLanguage\":\"sl-SI\",\"potentialAction\":[{\"@type\":\"ReadAction\",\"target\":[\"https:\/\/consortium.hr\/product\/boldrini-valjak-velour-25-cm-5-mm\/\"]}]},{\"@type\":\"ImageObject\",\"inLanguage\":\"sl-SI\",\"@id\":\"https:\/\/consortium.hr\/product\/boldrini-valjak-velour-25-cm-5-mm\/#primaryimage\",\"url\":\"https:\/\/consortium.hr\/wp-content\/uploads\/2022\/11\/Rullo-professionale-VELOUR-5-mm.png\",\"contentUrl\":\"https:\/\/consortium.hr\/wp-content\/uploads\/2022\/11\/Rullo-professionale-VELOUR-5-mm.png\",\"width\":700,\"height\":700},{\"@type\":\"BreadcrumbList\",\"@id\":\"https:\/\/consortium.hr\/product\/boldrini-valjak-velour-25-cm-5-mm\/#breadcrumb\",\"itemListElement\":[{\"@type\":\"ListItem\",\"position\":1,\"name\":\"Po\u010detna stranica\",\"item\":\"https:\/\/consortium.hr\/sl\/\"},{\"@type\":\"ListItem\",\"position\":2,\"name\":\"Shop\",\"item\":\"https:\/\/consortium.hr\/sl\/shop\/\"},{\"@type\":\"ListItem\",\"position\":3,\"name\":\"Boldrini Valjak Velour 25 cm 5 mm\"}]},{\"@type\":\"WebSite\",\"@id\":\"https:\/\/consortium.hr\/#website\",\"url\":\"https:\/\/consortium.hr\/\",\"name\":\"Consortium\",\"description\":\"Gra\u0111evinski Materijal - Odli\u010dna Ponuda i Cijena\",\"alternateName\":\"Gra\u0111evinski Materijal - Odli\u010dna Ponuda i Cijena\",\"potentialAction\":[{\"@type\":\"SearchAction\",\"target\":{\"@type\":\"EntryPoint\",\"urlTemplate\":\"https:\/\/consortium.hr\/?s={search_term_string}\"},\"query-input\":{\"@type\":\"PropertyValueSpecification\",\"valueRequired\":true,\"valueName\":\"search_term_string\"}}],\"inLanguage\":\"sl-SI\"}]}<\/script>\n<!-- \/ Yoast SEO plugin. -->","yoast_head_json":{"title":"Boldrini Valjak Velour 25 cm 5 mm - Consortium","robots":{"index":"index","follow":"follow","max-snippet":"max-snippet:-1","max-image-preview":"max-image-preview:large","max-video-preview":"max-video-preview:-1"},"canonical":"https:\/\/consortium.hr\/sl\/product\/boldrini-valjak-velour-25-cm-5-mm\/","og_locale":"sl_SI","og_type":"article","og_title":"Boldrini Valjak Velour 25 cm 5 mm - Consortium","og_description":"Valjak za nano\u0161enje emajla i boja na bazi otapala. Za fini\u0161 bez gre\u0161aka i ravnomjerno otpu\u0161tanje emajla i boja.","og_url":"https:\/\/consortium.hr\/sl\/product\/boldrini-valjak-velour-25-cm-5-mm\/","og_site_name":"Consortium","article_modified_time":"2026-04-13T05:08:14+00:00","og_image":[{"width":700,"height":700,"url":"https:\/\/consortium.hr\/wp-content\/uploads\/2022\/11\/Rullo-professionale-VELOUR-5-mm.png","type":"image\/png"}],"twitter_card":"summary_large_image","schema":{"@context":"https:\/\/schema.org","@graph":[{"@type":"WebPage","@id":"https:\/\/consortium.hr\/product\/boldrini-valjak-velour-25-cm-5-mm\/","url":"https:\/\/consortium.hr\/product\/boldrini-valjak-velour-25-cm-5-mm\/","name":"Boldrini Valjak Velour 25 cm 5 mm - Consortium","isPartOf":{"@id":"https:\/\/consortium.hr\/#website"},"primaryImageOfPage":{"@id":"https:\/\/consortium.hr\/product\/boldrini-valjak-velour-25-cm-5-mm\/#primaryimage"},"image":{"@id":"https:\/\/consortium.hr\/product\/boldrini-valjak-velour-25-cm-5-mm\/#primaryimage"},"thumbnailUrl":"https:\/\/consortium.hr\/wp-content\/uploads\/2022\/11\/Rullo-professionale-VELOUR-5-mm.png","datePublished":"2022-11-12T17:00:27+00:00","dateModified":"2026-04-13T05:08:14+00:00","breadcrumb":{"@id":"https:\/\/consortium.hr\/product\/boldrini-valjak-velour-25-cm-5-mm\/#breadcrumb"},"inLanguage":"sl-SI","potentialAction":[{"@type":"ReadAction","target":["https:\/\/consortium.hr\/product\/boldrini-valjak-velour-25-cm-5-mm\/"]}]},{"@type":"ImageObject","inLanguage":"sl-SI","@id":"https:\/\/consortium.hr\/product\/boldrini-valjak-velour-25-cm-5-mm\/#primaryimage","url":"https:\/\/consortium.hr\/wp-content\/uploads\/2022\/11\/Rullo-professionale-VELOUR-5-mm.png","contentUrl":"https:\/\/consortium.hr\/wp-content\/uploads\/2022\/11\/Rullo-professionale-VELOUR-5-mm.png","width":700,"height":700},{"@type":"BreadcrumbList","@id":"https:\/\/consortium.hr\/product\/boldrini-valjak-velour-25-cm-5-mm\/#breadcrumb","itemListElement":[{"@type":"ListItem","position":1,"name":"Po\u010detna stranica","item":"https:\/\/consortium.hr\/sl\/"},{"@type":"ListItem","position":2,"name":"Shop","item":"https:\/\/consortium.hr\/sl\/shop\/"},{"@type":"ListItem","position":3,"name":"Boldrini Valjak Velour 25 cm 5 mm"}]},{"@type":"WebSite","@id":"https:\/\/consortium.hr\/#website","url":"https:\/\/consortium.hr\/","name":"Consortium","description":"Gra\u0111evinski Materijal - Odli\u010dna Ponuda i Cijena","alternateName":"Gra\u0111evinski Materijal - Odli\u010dna Ponuda i Cijena","potentialAction":[{"@type":"SearchAction","target":{"@type":"EntryPoint","urlTemplate":"https:\/\/consortium.hr\/?s={search_term_string}"},"query-input":{"@type":"PropertyValueSpecification","valueRequired":true,"valueName":"search_term_string"}}],"inLanguage":"sl-SI"}]}},"_links":{"self":[{"href":"https:\/\/consortium.hr\/sl\/wp-json\/wp\/v2\/product\/2586","targetHints":{"allow":["GET"]}}],"collection":[{"href":"https:\/\/consortium.hr\/sl\/wp-json\/wp\/v2\/product"}],"about":[{"href":"https:\/\/consortium.hr\/sl\/wp-json\/wp\/v2\/types\/product"}],"wp:featuredmedia":[{"embeddable":true,"href":"https:\/\/consortium.hr\/sl\/wp-json\/wp\/v2\/media\/2587"}],"wp:attachment":[{"href":"https:\/\/consortium.hr\/sl\/wp-json\/wp\/v2\/media?parent=2586"}],"wp:term":[{"taxonomy":"product_brand","embeddable":true,"href":"https:\/\/consortium.hr\/sl\/wp-json\/wp\/v2\/product_brand?post=2586"},{"taxonomy":"product_cat","embeddable":true,"href":"https:\/\/consortium.hr\/sl\/wp-json\/wp\/v2\/product_cat?post=2586"},{"taxonomy":"product_tag","embeddable":true,"href":"https:\/\/consortium.hr\/sl\/wp-json\/wp\/v2\/product_tag?post=2586"}],"curies":[{"name":"wp","href":"https:\/\/api.w.org\/{rel}","templated":true}]}}