{"id":2848,"date":"2022-11-23T12:28:16","date_gmt":"2022-11-23T12:28:16","guid":{"rendered":"https:\/\/consortium.hr\/?post_type=product&#038;p=2848"},"modified":"2026-03-03T08:12:38","modified_gmt":"2026-03-03T08:12:38","slug":"co-me-gleter-venecijaner-trapezoidni-veliki-280-x-140-x-06","status":"publish","type":"product","link":"https:\/\/consortium.hr\/sl\/product\/co-me-gleter-venecijaner-trapezoidni-veliki-280-x-140-x-06\/","title":{"rendered":"CO.ME Venecijanska gladilka trapezna velika 280 x 140 x 0,6"},"content":{"rendered":"<div class=\"docos-collapsible-replyview\">\n<div class=\"docos-replyview-static\">\n<div class=\"docos-replyview-body docos-anchoredreplyview-body docos-replyview-body-emoji-reactable docos-replyview-body-emoji-reactable-background\" dir=\"ltr\">\n<div class=\"docos-replyview-body docos-anchoredreplyview-body docos-replyview-body-emoji-reactable\" dir=\"ltr\">\n<ul>\n<li>Nehr\u0111aju\u0107i \u010delik<\/li>\n<\/ul>\n<\/div>\n<div class=\"docos-replyview-body docos-anchoredreplyview-body docos-replyview-body-emoji-reactable\" dir=\"ltr\">\n<ul>\n<li>Romboidna venecijanska lopatica zrcalno polirana<\/li>\n<\/ul>\n<\/div>\n<div class=\"docos-replyview-body docos-anchoredreplyview-body docos-replyview-body-emoji-reactable\" dir=\"ltr\">\n<ul>\n<li>Za mineralnu zavr\u0161nu obradu<\/li>\n<\/ul>\n<\/div>\n<div class=\"docos-replyview-body docos-anchoredreplyview-body docos-replyview-body-emoji-reactable\" dir=\"ltr\">\n<ul>\n<li>Ru\u010dka od energetske gume<\/li>\n<\/ul>\n<\/div>\n<\/div>\n<\/div>\n<\/div>","protected":false},"excerpt":{"rendered":"<p>Nehr\u0111aju\u0107i \u010delik Romboidna venecijanska lopatica zrcalno polirana Za mineralnu zavr\u0161nu obradu Ru\u010dka od energetske gume<\/p>","protected":false},"featured_media":2849,"template":"","meta":{"_acf_changed":false},"product_brand":[],"product_cat":[222,293],"product_tag":[],"class_list":{"0":"post-2848","1":"product","2":"type-product","3":"status-publish","4":"has-post-thumbnail","6":"product_cat-alati","7":"product_cat-alati-za-dekorativne-tehnike","9":"first","10":"instock","11":"shipping-taxable","12":"purchasable","13":"product-type-simple"},"acf":[],"yoast_head":"<!-- This site is optimized with the Yoast SEO plugin v26.1.1 - https:\/\/yoast.com\/wordpress\/plugins\/seo\/ -->\n<title>CO.ME Gleter venecijaner trapezoidni veliki 280 x 140 x 0,6 - Consortium<\/title>\n<meta name=\"robots\" content=\"index, follow, max-snippet:-1, max-image-preview:large, max-video-preview:-1\" \/>\n<link rel=\"canonical\" href=\"https:\/\/consortium.hr\/sl\/product\/co-me-gleter-venecijaner-trapezoidni-veliki-280-x-140-x-06\/\" \/>\n<meta property=\"og:locale\" content=\"sl_SI\" \/>\n<meta property=\"og:type\" content=\"article\" \/>\n<meta property=\"og:title\" content=\"CO.ME Gleter venecijaner trapezoidni veliki 280 x 140 x 0,6 - Consortium\" \/>\n<meta property=\"og:description\" content=\"Nehr\u0111aju\u0107i \u010delik Romboidna venecijanska lopatica zrcalno polirana Za mineralnu zavr\u0161nu obradu Ru\u010dka od energetske gume\" \/>\n<meta property=\"og:url\" content=\"https:\/\/consortium.hr\/sl\/product\/co-me-gleter-venecijaner-trapezoidni-veliki-280-x-140-x-06\/\" \/>\n<meta property=\"og:site_name\" content=\"Consortium\" \/>\n<meta property=\"article:modified_time\" content=\"2026-03-03T08:12:38+00:00\" \/>\n<meta property=\"og:image\" content=\"https:\/\/consortium.hr\/wp-content\/uploads\/2022\/11\/CO.ME-Gleter-venecijaner-trapezoidni-veliki-280-x-140-x-06.png\" \/>\n\t<meta property=\"og:image:width\" content=\"700\" \/>\n\t<meta property=\"og:image:height\" content=\"700\" \/>\n\t<meta property=\"og:image:type\" content=\"image\/png\" \/>\n<meta name=\"twitter:card\" content=\"summary_large_image\" \/>\n<script type=\"application\/ld+json\" class=\"yoast-schema-graph\">{\"@context\":\"https:\/\/schema.org\",\"@graph\":[{\"@type\":\"WebPage\",\"@id\":\"https:\/\/consortium.hr\/product\/co-me-gleter-venecijaner-trapezoidni-veliki-280-x-140-x-06\/\",\"url\":\"https:\/\/consortium.hr\/product\/co-me-gleter-venecijaner-trapezoidni-veliki-280-x-140-x-06\/\",\"name\":\"CO.ME Gleter venecijaner trapezoidni veliki 280 x 140 x 0,6 - Consortium\",\"isPartOf\":{\"@id\":\"https:\/\/consortium.hr\/#website\"},\"primaryImageOfPage\":{\"@id\":\"https:\/\/consortium.hr\/product\/co-me-gleter-venecijaner-trapezoidni-veliki-280-x-140-x-06\/#primaryimage\"},\"image\":{\"@id\":\"https:\/\/consortium.hr\/product\/co-me-gleter-venecijaner-trapezoidni-veliki-280-x-140-x-06\/#primaryimage\"},\"thumbnailUrl\":\"https:\/\/consortium.hr\/wp-content\/uploads\/2022\/11\/CO.ME-Gleter-venecijaner-trapezoidni-veliki-280-x-140-x-06.png\",\"datePublished\":\"2022-11-23T12:28:16+00:00\",\"dateModified\":\"2026-03-03T08:12:38+00:00\",\"breadcrumb\":{\"@id\":\"https:\/\/consortium.hr\/product\/co-me-gleter-venecijaner-trapezoidni-veliki-280-x-140-x-06\/#breadcrumb\"},\"inLanguage\":\"sl-SI\",\"potentialAction\":[{\"@type\":\"ReadAction\",\"target\":[\"https:\/\/consortium.hr\/product\/co-me-gleter-venecijaner-trapezoidni-veliki-280-x-140-x-06\/\"]}]},{\"@type\":\"ImageObject\",\"inLanguage\":\"sl-SI\",\"@id\":\"https:\/\/consortium.hr\/product\/co-me-gleter-venecijaner-trapezoidni-veliki-280-x-140-x-06\/#primaryimage\",\"url\":\"https:\/\/consortium.hr\/wp-content\/uploads\/2022\/11\/CO.ME-Gleter-venecijaner-trapezoidni-veliki-280-x-140-x-06.png\",\"contentUrl\":\"https:\/\/consortium.hr\/wp-content\/uploads\/2022\/11\/CO.ME-Gleter-venecijaner-trapezoidni-veliki-280-x-140-x-06.png\",\"width\":700,\"height\":700},{\"@type\":\"BreadcrumbList\",\"@id\":\"https:\/\/consortium.hr\/product\/co-me-gleter-venecijaner-trapezoidni-veliki-280-x-140-x-06\/#breadcrumb\",\"itemListElement\":[{\"@type\":\"ListItem\",\"position\":1,\"name\":\"Po\u010detna stranica\",\"item\":\"https:\/\/consortium.hr\/sl\/\"},{\"@type\":\"ListItem\",\"position\":2,\"name\":\"Shop\",\"item\":\"https:\/\/consortium.hr\/sl\/shop\/\"},{\"@type\":\"ListItem\",\"position\":3,\"name\":\"CO.ME Gleter venecijaner trapezoidni veliki 280 x 140 x 0,6\"}]},{\"@type\":\"WebSite\",\"@id\":\"https:\/\/consortium.hr\/#website\",\"url\":\"https:\/\/consortium.hr\/\",\"name\":\"Consortium\",\"description\":\"Gra\u0111evinski Materijal - Odli\u010dna Ponuda i Cijena\",\"alternateName\":\"Gra\u0111evinski Materijal - Odli\u010dna Ponuda i Cijena\",\"potentialAction\":[{\"@type\":\"SearchAction\",\"target\":{\"@type\":\"EntryPoint\",\"urlTemplate\":\"https:\/\/consortium.hr\/?s={search_term_string}\"},\"query-input\":{\"@type\":\"PropertyValueSpecification\",\"valueRequired\":true,\"valueName\":\"search_term_string\"}}],\"inLanguage\":\"sl-SI\"}]}<\/script>\n<!-- \/ Yoast SEO plugin. -->","yoast_head_json":{"title":"CO.ME Gleter venecijaner trapezoidni veliki 280 x 140 x 0,6 - Consortium","robots":{"index":"index","follow":"follow","max-snippet":"max-snippet:-1","max-image-preview":"max-image-preview:large","max-video-preview":"max-video-preview:-1"},"canonical":"https:\/\/consortium.hr\/sl\/product\/co-me-gleter-venecijaner-trapezoidni-veliki-280-x-140-x-06\/","og_locale":"sl_SI","og_type":"article","og_title":"CO.ME Gleter venecijaner trapezoidni veliki 280 x 140 x 0,6 - Consortium","og_description":"Nehr\u0111aju\u0107i \u010delik Romboidna venecijanska lopatica zrcalno polirana Za mineralnu zavr\u0161nu obradu Ru\u010dka od energetske gume","og_url":"https:\/\/consortium.hr\/sl\/product\/co-me-gleter-venecijaner-trapezoidni-veliki-280-x-140-x-06\/","og_site_name":"Consortium","article_modified_time":"2026-03-03T08:12:38+00:00","og_image":[{"width":700,"height":700,"url":"https:\/\/consortium.hr\/wp-content\/uploads\/2022\/11\/CO.ME-Gleter-venecijaner-trapezoidni-veliki-280-x-140-x-06.png","type":"image\/png"}],"twitter_card":"summary_large_image","schema":{"@context":"https:\/\/schema.org","@graph":[{"@type":"WebPage","@id":"https:\/\/consortium.hr\/product\/co-me-gleter-venecijaner-trapezoidni-veliki-280-x-140-x-06\/","url":"https:\/\/consortium.hr\/product\/co-me-gleter-venecijaner-trapezoidni-veliki-280-x-140-x-06\/","name":"CO.ME Gleter venecijaner trapezoidni veliki 280 x 140 x 0,6 - Consortium","isPartOf":{"@id":"https:\/\/consortium.hr\/#website"},"primaryImageOfPage":{"@id":"https:\/\/consortium.hr\/product\/co-me-gleter-venecijaner-trapezoidni-veliki-280-x-140-x-06\/#primaryimage"},"image":{"@id":"https:\/\/consortium.hr\/product\/co-me-gleter-venecijaner-trapezoidni-veliki-280-x-140-x-06\/#primaryimage"},"thumbnailUrl":"https:\/\/consortium.hr\/wp-content\/uploads\/2022\/11\/CO.ME-Gleter-venecijaner-trapezoidni-veliki-280-x-140-x-06.png","datePublished":"2022-11-23T12:28:16+00:00","dateModified":"2026-03-03T08:12:38+00:00","breadcrumb":{"@id":"https:\/\/consortium.hr\/product\/co-me-gleter-venecijaner-trapezoidni-veliki-280-x-140-x-06\/#breadcrumb"},"inLanguage":"sl-SI","potentialAction":[{"@type":"ReadAction","target":["https:\/\/consortium.hr\/product\/co-me-gleter-venecijaner-trapezoidni-veliki-280-x-140-x-06\/"]}]},{"@type":"ImageObject","inLanguage":"sl-SI","@id":"https:\/\/consortium.hr\/product\/co-me-gleter-venecijaner-trapezoidni-veliki-280-x-140-x-06\/#primaryimage","url":"https:\/\/consortium.hr\/wp-content\/uploads\/2022\/11\/CO.ME-Gleter-venecijaner-trapezoidni-veliki-280-x-140-x-06.png","contentUrl":"https:\/\/consortium.hr\/wp-content\/uploads\/2022\/11\/CO.ME-Gleter-venecijaner-trapezoidni-veliki-280-x-140-x-06.png","width":700,"height":700},{"@type":"BreadcrumbList","@id":"https:\/\/consortium.hr\/product\/co-me-gleter-venecijaner-trapezoidni-veliki-280-x-140-x-06\/#breadcrumb","itemListElement":[{"@type":"ListItem","position":1,"name":"Po\u010detna stranica","item":"https:\/\/consortium.hr\/sl\/"},{"@type":"ListItem","position":2,"name":"Shop","item":"https:\/\/consortium.hr\/sl\/shop\/"},{"@type":"ListItem","position":3,"name":"CO.ME Gleter venecijaner trapezoidni veliki 280 x 140 x 0,6"}]},{"@type":"WebSite","@id":"https:\/\/consortium.hr\/#website","url":"https:\/\/consortium.hr\/","name":"Consortium","description":"Gra\u0111evinski Materijal - Odli\u010dna Ponuda i Cijena","alternateName":"Gra\u0111evinski Materijal - Odli\u010dna Ponuda i Cijena","potentialAction":[{"@type":"SearchAction","target":{"@type":"EntryPoint","urlTemplate":"https:\/\/consortium.hr\/?s={search_term_string}"},"query-input":{"@type":"PropertyValueSpecification","valueRequired":true,"valueName":"search_term_string"}}],"inLanguage":"sl-SI"}]}},"_links":{"self":[{"href":"https:\/\/consortium.hr\/sl\/wp-json\/wp\/v2\/product\/2848","targetHints":{"allow":["GET"]}}],"collection":[{"href":"https:\/\/consortium.hr\/sl\/wp-json\/wp\/v2\/product"}],"about":[{"href":"https:\/\/consortium.hr\/sl\/wp-json\/wp\/v2\/types\/product"}],"wp:featuredmedia":[{"embeddable":true,"href":"https:\/\/consortium.hr\/sl\/wp-json\/wp\/v2\/media\/2849"}],"wp:attachment":[{"href":"https:\/\/consortium.hr\/sl\/wp-json\/wp\/v2\/media?parent=2848"}],"wp:term":[{"taxonomy":"product_brand","embeddable":true,"href":"https:\/\/consortium.hr\/sl\/wp-json\/wp\/v2\/product_brand?post=2848"},{"taxonomy":"product_cat","embeddable":true,"href":"https:\/\/consortium.hr\/sl\/wp-json\/wp\/v2\/product_cat?post=2848"},{"taxonomy":"product_tag","embeddable":true,"href":"https:\/\/consortium.hr\/sl\/wp-json\/wp\/v2\/product_tag?post=2848"}],"curies":[{"name":"wp","href":"https:\/\/api.w.org\/{rel}","templated":true}]}}