{"id":3063,"date":"2023-01-05T13:50:30","date_gmt":"2023-01-05T13:50:30","guid":{"rendered":"https:\/\/consortium.hr\/?post_type=product&#038;p=3063"},"modified":"2026-01-27T11:31:34","modified_gmt":"2026-01-27T11:31:34","slug":"v33-cistac-podova","status":"publish","type":"product","link":"https:\/\/consortium.hr\/sl\/product\/v33-cistac-podova\/","title":{"rendered":"V33 \u010cistilo za tla"},"content":{"rendered":"<p><strong>V33 \u010cISTILO ZA TLA 1 L<\/strong><\/p>\n<p>Koncentrirano \u010distilo za tla po razred\u010denju s \u010disto vodo.<\/p>\n<p>OPIS: za enostavno, hitro in u\u010dinkovito pripravo tal pred nanosom barve <strong>V33 Renovation Perfection Talne in Stopni\u0161\u010dne Barve.<\/strong><\/p>\n<p>Poraba: 1 liter = \u00b112 m\u00b2 do \u00b140 m\u00b2, odvisno od stanja podlage (glej spodaj).<\/p>\n<p>PODRO\u010cJE UPORABE: Uporablja se lahko na talnih plo\u0161\u010dicah, marmornih, cementnih ali betonskih tleh, ki so bila \u017ee pobarvana ali nepobarvana. Izdelek ni primeren za oljena ali voskana tla, tla iz lesa ali njegovih derivatov ter laminat. Izbolj\u0161a poroznost podlage (idealno za pripravo sijajnih kerami\u010dnih in marmornih plo\u0161\u010dic ter za obmo\u010dja z visoko frekvenco prehodnosti) in pove\u010da oprijem barve na podlago. Prispeva k enakomernemu kon\u010dnemu videzu in odli\u010dnemu rezultatu barvanja.<\/p>\n<p>PRIPRAVA: Pri sve\u017eih betonskih ali cementnih podlagah po\u010dakajte najmanj 3 mesece pred<\/p>\n<p>uporabo izdelka (da se podlaga popolnoma posu\u0161i).<\/p>\n<ol>\n<li>Temeljito o\u010distite in razmastite podlago z alkalnim \u010distilom (npr. kristalna soda) ter dobro izperite s \u010disto vodo. Pustite, da se popolnoma posu\u0161i. Na podlagi ne sme biti mastnih made\u017eev, vodnega kamna ali umazanije.<\/li>\n<li>Pripravite raztopino izdelka <strong>V33 \u010cistilo za tla<\/strong> glede na stopnjo poroznosti in onesna\u017eenosti podlage:<\/li>\n<\/ol>\n<ul>\n<li>Rahlo onesna\u017eena podlaga ali star\/suh cement: 1 liter izdelka + 30 litrov vode = za \u00b140 m\u00b2.<\/li>\n<li>Mo\u010dno onesna\u017eena podlaga ali zelo gladka, neporozna podlaga: 1 liter izdelka + 10 litrov vode = za \u00b112 m\u00b2.<\/li>\n<\/ul>\n<p>Po potrebi se lahko uporabi bolj koncentrirana raztopina.<\/p>\n<p>Uporaba tega izdelka ne nadome\u0161\u010da 1. koraka \u010di\u0161\u010denja in razma\u0161\u010devanja podlage s pranjem.<\/p>\n<p>NANOS: Pri delu nosite za\u0161\u010ditne rokavice iz naravnega lateksa, nitrilne gume, PVC-ja ali butilne gume (po standardu EN ISO 374-1) ter za\u0161\u010ditna o\u010dala (standard EN166). Pred uporabo dobro pretresite zaprto embala\u017eo.<\/p>\n<ol>\n<li>Vlijte ustrezno koli\u010dino izdelka v vodo v vedru in dobro preme\u0161ajte, da ne nastanejo kapljice.<\/li>\n<li>Raztopino enakomerno porazdelite z vedrom ali posodo za zalivanje brez \u0161kropljenja po celotni podlagi, ki jo \u010distite.<\/li>\n<li>Mo\u010dno zdrgnite podlago z metlo s trdimi \u0161\u010detinami ali krta\u010do z ro\u010dajem, s posebno pozornostjo na fuge med plo\u0161\u010dicami. Nato pustite, da deluje na podlagi 30 minut.<\/li>\n<li>Temeljito sperite podlago s \u010disto vodo. Po potrebi postopek nana\u0161anja in izpiranja ponovite, dokler ne odstranite vseh ostankov ma\u0161\u010dobe, ometa in cementnega prahu. Nato pustite, da se su\u0161i najmanj 24 ur.<\/li>\n<li>Nanesite barvo <strong>V33 Renovation Perfection Talne in Stopni\u0161\u010dne Barve.<\/strong><\/li>\n<\/ol>\n<p>Proizvajalec: \"V33\", Domblans, Francija, www.v33.fr.<\/p>\n<p>Dr\u017eava porekla: EU - Francija<\/p>\n<p>Povezava na video uporabe:<\/p>\n<p><a href=\"https:\/\/youtu.be\/ANmshjjJVDc\">https:\/\/youtu.be\/ANmshjjJVDc<\/a><\/p>\n<p>&nbsp;<\/p>\n<p>&nbsp;<\/p>","protected":false},"excerpt":{"rendered":"<p>V33 \u010cISTA\u010c PODOVA 1 Lit Koncentrirano sredstvo za \u010di\u0161\u0107enje nakon razrje\u0111ivanja \u010distom vodom. OPIS: za jednostavnu, brzu i u\u010dinkovitu pripremu podova prije nano\u0161enja boje V33 Renovation Perfection Podovi &amp; Stepenice. Potro\u0161nja: 1 Lit = \u00b112 m\u00b2 do \u00b140 m\u00b2, ovisi o stanju podloge (vidi ni\u017ee). PODRU\u010cJE PRIMJENE: Mo\u017ee se koristiti za podne plo\u010dice, mramorne, cementne [&hellip;]<\/p>","protected":false},"featured_media":3064,"template":"","meta":{"_acf_changed":false},"product_brand":[],"product_cat":[188,186],"product_tag":[],"class_list":{"0":"post-3063","1":"product","2":"type-product","3":"status-publish","4":"has-post-thumbnail","6":"product_cat-dekorativne-boje-za-zidove-i-dodaci","7":"product_cat-dekorativni-program","9":"first","10":"instock","11":"shipping-taxable","12":"purchasable","13":"product-type-simple"},"acf":[],"yoast_head":"<!-- This site is optimized with the Yoast SEO plugin v26.1.1 - https:\/\/yoast.com\/wordpress\/plugins\/seo\/ -->\n<title>V33 \u010cista\u010d podova - Consortium<\/title>\n<meta name=\"robots\" content=\"index, follow, max-snippet:-1, max-image-preview:large, max-video-preview:-1\" \/>\n<link rel=\"canonical\" href=\"https:\/\/consortium.hr\/sl\/product\/v33-cistac-podova\/\" \/>\n<meta property=\"og:locale\" content=\"sl_SI\" \/>\n<meta property=\"og:type\" content=\"article\" \/>\n<meta property=\"og:title\" content=\"V33 \u010cista\u010d podova - Consortium\" \/>\n<meta property=\"og:description\" content=\"V33 \u010cISTA\u010c PODOVA 1 Lit Koncentrirano sredstvo za \u010di\u0161\u0107enje nakon razrje\u0111ivanja \u010distom vodom. OPIS: za jednostavnu, brzu i u\u010dinkovitu pripremu podova prije nano\u0161enja boje V33 Renovation Perfection Podovi &amp; Stepenice. Potro\u0161nja: 1 Lit = \u00b112 m\u00b2 do \u00b140 m\u00b2, ovisi o stanju podloge (vidi ni\u017ee). PODRU\u010cJE PRIMJENE: Mo\u017ee se koristiti za podne plo\u010dice, mramorne, cementne [&hellip;]\" \/>\n<meta property=\"og:url\" content=\"https:\/\/consortium.hr\/sl\/product\/v33-cistac-podova\/\" \/>\n<meta property=\"og:site_name\" content=\"Consortium\" \/>\n<meta property=\"article:modified_time\" content=\"2026-01-27T11:31:34+00:00\" \/>\n<meta property=\"og:image\" content=\"https:\/\/consortium.hr\/wp-content\/uploads\/2023\/01\/V33-cistac-podova.jpg\" \/>\n\t<meta property=\"og:image:width\" content=\"700\" \/>\n\t<meta property=\"og:image:height\" content=\"700\" \/>\n\t<meta property=\"og:image:type\" content=\"image\/jpeg\" \/>\n<meta name=\"twitter:card\" content=\"summary_large_image\" \/>\n<meta name=\"twitter:label1\" content=\"Est. reading time\" \/>\n\t<meta name=\"twitter:data1\" content=\"2 minuti\" \/>\n<script type=\"application\/ld+json\" class=\"yoast-schema-graph\">{\"@context\":\"https:\/\/schema.org\",\"@graph\":[{\"@type\":\"WebPage\",\"@id\":\"https:\/\/consortium.hr\/product\/v33-cistac-podova\/\",\"url\":\"https:\/\/consortium.hr\/product\/v33-cistac-podova\/\",\"name\":\"V33 \u010cista\u010d podova - Consortium\",\"isPartOf\":{\"@id\":\"https:\/\/consortium.hr\/#website\"},\"primaryImageOfPage\":{\"@id\":\"https:\/\/consortium.hr\/product\/v33-cistac-podova\/#primaryimage\"},\"image\":{\"@id\":\"https:\/\/consortium.hr\/product\/v33-cistac-podova\/#primaryimage\"},\"thumbnailUrl\":\"https:\/\/consortium.hr\/wp-content\/uploads\/2023\/01\/V33-cistac-podova.jpg\",\"datePublished\":\"2023-01-05T13:50:30+00:00\",\"dateModified\":\"2026-01-27T11:31:34+00:00\",\"breadcrumb\":{\"@id\":\"https:\/\/consortium.hr\/product\/v33-cistac-podova\/#breadcrumb\"},\"inLanguage\":\"sl-SI\",\"potentialAction\":[{\"@type\":\"ReadAction\",\"target\":[\"https:\/\/consortium.hr\/product\/v33-cistac-podova\/\"]}]},{\"@type\":\"ImageObject\",\"inLanguage\":\"sl-SI\",\"@id\":\"https:\/\/consortium.hr\/product\/v33-cistac-podova\/#primaryimage\",\"url\":\"https:\/\/consortium.hr\/wp-content\/uploads\/2023\/01\/V33-cistac-podova.jpg\",\"contentUrl\":\"https:\/\/consortium.hr\/wp-content\/uploads\/2023\/01\/V33-cistac-podova.jpg\",\"width\":700,\"height\":700},{\"@type\":\"BreadcrumbList\",\"@id\":\"https:\/\/consortium.hr\/product\/v33-cistac-podova\/#breadcrumb\",\"itemListElement\":[{\"@type\":\"ListItem\",\"position\":1,\"name\":\"Po\u010detna stranica\",\"item\":\"https:\/\/consortium.hr\/sl\/\"},{\"@type\":\"ListItem\",\"position\":2,\"name\":\"Shop\",\"item\":\"https:\/\/consortium.hr\/sl\/shop\/\"},{\"@type\":\"ListItem\",\"position\":3,\"name\":\"V33 \u010cista\u010d podova\"}]},{\"@type\":\"WebSite\",\"@id\":\"https:\/\/consortium.hr\/#website\",\"url\":\"https:\/\/consortium.hr\/\",\"name\":\"Consortium\",\"description\":\"Gra\u0111evinski Materijal - Odli\u010dna Ponuda i Cijena\",\"alternateName\":\"Gra\u0111evinski Materijal - Odli\u010dna Ponuda i Cijena\",\"potentialAction\":[{\"@type\":\"SearchAction\",\"target\":{\"@type\":\"EntryPoint\",\"urlTemplate\":\"https:\/\/consortium.hr\/?s={search_term_string}\"},\"query-input\":{\"@type\":\"PropertyValueSpecification\",\"valueRequired\":true,\"valueName\":\"search_term_string\"}}],\"inLanguage\":\"sl-SI\"}]}<\/script>\n<!-- \/ Yoast SEO plugin. -->","yoast_head_json":{"title":"V33 \u010cista\u010d podova - Consortium","robots":{"index":"index","follow":"follow","max-snippet":"max-snippet:-1","max-image-preview":"max-image-preview:large","max-video-preview":"max-video-preview:-1"},"canonical":"https:\/\/consortium.hr\/sl\/product\/v33-cistac-podova\/","og_locale":"sl_SI","og_type":"article","og_title":"V33 \u010cista\u010d podova - Consortium","og_description":"V33 \u010cISTA\u010c PODOVA 1 Lit Koncentrirano sredstvo za \u010di\u0161\u0107enje nakon razrje\u0111ivanja \u010distom vodom. OPIS: za jednostavnu, brzu i u\u010dinkovitu pripremu podova prije nano\u0161enja boje V33 Renovation Perfection Podovi &amp; Stepenice. Potro\u0161nja: 1 Lit = \u00b112 m\u00b2 do \u00b140 m\u00b2, ovisi o stanju podloge (vidi ni\u017ee). PODRU\u010cJE PRIMJENE: Mo\u017ee se koristiti za podne plo\u010dice, mramorne, cementne [&hellip;]","og_url":"https:\/\/consortium.hr\/sl\/product\/v33-cistac-podova\/","og_site_name":"Consortium","article_modified_time":"2026-01-27T11:31:34+00:00","og_image":[{"width":700,"height":700,"url":"https:\/\/consortium.hr\/wp-content\/uploads\/2023\/01\/V33-cistac-podova.jpg","type":"image\/jpeg"}],"twitter_card":"summary_large_image","twitter_misc":{"Est. reading time":"2 minuti"},"schema":{"@context":"https:\/\/schema.org","@graph":[{"@type":"WebPage","@id":"https:\/\/consortium.hr\/product\/v33-cistac-podova\/","url":"https:\/\/consortium.hr\/product\/v33-cistac-podova\/","name":"V33 \u010cista\u010d podova - Consortium","isPartOf":{"@id":"https:\/\/consortium.hr\/#website"},"primaryImageOfPage":{"@id":"https:\/\/consortium.hr\/product\/v33-cistac-podova\/#primaryimage"},"image":{"@id":"https:\/\/consortium.hr\/product\/v33-cistac-podova\/#primaryimage"},"thumbnailUrl":"https:\/\/consortium.hr\/wp-content\/uploads\/2023\/01\/V33-cistac-podova.jpg","datePublished":"2023-01-05T13:50:30+00:00","dateModified":"2026-01-27T11:31:34+00:00","breadcrumb":{"@id":"https:\/\/consortium.hr\/product\/v33-cistac-podova\/#breadcrumb"},"inLanguage":"sl-SI","potentialAction":[{"@type":"ReadAction","target":["https:\/\/consortium.hr\/product\/v33-cistac-podova\/"]}]},{"@type":"ImageObject","inLanguage":"sl-SI","@id":"https:\/\/consortium.hr\/product\/v33-cistac-podova\/#primaryimage","url":"https:\/\/consortium.hr\/wp-content\/uploads\/2023\/01\/V33-cistac-podova.jpg","contentUrl":"https:\/\/consortium.hr\/wp-content\/uploads\/2023\/01\/V33-cistac-podova.jpg","width":700,"height":700},{"@type":"BreadcrumbList","@id":"https:\/\/consortium.hr\/product\/v33-cistac-podova\/#breadcrumb","itemListElement":[{"@type":"ListItem","position":1,"name":"Po\u010detna stranica","item":"https:\/\/consortium.hr\/sl\/"},{"@type":"ListItem","position":2,"name":"Shop","item":"https:\/\/consortium.hr\/sl\/shop\/"},{"@type":"ListItem","position":3,"name":"V33 \u010cista\u010d podova"}]},{"@type":"WebSite","@id":"https:\/\/consortium.hr\/#website","url":"https:\/\/consortium.hr\/","name":"Consortium","description":"Gra\u0111evinski Materijal - Odli\u010dna Ponuda i Cijena","alternateName":"Gra\u0111evinski Materijal - Odli\u010dna Ponuda i Cijena","potentialAction":[{"@type":"SearchAction","target":{"@type":"EntryPoint","urlTemplate":"https:\/\/consortium.hr\/?s={search_term_string}"},"query-input":{"@type":"PropertyValueSpecification","valueRequired":true,"valueName":"search_term_string"}}],"inLanguage":"sl-SI"}]}},"_links":{"self":[{"href":"https:\/\/consortium.hr\/sl\/wp-json\/wp\/v2\/product\/3063","targetHints":{"allow":["GET"]}}],"collection":[{"href":"https:\/\/consortium.hr\/sl\/wp-json\/wp\/v2\/product"}],"about":[{"href":"https:\/\/consortium.hr\/sl\/wp-json\/wp\/v2\/types\/product"}],"wp:featuredmedia":[{"embeddable":true,"href":"https:\/\/consortium.hr\/sl\/wp-json\/wp\/v2\/media\/3064"}],"wp:attachment":[{"href":"https:\/\/consortium.hr\/sl\/wp-json\/wp\/v2\/media?parent=3063"}],"wp:term":[{"taxonomy":"product_brand","embeddable":true,"href":"https:\/\/consortium.hr\/sl\/wp-json\/wp\/v2\/product_brand?post=3063"},{"taxonomy":"product_cat","embeddable":true,"href":"https:\/\/consortium.hr\/sl\/wp-json\/wp\/v2\/product_cat?post=3063"},{"taxonomy":"product_tag","embeddable":true,"href":"https:\/\/consortium.hr\/sl\/wp-json\/wp\/v2\/product_tag?post=3063"}],"curies":[{"name":"wp","href":"https:\/\/api.w.org\/{rel}","templated":true}]}}