{"id":3147,"date":"2023-01-05T14:10:16","date_gmt":"2023-01-05T14:10:16","guid":{"rendered":"https:\/\/consortium.hr\/?post_type=product&#038;p=3147"},"modified":"2026-04-18T06:48:22","modified_gmt":"2026-04-18T06:48:22","slug":"v33-podovi-i-stepenice","status":"publish","type":"product","link":"https:\/\/consortium.hr\/sl\/product\/v33-podovi-i-stepenice\/","title":{"rendered":"V33 Tla in stopnice"},"content":{"rendered":"<p><strong>V33 RENOVATION PERFECTION\u00ae TLA &amp; STOPNICE<\/strong><\/p>\n<p>Poraba:<\/p>\n<ul>\n<li>Pakiranje 0,75 litra = \u00b15 m\u00b2 (1 sloj) = \u00b13,75 m\u00b2 (2 sloja).<\/li>\n<li>Pakiranje 2 litra = \u00b120 m\u00b2 (1 sloj) = \u00b110 m\u00b2 (2 sloja).<\/li>\n<\/ul>\n<p>ODTENKI: Bela, Beli poper, Titan, Marengo siva, Grafit, Taupe.<\/p>\n<p>Notranja barva za barvanje novih ali obnovo uporabljenih notranjih tal in stopnic iz naslednjih materialov:<\/p>\n<ul>\n<li>Surov, lakiran ali barvan les<\/li>\n<li>Laminati<\/li>\n<li>Kerami\u010dne, gres, mozaik, porcelanaste ali emajlirane talne plo\u0161\u010dice<\/li>\n<li>Kamen: marmor, granit, terakota.<\/li>\n<\/ul>\n<p>S posebno kerami\u010dno tehnologijo, ki ustvarja mre\u017eno strukturo polimerov za izbolj\u0161ano odpornost premaza: premaz je fleksibilen, da absorbira udarce, in odporen na intenzivno prehodnost.<\/p>\n<p>UPORABA brez predhodnega nanosa temeljnega premaza, neposreden nanos na:<\/p>\n<ul>\n<li>Tla (v kuhinjah, sobah, hodnikih, kopalnicah \u2013 ni primerno za tla znotraj tu\u0161 kabin)<\/li>\n<li>Stopni\u0161\u010da (pohodne in \u010delne ploskve stopnic, ograje in dr\u017eala).<\/li>\n<\/ul>\n<p>PRIPRAVA povr\u0161ine je NUJEN korak dela. Podlaga mora biti \u010dista, trdna, razma\u0161\u010dena, suha in nelepljiva. Temeljito \u010di\u0161\u010denje povr\u0161ine je KLJU\u010cNEGA pomena. Povr\u0161ine najprej temeljito o\u010distite z alkalnim \u010distilom za gospodinjstvo (npr. Kristalna soda za pranje), pri \u010demer posebno pazite na \u010di\u0161\u010denje fug med plo\u0161\u010dicami. Nadaljujte pripravo glede na vrsto podlage:<\/p>\n<ul>\n<li>Laminat, lakiran ali barvan les v dobrem stanju: O\u010distite, razmastite, sperite, pustite, da se popolnoma posu\u0161i, nato rahlo obrusite z brusnim papirjem (200) in odstranite prah. Surov hrast in kostanj: Kot temeljni premaz nanesite ustrezen primer za blokiranje taninov.<\/li>\n<li>Talne plo\u0161\u010dice: Temeljito operite, s posebnim poudarkom na fugah, sperite in pustite, da se popolnoma posu\u0161ijo.<\/li>\n<li>Prej barvane talne plo\u0161\u010dice v dobrem stanju: O\u010distite, razmastite, s poudarkom na fugah, sperite in pustite, da se popolnoma posu\u0161ijo. Nato obrusite z brusnim papirjem (240) in odstranite prah.<\/li>\n<li>Prej barvane talne plo\u0161\u010dice, kjer je stara barva obrabljena ali v slab\u0161em stanju: Obesite s brusnim papirjem (najprej 60, nato 120), da odstranite stare plasti barve do originalne podlage. Odstranite prah, operite, sperite in pustite, da se popolnoma posu\u0161ijo.<\/li>\n<\/ul>\n<p>NANOS: Barvo nanesite z valj\u010dkom Flok (za talne plo\u0161\u010dice, laminate in gladek kamen) ali z valj\u010dkom Velur (za lesene in manj gladke talne povr\u0161ine) ter s \u010dopi\u010dem z OKROGLIM \u0161iljastim vrhom (za fuge, vogale in neravne povr\u0161ine) pri temperaturi med 12 in 25 \u00b0C, pri \u010demer se izogibajte prepihu. Izpraznite kapsulo Additiv System<\/p>\n<p>(nahaja se pod pokrovom embala\u017ee) v barvo. Barvo me\u0161ajte 5 minut, z lopatico kro\u017eno okoli dna posode, da se dobro preme\u0161a. Za\u010dnite z nanosom \u010dopi\u010da po robovih prostora in fugah, nato nadaljujte z nanosom po celotni povr\u0161ini z valj\u010dkom. Barvo nana\u0161ajte z valj\u010dkom v kri\u017enih potezah, pri \u010demer naj bo zadnji poteg vedno v isti smeri. Drugi sloj barve nanesite \u0161ele, ko se prvi popolnoma posu\u0161i. Po 3 urah su\u0161enja<\/p>\n<p>na enak na\u010din nanesite drugi sloj.<\/p>\n<p>Odstranite za\u0161\u010ditni trak takoj po nanosu barve. Po dodajanju vsebine kapsule v barvo jo<\/p>\n<p>morate uporabiti v 10 dneh, da ohranite njeno optimalno oprijemljivost in u\u010dinek.<\/p>\n<p>OPOMBE V33:<\/p>\n<ul>\n<li>Za \u010di\u0161\u010denje pobarvane povr\u0161ine uporabljajte neagresivna \u010distila in neabrazivne gobice.<\/li>\n<li>Premaz dose\u017ee polne lastnosti in obstojnost po 20 dneh, do takrat pa je potrebno povr\u0161ino za\u0161\u010dititi pred udarci, praskami, made\u017ei in \u010di\u0161\u010denjem.<\/li>\n<li>Pri odtenkih, ki so v kontrastu z odtenkom podlage, bo morda potreben dodaten sloj barve.<\/li>\n<li>Pri pripravi za barvanje talnih plo\u0161\u010dic, betona in kamna se po za\u010detnem \u010di\u0161\u010denju s pranjem priporo\u010da (ni obvezno) uporaba V33 \u010cistila za tla za dodatno izbolj\u0161anje oprijemljivosti barve na podlago.<\/li>\n<\/ul>\n<p>Proizvajalec: ''V33'', Domblans, EU - Francija, www.v33.fr, Dr\u017eava porekla: EU \u2013 Francija.<\/p>\n<p>&nbsp;<\/p>\n<p>Povezava na video uporabe:<\/p>\n<p><a href=\"https:\/\/youtu.be\/8j_pgdI93vs\">https:\/\/youtu.be\/8j_pgdI93vs<\/a><\/p>\n<p>&nbsp;<\/p>\n<p>&nbsp;<\/p>","protected":false},"excerpt":{"rendered":"<p>V33 RENOVATION PERFECTION\u00ae PODOVI &amp; STEPENICE Potro\u0161nja: Pakiranje 0.75 Lit = \u00b15 m2 (1 sloj) = 3.75 m2 (2 sloja). Pakiranje 2 Lit = \u00b120 m2 (1 sloj) = \u00b110 m2 (2 sloja). NIJANSE: BIJELA, BIJELI PAPAR, TITAN, MARENGO SIVA, GRAFIT, TAUPE. Unutarnja boja za bojenje novih ili obnovu kori\u0161tenih unutarnjih podova i stepenica od [&hellip;]<\/p>","protected":false},"featured_media":3148,"template":"","meta":{"_acf_changed":false},"product_brand":[],"product_cat":[188,186],"product_tag":[],"class_list":{"0":"post-3147","1":"product","2":"type-product","3":"status-publish","4":"has-post-thumbnail","6":"product_cat-dekorativne-boje-za-zidove-i-dodaci","7":"product_cat-dekorativni-program","9":"first","10":"instock","11":"shipping-taxable","12":"purchasable","13":"product-type-variable","14":"wvs-archive-product-wrapper"},"acf":[],"yoast_head":"<!-- This site is optimized with the Yoast SEO plugin v26.1.1 - https:\/\/yoast.com\/wordpress\/plugins\/seo\/ -->\n<title>V33 Podovi i stepenice - Consortium<\/title>\n<meta name=\"robots\" content=\"index, follow, max-snippet:-1, max-image-preview:large, max-video-preview:-1\" \/>\n<link rel=\"canonical\" href=\"https:\/\/consortium.hr\/sl\/product\/v33-podovi-i-stepenice\/\" \/>\n<meta property=\"og:locale\" content=\"sl_SI\" \/>\n<meta property=\"og:type\" content=\"article\" \/>\n<meta property=\"og:title\" content=\"V33 Podovi i stepenice - Consortium\" \/>\n<meta property=\"og:description\" content=\"V33 RENOVATION PERFECTION\u00ae PODOVI &amp; STEPENICE Potro\u0161nja: Pakiranje 0.75 Lit = \u00b15 m2 (1 sloj) = 3.75 m2 (2 sloja). Pakiranje 2 Lit = \u00b120 m2 (1 sloj) = \u00b110 m2 (2 sloja). NIJANSE: BIJELA, BIJELI PAPAR, TITAN, MARENGO SIVA, GRAFIT, TAUPE. Unutarnja boja za bojenje novih ili obnovu kori\u0161tenih unutarnjih podova i stepenica od [&hellip;]\" \/>\n<meta property=\"og:url\" content=\"https:\/\/consortium.hr\/sl\/product\/v33-podovi-i-stepenice\/\" \/>\n<meta property=\"og:site_name\" content=\"Consortium\" \/>\n<meta property=\"article:modified_time\" content=\"2026-04-18T06:48:22+00:00\" \/>\n<meta property=\"og:image\" content=\"https:\/\/consortium.hr\/wp-content\/uploads\/2023\/01\/v33-podovi-i-stepenice.jpg\" \/>\n\t<meta property=\"og:image:width\" content=\"700\" \/>\n\t<meta property=\"og:image:height\" content=\"700\" \/>\n\t<meta property=\"og:image:type\" content=\"image\/jpeg\" \/>\n<meta name=\"twitter:card\" content=\"summary_large_image\" \/>\n<meta name=\"twitter:label1\" content=\"Est. reading time\" \/>\n\t<meta name=\"twitter:data1\" content=\"3 minute\" \/>\n<script type=\"application\/ld+json\" class=\"yoast-schema-graph\">{\"@context\":\"https:\/\/schema.org\",\"@graph\":[{\"@type\":\"WebPage\",\"@id\":\"https:\/\/consortium.hr\/product\/v33-podovi-i-stepenice\/\",\"url\":\"https:\/\/consortium.hr\/product\/v33-podovi-i-stepenice\/\",\"name\":\"V33 Podovi i stepenice - Consortium\",\"isPartOf\":{\"@id\":\"https:\/\/consortium.hr\/#website\"},\"primaryImageOfPage\":{\"@id\":\"https:\/\/consortium.hr\/product\/v33-podovi-i-stepenice\/#primaryimage\"},\"image\":{\"@id\":\"https:\/\/consortium.hr\/product\/v33-podovi-i-stepenice\/#primaryimage\"},\"thumbnailUrl\":\"https:\/\/consortium.hr\/wp-content\/uploads\/2023\/01\/v33-podovi-i-stepenice.jpg\",\"datePublished\":\"2023-01-05T14:10:16+00:00\",\"dateModified\":\"2026-04-18T06:48:22+00:00\",\"breadcrumb\":{\"@id\":\"https:\/\/consortium.hr\/product\/v33-podovi-i-stepenice\/#breadcrumb\"},\"inLanguage\":\"sl-SI\",\"potentialAction\":[{\"@type\":\"ReadAction\",\"target\":[\"https:\/\/consortium.hr\/product\/v33-podovi-i-stepenice\/\"]}]},{\"@type\":\"ImageObject\",\"inLanguage\":\"sl-SI\",\"@id\":\"https:\/\/consortium.hr\/product\/v33-podovi-i-stepenice\/#primaryimage\",\"url\":\"https:\/\/consortium.hr\/wp-content\/uploads\/2023\/01\/v33-podovi-i-stepenice.jpg\",\"contentUrl\":\"https:\/\/consortium.hr\/wp-content\/uploads\/2023\/01\/v33-podovi-i-stepenice.jpg\",\"width\":700,\"height\":700},{\"@type\":\"BreadcrumbList\",\"@id\":\"https:\/\/consortium.hr\/product\/v33-podovi-i-stepenice\/#breadcrumb\",\"itemListElement\":[{\"@type\":\"ListItem\",\"position\":1,\"name\":\"Po\u010detna stranica\",\"item\":\"https:\/\/consortium.hr\/sl\/\"},{\"@type\":\"ListItem\",\"position\":2,\"name\":\"Shop\",\"item\":\"https:\/\/consortium.hr\/sl\/shop\/\"},{\"@type\":\"ListItem\",\"position\":3,\"name\":\"V33 Podovi i stepenice\"}]},{\"@type\":\"WebSite\",\"@id\":\"https:\/\/consortium.hr\/#website\",\"url\":\"https:\/\/consortium.hr\/\",\"name\":\"Consortium\",\"description\":\"Gra\u0111evinski Materijal - Odli\u010dna Ponuda i Cijena\",\"alternateName\":\"Gra\u0111evinski Materijal - Odli\u010dna Ponuda i Cijena\",\"potentialAction\":[{\"@type\":\"SearchAction\",\"target\":{\"@type\":\"EntryPoint\",\"urlTemplate\":\"https:\/\/consortium.hr\/?s={search_term_string}\"},\"query-input\":{\"@type\":\"PropertyValueSpecification\",\"valueRequired\":true,\"valueName\":\"search_term_string\"}}],\"inLanguage\":\"sl-SI\"}]}<\/script>\n<!-- \/ Yoast SEO plugin. -->","yoast_head_json":{"title":"V33 Podovi i stepenice - Consortium","robots":{"index":"index","follow":"follow","max-snippet":"max-snippet:-1","max-image-preview":"max-image-preview:large","max-video-preview":"max-video-preview:-1"},"canonical":"https:\/\/consortium.hr\/sl\/product\/v33-podovi-i-stepenice\/","og_locale":"sl_SI","og_type":"article","og_title":"V33 Podovi i stepenice - Consortium","og_description":"V33 RENOVATION PERFECTION\u00ae PODOVI &amp; STEPENICE Potro\u0161nja: Pakiranje 0.75 Lit = \u00b15 m2 (1 sloj) = 3.75 m2 (2 sloja). Pakiranje 2 Lit = \u00b120 m2 (1 sloj) = \u00b110 m2 (2 sloja). NIJANSE: BIJELA, BIJELI PAPAR, TITAN, MARENGO SIVA, GRAFIT, TAUPE. Unutarnja boja za bojenje novih ili obnovu kori\u0161tenih unutarnjih podova i stepenica od [&hellip;]","og_url":"https:\/\/consortium.hr\/sl\/product\/v33-podovi-i-stepenice\/","og_site_name":"Consortium","article_modified_time":"2026-04-18T06:48:22+00:00","og_image":[{"width":700,"height":700,"url":"https:\/\/consortium.hr\/wp-content\/uploads\/2023\/01\/v33-podovi-i-stepenice.jpg","type":"image\/jpeg"}],"twitter_card":"summary_large_image","twitter_misc":{"Est. reading time":"3 minute"},"schema":{"@context":"https:\/\/schema.org","@graph":[{"@type":"WebPage","@id":"https:\/\/consortium.hr\/product\/v33-podovi-i-stepenice\/","url":"https:\/\/consortium.hr\/product\/v33-podovi-i-stepenice\/","name":"V33 Podovi i stepenice - Consortium","isPartOf":{"@id":"https:\/\/consortium.hr\/#website"},"primaryImageOfPage":{"@id":"https:\/\/consortium.hr\/product\/v33-podovi-i-stepenice\/#primaryimage"},"image":{"@id":"https:\/\/consortium.hr\/product\/v33-podovi-i-stepenice\/#primaryimage"},"thumbnailUrl":"https:\/\/consortium.hr\/wp-content\/uploads\/2023\/01\/v33-podovi-i-stepenice.jpg","datePublished":"2023-01-05T14:10:16+00:00","dateModified":"2026-04-18T06:48:22+00:00","breadcrumb":{"@id":"https:\/\/consortium.hr\/product\/v33-podovi-i-stepenice\/#breadcrumb"},"inLanguage":"sl-SI","potentialAction":[{"@type":"ReadAction","target":["https:\/\/consortium.hr\/product\/v33-podovi-i-stepenice\/"]}]},{"@type":"ImageObject","inLanguage":"sl-SI","@id":"https:\/\/consortium.hr\/product\/v33-podovi-i-stepenice\/#primaryimage","url":"https:\/\/consortium.hr\/wp-content\/uploads\/2023\/01\/v33-podovi-i-stepenice.jpg","contentUrl":"https:\/\/consortium.hr\/wp-content\/uploads\/2023\/01\/v33-podovi-i-stepenice.jpg","width":700,"height":700},{"@type":"BreadcrumbList","@id":"https:\/\/consortium.hr\/product\/v33-podovi-i-stepenice\/#breadcrumb","itemListElement":[{"@type":"ListItem","position":1,"name":"Po\u010detna stranica","item":"https:\/\/consortium.hr\/sl\/"},{"@type":"ListItem","position":2,"name":"Shop","item":"https:\/\/consortium.hr\/sl\/shop\/"},{"@type":"ListItem","position":3,"name":"V33 Podovi i stepenice"}]},{"@type":"WebSite","@id":"https:\/\/consortium.hr\/#website","url":"https:\/\/consortium.hr\/","name":"Consortium","description":"Gra\u0111evinski Materijal - Odli\u010dna Ponuda i Cijena","alternateName":"Gra\u0111evinski Materijal - Odli\u010dna Ponuda i Cijena","potentialAction":[{"@type":"SearchAction","target":{"@type":"EntryPoint","urlTemplate":"https:\/\/consortium.hr\/?s={search_term_string}"},"query-input":{"@type":"PropertyValueSpecification","valueRequired":true,"valueName":"search_term_string"}}],"inLanguage":"sl-SI"}]}},"_links":{"self":[{"href":"https:\/\/consortium.hr\/sl\/wp-json\/wp\/v2\/product\/3147","targetHints":{"allow":["GET"]}}],"collection":[{"href":"https:\/\/consortium.hr\/sl\/wp-json\/wp\/v2\/product"}],"about":[{"href":"https:\/\/consortium.hr\/sl\/wp-json\/wp\/v2\/types\/product"}],"wp:featuredmedia":[{"embeddable":true,"href":"https:\/\/consortium.hr\/sl\/wp-json\/wp\/v2\/media\/3148"}],"wp:attachment":[{"href":"https:\/\/consortium.hr\/sl\/wp-json\/wp\/v2\/media?parent=3147"}],"wp:term":[{"taxonomy":"product_brand","embeddable":true,"href":"https:\/\/consortium.hr\/sl\/wp-json\/wp\/v2\/product_brand?post=3147"},{"taxonomy":"product_cat","embeddable":true,"href":"https:\/\/consortium.hr\/sl\/wp-json\/wp\/v2\/product_cat?post=3147"},{"taxonomy":"product_tag","embeddable":true,"href":"https:\/\/consortium.hr\/sl\/wp-json\/wp\/v2\/product_tag?post=3147"}],"curies":[{"name":"wp","href":"https:\/\/api.w.org\/{rel}","templated":true}]}}