{"id":3259,"date":"2023-02-21T15:13:49","date_gmt":"2023-02-21T15:13:49","guid":{"rendered":"https:\/\/consortium.hr\/?post_type=product&#038;p=3259"},"modified":"2026-04-23T13:24:03","modified_gmt":"2026-04-23T13:24:03","slug":"sadolin-terrace","status":"publish","type":"product","link":"https:\/\/consortium.hr\/sl\/product\/sadolin-terrace\/","title":{"rendered":"Sadolin Terrace"},"content":{"rendered":"<p><strong>Sadolin Terrace je lazura za zunanja lesena tla. <\/strong><\/p>\n<ul>\n<li>Za posebno za\u0161\u010dito lesene poti in ustvarjanje nedrse\u010de povr\u0161ine.<\/li>\n<li>Vodoodporna, \u0161\u010diti les pred UV-sevanjem.<\/li>\n<li>Drugi sloj svilnatega premaza ustvari protizdrsno povr\u0161ino.<\/li>\n<li>Za zunanjo uporabo.<\/li>\n<\/ul>","protected":false},"excerpt":{"rendered":"<p>Sadolin Terrace je lazura za zunanje lesene talne obloge. Ponuja posebno za\u0161\u010dito lesenih poti in ustvarja protizdrsno povr\u0161ino. Vodoodporna je in \u0161\u010diti les pred UV sevanjem. Drugi sloj svilnate prevleke ustvari protizdrsno povr\u0161ino. Za zunanjo uporabo.<\/p>","protected":false},"featured_media":3260,"template":"","meta":{"_acf_changed":false},"product_brand":[],"product_cat":[169,363,172],"product_tag":[],"class_list":{"0":"post-3259","1":"product","2":"type-product","3":"status-publish","4":"has-post-thumbnail","6":"product_cat-boje-i-lakovi","7":"product_cat-lazurni-premazi","8":"product_cat-zastita-za-drvo","10":"first","11":"instock","12":"shipping-taxable","13":"purchasable","14":"product-type-variable","15":"wvs-archive-product-wrapper"},"acf":[],"yoast_head":"<!-- This site is optimized with the Yoast SEO plugin v26.1.1 - https:\/\/yoast.com\/wordpress\/plugins\/seo\/ -->\n<title>Sadolin Terrace - Consortium<\/title>\n<meta name=\"robots\" content=\"index, follow, max-snippet:-1, max-image-preview:large, max-video-preview:-1\" \/>\n<link rel=\"canonical\" href=\"https:\/\/consortium.hr\/sl\/product\/sadolin-terrace\/\" \/>\n<meta property=\"og:locale\" content=\"sl_SI\" \/>\n<meta property=\"og:type\" content=\"article\" \/>\n<meta property=\"og:title\" content=\"Sadolin Terrace - Consortium\" \/>\n<meta property=\"og:description\" content=\"Sadolin Terrace je lazura za vanjske drvene podove. Za specijalnu za\u0161titu drvene staze i stvaranja neklizave povr\u0161ine. Vodootporna, \u0161titi drvo od UV zra\u010denja. Drugi sloj svilenkastog premaza stvara protukliznu povr\u0161inu. Za vanjsku upotrebu.\" \/>\n<meta property=\"og:url\" content=\"https:\/\/consortium.hr\/sl\/product\/sadolin-terrace\/\" \/>\n<meta property=\"og:site_name\" content=\"Consortium\" \/>\n<meta property=\"article:modified_time\" content=\"2026-04-23T13:24:03+00:00\" \/>\n<meta property=\"og:image\" content=\"https:\/\/consortium.hr\/wp-content\/uploads\/2023\/02\/Sadolin-Terrace.png\" \/>\n\t<meta property=\"og:image:width\" content=\"800\" \/>\n\t<meta property=\"og:image:height\" content=\"800\" \/>\n\t<meta property=\"og:image:type\" content=\"image\/png\" \/>\n<meta name=\"twitter:card\" content=\"summary_large_image\" \/>\n<script type=\"application\/ld+json\" class=\"yoast-schema-graph\">{\"@context\":\"https:\/\/schema.org\",\"@graph\":[{\"@type\":\"WebPage\",\"@id\":\"https:\/\/consortium.hr\/product\/sadolin-terrace\/\",\"url\":\"https:\/\/consortium.hr\/product\/sadolin-terrace\/\",\"name\":\"Sadolin Terrace - Consortium\",\"isPartOf\":{\"@id\":\"https:\/\/consortium.hr\/#website\"},\"primaryImageOfPage\":{\"@id\":\"https:\/\/consortium.hr\/product\/sadolin-terrace\/#primaryimage\"},\"image\":{\"@id\":\"https:\/\/consortium.hr\/product\/sadolin-terrace\/#primaryimage\"},\"thumbnailUrl\":\"https:\/\/consortium.hr\/wp-content\/uploads\/2023\/02\/Sadolin-Terrace.png\",\"datePublished\":\"2023-02-21T15:13:49+00:00\",\"dateModified\":\"2026-04-23T13:24:03+00:00\",\"breadcrumb\":{\"@id\":\"https:\/\/consortium.hr\/product\/sadolin-terrace\/#breadcrumb\"},\"inLanguage\":\"sl-SI\",\"potentialAction\":[{\"@type\":\"ReadAction\",\"target\":[\"https:\/\/consortium.hr\/product\/sadolin-terrace\/\"]}]},{\"@type\":\"ImageObject\",\"inLanguage\":\"sl-SI\",\"@id\":\"https:\/\/consortium.hr\/product\/sadolin-terrace\/#primaryimage\",\"url\":\"https:\/\/consortium.hr\/wp-content\/uploads\/2023\/02\/Sadolin-Terrace.png\",\"contentUrl\":\"https:\/\/consortium.hr\/wp-content\/uploads\/2023\/02\/Sadolin-Terrace.png\",\"width\":800,\"height\":800},{\"@type\":\"BreadcrumbList\",\"@id\":\"https:\/\/consortium.hr\/product\/sadolin-terrace\/#breadcrumb\",\"itemListElement\":[{\"@type\":\"ListItem\",\"position\":1,\"name\":\"Po\u010detna stranica\",\"item\":\"https:\/\/consortium.hr\/sl\/\"},{\"@type\":\"ListItem\",\"position\":2,\"name\":\"Shop\",\"item\":\"https:\/\/consortium.hr\/sl\/shop\/\"},{\"@type\":\"ListItem\",\"position\":3,\"name\":\"Sadolin Terrace\"}]},{\"@type\":\"WebSite\",\"@id\":\"https:\/\/consortium.hr\/#website\",\"url\":\"https:\/\/consortium.hr\/\",\"name\":\"Consortium\",\"description\":\"Gra\u0111evinski Materijal - Odli\u010dna Ponuda i Cijena\",\"alternateName\":\"Gra\u0111evinski Materijal - Odli\u010dna Ponuda i Cijena\",\"potentialAction\":[{\"@type\":\"SearchAction\",\"target\":{\"@type\":\"EntryPoint\",\"urlTemplate\":\"https:\/\/consortium.hr\/?s={search_term_string}\"},\"query-input\":{\"@type\":\"PropertyValueSpecification\",\"valueRequired\":true,\"valueName\":\"search_term_string\"}}],\"inLanguage\":\"sl-SI\"}]}<\/script>\n<!-- \/ Yoast SEO plugin. -->","yoast_head_json":{"title":"Sadolin Terrace - Consortium","robots":{"index":"index","follow":"follow","max-snippet":"max-snippet:-1","max-image-preview":"max-image-preview:large","max-video-preview":"max-video-preview:-1"},"canonical":"https:\/\/consortium.hr\/sl\/product\/sadolin-terrace\/","og_locale":"sl_SI","og_type":"article","og_title":"Sadolin Terrace - Consortium","og_description":"Sadolin Terrace je lazura za vanjske drvene podove. Za specijalnu za\u0161titu drvene staze i stvaranja neklizave povr\u0161ine. Vodootporna, \u0161titi drvo od UV zra\u010denja. Drugi sloj svilenkastog premaza stvara protukliznu povr\u0161inu. Za vanjsku upotrebu.","og_url":"https:\/\/consortium.hr\/sl\/product\/sadolin-terrace\/","og_site_name":"Consortium","article_modified_time":"2026-04-23T13:24:03+00:00","og_image":[{"width":800,"height":800,"url":"https:\/\/consortium.hr\/wp-content\/uploads\/2023\/02\/Sadolin-Terrace.png","type":"image\/png"}],"twitter_card":"summary_large_image","schema":{"@context":"https:\/\/schema.org","@graph":[{"@type":"WebPage","@id":"https:\/\/consortium.hr\/product\/sadolin-terrace\/","url":"https:\/\/consortium.hr\/product\/sadolin-terrace\/","name":"Sadolin Terrace - Consortium","isPartOf":{"@id":"https:\/\/consortium.hr\/#website"},"primaryImageOfPage":{"@id":"https:\/\/consortium.hr\/product\/sadolin-terrace\/#primaryimage"},"image":{"@id":"https:\/\/consortium.hr\/product\/sadolin-terrace\/#primaryimage"},"thumbnailUrl":"https:\/\/consortium.hr\/wp-content\/uploads\/2023\/02\/Sadolin-Terrace.png","datePublished":"2023-02-21T15:13:49+00:00","dateModified":"2026-04-23T13:24:03+00:00","breadcrumb":{"@id":"https:\/\/consortium.hr\/product\/sadolin-terrace\/#breadcrumb"},"inLanguage":"sl-SI","potentialAction":[{"@type":"ReadAction","target":["https:\/\/consortium.hr\/product\/sadolin-terrace\/"]}]},{"@type":"ImageObject","inLanguage":"sl-SI","@id":"https:\/\/consortium.hr\/product\/sadolin-terrace\/#primaryimage","url":"https:\/\/consortium.hr\/wp-content\/uploads\/2023\/02\/Sadolin-Terrace.png","contentUrl":"https:\/\/consortium.hr\/wp-content\/uploads\/2023\/02\/Sadolin-Terrace.png","width":800,"height":800},{"@type":"BreadcrumbList","@id":"https:\/\/consortium.hr\/product\/sadolin-terrace\/#breadcrumb","itemListElement":[{"@type":"ListItem","position":1,"name":"Po\u010detna stranica","item":"https:\/\/consortium.hr\/sl\/"},{"@type":"ListItem","position":2,"name":"Shop","item":"https:\/\/consortium.hr\/sl\/shop\/"},{"@type":"ListItem","position":3,"name":"Sadolin Terrace"}]},{"@type":"WebSite","@id":"https:\/\/consortium.hr\/#website","url":"https:\/\/consortium.hr\/","name":"Consortium","description":"Gra\u0111evinski Materijal - Odli\u010dna Ponuda i Cijena","alternateName":"Gra\u0111evinski Materijal - Odli\u010dna Ponuda i Cijena","potentialAction":[{"@type":"SearchAction","target":{"@type":"EntryPoint","urlTemplate":"https:\/\/consortium.hr\/?s={search_term_string}"},"query-input":{"@type":"PropertyValueSpecification","valueRequired":true,"valueName":"search_term_string"}}],"inLanguage":"sl-SI"}]}},"_links":{"self":[{"href":"https:\/\/consortium.hr\/sl\/wp-json\/wp\/v2\/product\/3259","targetHints":{"allow":["GET"]}}],"collection":[{"href":"https:\/\/consortium.hr\/sl\/wp-json\/wp\/v2\/product"}],"about":[{"href":"https:\/\/consortium.hr\/sl\/wp-json\/wp\/v2\/types\/product"}],"wp:featuredmedia":[{"embeddable":true,"href":"https:\/\/consortium.hr\/sl\/wp-json\/wp\/v2\/media\/3260"}],"wp:attachment":[{"href":"https:\/\/consortium.hr\/sl\/wp-json\/wp\/v2\/media?parent=3259"}],"wp:term":[{"taxonomy":"product_brand","embeddable":true,"href":"https:\/\/consortium.hr\/sl\/wp-json\/wp\/v2\/product_brand?post=3259"},{"taxonomy":"product_cat","embeddable":true,"href":"https:\/\/consortium.hr\/sl\/wp-json\/wp\/v2\/product_cat?post=3259"},{"taxonomy":"product_tag","embeddable":true,"href":"https:\/\/consortium.hr\/sl\/wp-json\/wp\/v2\/product_tag?post=3259"}],"curies":[{"name":"wp","href":"https:\/\/api.w.org\/{rel}","templated":true}]}}