{"id":3300,"date":"2023-04-25T11:44:28","date_gmt":"2023-04-25T11:44:28","guid":{"rendered":"https:\/\/consortium.hr\/?post_type=product&#038;p=3300"},"modified":"2025-11-06T10:25:50","modified_gmt":"2025-11-06T10:25:50","slug":"bitumi-crni-500-ml","status":"publish","type":"product","link":"https:\/\/consortium.hr\/sl\/product\/bitumi-crni-500-ml\/","title":{"rendered":"Bitumi \u010drni 500 ml"},"content":{"rendered":"<p><strong>BITUMI je pr\u0161ilo z membrano na osnovi elastomerov, idealno za hidroizolacijo in tesnjenje na: strehah, vlaknocementnih plo\u0161\u010dah, terasah, stre\u0161nikih, skodlah, \u017elebovih, dimnikih, stre\u0161nih oknih, vodnih rezervoarjih, obrobah, zidovih, prelivih, razpokah v zidovih, odprtinah, okvirjih, barvanje in za\u0161\u010dito korit za ro\u017ee, fontan, vaz ter za\u0161\u010dito povr\u0161in. <\/strong><\/p>\n<p>Idealen za vse povr\u0161ine, posebej primeren za: <strong>les<\/strong>, <strong>plo\u010devino<\/strong>, <strong>aluminij<\/strong>, <strong>jeklo<\/strong>, <strong>beton<\/strong> in <strong>bitumen<\/strong>; oprime se in \u0161\u010diti brez potrebe po uporabi \u010dopi\u010da ali valj\u010dka.<\/p>\n<p>Omogo\u010da oblaganje in utrditev po\u0161kodovanih povr\u0161in betonskih streh, fiksiranje, prekrivanje ter celo trajno zapiranje lukenj in odrgnin.<\/p>\n<p>Prekriva in \u0161\u010diti povr\u0161ine brez po\u0161kodb.<\/p>\n<p>Ima dolgotrajen za\u0161\u010ditni u\u010dinek; \u010de se uporablja periodi\u010dno vsaj dvakrat letno (in v vsakem primeru takoj, ko opazite, da povr\u0161ina za\u010dne propadati), se njegova za\u0161\u010ditna mo\u010d pove\u010da.<\/p>","protected":false},"excerpt":{"rendered":"<p>BITUMI je sprej membrana na bazi elastomera idealna za hidroizolaciju i brtvljenje na: krovovima, vlaknocementnim plo\u010dama, terasama, crijepu, \u0161indri, olu\u010dnim kanalima, dimnjacima, krovnim prozorima, spremnicima za vodu, op\u0161avima, zidovima, preljevima, pukotinama u zidovima, otvorima, okvirima, bojanje i za\u0161tita \u017eardinjera, fontana, vaza, za\u0161tita povr\u0161ina. Idealan za sve povr\u0161ine, posebno je pogodan za: drvo, limove, aluminij, \u010delik, [&hellip;]<\/p>","protected":false},"featured_media":3301,"template":"","meta":{"_acf_changed":false},"product_brand":[],"product_cat":[169,180],"product_tag":[],"class_list":{"0":"post-3300","1":"product","2":"type-product","3":"status-publish","4":"has-post-thumbnail","6":"product_cat-boje-i-lakovi","7":"product_cat-sprejevi-kat","9":"first","10":"outofstock","11":"shipping-taxable","12":"purchasable","13":"product-type-simple"},"acf":[],"yoast_head":"<!-- This site is optimized with the Yoast SEO plugin v26.1.1 - https:\/\/yoast.com\/wordpress\/plugins\/seo\/ -->\n<title>Bitumi crni 500 ml - Consortium<\/title>\n<meta name=\"robots\" content=\"index, follow, max-snippet:-1, max-image-preview:large, max-video-preview:-1\" \/>\n<link rel=\"canonical\" href=\"https:\/\/consortium.hr\/sl\/product\/bitumi-crni-500-ml\/\" \/>\n<meta property=\"og:locale\" content=\"sl_SI\" \/>\n<meta property=\"og:type\" content=\"article\" \/>\n<meta property=\"og:title\" content=\"Bitumi crni 500 ml - Consortium\" \/>\n<meta property=\"og:description\" content=\"BITUMI je sprej membrana na bazi elastomera idealna za hidroizolaciju i brtvljenje na: krovovima, vlaknocementnim plo\u010dama, terasama, crijepu, \u0161indri, olu\u010dnim kanalima, dimnjacima, krovnim prozorima, spremnicima za vodu, op\u0161avima, zidovima, preljevima, pukotinama u zidovima, otvorima, okvirima, bojanje i za\u0161tita \u017eardinjera, fontana, vaza, za\u0161tita povr\u0161ina. Idealan za sve povr\u0161ine, posebno je pogodan za: drvo, limove, aluminij, \u010delik, [&hellip;]\" \/>\n<meta property=\"og:url\" content=\"https:\/\/consortium.hr\/sl\/product\/bitumi-crni-500-ml\/\" \/>\n<meta property=\"og:site_name\" content=\"Consortium\" \/>\n<meta property=\"article:modified_time\" content=\"2025-11-06T10:25:50+00:00\" \/>\n<meta property=\"og:image\" content=\"https:\/\/consortium.hr\/wp-content\/uploads\/2023\/04\/BITUMI.png\" \/>\n\t<meta property=\"og:image:width\" content=\"700\" \/>\n\t<meta property=\"og:image:height\" content=\"700\" \/>\n\t<meta property=\"og:image:type\" content=\"image\/png\" \/>\n<meta name=\"twitter:card\" content=\"summary_large_image\" \/>\n<meta name=\"twitter:label1\" content=\"Est. reading time\" \/>\n\t<meta name=\"twitter:data1\" content=\"1 minuta\" \/>\n<script type=\"application\/ld+json\" class=\"yoast-schema-graph\">{\"@context\":\"https:\/\/schema.org\",\"@graph\":[{\"@type\":\"WebPage\",\"@id\":\"https:\/\/consortium.hr\/product\/bitumi-crni-500-ml\/\",\"url\":\"https:\/\/consortium.hr\/product\/bitumi-crni-500-ml\/\",\"name\":\"Bitumi crni 500 ml - Consortium\",\"isPartOf\":{\"@id\":\"https:\/\/consortium.hr\/#website\"},\"primaryImageOfPage\":{\"@id\":\"https:\/\/consortium.hr\/product\/bitumi-crni-500-ml\/#primaryimage\"},\"image\":{\"@id\":\"https:\/\/consortium.hr\/product\/bitumi-crni-500-ml\/#primaryimage\"},\"thumbnailUrl\":\"https:\/\/consortium.hr\/wp-content\/uploads\/2023\/04\/BITUMI.png\",\"datePublished\":\"2023-04-25T11:44:28+00:00\",\"dateModified\":\"2025-11-06T10:25:50+00:00\",\"breadcrumb\":{\"@id\":\"https:\/\/consortium.hr\/product\/bitumi-crni-500-ml\/#breadcrumb\"},\"inLanguage\":\"sl-SI\",\"potentialAction\":[{\"@type\":\"ReadAction\",\"target\":[\"https:\/\/consortium.hr\/product\/bitumi-crni-500-ml\/\"]}]},{\"@type\":\"ImageObject\",\"inLanguage\":\"sl-SI\",\"@id\":\"https:\/\/consortium.hr\/product\/bitumi-crni-500-ml\/#primaryimage\",\"url\":\"https:\/\/consortium.hr\/wp-content\/uploads\/2023\/04\/BITUMI.png\",\"contentUrl\":\"https:\/\/consortium.hr\/wp-content\/uploads\/2023\/04\/BITUMI.png\",\"width\":700,\"height\":700},{\"@type\":\"BreadcrumbList\",\"@id\":\"https:\/\/consortium.hr\/product\/bitumi-crni-500-ml\/#breadcrumb\",\"itemListElement\":[{\"@type\":\"ListItem\",\"position\":1,\"name\":\"Po\u010detna stranica\",\"item\":\"https:\/\/consortium.hr\/sl\/\"},{\"@type\":\"ListItem\",\"position\":2,\"name\":\"Shop\",\"item\":\"https:\/\/consortium.hr\/sl\/shop\/\"},{\"@type\":\"ListItem\",\"position\":3,\"name\":\"Bitumi crni 500 ml\"}]},{\"@type\":\"WebSite\",\"@id\":\"https:\/\/consortium.hr\/#website\",\"url\":\"https:\/\/consortium.hr\/\",\"name\":\"Consortium\",\"description\":\"Gra\u0111evinski Materijal - Odli\u010dna Ponuda i Cijena\",\"alternateName\":\"Gra\u0111evinski Materijal - Odli\u010dna Ponuda i Cijena\",\"potentialAction\":[{\"@type\":\"SearchAction\",\"target\":{\"@type\":\"EntryPoint\",\"urlTemplate\":\"https:\/\/consortium.hr\/?s={search_term_string}\"},\"query-input\":{\"@type\":\"PropertyValueSpecification\",\"valueRequired\":true,\"valueName\":\"search_term_string\"}}],\"inLanguage\":\"sl-SI\"}]}<\/script>\n<!-- \/ Yoast SEO plugin. -->","yoast_head_json":{"title":"Bitumi crni 500 ml - Consortium","robots":{"index":"index","follow":"follow","max-snippet":"max-snippet:-1","max-image-preview":"max-image-preview:large","max-video-preview":"max-video-preview:-1"},"canonical":"https:\/\/consortium.hr\/sl\/product\/bitumi-crni-500-ml\/","og_locale":"sl_SI","og_type":"article","og_title":"Bitumi crni 500 ml - Consortium","og_description":"BITUMI je sprej membrana na bazi elastomera idealna za hidroizolaciju i brtvljenje na: krovovima, vlaknocementnim plo\u010dama, terasama, crijepu, \u0161indri, olu\u010dnim kanalima, dimnjacima, krovnim prozorima, spremnicima za vodu, op\u0161avima, zidovima, preljevima, pukotinama u zidovima, otvorima, okvirima, bojanje i za\u0161tita \u017eardinjera, fontana, vaza, za\u0161tita povr\u0161ina. Idealan za sve povr\u0161ine, posebno je pogodan za: drvo, limove, aluminij, \u010delik, [&hellip;]","og_url":"https:\/\/consortium.hr\/sl\/product\/bitumi-crni-500-ml\/","og_site_name":"Consortium","article_modified_time":"2025-11-06T10:25:50+00:00","og_image":[{"width":700,"height":700,"url":"https:\/\/consortium.hr\/wp-content\/uploads\/2023\/04\/BITUMI.png","type":"image\/png"}],"twitter_card":"summary_large_image","twitter_misc":{"Est. reading time":"1 minuta"},"schema":{"@context":"https:\/\/schema.org","@graph":[{"@type":"WebPage","@id":"https:\/\/consortium.hr\/product\/bitumi-crni-500-ml\/","url":"https:\/\/consortium.hr\/product\/bitumi-crni-500-ml\/","name":"Bitumi crni 500 ml - Consortium","isPartOf":{"@id":"https:\/\/consortium.hr\/#website"},"primaryImageOfPage":{"@id":"https:\/\/consortium.hr\/product\/bitumi-crni-500-ml\/#primaryimage"},"image":{"@id":"https:\/\/consortium.hr\/product\/bitumi-crni-500-ml\/#primaryimage"},"thumbnailUrl":"https:\/\/consortium.hr\/wp-content\/uploads\/2023\/04\/BITUMI.png","datePublished":"2023-04-25T11:44:28+00:00","dateModified":"2025-11-06T10:25:50+00:00","breadcrumb":{"@id":"https:\/\/consortium.hr\/product\/bitumi-crni-500-ml\/#breadcrumb"},"inLanguage":"sl-SI","potentialAction":[{"@type":"ReadAction","target":["https:\/\/consortium.hr\/product\/bitumi-crni-500-ml\/"]}]},{"@type":"ImageObject","inLanguage":"sl-SI","@id":"https:\/\/consortium.hr\/product\/bitumi-crni-500-ml\/#primaryimage","url":"https:\/\/consortium.hr\/wp-content\/uploads\/2023\/04\/BITUMI.png","contentUrl":"https:\/\/consortium.hr\/wp-content\/uploads\/2023\/04\/BITUMI.png","width":700,"height":700},{"@type":"BreadcrumbList","@id":"https:\/\/consortium.hr\/product\/bitumi-crni-500-ml\/#breadcrumb","itemListElement":[{"@type":"ListItem","position":1,"name":"Po\u010detna stranica","item":"https:\/\/consortium.hr\/sl\/"},{"@type":"ListItem","position":2,"name":"Shop","item":"https:\/\/consortium.hr\/sl\/shop\/"},{"@type":"ListItem","position":3,"name":"Bitumi crni 500 ml"}]},{"@type":"WebSite","@id":"https:\/\/consortium.hr\/#website","url":"https:\/\/consortium.hr\/","name":"Consortium","description":"Gra\u0111evinski Materijal - Odli\u010dna Ponuda i Cijena","alternateName":"Gra\u0111evinski Materijal - Odli\u010dna Ponuda i Cijena","potentialAction":[{"@type":"SearchAction","target":{"@type":"EntryPoint","urlTemplate":"https:\/\/consortium.hr\/?s={search_term_string}"},"query-input":{"@type":"PropertyValueSpecification","valueRequired":true,"valueName":"search_term_string"}}],"inLanguage":"sl-SI"}]}},"_links":{"self":[{"href":"https:\/\/consortium.hr\/sl\/wp-json\/wp\/v2\/product\/3300","targetHints":{"allow":["GET"]}}],"collection":[{"href":"https:\/\/consortium.hr\/sl\/wp-json\/wp\/v2\/product"}],"about":[{"href":"https:\/\/consortium.hr\/sl\/wp-json\/wp\/v2\/types\/product"}],"wp:featuredmedia":[{"embeddable":true,"href":"https:\/\/consortium.hr\/sl\/wp-json\/wp\/v2\/media\/3301"}],"wp:attachment":[{"href":"https:\/\/consortium.hr\/sl\/wp-json\/wp\/v2\/media?parent=3300"}],"wp:term":[{"taxonomy":"product_brand","embeddable":true,"href":"https:\/\/consortium.hr\/sl\/wp-json\/wp\/v2\/product_brand?post=3300"},{"taxonomy":"product_cat","embeddable":true,"href":"https:\/\/consortium.hr\/sl\/wp-json\/wp\/v2\/product_cat?post=3300"},{"taxonomy":"product_tag","embeddable":true,"href":"https:\/\/consortium.hr\/sl\/wp-json\/wp\/v2\/product_tag?post=3300"}],"curies":[{"name":"wp","href":"https:\/\/api.w.org\/{rel}","templated":true}]}}