{"id":3316,"date":"2023-05-17T14:08:14","date_gmt":"2023-05-17T14:08:14","guid":{"rendered":"https:\/\/consortium.hr\/?post_type=product&#038;p=3316"},"modified":"2026-04-04T09:02:55","modified_gmt":"2026-04-04T09:02:55","slug":"cipele-za-epoxy-podove","status":"publish","type":"product","link":"https:\/\/consortium.hr\/sl\/product\/cipele-za-epoxy-podove\/","title":{"rendered":"\u010cevlji za epoksi tla"},"content":{"rendered":"<p><strong>CIPELE ZA EPOXY PODOVE<\/strong><\/p>\n<p>- Katalo\u0161ki broj: SS5448<\/p>\n<p>- Barkod: 5906554510383<\/p>\n<p>- Dimenzija:<\/p>\n<p>- Pakiranje: 1 kom<\/p>\n<p>- Dr\u017eava izvora: POLJSKA<\/p>","protected":false},"excerpt":{"rendered":"<p>CIPELE ZA EPOXY PODOVE - Katalo\u0161ki broj: SS5448 - Barkod: 5906554510383 - Dimenzija: - Pakiranje: 1 kom - Zemlja podrijetla: POLJSKA<\/p>","protected":false},"featured_media":3317,"template":"","meta":{"_acf_changed":false},"product_brand":[],"product_cat":[151],"product_tag":[],"class_list":{"0":"post-3316","1":"product","2":"type-product","3":"status-publish","4":"has-post-thumbnail","6":"product_cat-uncategorized","8":"first","9":"instock","10":"shipping-taxable","11":"purchasable","12":"product-type-simple"},"acf":[],"yoast_head":"<!-- This site is optimized with the Yoast SEO plugin v26.1.1 - https:\/\/yoast.com\/wordpress\/plugins\/seo\/ -->\n<title>Cipele za epoxy podove - Consortium<\/title>\n<meta name=\"robots\" content=\"index, follow, max-snippet:-1, max-image-preview:large, max-video-preview:-1\" \/>\n<link rel=\"canonical\" href=\"https:\/\/consortium.hr\/sl\/product\/cipele-za-epoxy-podove\/\" \/>\n<meta property=\"og:locale\" content=\"sl_SI\" \/>\n<meta property=\"og:type\" content=\"article\" \/>\n<meta property=\"og:title\" content=\"Cipele za epoxy podove - Consortium\" \/>\n<meta property=\"og:description\" content=\"CIPELE ZA EPOXY PODOVE - Katalo\u0161ki broj: SS5448 - Barkod: 5906554510383 - Dimenzija: - Pakiranje: 1 kom - Zemlja podrijetla: POLJSKA\" \/>\n<meta property=\"og:url\" content=\"https:\/\/consortium.hr\/sl\/product\/cipele-za-epoxy-podove\/\" \/>\n<meta property=\"og:site_name\" content=\"Consortium\" \/>\n<meta property=\"article:modified_time\" content=\"2026-04-04T09:02:55+00:00\" \/>\n<meta property=\"og:image\" content=\"https:\/\/consortium.hr\/wp-content\/uploads\/2023\/05\/cipele.png\" \/>\n\t<meta property=\"og:image:width\" content=\"700\" \/>\n\t<meta property=\"og:image:height\" content=\"700\" \/>\n\t<meta property=\"og:image:type\" content=\"image\/png\" \/>\n<meta name=\"twitter:card\" content=\"summary_large_image\" \/>\n<script type=\"application\/ld+json\" class=\"yoast-schema-graph\">{\"@context\":\"https:\/\/schema.org\",\"@graph\":[{\"@type\":\"WebPage\",\"@id\":\"https:\/\/consortium.hr\/product\/cipele-za-epoxy-podove\/\",\"url\":\"https:\/\/consortium.hr\/product\/cipele-za-epoxy-podove\/\",\"name\":\"Cipele za epoxy podove - Consortium\",\"isPartOf\":{\"@id\":\"https:\/\/consortium.hr\/#website\"},\"primaryImageOfPage\":{\"@id\":\"https:\/\/consortium.hr\/product\/cipele-za-epoxy-podove\/#primaryimage\"},\"image\":{\"@id\":\"https:\/\/consortium.hr\/product\/cipele-za-epoxy-podove\/#primaryimage\"},\"thumbnailUrl\":\"https:\/\/consortium.hr\/wp-content\/uploads\/2023\/05\/cipele.png\",\"datePublished\":\"2023-05-17T14:08:14+00:00\",\"dateModified\":\"2026-04-04T09:02:55+00:00\",\"breadcrumb\":{\"@id\":\"https:\/\/consortium.hr\/product\/cipele-za-epoxy-podove\/#breadcrumb\"},\"inLanguage\":\"sl-SI\",\"potentialAction\":[{\"@type\":\"ReadAction\",\"target\":[\"https:\/\/consortium.hr\/product\/cipele-za-epoxy-podove\/\"]}]},{\"@type\":\"ImageObject\",\"inLanguage\":\"sl-SI\",\"@id\":\"https:\/\/consortium.hr\/product\/cipele-za-epoxy-podove\/#primaryimage\",\"url\":\"https:\/\/consortium.hr\/wp-content\/uploads\/2023\/05\/cipele.png\",\"contentUrl\":\"https:\/\/consortium.hr\/wp-content\/uploads\/2023\/05\/cipele.png\",\"width\":700,\"height\":700},{\"@type\":\"BreadcrumbList\",\"@id\":\"https:\/\/consortium.hr\/product\/cipele-za-epoxy-podove\/#breadcrumb\",\"itemListElement\":[{\"@type\":\"ListItem\",\"position\":1,\"name\":\"Po\u010detna stranica\",\"item\":\"https:\/\/consortium.hr\/sl\/\"},{\"@type\":\"ListItem\",\"position\":2,\"name\":\"Shop\",\"item\":\"https:\/\/consortium.hr\/sl\/shop\/\"},{\"@type\":\"ListItem\",\"position\":3,\"name\":\"Cipele za epoxy podove\"}]},{\"@type\":\"WebSite\",\"@id\":\"https:\/\/consortium.hr\/#website\",\"url\":\"https:\/\/consortium.hr\/\",\"name\":\"Consortium\",\"description\":\"Gra\u0111evinski Materijal - Odli\u010dna Ponuda i Cijena\",\"alternateName\":\"Gra\u0111evinski Materijal - Odli\u010dna Ponuda i Cijena\",\"potentialAction\":[{\"@type\":\"SearchAction\",\"target\":{\"@type\":\"EntryPoint\",\"urlTemplate\":\"https:\/\/consortium.hr\/?s={search_term_string}\"},\"query-input\":{\"@type\":\"PropertyValueSpecification\",\"valueRequired\":true,\"valueName\":\"search_term_string\"}}],\"inLanguage\":\"sl-SI\"}]}<\/script>\n<!-- \/ Yoast SEO plugin. -->","yoast_head_json":{"title":"Cipele za epoxy podove - Consortium","robots":{"index":"index","follow":"follow","max-snippet":"max-snippet:-1","max-image-preview":"max-image-preview:large","max-video-preview":"max-video-preview:-1"},"canonical":"https:\/\/consortium.hr\/sl\/product\/cipele-za-epoxy-podove\/","og_locale":"sl_SI","og_type":"article","og_title":"Cipele za epoxy podove - Consortium","og_description":"CIPELE ZA EPOXY PODOVE - Katalo\u0161ki broj: SS5448 - Barkod: 5906554510383 - Dimenzija: - Pakiranje: 1 kom - Zemlja podrijetla: POLJSKA","og_url":"https:\/\/consortium.hr\/sl\/product\/cipele-za-epoxy-podove\/","og_site_name":"Consortium","article_modified_time":"2026-04-04T09:02:55+00:00","og_image":[{"width":700,"height":700,"url":"https:\/\/consortium.hr\/wp-content\/uploads\/2023\/05\/cipele.png","type":"image\/png"}],"twitter_card":"summary_large_image","schema":{"@context":"https:\/\/schema.org","@graph":[{"@type":"WebPage","@id":"https:\/\/consortium.hr\/product\/cipele-za-epoxy-podove\/","url":"https:\/\/consortium.hr\/product\/cipele-za-epoxy-podove\/","name":"Cipele za epoxy podove - Consortium","isPartOf":{"@id":"https:\/\/consortium.hr\/#website"},"primaryImageOfPage":{"@id":"https:\/\/consortium.hr\/product\/cipele-za-epoxy-podove\/#primaryimage"},"image":{"@id":"https:\/\/consortium.hr\/product\/cipele-za-epoxy-podove\/#primaryimage"},"thumbnailUrl":"https:\/\/consortium.hr\/wp-content\/uploads\/2023\/05\/cipele.png","datePublished":"2023-05-17T14:08:14+00:00","dateModified":"2026-04-04T09:02:55+00:00","breadcrumb":{"@id":"https:\/\/consortium.hr\/product\/cipele-za-epoxy-podove\/#breadcrumb"},"inLanguage":"sl-SI","potentialAction":[{"@type":"ReadAction","target":["https:\/\/consortium.hr\/product\/cipele-za-epoxy-podove\/"]}]},{"@type":"ImageObject","inLanguage":"sl-SI","@id":"https:\/\/consortium.hr\/product\/cipele-za-epoxy-podove\/#primaryimage","url":"https:\/\/consortium.hr\/wp-content\/uploads\/2023\/05\/cipele.png","contentUrl":"https:\/\/consortium.hr\/wp-content\/uploads\/2023\/05\/cipele.png","width":700,"height":700},{"@type":"BreadcrumbList","@id":"https:\/\/consortium.hr\/product\/cipele-za-epoxy-podove\/#breadcrumb","itemListElement":[{"@type":"ListItem","position":1,"name":"Po\u010detna stranica","item":"https:\/\/consortium.hr\/sl\/"},{"@type":"ListItem","position":2,"name":"Shop","item":"https:\/\/consortium.hr\/sl\/shop\/"},{"@type":"ListItem","position":3,"name":"Cipele za epoxy podove"}]},{"@type":"WebSite","@id":"https:\/\/consortium.hr\/#website","url":"https:\/\/consortium.hr\/","name":"Consortium","description":"Gra\u0111evinski Materijal - Odli\u010dna Ponuda i Cijena","alternateName":"Gra\u0111evinski Materijal - Odli\u010dna Ponuda i Cijena","potentialAction":[{"@type":"SearchAction","target":{"@type":"EntryPoint","urlTemplate":"https:\/\/consortium.hr\/?s={search_term_string}"},"query-input":{"@type":"PropertyValueSpecification","valueRequired":true,"valueName":"search_term_string"}}],"inLanguage":"sl-SI"}]}},"_links":{"self":[{"href":"https:\/\/consortium.hr\/sl\/wp-json\/wp\/v2\/product\/3316","targetHints":{"allow":["GET"]}}],"collection":[{"href":"https:\/\/consortium.hr\/sl\/wp-json\/wp\/v2\/product"}],"about":[{"href":"https:\/\/consortium.hr\/sl\/wp-json\/wp\/v2\/types\/product"}],"wp:featuredmedia":[{"embeddable":true,"href":"https:\/\/consortium.hr\/sl\/wp-json\/wp\/v2\/media\/3317"}],"wp:attachment":[{"href":"https:\/\/consortium.hr\/sl\/wp-json\/wp\/v2\/media?parent=3316"}],"wp:term":[{"taxonomy":"product_brand","embeddable":true,"href":"https:\/\/consortium.hr\/sl\/wp-json\/wp\/v2\/product_brand?post=3316"},{"taxonomy":"product_cat","embeddable":true,"href":"https:\/\/consortium.hr\/sl\/wp-json\/wp\/v2\/product_cat?post=3316"},{"taxonomy":"product_tag","embeddable":true,"href":"https:\/\/consortium.hr\/sl\/wp-json\/wp\/v2\/product_tag?post=3316"}],"curies":[{"name":"wp","href":"https:\/\/api.w.org\/{rel}","templated":true}]}}