{"id":3830,"date":"2024-02-19T11:53:20","date_gmt":"2024-02-19T11:53:20","guid":{"rendered":"https:\/\/consortium.hr\/?post_type=product&#038;p=3830"},"modified":"2026-04-22T13:02:57","modified_gmt":"2026-04-22T13:02:57","slug":"3m-maska-respirator-m","status":"publish","type":"product","link":"https:\/\/consortium.hr\/sl\/product\/3m-maska-respirator-m\/","title":{"rendered":"3M maska respirator (M)"},"content":{"rendered":"<p><strong>3M polmaska 6200 M<\/strong><\/p>\n<p><strong><span class=\"fontstyle0\">Polmaska 3M\u2122 6200 (srednja)<br \/>\nKlasifikacija:\u00a0<\/span><span class=\"fontstyle2\">EN140:1998<\/span><br \/>\n<\/strong><\/p>\n<p><strong><span class=\"fontstyle2\"><span class=\"fontstyle0\">Varnostni pas za glavo<br \/>\n<\/span><\/span><\/strong><span class=\"fontstyle2\">\u2022 Zasnovan za zdru\u017eljivost z drugo\u00a0<\/span><span class=\"fontstyle2\">za\u0161\u010dito za glavo in o\u010di 3M<br \/>\n\u2022 Podporni sistem pasu za glavo omogo\u010da udobno prileganje 3M polmaske<br \/>\n<\/span><span class=\"fontstyle2\">\u2022 Trak za vrat omogo\u010da enostavno zapenjanje<\/span><strong><span class=\"fontstyle2\"><br \/>\n<\/span><\/strong><\/p>\n<p><span class=\"fontstyle2\"><span class=\"fontstyle0\"><strong>Okvir za obraz:<\/strong><br \/>\n<\/span>\u2022 Tri velikosti, ozna\u010dene z razli\u010dnimi barvami za la\u017ejo prepoznavo<br \/>\n\u2022 Lahek elastomerni material za udobje med dalj\u0161im delom<br \/>\n\u2022 Izjemno nizka te\u017ea \u2013 samo 82 g<br \/>\n\u2022 Minimalni stro\u0161ki vzdr\u017eevanja<br \/>\n<\/span><\/p>\n<p><span class=\"fontstyle2\"><span class=\"fontstyle0\"><strong>Oblikovanje z nizkim profilom:<\/strong><br \/>\n<\/span>\u2022 Zmanj\u0161uje oviranje vidnega polja<br \/>\n\u2022 Pove\u010dana enostavnost pri ravnanju s 3M polmasko<br \/>\n<\/span><\/p>\n<p><span class=\"fontstyle0\">3M\u2122 ve\u010dkratne polmaske serije 6000 so cenovno ugodna izbira, saj jih odlikuje enostavno vzdr\u017eevanje, preprosta uporaba in nizka te\u017ea. Na voljo so v treh velikostih, vse maske imajo bajonetni sistem pritrjevanja 3M\u2122, ki omogo\u010da priklju\u010ditev \u0161irokega nabora dvojnih filtrov za za\u0161\u010dito pred plini, hlapi in delci, odvisno od va\u0161ih potreb. 3M polmaske serije 6000 je mogo\u010de uporabljati tudi s 3M\u2122 sistemi za dovod zraka za ve\u010djo prilagodljivost in udobje.<\/span><\/p>\n<p>U paketu se nalazi:<\/p>\n<ul>\n<li>polumaska serije 3M 6200<\/li>\n<\/ul>","protected":false},"excerpt":{"rendered":"<p>3M polumaska 6200 M Polumaska 3M\u2122 6200 (srednja) Klasifikacija:\u00a0EN140:1998 Sigurnosni pojas za glavu \u2022 Osmi\u0161ljen za kompatibilnost s drugom\u00a0za\u0161titom za glavu i o\u010di 3M \u2022 Potporni sustav pojasa za glavu\u00a0omogu\u0107ava udobno pristajanje 3M polumaske \u2022 Traka za vrat lako se kop\u010da Okvir za lice \u2022 Tri veli\u010dine ozna\u010dene razli\u010ditim bojama za jednostavniju identifikaciju \u2022 Lagani [&hellip;]<\/p>","protected":false},"featured_media":3831,"template":"","meta":{"_acf_changed":false},"product_brand":[],"product_cat":[252,251],"product_tag":[],"class_list":{"0":"post-3830","1":"product","2":"type-product","3":"status-publish","4":"has-post-thumbnail","6":"product_cat-zastita-glave","7":"product_cat-zastitna-oprema","9":"first","10":"instock","11":"shipping-taxable","12":"purchasable","13":"product-type-simple"},"acf":[],"yoast_head":"<!-- This site is optimized with the Yoast SEO plugin v26.1.1 - https:\/\/yoast.com\/wordpress\/plugins\/seo\/ -->\n<title>3M maska respirator (M) - Consortium<\/title>\n<meta name=\"robots\" content=\"index, follow, max-snippet:-1, max-image-preview:large, max-video-preview:-1\" \/>\n<link rel=\"canonical\" href=\"https:\/\/consortium.hr\/sl\/product\/3m-maska-respirator-m\/\" \/>\n<meta property=\"og:locale\" content=\"sl_SI\" \/>\n<meta property=\"og:type\" content=\"article\" \/>\n<meta property=\"og:title\" content=\"3M maska respirator (M) - Consortium\" \/>\n<meta property=\"og:description\" content=\"3M polumaska 6200 M Polumaska 3M\u2122 6200 (srednja) Klasifikacija:\u00a0EN140:1998 Sigurnosni pojas za glavu \u2022 Osmi\u0161ljen za kompatibilnost s drugom\u00a0za\u0161titom za glavu i o\u010di 3M \u2022 Potporni sustav pojasa za glavu\u00a0omogu\u0107ava udobno pristajanje 3M polumaske \u2022 Traka za vrat lako se kop\u010da Okvir za lice \u2022 Tri veli\u010dine ozna\u010dene razli\u010ditim bojama za jednostavniju identifikaciju \u2022 Lagani [&hellip;]\" \/>\n<meta property=\"og:url\" content=\"https:\/\/consortium.hr\/sl\/product\/3m-maska-respirator-m\/\" \/>\n<meta property=\"og:site_name\" content=\"Consortium\" \/>\n<meta property=\"article:modified_time\" content=\"2026-04-22T13:02:57+00:00\" \/>\n<meta property=\"og:image\" content=\"https:\/\/consortium.hr\/wp-content\/uploads\/2024\/02\/243300-1-3m-polumaska-6200-m_6093ebdbe9c39.jpg\" \/>\n\t<meta property=\"og:image:width\" content=\"800\" \/>\n\t<meta property=\"og:image:height\" content=\"800\" \/>\n\t<meta property=\"og:image:type\" content=\"image\/jpeg\" \/>\n<meta name=\"twitter:card\" content=\"summary_large_image\" \/>\n<meta name=\"twitter:label1\" content=\"Est. reading time\" \/>\n\t<meta name=\"twitter:data1\" content=\"1 minuta\" \/>\n<script type=\"application\/ld+json\" class=\"yoast-schema-graph\">{\"@context\":\"https:\/\/schema.org\",\"@graph\":[{\"@type\":\"WebPage\",\"@id\":\"https:\/\/consortium.hr\/product\/3m-maska-respirator-m\/\",\"url\":\"https:\/\/consortium.hr\/product\/3m-maska-respirator-m\/\",\"name\":\"3M maska respirator (M) - Consortium\",\"isPartOf\":{\"@id\":\"https:\/\/consortium.hr\/#website\"},\"primaryImageOfPage\":{\"@id\":\"https:\/\/consortium.hr\/product\/3m-maska-respirator-m\/#primaryimage\"},\"image\":{\"@id\":\"https:\/\/consortium.hr\/product\/3m-maska-respirator-m\/#primaryimage\"},\"thumbnailUrl\":\"https:\/\/consortium.hr\/wp-content\/uploads\/2024\/02\/243300-1-3m-polumaska-6200-m_6093ebdbe9c39.jpg\",\"datePublished\":\"2024-02-19T11:53:20+00:00\",\"dateModified\":\"2026-04-22T13:02:57+00:00\",\"breadcrumb\":{\"@id\":\"https:\/\/consortium.hr\/product\/3m-maska-respirator-m\/#breadcrumb\"},\"inLanguage\":\"sl-SI\",\"potentialAction\":[{\"@type\":\"ReadAction\",\"target\":[\"https:\/\/consortium.hr\/product\/3m-maska-respirator-m\/\"]}]},{\"@type\":\"ImageObject\",\"inLanguage\":\"sl-SI\",\"@id\":\"https:\/\/consortium.hr\/product\/3m-maska-respirator-m\/#primaryimage\",\"url\":\"https:\/\/consortium.hr\/wp-content\/uploads\/2024\/02\/243300-1-3m-polumaska-6200-m_6093ebdbe9c39.jpg\",\"contentUrl\":\"https:\/\/consortium.hr\/wp-content\/uploads\/2024\/02\/243300-1-3m-polumaska-6200-m_6093ebdbe9c39.jpg\",\"width\":800,\"height\":800},{\"@type\":\"BreadcrumbList\",\"@id\":\"https:\/\/consortium.hr\/product\/3m-maska-respirator-m\/#breadcrumb\",\"itemListElement\":[{\"@type\":\"ListItem\",\"position\":1,\"name\":\"Po\u010detna stranica\",\"item\":\"https:\/\/consortium.hr\/sl\/\"},{\"@type\":\"ListItem\",\"position\":2,\"name\":\"Shop\",\"item\":\"https:\/\/consortium.hr\/sl\/shop\/\"},{\"@type\":\"ListItem\",\"position\":3,\"name\":\"3M maska respirator (M)\"}]},{\"@type\":\"WebSite\",\"@id\":\"https:\/\/consortium.hr\/#website\",\"url\":\"https:\/\/consortium.hr\/\",\"name\":\"Consortium\",\"description\":\"Gra\u0111evinski Materijal - Odli\u010dna Ponuda i Cijena\",\"alternateName\":\"Gra\u0111evinski Materijal - Odli\u010dna Ponuda i Cijena\",\"potentialAction\":[{\"@type\":\"SearchAction\",\"target\":{\"@type\":\"EntryPoint\",\"urlTemplate\":\"https:\/\/consortium.hr\/?s={search_term_string}\"},\"query-input\":{\"@type\":\"PropertyValueSpecification\",\"valueRequired\":true,\"valueName\":\"search_term_string\"}}],\"inLanguage\":\"sl-SI\"}]}<\/script>\n<!-- \/ Yoast SEO plugin. -->","yoast_head_json":{"title":"3M maska respirator (M) - Consortium","robots":{"index":"index","follow":"follow","max-snippet":"max-snippet:-1","max-image-preview":"max-image-preview:large","max-video-preview":"max-video-preview:-1"},"canonical":"https:\/\/consortium.hr\/sl\/product\/3m-maska-respirator-m\/","og_locale":"sl_SI","og_type":"article","og_title":"3M maska respirator (M) - Consortium","og_description":"3M polumaska 6200 M Polumaska 3M\u2122 6200 (srednja) Klasifikacija:\u00a0EN140:1998 Sigurnosni pojas za glavu \u2022 Osmi\u0161ljen za kompatibilnost s drugom\u00a0za\u0161titom za glavu i o\u010di 3M \u2022 Potporni sustav pojasa za glavu\u00a0omogu\u0107ava udobno pristajanje 3M polumaske \u2022 Traka za vrat lako se kop\u010da Okvir za lice \u2022 Tri veli\u010dine ozna\u010dene razli\u010ditim bojama za jednostavniju identifikaciju \u2022 Lagani [&hellip;]","og_url":"https:\/\/consortium.hr\/sl\/product\/3m-maska-respirator-m\/","og_site_name":"Consortium","article_modified_time":"2026-04-22T13:02:57+00:00","og_image":[{"width":800,"height":800,"url":"https:\/\/consortium.hr\/wp-content\/uploads\/2024\/02\/243300-1-3m-polumaska-6200-m_6093ebdbe9c39.jpg","type":"image\/jpeg"}],"twitter_card":"summary_large_image","twitter_misc":{"Est. reading time":"1 minuta"},"schema":{"@context":"https:\/\/schema.org","@graph":[{"@type":"WebPage","@id":"https:\/\/consortium.hr\/product\/3m-maska-respirator-m\/","url":"https:\/\/consortium.hr\/product\/3m-maska-respirator-m\/","name":"3M maska respirator (M) - Consortium","isPartOf":{"@id":"https:\/\/consortium.hr\/#website"},"primaryImageOfPage":{"@id":"https:\/\/consortium.hr\/product\/3m-maska-respirator-m\/#primaryimage"},"image":{"@id":"https:\/\/consortium.hr\/product\/3m-maska-respirator-m\/#primaryimage"},"thumbnailUrl":"https:\/\/consortium.hr\/wp-content\/uploads\/2024\/02\/243300-1-3m-polumaska-6200-m_6093ebdbe9c39.jpg","datePublished":"2024-02-19T11:53:20+00:00","dateModified":"2026-04-22T13:02:57+00:00","breadcrumb":{"@id":"https:\/\/consortium.hr\/product\/3m-maska-respirator-m\/#breadcrumb"},"inLanguage":"sl-SI","potentialAction":[{"@type":"ReadAction","target":["https:\/\/consortium.hr\/product\/3m-maska-respirator-m\/"]}]},{"@type":"ImageObject","inLanguage":"sl-SI","@id":"https:\/\/consortium.hr\/product\/3m-maska-respirator-m\/#primaryimage","url":"https:\/\/consortium.hr\/wp-content\/uploads\/2024\/02\/243300-1-3m-polumaska-6200-m_6093ebdbe9c39.jpg","contentUrl":"https:\/\/consortium.hr\/wp-content\/uploads\/2024\/02\/243300-1-3m-polumaska-6200-m_6093ebdbe9c39.jpg","width":800,"height":800},{"@type":"BreadcrumbList","@id":"https:\/\/consortium.hr\/product\/3m-maska-respirator-m\/#breadcrumb","itemListElement":[{"@type":"ListItem","position":1,"name":"Po\u010detna stranica","item":"https:\/\/consortium.hr\/sl\/"},{"@type":"ListItem","position":2,"name":"Shop","item":"https:\/\/consortium.hr\/sl\/shop\/"},{"@type":"ListItem","position":3,"name":"3M maska respirator (M)"}]},{"@type":"WebSite","@id":"https:\/\/consortium.hr\/#website","url":"https:\/\/consortium.hr\/","name":"Consortium","description":"Gra\u0111evinski Materijal - Odli\u010dna Ponuda i Cijena","alternateName":"Gra\u0111evinski Materijal - Odli\u010dna Ponuda i Cijena","potentialAction":[{"@type":"SearchAction","target":{"@type":"EntryPoint","urlTemplate":"https:\/\/consortium.hr\/?s={search_term_string}"},"query-input":{"@type":"PropertyValueSpecification","valueRequired":true,"valueName":"search_term_string"}}],"inLanguage":"sl-SI"}]}},"_links":{"self":[{"href":"https:\/\/consortium.hr\/sl\/wp-json\/wp\/v2\/product\/3830","targetHints":{"allow":["GET"]}}],"collection":[{"href":"https:\/\/consortium.hr\/sl\/wp-json\/wp\/v2\/product"}],"about":[{"href":"https:\/\/consortium.hr\/sl\/wp-json\/wp\/v2\/types\/product"}],"wp:featuredmedia":[{"embeddable":true,"href":"https:\/\/consortium.hr\/sl\/wp-json\/wp\/v2\/media\/3831"}],"wp:attachment":[{"href":"https:\/\/consortium.hr\/sl\/wp-json\/wp\/v2\/media?parent=3830"}],"wp:term":[{"taxonomy":"product_brand","embeddable":true,"href":"https:\/\/consortium.hr\/sl\/wp-json\/wp\/v2\/product_brand?post=3830"},{"taxonomy":"product_cat","embeddable":true,"href":"https:\/\/consortium.hr\/sl\/wp-json\/wp\/v2\/product_cat?post=3830"},{"taxonomy":"product_tag","embeddable":true,"href":"https:\/\/consortium.hr\/sl\/wp-json\/wp\/v2\/product_tag?post=3830"}],"curies":[{"name":"wp","href":"https:\/\/api.w.org\/{rel}","templated":true}]}}