{"id":4072,"date":"2024-02-22T12:10:56","date_gmt":"2024-02-22T12:10:56","guid":{"rendered":"https:\/\/consortium.hr\/?post_type=product&#038;p=4072"},"modified":"2026-04-16T14:22:56","modified_gmt":"2026-04-16T14:22:56","slug":"bordura-bovelacci-i742","status":"publish","type":"product","link":"https:\/\/consortium.hr\/sl\/product\/bordura-bovelacci-i742\/","title":{"rendered":"Bordura Bovelacci \"I742\""},"content":{"rendered":"<p>Stropna obroba<br \/>\nDimenzije: 3 x 3,5 x 200 cm<\/p>","protected":false},"excerpt":{"rendered":"<p>Ceiling coving Dimensions: 3 x 3,5 x 200 cm<\/p>","protected":false},"featured_media":4073,"template":"","meta":{"_acf_changed":false},"product_brand":[],"product_cat":[186,187],"product_tag":[],"class_list":{"0":"post-4072","1":"product","2":"type-product","3":"status-publish","4":"has-post-thumbnail","6":"product_cat-dekorativni-program","7":"product_cat-ukrasni-stiropor","9":"first","10":"instock","11":"shipping-taxable","12":"purchasable","13":"product-type-simple"},"acf":[],"yoast_head":"<!-- This site is optimized with the Yoast SEO plugin v26.1.1 - https:\/\/yoast.com\/wordpress\/plugins\/seo\/ -->\n<title>Bordura Bovelacci &quot;I742&quot; - Consortium<\/title>\n<meta name=\"robots\" content=\"index, follow, max-snippet:-1, max-image-preview:large, max-video-preview:-1\" \/>\n<link rel=\"canonical\" href=\"https:\/\/consortium.hr\/sl\/product\/bordura-bovelacci-i742\/\" \/>\n<meta property=\"og:locale\" content=\"sl_SI\" \/>\n<meta property=\"og:type\" content=\"article\" \/>\n<meta property=\"og:title\" content=\"Bordura Bovelacci &quot;I742&quot; - Consortium\" \/>\n<meta property=\"og:description\" content=\"Ceiling coving Dimensions: 3 x 3,5 x 200 cm\" \/>\n<meta property=\"og:url\" content=\"https:\/\/consortium.hr\/sl\/product\/bordura-bovelacci-i742\/\" \/>\n<meta property=\"og:site_name\" content=\"Consortium\" \/>\n<meta property=\"article:modified_time\" content=\"2026-04-16T14:22:56+00:00\" \/>\n<meta property=\"og:image\" content=\"https:\/\/consortium.hr\/wp-content\/uploads\/2024\/02\/I742.jpg\" \/>\n\t<meta property=\"og:image:width\" content=\"800\" \/>\n\t<meta property=\"og:image:height\" content=\"800\" \/>\n\t<meta property=\"og:image:type\" content=\"image\/jpeg\" \/>\n<meta name=\"twitter:card\" content=\"summary_large_image\" \/>\n<script type=\"application\/ld+json\" class=\"yoast-schema-graph\">{\"@context\":\"https:\/\/schema.org\",\"@graph\":[{\"@type\":\"WebPage\",\"@id\":\"https:\/\/consortium.hr\/product\/bordura-bovelacci-i742\/\",\"url\":\"https:\/\/consortium.hr\/product\/bordura-bovelacci-i742\/\",\"name\":\"Bordura Bovelacci \\\"I742\\\" - Consortium\",\"isPartOf\":{\"@id\":\"https:\/\/consortium.hr\/#website\"},\"primaryImageOfPage\":{\"@id\":\"https:\/\/consortium.hr\/product\/bordura-bovelacci-i742\/#primaryimage\"},\"image\":{\"@id\":\"https:\/\/consortium.hr\/product\/bordura-bovelacci-i742\/#primaryimage\"},\"thumbnailUrl\":\"https:\/\/consortium.hr\/wp-content\/uploads\/2024\/02\/I742.jpg\",\"datePublished\":\"2024-02-22T12:10:56+00:00\",\"dateModified\":\"2026-04-16T14:22:56+00:00\",\"breadcrumb\":{\"@id\":\"https:\/\/consortium.hr\/product\/bordura-bovelacci-i742\/#breadcrumb\"},\"inLanguage\":\"sl-SI\",\"potentialAction\":[{\"@type\":\"ReadAction\",\"target\":[\"https:\/\/consortium.hr\/product\/bordura-bovelacci-i742\/\"]}]},{\"@type\":\"ImageObject\",\"inLanguage\":\"sl-SI\",\"@id\":\"https:\/\/consortium.hr\/product\/bordura-bovelacci-i742\/#primaryimage\",\"url\":\"https:\/\/consortium.hr\/wp-content\/uploads\/2024\/02\/I742.jpg\",\"contentUrl\":\"https:\/\/consortium.hr\/wp-content\/uploads\/2024\/02\/I742.jpg\",\"width\":800,\"height\":800},{\"@type\":\"BreadcrumbList\",\"@id\":\"https:\/\/consortium.hr\/product\/bordura-bovelacci-i742\/#breadcrumb\",\"itemListElement\":[{\"@type\":\"ListItem\",\"position\":1,\"name\":\"Po\u010detna stranica\",\"item\":\"https:\/\/consortium.hr\/sl\/\"},{\"@type\":\"ListItem\",\"position\":2,\"name\":\"Shop\",\"item\":\"https:\/\/consortium.hr\/sl\/shop\/\"},{\"@type\":\"ListItem\",\"position\":3,\"name\":\"Bordura Bovelacci \\\"I742\\\"\"}]},{\"@type\":\"WebSite\",\"@id\":\"https:\/\/consortium.hr\/#website\",\"url\":\"https:\/\/consortium.hr\/\",\"name\":\"Consortium\",\"description\":\"Gra\u0111evinski Materijal - Odli\u010dna Ponuda i Cijena\",\"alternateName\":\"Gra\u0111evinski Materijal - Odli\u010dna Ponuda i Cijena\",\"potentialAction\":[{\"@type\":\"SearchAction\",\"target\":{\"@type\":\"EntryPoint\",\"urlTemplate\":\"https:\/\/consortium.hr\/?s={search_term_string}\"},\"query-input\":{\"@type\":\"PropertyValueSpecification\",\"valueRequired\":true,\"valueName\":\"search_term_string\"}}],\"inLanguage\":\"sl-SI\"}]}<\/script>\n<!-- \/ Yoast SEO plugin. -->","yoast_head_json":{"title":"Bordura Bovelacci \"I742\" - Consortium","robots":{"index":"index","follow":"follow","max-snippet":"max-snippet:-1","max-image-preview":"max-image-preview:large","max-video-preview":"max-video-preview:-1"},"canonical":"https:\/\/consortium.hr\/sl\/product\/bordura-bovelacci-i742\/","og_locale":"sl_SI","og_type":"article","og_title":"Bordura Bovelacci \"I742\" - Consortium","og_description":"Ceiling coving Dimensions: 3 x 3,5 x 200 cm","og_url":"https:\/\/consortium.hr\/sl\/product\/bordura-bovelacci-i742\/","og_site_name":"Consortium","article_modified_time":"2026-04-16T14:22:56+00:00","og_image":[{"width":800,"height":800,"url":"https:\/\/consortium.hr\/wp-content\/uploads\/2024\/02\/I742.jpg","type":"image\/jpeg"}],"twitter_card":"summary_large_image","schema":{"@context":"https:\/\/schema.org","@graph":[{"@type":"WebPage","@id":"https:\/\/consortium.hr\/product\/bordura-bovelacci-i742\/","url":"https:\/\/consortium.hr\/product\/bordura-bovelacci-i742\/","name":"Bordura Bovelacci \"I742\" - Consortium","isPartOf":{"@id":"https:\/\/consortium.hr\/#website"},"primaryImageOfPage":{"@id":"https:\/\/consortium.hr\/product\/bordura-bovelacci-i742\/#primaryimage"},"image":{"@id":"https:\/\/consortium.hr\/product\/bordura-bovelacci-i742\/#primaryimage"},"thumbnailUrl":"https:\/\/consortium.hr\/wp-content\/uploads\/2024\/02\/I742.jpg","datePublished":"2024-02-22T12:10:56+00:00","dateModified":"2026-04-16T14:22:56+00:00","breadcrumb":{"@id":"https:\/\/consortium.hr\/product\/bordura-bovelacci-i742\/#breadcrumb"},"inLanguage":"sl-SI","potentialAction":[{"@type":"ReadAction","target":["https:\/\/consortium.hr\/product\/bordura-bovelacci-i742\/"]}]},{"@type":"ImageObject","inLanguage":"sl-SI","@id":"https:\/\/consortium.hr\/product\/bordura-bovelacci-i742\/#primaryimage","url":"https:\/\/consortium.hr\/wp-content\/uploads\/2024\/02\/I742.jpg","contentUrl":"https:\/\/consortium.hr\/wp-content\/uploads\/2024\/02\/I742.jpg","width":800,"height":800},{"@type":"BreadcrumbList","@id":"https:\/\/consortium.hr\/product\/bordura-bovelacci-i742\/#breadcrumb","itemListElement":[{"@type":"ListItem","position":1,"name":"Po\u010detna stranica","item":"https:\/\/consortium.hr\/sl\/"},{"@type":"ListItem","position":2,"name":"Shop","item":"https:\/\/consortium.hr\/sl\/shop\/"},{"@type":"ListItem","position":3,"name":"Bordura Bovelacci \"I742\""}]},{"@type":"WebSite","@id":"https:\/\/consortium.hr\/#website","url":"https:\/\/consortium.hr\/","name":"Consortium","description":"Gra\u0111evinski Materijal - Odli\u010dna Ponuda i Cijena","alternateName":"Gra\u0111evinski Materijal - Odli\u010dna Ponuda i Cijena","potentialAction":[{"@type":"SearchAction","target":{"@type":"EntryPoint","urlTemplate":"https:\/\/consortium.hr\/?s={search_term_string}"},"query-input":{"@type":"PropertyValueSpecification","valueRequired":true,"valueName":"search_term_string"}}],"inLanguage":"sl-SI"}]}},"_links":{"self":[{"href":"https:\/\/consortium.hr\/sl\/wp-json\/wp\/v2\/product\/4072","targetHints":{"allow":["GET"]}}],"collection":[{"href":"https:\/\/consortium.hr\/sl\/wp-json\/wp\/v2\/product"}],"about":[{"href":"https:\/\/consortium.hr\/sl\/wp-json\/wp\/v2\/types\/product"}],"wp:featuredmedia":[{"embeddable":true,"href":"https:\/\/consortium.hr\/sl\/wp-json\/wp\/v2\/media\/4073"}],"wp:attachment":[{"href":"https:\/\/consortium.hr\/sl\/wp-json\/wp\/v2\/media?parent=4072"}],"wp:term":[{"taxonomy":"product_brand","embeddable":true,"href":"https:\/\/consortium.hr\/sl\/wp-json\/wp\/v2\/product_brand?post=4072"},{"taxonomy":"product_cat","embeddable":true,"href":"https:\/\/consortium.hr\/sl\/wp-json\/wp\/v2\/product_cat?post=4072"},{"taxonomy":"product_tag","embeddable":true,"href":"https:\/\/consortium.hr\/sl\/wp-json\/wp\/v2\/product_tag?post=4072"}],"curies":[{"name":"wp","href":"https:\/\/api.w.org\/{rel}","templated":true}]}}