{"id":4122,"date":"2024-02-23T12:54:14","date_gmt":"2024-02-23T12:54:14","guid":{"rendered":"https:\/\/consortium.hr\/?post_type=product&#038;p=4122"},"modified":"2026-03-12T11:38:10","modified_gmt":"2026-03-12T11:38:10","slug":"ravnjaca-s-2-libele","status":"publish","type":"product","link":"https:\/\/consortium.hr\/sl\/product\/ravnjaca-s-2-libele\/","title":{"rendered":"Ravnalo z 2 libelama"},"content":{"rendered":"<li>Zidarska libela s pravokutnim profilom<\/li>\n<li>Kombinira funkciju libele i zidarske letve<\/li>\n<li>Te\u017eina profila - 0,84 kg\/m<\/li>\n<li>Debljina profila - 1,4 mm<\/li>\n<li>Korisna za niveliranje i zagla\u0111ivanje velikih povr\u0161ina<\/li>\n<li>Opremljena s dvije libele za mjerenje: za vodoravno i okomito niveliranje<\/li>","protected":false},"excerpt":{"rendered":"<p>Zidarska libela s pravokutnim profilom Kombinira funkciju libele i zidarske letve Te\u017eina profila - 0,84 kg\/m Debljina profila - 1,4 mm Korisna za niveliranje i zagla\u0111ivanje velikih povr\u0161ina Opremljena s dvije libele za mjerenje: za vodoravno i okomito niveliranje<\/p>","protected":false},"featured_media":4127,"template":"","meta":{"_acf_changed":false},"product_brand":[],"product_cat":[222,358,223],"product_tag":[],"class_list":{"0":"post-4122","1":"product","2":"type-product","3":"status-publish","4":"has-post-thumbnail","6":"product_cat-alati","7":"product_cat-libele","8":"product_cat-zidarski-alati","10":"first","11":"instock","12":"shipping-taxable","13":"purchasable","14":"product-type-variable","15":"wvs-archive-product-wrapper"},"acf":[],"yoast_head":"<!-- This site is optimized with the Yoast SEO plugin v26.1.1 - https:\/\/yoast.com\/wordpress\/plugins\/seo\/ -->\n<title>Ravnja\u010da s 2 libele - Consortium<\/title>\n<meta name=\"robots\" content=\"index, follow, max-snippet:-1, max-image-preview:large, max-video-preview:-1\" \/>\n<link rel=\"canonical\" href=\"https:\/\/consortium.hr\/sl\/product\/ravnjaca-s-2-libele\/\" \/>\n<meta property=\"og:locale\" content=\"sl_SI\" \/>\n<meta property=\"og:type\" content=\"article\" \/>\n<meta property=\"og:title\" content=\"Ravnja\u010da s 2 libele - Consortium\" \/>\n<meta property=\"og:description\" content=\"Zidarska libela s pravokutnim profilom Kombinira funkciju libele i zidarske letve Te\u017eina profila - 0,84 kg\/m Debljina profila - 1,4 mm Korisna za niveliranje i zagla\u0111ivanje velikih povr\u0161ina Opremljena s dvije libele za mjerenje: za vodoravno i okomito niveliranje\" \/>\n<meta property=\"og:url\" content=\"https:\/\/consortium.hr\/sl\/product\/ravnjaca-s-2-libele\/\" \/>\n<meta property=\"og:site_name\" content=\"Consortium\" \/>\n<meta property=\"article:modified_time\" content=\"2026-03-12T11:38:10+00:00\" \/>\n<meta property=\"og:image\" content=\"https:\/\/consortium.hr\/wp-content\/uploads\/2024\/02\/5906245900721_PRO-20200_ATA_MURARSKA_PION-POZIOM_200_CM_1_3.jpg\" \/>\n\t<meta property=\"og:image:width\" content=\"800\" \/>\n\t<meta property=\"og:image:height\" content=\"800\" \/>\n\t<meta property=\"og:image:type\" content=\"image\/jpeg\" \/>\n<meta name=\"twitter:card\" content=\"summary_large_image\" \/>\n<script type=\"application\/ld+json\" class=\"yoast-schema-graph\">{\"@context\":\"https:\/\/schema.org\",\"@graph\":[{\"@type\":\"WebPage\",\"@id\":\"https:\/\/consortium.hr\/product\/ravnjaca-s-2-libele\/\",\"url\":\"https:\/\/consortium.hr\/product\/ravnjaca-s-2-libele\/\",\"name\":\"Ravnja\u010da s 2 libele - Consortium\",\"isPartOf\":{\"@id\":\"https:\/\/consortium.hr\/#website\"},\"primaryImageOfPage\":{\"@id\":\"https:\/\/consortium.hr\/product\/ravnjaca-s-2-libele\/#primaryimage\"},\"image\":{\"@id\":\"https:\/\/consortium.hr\/product\/ravnjaca-s-2-libele\/#primaryimage\"},\"thumbnailUrl\":\"https:\/\/consortium.hr\/wp-content\/uploads\/2024\/02\/5906245900721_PRO-20200_ATA_MURARSKA_PION-POZIOM_200_CM_1_3.jpg\",\"datePublished\":\"2024-02-23T12:54:14+00:00\",\"dateModified\":\"2026-03-12T11:38:10+00:00\",\"breadcrumb\":{\"@id\":\"https:\/\/consortium.hr\/product\/ravnjaca-s-2-libele\/#breadcrumb\"},\"inLanguage\":\"sl-SI\",\"potentialAction\":[{\"@type\":\"ReadAction\",\"target\":[\"https:\/\/consortium.hr\/product\/ravnjaca-s-2-libele\/\"]}]},{\"@type\":\"ImageObject\",\"inLanguage\":\"sl-SI\",\"@id\":\"https:\/\/consortium.hr\/product\/ravnjaca-s-2-libele\/#primaryimage\",\"url\":\"https:\/\/consortium.hr\/wp-content\/uploads\/2024\/02\/5906245900721_PRO-20200_ATA_MURARSKA_PION-POZIOM_200_CM_1_3.jpg\",\"contentUrl\":\"https:\/\/consortium.hr\/wp-content\/uploads\/2024\/02\/5906245900721_PRO-20200_ATA_MURARSKA_PION-POZIOM_200_CM_1_3.jpg\",\"width\":800,\"height\":800},{\"@type\":\"BreadcrumbList\",\"@id\":\"https:\/\/consortium.hr\/product\/ravnjaca-s-2-libele\/#breadcrumb\",\"itemListElement\":[{\"@type\":\"ListItem\",\"position\":1,\"name\":\"Po\u010detna stranica\",\"item\":\"https:\/\/consortium.hr\/sl\/\"},{\"@type\":\"ListItem\",\"position\":2,\"name\":\"Shop\",\"item\":\"https:\/\/consortium.hr\/sl\/shop\/\"},{\"@type\":\"ListItem\",\"position\":3,\"name\":\"Ravnja\u010da s 2 libele\"}]},{\"@type\":\"WebSite\",\"@id\":\"https:\/\/consortium.hr\/#website\",\"url\":\"https:\/\/consortium.hr\/\",\"name\":\"Consortium\",\"description\":\"Gra\u0111evinski Materijal - Odli\u010dna Ponuda i Cijena\",\"alternateName\":\"Gra\u0111evinski Materijal - Odli\u010dna Ponuda i Cijena\",\"potentialAction\":[{\"@type\":\"SearchAction\",\"target\":{\"@type\":\"EntryPoint\",\"urlTemplate\":\"https:\/\/consortium.hr\/?s={search_term_string}\"},\"query-input\":{\"@type\":\"PropertyValueSpecification\",\"valueRequired\":true,\"valueName\":\"search_term_string\"}}],\"inLanguage\":\"sl-SI\"}]}<\/script>\n<!-- \/ Yoast SEO plugin. -->","yoast_head_json":{"title":"Ravnja\u010da s 2 libele - Consortium","robots":{"index":"index","follow":"follow","max-snippet":"max-snippet:-1","max-image-preview":"max-image-preview:large","max-video-preview":"max-video-preview:-1"},"canonical":"https:\/\/consortium.hr\/sl\/product\/ravnjaca-s-2-libele\/","og_locale":"sl_SI","og_type":"article","og_title":"Ravnja\u010da s 2 libele - Consortium","og_description":"Zidarska libela s pravokutnim profilom Kombinira funkciju libele i zidarske letve Te\u017eina profila - 0,84 kg\/m Debljina profila - 1,4 mm Korisna za niveliranje i zagla\u0111ivanje velikih povr\u0161ina Opremljena s dvije libele za mjerenje: za vodoravno i okomito niveliranje","og_url":"https:\/\/consortium.hr\/sl\/product\/ravnjaca-s-2-libele\/","og_site_name":"Consortium","article_modified_time":"2026-03-12T11:38:10+00:00","og_image":[{"width":800,"height":800,"url":"https:\/\/consortium.hr\/wp-content\/uploads\/2024\/02\/5906245900721_PRO-20200_ATA_MURARSKA_PION-POZIOM_200_CM_1_3.jpg","type":"image\/jpeg"}],"twitter_card":"summary_large_image","schema":{"@context":"https:\/\/schema.org","@graph":[{"@type":"WebPage","@id":"https:\/\/consortium.hr\/product\/ravnjaca-s-2-libele\/","url":"https:\/\/consortium.hr\/product\/ravnjaca-s-2-libele\/","name":"Ravnja\u010da s 2 libele - Consortium","isPartOf":{"@id":"https:\/\/consortium.hr\/#website"},"primaryImageOfPage":{"@id":"https:\/\/consortium.hr\/product\/ravnjaca-s-2-libele\/#primaryimage"},"image":{"@id":"https:\/\/consortium.hr\/product\/ravnjaca-s-2-libele\/#primaryimage"},"thumbnailUrl":"https:\/\/consortium.hr\/wp-content\/uploads\/2024\/02\/5906245900721_PRO-20200_ATA_MURARSKA_PION-POZIOM_200_CM_1_3.jpg","datePublished":"2024-02-23T12:54:14+00:00","dateModified":"2026-03-12T11:38:10+00:00","breadcrumb":{"@id":"https:\/\/consortium.hr\/product\/ravnjaca-s-2-libele\/#breadcrumb"},"inLanguage":"sl-SI","potentialAction":[{"@type":"ReadAction","target":["https:\/\/consortium.hr\/product\/ravnjaca-s-2-libele\/"]}]},{"@type":"ImageObject","inLanguage":"sl-SI","@id":"https:\/\/consortium.hr\/product\/ravnjaca-s-2-libele\/#primaryimage","url":"https:\/\/consortium.hr\/wp-content\/uploads\/2024\/02\/5906245900721_PRO-20200_ATA_MURARSKA_PION-POZIOM_200_CM_1_3.jpg","contentUrl":"https:\/\/consortium.hr\/wp-content\/uploads\/2024\/02\/5906245900721_PRO-20200_ATA_MURARSKA_PION-POZIOM_200_CM_1_3.jpg","width":800,"height":800},{"@type":"BreadcrumbList","@id":"https:\/\/consortium.hr\/product\/ravnjaca-s-2-libele\/#breadcrumb","itemListElement":[{"@type":"ListItem","position":1,"name":"Po\u010detna stranica","item":"https:\/\/consortium.hr\/sl\/"},{"@type":"ListItem","position":2,"name":"Shop","item":"https:\/\/consortium.hr\/sl\/shop\/"},{"@type":"ListItem","position":3,"name":"Ravnja\u010da s 2 libele"}]},{"@type":"WebSite","@id":"https:\/\/consortium.hr\/#website","url":"https:\/\/consortium.hr\/","name":"Consortium","description":"Gra\u0111evinski Materijal - Odli\u010dna Ponuda i Cijena","alternateName":"Gra\u0111evinski Materijal - Odli\u010dna Ponuda i Cijena","potentialAction":[{"@type":"SearchAction","target":{"@type":"EntryPoint","urlTemplate":"https:\/\/consortium.hr\/?s={search_term_string}"},"query-input":{"@type":"PropertyValueSpecification","valueRequired":true,"valueName":"search_term_string"}}],"inLanguage":"sl-SI"}]}},"_links":{"self":[{"href":"https:\/\/consortium.hr\/sl\/wp-json\/wp\/v2\/product\/4122","targetHints":{"allow":["GET"]}}],"collection":[{"href":"https:\/\/consortium.hr\/sl\/wp-json\/wp\/v2\/product"}],"about":[{"href":"https:\/\/consortium.hr\/sl\/wp-json\/wp\/v2\/types\/product"}],"wp:featuredmedia":[{"embeddable":true,"href":"https:\/\/consortium.hr\/sl\/wp-json\/wp\/v2\/media\/4127"}],"wp:attachment":[{"href":"https:\/\/consortium.hr\/sl\/wp-json\/wp\/v2\/media?parent=4122"}],"wp:term":[{"taxonomy":"product_brand","embeddable":true,"href":"https:\/\/consortium.hr\/sl\/wp-json\/wp\/v2\/product_brand?post=4122"},{"taxonomy":"product_cat","embeddable":true,"href":"https:\/\/consortium.hr\/sl\/wp-json\/wp\/v2\/product_cat?post=4122"},{"taxonomy":"product_tag","embeddable":true,"href":"https:\/\/consortium.hr\/sl\/wp-json\/wp\/v2\/product_tag?post=4122"}],"curies":[{"name":"wp","href":"https:\/\/api.w.org\/{rel}","templated":true}]}}