{"id":4128,"date":"2024-02-23T12:56:28","date_gmt":"2024-02-23T12:56:28","guid":{"rendered":"https:\/\/consortium.hr\/?post_type=product&#038;p=4128"},"modified":"2026-01-16T07:23:58","modified_gmt":"2026-01-16T07:23:58","slug":"kutnik-s-ojacanjem-pro","status":"publish","type":"product","link":"https:\/\/consortium.hr\/sl\/product\/kutnik-s-ojacanjem-pro\/","title":{"rendered":"Kutnik s oja\u010danjem"},"content":{"rendered":"<li>Anodizirane kutne letve odlikuju se visokom povr\u0161inskom tvrdo\u0107om (9 od 10 na Mohsovoj ljestvici)<\/li>\n<li>Kutna letva posebno je dizajnirana za zadatke koji zahtijevaju nabijanje gipsanih plo\u010da radi odre\u0111ivanja pravog kuta<\/li>\n<li>Kri\u017eno oja\u010danje sprje\u010dava deformaciju pravog kuta uslijed udaraca<\/li>\n<li>Vrhovi izra\u0111eni od elastomera, dizajnirani za apsorbiranje udara u slu\u010daju okomitog pada kutne letve<\/li>","protected":false},"excerpt":{"rendered":"<p>Anodizirane kutne letve odlikuju se visokom povr\u0161inskom tvrdo\u0107om (9 od 10 na Mohsovoj ljestvici) Kutna letva posebno je dizajnirana za zadatke koji zahtijevaju nabijanje gipsanih plo\u010da radi odre\u0111ivanja pravog kuta Kri\u017eno oja\u010danje sprje\u010dava deformaciju pravog kuta uslijed udaraca Vrhovi izra\u0111eni od elastomera, dizajnirani za apsorbiranje udara u slu\u010daju okomitog pada kutne letve<\/p>","protected":false},"featured_media":4129,"template":"","meta":{"_acf_changed":false},"product_brand":[],"product_cat":[222,230,223],"product_tag":[],"class_list":{"0":"post-4128","1":"product","2":"type-product","3":"status-publish","4":"has-post-thumbnail","6":"product_cat-alati","7":"product_cat-aluminijske-letve","8":"product_cat-zidarski-alati","10":"first","11":"instock","12":"shipping-taxable","13":"purchasable","14":"product-type-variable","15":"wvs-archive-product-wrapper"},"acf":[],"yoast_head":"<!-- This site is optimized with the Yoast SEO plugin v26.1.1 - https:\/\/yoast.com\/wordpress\/plugins\/seo\/ -->\n<title>Kutnik s oja\u010danjem - Consortium<\/title>\n<meta name=\"robots\" content=\"index, follow, max-snippet:-1, max-image-preview:large, max-video-preview:-1\" \/>\n<link rel=\"canonical\" href=\"https:\/\/consortium.hr\/sl\/product\/kutnik-s-ojacanjem-pro\/\" \/>\n<meta property=\"og:locale\" content=\"sl_SI\" \/>\n<meta property=\"og:type\" content=\"article\" \/>\n<meta property=\"og:title\" content=\"Kutnik s oja\u010danjem - Consortium\" \/>\n<meta property=\"og:description\" content=\"Anodizirane kutne letve odlikuju se visokom povr\u0161inskom tvrdo\u0107om (9 od 10 na Mohsovoj ljestvici) Kutna letva posebno je dizajnirana za zadatke koji zahtijevaju nabijanje gipsanih plo\u010da radi odre\u0111ivanja pravog kuta Kri\u017eno oja\u010danje sprje\u010dava deformaciju pravog kuta uslijed udaraca Vrhovi izra\u0111eni od elastomera, dizajnirani za apsorbiranje udara u slu\u010daju okomitog pada kutne letve\" \/>\n<meta property=\"og:url\" content=\"https:\/\/consortium.hr\/sl\/product\/kutnik-s-ojacanjem-pro\/\" \/>\n<meta property=\"og:site_name\" content=\"Consortium\" \/>\n<meta property=\"article:modified_time\" content=\"2026-01-16T07:23:58+00:00\" \/>\n<meta property=\"og:image\" content=\"https:\/\/consortium.hr\/wp-content\/uploads\/2024\/02\/5906245902756_PRO-KA064_K_T.AN_._B-WSK_ZE_WZM._40X60CM_3.jpg\" \/>\n\t<meta property=\"og:image:width\" content=\"800\" \/>\n\t<meta property=\"og:image:height\" content=\"800\" \/>\n\t<meta property=\"og:image:type\" content=\"image\/jpeg\" \/>\n<meta name=\"twitter:card\" content=\"summary_large_image\" \/>\n<script type=\"application\/ld+json\" class=\"yoast-schema-graph\">{\"@context\":\"https:\/\/schema.org\",\"@graph\":[{\"@type\":\"WebPage\",\"@id\":\"https:\/\/consortium.hr\/product\/kutnik-s-ojacanjem-pro\/\",\"url\":\"https:\/\/consortium.hr\/product\/kutnik-s-ojacanjem-pro\/\",\"name\":\"Kutnik s oja\u010danjem - Consortium\",\"isPartOf\":{\"@id\":\"https:\/\/consortium.hr\/#website\"},\"primaryImageOfPage\":{\"@id\":\"https:\/\/consortium.hr\/product\/kutnik-s-ojacanjem-pro\/#primaryimage\"},\"image\":{\"@id\":\"https:\/\/consortium.hr\/product\/kutnik-s-ojacanjem-pro\/#primaryimage\"},\"thumbnailUrl\":\"https:\/\/consortium.hr\/wp-content\/uploads\/2024\/02\/5906245902756_PRO-KA064_K_T.AN_._B-WSK_ZE_WZM._40X60CM_3.jpg\",\"datePublished\":\"2024-02-23T12:56:28+00:00\",\"dateModified\":\"2026-01-16T07:23:58+00:00\",\"breadcrumb\":{\"@id\":\"https:\/\/consortium.hr\/product\/kutnik-s-ojacanjem-pro\/#breadcrumb\"},\"inLanguage\":\"sl-SI\",\"potentialAction\":[{\"@type\":\"ReadAction\",\"target\":[\"https:\/\/consortium.hr\/product\/kutnik-s-ojacanjem-pro\/\"]}]},{\"@type\":\"ImageObject\",\"inLanguage\":\"sl-SI\",\"@id\":\"https:\/\/consortium.hr\/product\/kutnik-s-ojacanjem-pro\/#primaryimage\",\"url\":\"https:\/\/consortium.hr\/wp-content\/uploads\/2024\/02\/5906245902756_PRO-KA064_K_T.AN_._B-WSK_ZE_WZM._40X60CM_3.jpg\",\"contentUrl\":\"https:\/\/consortium.hr\/wp-content\/uploads\/2024\/02\/5906245902756_PRO-KA064_K_T.AN_._B-WSK_ZE_WZM._40X60CM_3.jpg\",\"width\":800,\"height\":800},{\"@type\":\"BreadcrumbList\",\"@id\":\"https:\/\/consortium.hr\/product\/kutnik-s-ojacanjem-pro\/#breadcrumb\",\"itemListElement\":[{\"@type\":\"ListItem\",\"position\":1,\"name\":\"Po\u010detna stranica\",\"item\":\"https:\/\/consortium.hr\/sl\/\"},{\"@type\":\"ListItem\",\"position\":2,\"name\":\"Shop\",\"item\":\"https:\/\/consortium.hr\/sl\/shop\/\"},{\"@type\":\"ListItem\",\"position\":3,\"name\":\"Kutnik s oja\u010danjem\"}]},{\"@type\":\"WebSite\",\"@id\":\"https:\/\/consortium.hr\/#website\",\"url\":\"https:\/\/consortium.hr\/\",\"name\":\"Consortium\",\"description\":\"Gra\u0111evinski Materijal - Odli\u010dna Ponuda i Cijena\",\"alternateName\":\"Gra\u0111evinski Materijal - Odli\u010dna Ponuda i Cijena\",\"potentialAction\":[{\"@type\":\"SearchAction\",\"target\":{\"@type\":\"EntryPoint\",\"urlTemplate\":\"https:\/\/consortium.hr\/?s={search_term_string}\"},\"query-input\":{\"@type\":\"PropertyValueSpecification\",\"valueRequired\":true,\"valueName\":\"search_term_string\"}}],\"inLanguage\":\"sl-SI\"}]}<\/script>\n<!-- \/ Yoast SEO plugin. -->","yoast_head_json":{"title":"Kutnik s oja\u010danjem - Consortium","robots":{"index":"index","follow":"follow","max-snippet":"max-snippet:-1","max-image-preview":"max-image-preview:large","max-video-preview":"max-video-preview:-1"},"canonical":"https:\/\/consortium.hr\/sl\/product\/kutnik-s-ojacanjem-pro\/","og_locale":"sl_SI","og_type":"article","og_title":"Kutnik s oja\u010danjem - Consortium","og_description":"Anodizirane kutne letve odlikuju se visokom povr\u0161inskom tvrdo\u0107om (9 od 10 na Mohsovoj ljestvici) Kutna letva posebno je dizajnirana za zadatke koji zahtijevaju nabijanje gipsanih plo\u010da radi odre\u0111ivanja pravog kuta Kri\u017eno oja\u010danje sprje\u010dava deformaciju pravog kuta uslijed udaraca Vrhovi izra\u0111eni od elastomera, dizajnirani za apsorbiranje udara u slu\u010daju okomitog pada kutne letve","og_url":"https:\/\/consortium.hr\/sl\/product\/kutnik-s-ojacanjem-pro\/","og_site_name":"Consortium","article_modified_time":"2026-01-16T07:23:58+00:00","og_image":[{"width":800,"height":800,"url":"https:\/\/consortium.hr\/wp-content\/uploads\/2024\/02\/5906245902756_PRO-KA064_K_T.AN_._B-WSK_ZE_WZM._40X60CM_3.jpg","type":"image\/jpeg"}],"twitter_card":"summary_large_image","schema":{"@context":"https:\/\/schema.org","@graph":[{"@type":"WebPage","@id":"https:\/\/consortium.hr\/product\/kutnik-s-ojacanjem-pro\/","url":"https:\/\/consortium.hr\/product\/kutnik-s-ojacanjem-pro\/","name":"Kutnik s oja\u010danjem - Consortium","isPartOf":{"@id":"https:\/\/consortium.hr\/#website"},"primaryImageOfPage":{"@id":"https:\/\/consortium.hr\/product\/kutnik-s-ojacanjem-pro\/#primaryimage"},"image":{"@id":"https:\/\/consortium.hr\/product\/kutnik-s-ojacanjem-pro\/#primaryimage"},"thumbnailUrl":"https:\/\/consortium.hr\/wp-content\/uploads\/2024\/02\/5906245902756_PRO-KA064_K_T.AN_._B-WSK_ZE_WZM._40X60CM_3.jpg","datePublished":"2024-02-23T12:56:28+00:00","dateModified":"2026-01-16T07:23:58+00:00","breadcrumb":{"@id":"https:\/\/consortium.hr\/product\/kutnik-s-ojacanjem-pro\/#breadcrumb"},"inLanguage":"sl-SI","potentialAction":[{"@type":"ReadAction","target":["https:\/\/consortium.hr\/product\/kutnik-s-ojacanjem-pro\/"]}]},{"@type":"ImageObject","inLanguage":"sl-SI","@id":"https:\/\/consortium.hr\/product\/kutnik-s-ojacanjem-pro\/#primaryimage","url":"https:\/\/consortium.hr\/wp-content\/uploads\/2024\/02\/5906245902756_PRO-KA064_K_T.AN_._B-WSK_ZE_WZM._40X60CM_3.jpg","contentUrl":"https:\/\/consortium.hr\/wp-content\/uploads\/2024\/02\/5906245902756_PRO-KA064_K_T.AN_._B-WSK_ZE_WZM._40X60CM_3.jpg","width":800,"height":800},{"@type":"BreadcrumbList","@id":"https:\/\/consortium.hr\/product\/kutnik-s-ojacanjem-pro\/#breadcrumb","itemListElement":[{"@type":"ListItem","position":1,"name":"Po\u010detna stranica","item":"https:\/\/consortium.hr\/sl\/"},{"@type":"ListItem","position":2,"name":"Shop","item":"https:\/\/consortium.hr\/sl\/shop\/"},{"@type":"ListItem","position":3,"name":"Kutnik s oja\u010danjem"}]},{"@type":"WebSite","@id":"https:\/\/consortium.hr\/#website","url":"https:\/\/consortium.hr\/","name":"Consortium","description":"Gra\u0111evinski Materijal - Odli\u010dna Ponuda i Cijena","alternateName":"Gra\u0111evinski Materijal - Odli\u010dna Ponuda i Cijena","potentialAction":[{"@type":"SearchAction","target":{"@type":"EntryPoint","urlTemplate":"https:\/\/consortium.hr\/?s={search_term_string}"},"query-input":{"@type":"PropertyValueSpecification","valueRequired":true,"valueName":"search_term_string"}}],"inLanguage":"sl-SI"}]}},"_links":{"self":[{"href":"https:\/\/consortium.hr\/sl\/wp-json\/wp\/v2\/product\/4128","targetHints":{"allow":["GET"]}}],"collection":[{"href":"https:\/\/consortium.hr\/sl\/wp-json\/wp\/v2\/product"}],"about":[{"href":"https:\/\/consortium.hr\/sl\/wp-json\/wp\/v2\/types\/product"}],"wp:featuredmedia":[{"embeddable":true,"href":"https:\/\/consortium.hr\/sl\/wp-json\/wp\/v2\/media\/4129"}],"wp:attachment":[{"href":"https:\/\/consortium.hr\/sl\/wp-json\/wp\/v2\/media?parent=4128"}],"wp:term":[{"taxonomy":"product_brand","embeddable":true,"href":"https:\/\/consortium.hr\/sl\/wp-json\/wp\/v2\/product_brand?post=4128"},{"taxonomy":"product_cat","embeddable":true,"href":"https:\/\/consortium.hr\/sl\/wp-json\/wp\/v2\/product_cat?post=4128"},{"taxonomy":"product_tag","embeddable":true,"href":"https:\/\/consortium.hr\/sl\/wp-json\/wp\/v2\/product_tag?post=4128"}],"curies":[{"name":"wp","href":"https:\/\/api.w.org\/{rel}","templated":true}]}}