{"id":4382,"date":"2024-03-05T17:38:16","date_gmt":"2024-03-05T17:38:16","guid":{"rendered":"https:\/\/consortium.hr\/?post_type=product&#038;p=4382"},"modified":"2026-04-28T05:43:19","modified_gmt":"2026-04-28T05:43:19","slug":"extra-grip","status":"publish","type":"product","link":"https:\/\/consortium.hr\/sl\/product\/extra-grip\/","title":{"rendered":"Extra Grip"},"content":{"rendered":"<p><strong>Ve\u010dnamenski osnovni premaz za gladke povr\u0161ine, ki bistveno izbolj\u0161a oprijem ometov, lepil in izravnalnih mas.<\/strong><\/p>\n<p>\u2713 idealen za vse, posebej za gladke in slabo vpojne povr\u0161ine<br \/>\n\u2713 za notranjo in zunanjo uporabo<br \/>\n\u2713 odli\u010den oprijem<br \/>\n\u2713 ustvarja hrapavo povr\u0161ino<\/p>","protected":false},"excerpt":{"rendered":"<p>Vi\u0161enamjenski temeljni premaz za glatke povr\u0161ine koji zna\u010dajno pobolj\u0161ava prijanjanje \u017ebuka, ljepila i masa za izravnavanje. \u2713 idealan za sve, a posebno za glatke i slabo upojne povr\u0161ine \u2713 za unutarnju i vanjsku primjenu \u2713 izvrsno prijanjanje \u2713 stvara hrapavu povr\u0161inu<\/p>","protected":false},"featured_media":4384,"template":"","meta":{"_acf_changed":false},"product_brand":[],"product_cat":[189,343,192,214],"product_tag":[],"class_list":{"0":"post-4382","1":"product","2":"type-product","3":"status-publish","4":"has-post-thumbnail","6":"product_cat-fasade","7":"product_cat-impregnacija","8":"product_cat-impregnacije-za-fasade","9":"product_cat-polaganje-keramike","11":"first","12":"instock","13":"shipping-taxable","14":"purchasable","15":"product-type-variable","16":"wvs-archive-product-wrapper"},"acf":[],"yoast_head":"<!-- This site is optimized with the Yoast SEO plugin v26.1.1 - https:\/\/yoast.com\/wordpress\/plugins\/seo\/ -->\n<title>Extra Grip - Consortium<\/title>\n<meta name=\"robots\" content=\"index, follow, max-snippet:-1, max-image-preview:large, max-video-preview:-1\" \/>\n<link rel=\"canonical\" href=\"https:\/\/consortium.hr\/sl\/product\/extra-grip\/\" \/>\n<meta property=\"og:locale\" content=\"sl_SI\" \/>\n<meta property=\"og:type\" content=\"article\" \/>\n<meta property=\"og:title\" content=\"Extra Grip - Consortium\" \/>\n<meta property=\"og:description\" content=\"Vi\u0161enamjenski temeljni premaz za glatke povr\u0161ine koji zna\u010dajno pobolj\u0161ava prijanjanje \u017ebuka, ljepila i masa za izravnavanje. \u2713 idealan za sve, a posebno za glatke i slabo upojne povr\u0161ine \u2713 za unutarnju i vanjsku primjenu \u2713 izvrsno prijanjanje \u2713 stvara hrapavu povr\u0161inu\" \/>\n<meta property=\"og:url\" content=\"https:\/\/consortium.hr\/sl\/product\/extra-grip\/\" \/>\n<meta property=\"og:site_name\" content=\"Consortium\" \/>\n<meta property=\"article:modified_time\" content=\"2026-04-28T05:43:19+00:00\" \/>\n<meta property=\"og:image\" content=\"https:\/\/consortium.hr\/wp-content\/uploads\/2024\/03\/EXTRA-grip-1008x1024-1.jpg\" \/>\n\t<meta property=\"og:image:width\" content=\"800\" \/>\n\t<meta property=\"og:image:height\" content=\"800\" \/>\n\t<meta property=\"og:image:type\" content=\"image\/jpeg\" \/>\n<meta name=\"twitter:card\" content=\"summary_large_image\" \/>\n<script type=\"application\/ld+json\" class=\"yoast-schema-graph\">{\"@context\":\"https:\/\/schema.org\",\"@graph\":[{\"@type\":\"WebPage\",\"@id\":\"https:\/\/consortium.hr\/product\/extra-grip\/\",\"url\":\"https:\/\/consortium.hr\/product\/extra-grip\/\",\"name\":\"Extra Grip - Consortium\",\"isPartOf\":{\"@id\":\"https:\/\/consortium.hr\/#website\"},\"primaryImageOfPage\":{\"@id\":\"https:\/\/consortium.hr\/product\/extra-grip\/#primaryimage\"},\"image\":{\"@id\":\"https:\/\/consortium.hr\/product\/extra-grip\/#primaryimage\"},\"thumbnailUrl\":\"https:\/\/consortium.hr\/wp-content\/uploads\/2024\/03\/EXTRA-grip-1008x1024-1.jpg\",\"datePublished\":\"2024-03-05T17:38:16+00:00\",\"dateModified\":\"2026-04-28T05:43:19+00:00\",\"breadcrumb\":{\"@id\":\"https:\/\/consortium.hr\/product\/extra-grip\/#breadcrumb\"},\"inLanguage\":\"sl-SI\",\"potentialAction\":[{\"@type\":\"ReadAction\",\"target\":[\"https:\/\/consortium.hr\/product\/extra-grip\/\"]}]},{\"@type\":\"ImageObject\",\"inLanguage\":\"sl-SI\",\"@id\":\"https:\/\/consortium.hr\/product\/extra-grip\/#primaryimage\",\"url\":\"https:\/\/consortium.hr\/wp-content\/uploads\/2024\/03\/EXTRA-grip-1008x1024-1.jpg\",\"contentUrl\":\"https:\/\/consortium.hr\/wp-content\/uploads\/2024\/03\/EXTRA-grip-1008x1024-1.jpg\",\"width\":800,\"height\":800},{\"@type\":\"BreadcrumbList\",\"@id\":\"https:\/\/consortium.hr\/product\/extra-grip\/#breadcrumb\",\"itemListElement\":[{\"@type\":\"ListItem\",\"position\":1,\"name\":\"Po\u010detna stranica\",\"item\":\"https:\/\/consortium.hr\/sl\/\"},{\"@type\":\"ListItem\",\"position\":2,\"name\":\"Shop\",\"item\":\"https:\/\/consortium.hr\/sl\/shop\/\"},{\"@type\":\"ListItem\",\"position\":3,\"name\":\"Extra Grip\"}]},{\"@type\":\"WebSite\",\"@id\":\"https:\/\/consortium.hr\/#website\",\"url\":\"https:\/\/consortium.hr\/\",\"name\":\"Consortium\",\"description\":\"Gra\u0111evinski Materijal - Odli\u010dna Ponuda i Cijena\",\"alternateName\":\"Gra\u0111evinski Materijal - Odli\u010dna Ponuda i Cijena\",\"potentialAction\":[{\"@type\":\"SearchAction\",\"target\":{\"@type\":\"EntryPoint\",\"urlTemplate\":\"https:\/\/consortium.hr\/?s={search_term_string}\"},\"query-input\":{\"@type\":\"PropertyValueSpecification\",\"valueRequired\":true,\"valueName\":\"search_term_string\"}}],\"inLanguage\":\"sl-SI\"}]}<\/script>\n<!-- \/ Yoast SEO plugin. -->","yoast_head_json":{"title":"Extra Grip - Consortium","robots":{"index":"index","follow":"follow","max-snippet":"max-snippet:-1","max-image-preview":"max-image-preview:large","max-video-preview":"max-video-preview:-1"},"canonical":"https:\/\/consortium.hr\/sl\/product\/extra-grip\/","og_locale":"sl_SI","og_type":"article","og_title":"Extra Grip - Consortium","og_description":"Vi\u0161enamjenski temeljni premaz za glatke povr\u0161ine koji zna\u010dajno pobolj\u0161ava prijanjanje \u017ebuka, ljepila i masa za izravnavanje. \u2713 idealan za sve, a posebno za glatke i slabo upojne povr\u0161ine \u2713 za unutarnju i vanjsku primjenu \u2713 izvrsno prijanjanje \u2713 stvara hrapavu povr\u0161inu","og_url":"https:\/\/consortium.hr\/sl\/product\/extra-grip\/","og_site_name":"Consortium","article_modified_time":"2026-04-28T05:43:19+00:00","og_image":[{"width":800,"height":800,"url":"https:\/\/consortium.hr\/wp-content\/uploads\/2024\/03\/EXTRA-grip-1008x1024-1.jpg","type":"image\/jpeg"}],"twitter_card":"summary_large_image","schema":{"@context":"https:\/\/schema.org","@graph":[{"@type":"WebPage","@id":"https:\/\/consortium.hr\/product\/extra-grip\/","url":"https:\/\/consortium.hr\/product\/extra-grip\/","name":"Extra Grip - Consortium","isPartOf":{"@id":"https:\/\/consortium.hr\/#website"},"primaryImageOfPage":{"@id":"https:\/\/consortium.hr\/product\/extra-grip\/#primaryimage"},"image":{"@id":"https:\/\/consortium.hr\/product\/extra-grip\/#primaryimage"},"thumbnailUrl":"https:\/\/consortium.hr\/wp-content\/uploads\/2024\/03\/EXTRA-grip-1008x1024-1.jpg","datePublished":"2024-03-05T17:38:16+00:00","dateModified":"2026-04-28T05:43:19+00:00","breadcrumb":{"@id":"https:\/\/consortium.hr\/product\/extra-grip\/#breadcrumb"},"inLanguage":"sl-SI","potentialAction":[{"@type":"ReadAction","target":["https:\/\/consortium.hr\/product\/extra-grip\/"]}]},{"@type":"ImageObject","inLanguage":"sl-SI","@id":"https:\/\/consortium.hr\/product\/extra-grip\/#primaryimage","url":"https:\/\/consortium.hr\/wp-content\/uploads\/2024\/03\/EXTRA-grip-1008x1024-1.jpg","contentUrl":"https:\/\/consortium.hr\/wp-content\/uploads\/2024\/03\/EXTRA-grip-1008x1024-1.jpg","width":800,"height":800},{"@type":"BreadcrumbList","@id":"https:\/\/consortium.hr\/product\/extra-grip\/#breadcrumb","itemListElement":[{"@type":"ListItem","position":1,"name":"Po\u010detna stranica","item":"https:\/\/consortium.hr\/sl\/"},{"@type":"ListItem","position":2,"name":"Shop","item":"https:\/\/consortium.hr\/sl\/shop\/"},{"@type":"ListItem","position":3,"name":"Extra Grip"}]},{"@type":"WebSite","@id":"https:\/\/consortium.hr\/#website","url":"https:\/\/consortium.hr\/","name":"Consortium","description":"Gra\u0111evinski Materijal - Odli\u010dna Ponuda i Cijena","alternateName":"Gra\u0111evinski Materijal - Odli\u010dna Ponuda i Cijena","potentialAction":[{"@type":"SearchAction","target":{"@type":"EntryPoint","urlTemplate":"https:\/\/consortium.hr\/?s={search_term_string}"},"query-input":{"@type":"PropertyValueSpecification","valueRequired":true,"valueName":"search_term_string"}}],"inLanguage":"sl-SI"}]}},"_links":{"self":[{"href":"https:\/\/consortium.hr\/sl\/wp-json\/wp\/v2\/product\/4382","targetHints":{"allow":["GET"]}}],"collection":[{"href":"https:\/\/consortium.hr\/sl\/wp-json\/wp\/v2\/product"}],"about":[{"href":"https:\/\/consortium.hr\/sl\/wp-json\/wp\/v2\/types\/product"}],"wp:featuredmedia":[{"embeddable":true,"href":"https:\/\/consortium.hr\/sl\/wp-json\/wp\/v2\/media\/4384"}],"wp:attachment":[{"href":"https:\/\/consortium.hr\/sl\/wp-json\/wp\/v2\/media?parent=4382"}],"wp:term":[{"taxonomy":"product_brand","embeddable":true,"href":"https:\/\/consortium.hr\/sl\/wp-json\/wp\/v2\/product_brand?post=4382"},{"taxonomy":"product_cat","embeddable":true,"href":"https:\/\/consortium.hr\/sl\/wp-json\/wp\/v2\/product_cat?post=4382"},{"taxonomy":"product_tag","embeddable":true,"href":"https:\/\/consortium.hr\/sl\/wp-json\/wp\/v2\/product_tag?post=4382"}],"curies":[{"name":"wp","href":"https:\/\/api.w.org\/{rel}","templated":true}]}}