{"id":4500,"date":"2024-03-06T13:55:44","date_gmt":"2024-03-06T13:55:44","guid":{"rendered":"https:\/\/consortium.hr\/?post_type=product&#038;p=4500"},"modified":"2026-04-27T07:03:05","modified_gmt":"2026-04-27T07:03:05","slug":"aqua-deck","status":"publish","type":"product","link":"https:\/\/consortium.hr\/sl\/product\/aqua-deck\/","title":{"rendered":"Aqua Deck"},"content":{"rendered":"<p><strong>Visoko prekrivna barva za dolgo trajno za\u0161\u010dito in dekoracijo zunanjih in notranjih lesenih povr\u0161in maksimalno \u0161\u010diti les kot samostojen premaz, prav tako pa slu\u017ei tudi kot temeljna barva \u2013 bela ali v odtenku kon\u010dnega sloja.<\/strong><\/p>\n<p style=\"padding-left: 40px;\"><strong>\u2713<\/strong> bez neugodnih mirisa i brzo su\u0161i<\/p>\n<p style=\"padding-left: 40px;\"><strong>\u2713<\/strong> ne sljepljuje povr\u0161ine<\/p>\n<p style=\"padding-left: 40px;\"><strong>\u2713<\/strong> pribor periv vodom<\/p>\n<p style=\"padding-left: 40px;\"><strong>\u2713<\/strong> maksimalno dugotrajna za\u0161tita<\/p>","protected":false},"excerpt":{"rendered":"<p>Visoko pokrivna boja za dugotrajnu za\u0161titu i dekoraciju vanjskih i unutarnjih drvenih povr\u0161ina maksimalno \u0161titi drvo kao samostalni premaz, a tako\u0111er slu\u017ei i kao temeljna boja \u2013 bijeli ili u nijansi zavr\u0161nog sloja. \u2713 bez neugodnih mirisa i brzo su\u0161i \u2713 ne sljepljuje povr\u0161ine \u2713 pribor periv vodom \u2713 maksimalno dugotrajna za\u0161tita<\/p>","protected":false},"featured_media":4503,"template":"","meta":{"_acf_changed":false},"product_brand":[],"product_cat":[169,173,364],"product_tag":[],"class_list":{"0":"post-4500","1":"product","2":"type-product","3":"status-publish","4":"has-post-thumbnail","6":"product_cat-boje-i-lakovi","7":"product_cat-lakovi","8":"product_cat-lakovi-za-drvo","10":"first","11":"instock","12":"shipping-taxable","13":"purchasable","14":"product-type-variable","15":"wvs-archive-product-wrapper"},"acf":[],"yoast_head":"<!-- This site is optimized with the Yoast SEO plugin v26.1.1 - https:\/\/yoast.com\/wordpress\/plugins\/seo\/ -->\n<title>Aqua Deck - Consortium<\/title>\n<meta name=\"robots\" content=\"index, follow, max-snippet:-1, max-image-preview:large, max-video-preview:-1\" \/>\n<link rel=\"canonical\" href=\"https:\/\/consortium.hr\/sl\/product\/aqua-deck\/\" \/>\n<meta property=\"og:locale\" content=\"sl_SI\" \/>\n<meta property=\"og:type\" content=\"article\" \/>\n<meta property=\"og:title\" content=\"Aqua Deck - Consortium\" \/>\n<meta property=\"og:description\" content=\"Visoko pokrivna boja za dugotrajnu za\u0161titu i dekoraciju vanjskih i unutarnjih drvenih povr\u0161ina maksimalno \u0161titi drvo kao samostalni premaz, a tako\u0111er slu\u017ei i kao temeljna boja \u2013 bijeli ili u nijansi zavr\u0161nog sloja. \u2713 bez neugodnih mirisa i brzo su\u0161i \u2713 ne sljepljuje povr\u0161ine \u2713 pribor periv vodom \u2713 maksimalno dugotrajna za\u0161tita\" \/>\n<meta property=\"og:url\" content=\"https:\/\/consortium.hr\/sl\/product\/aqua-deck\/\" \/>\n<meta property=\"og:site_name\" content=\"Consortium\" \/>\n<meta property=\"article:modified_time\" content=\"2026-04-27T07:03:05+00:00\" \/>\n<meta property=\"og:image\" content=\"https:\/\/consortium.hr\/wp-content\/uploads\/2024\/03\/Aqua-Deck1.jpg\" \/>\n\t<meta property=\"og:image:width\" content=\"800\" \/>\n\t<meta property=\"og:image:height\" content=\"800\" \/>\n\t<meta property=\"og:image:type\" content=\"image\/jpeg\" \/>\n<meta name=\"twitter:card\" content=\"summary_large_image\" \/>\n<script type=\"application\/ld+json\" class=\"yoast-schema-graph\">{\"@context\":\"https:\/\/schema.org\",\"@graph\":[{\"@type\":\"WebPage\",\"@id\":\"https:\/\/consortium.hr\/product\/aqua-deck\/\",\"url\":\"https:\/\/consortium.hr\/product\/aqua-deck\/\",\"name\":\"Aqua Deck - Consortium\",\"isPartOf\":{\"@id\":\"https:\/\/consortium.hr\/#website\"},\"primaryImageOfPage\":{\"@id\":\"https:\/\/consortium.hr\/product\/aqua-deck\/#primaryimage\"},\"image\":{\"@id\":\"https:\/\/consortium.hr\/product\/aqua-deck\/#primaryimage\"},\"thumbnailUrl\":\"https:\/\/consortium.hr\/wp-content\/uploads\/2024\/03\/Aqua-Deck1.jpg\",\"datePublished\":\"2024-03-06T13:55:44+00:00\",\"dateModified\":\"2026-04-27T07:03:05+00:00\",\"breadcrumb\":{\"@id\":\"https:\/\/consortium.hr\/product\/aqua-deck\/#breadcrumb\"},\"inLanguage\":\"sl-SI\",\"potentialAction\":[{\"@type\":\"ReadAction\",\"target\":[\"https:\/\/consortium.hr\/product\/aqua-deck\/\"]}]},{\"@type\":\"ImageObject\",\"inLanguage\":\"sl-SI\",\"@id\":\"https:\/\/consortium.hr\/product\/aqua-deck\/#primaryimage\",\"url\":\"https:\/\/consortium.hr\/wp-content\/uploads\/2024\/03\/Aqua-Deck1.jpg\",\"contentUrl\":\"https:\/\/consortium.hr\/wp-content\/uploads\/2024\/03\/Aqua-Deck1.jpg\",\"width\":800,\"height\":800},{\"@type\":\"BreadcrumbList\",\"@id\":\"https:\/\/consortium.hr\/product\/aqua-deck\/#breadcrumb\",\"itemListElement\":[{\"@type\":\"ListItem\",\"position\":1,\"name\":\"Po\u010detna stranica\",\"item\":\"https:\/\/consortium.hr\/sl\/\"},{\"@type\":\"ListItem\",\"position\":2,\"name\":\"Shop\",\"item\":\"https:\/\/consortium.hr\/sl\/shop\/\"},{\"@type\":\"ListItem\",\"position\":3,\"name\":\"Aqua Deck\"}]},{\"@type\":\"WebSite\",\"@id\":\"https:\/\/consortium.hr\/#website\",\"url\":\"https:\/\/consortium.hr\/\",\"name\":\"Consortium\",\"description\":\"Gra\u0111evinski Materijal - Odli\u010dna Ponuda i Cijena\",\"alternateName\":\"Gra\u0111evinski Materijal - Odli\u010dna Ponuda i Cijena\",\"potentialAction\":[{\"@type\":\"SearchAction\",\"target\":{\"@type\":\"EntryPoint\",\"urlTemplate\":\"https:\/\/consortium.hr\/?s={search_term_string}\"},\"query-input\":{\"@type\":\"PropertyValueSpecification\",\"valueRequired\":true,\"valueName\":\"search_term_string\"}}],\"inLanguage\":\"sl-SI\"}]}<\/script>\n<!-- \/ Yoast SEO plugin. -->","yoast_head_json":{"title":"Aqua Deck - Consortium","robots":{"index":"index","follow":"follow","max-snippet":"max-snippet:-1","max-image-preview":"max-image-preview:large","max-video-preview":"max-video-preview:-1"},"canonical":"https:\/\/consortium.hr\/sl\/product\/aqua-deck\/","og_locale":"sl_SI","og_type":"article","og_title":"Aqua Deck - Consortium","og_description":"Visoko pokrivna boja za dugotrajnu za\u0161titu i dekoraciju vanjskih i unutarnjih drvenih povr\u0161ina maksimalno \u0161titi drvo kao samostalni premaz, a tako\u0111er slu\u017ei i kao temeljna boja \u2013 bijeli ili u nijansi zavr\u0161nog sloja. \u2713 bez neugodnih mirisa i brzo su\u0161i \u2713 ne sljepljuje povr\u0161ine \u2713 pribor periv vodom \u2713 maksimalno dugotrajna za\u0161tita","og_url":"https:\/\/consortium.hr\/sl\/product\/aqua-deck\/","og_site_name":"Consortium","article_modified_time":"2026-04-27T07:03:05+00:00","og_image":[{"width":800,"height":800,"url":"https:\/\/consortium.hr\/wp-content\/uploads\/2024\/03\/Aqua-Deck1.jpg","type":"image\/jpeg"}],"twitter_card":"summary_large_image","schema":{"@context":"https:\/\/schema.org","@graph":[{"@type":"WebPage","@id":"https:\/\/consortium.hr\/product\/aqua-deck\/","url":"https:\/\/consortium.hr\/product\/aqua-deck\/","name":"Aqua Deck - Consortium","isPartOf":{"@id":"https:\/\/consortium.hr\/#website"},"primaryImageOfPage":{"@id":"https:\/\/consortium.hr\/product\/aqua-deck\/#primaryimage"},"image":{"@id":"https:\/\/consortium.hr\/product\/aqua-deck\/#primaryimage"},"thumbnailUrl":"https:\/\/consortium.hr\/wp-content\/uploads\/2024\/03\/Aqua-Deck1.jpg","datePublished":"2024-03-06T13:55:44+00:00","dateModified":"2026-04-27T07:03:05+00:00","breadcrumb":{"@id":"https:\/\/consortium.hr\/product\/aqua-deck\/#breadcrumb"},"inLanguage":"sl-SI","potentialAction":[{"@type":"ReadAction","target":["https:\/\/consortium.hr\/product\/aqua-deck\/"]}]},{"@type":"ImageObject","inLanguage":"sl-SI","@id":"https:\/\/consortium.hr\/product\/aqua-deck\/#primaryimage","url":"https:\/\/consortium.hr\/wp-content\/uploads\/2024\/03\/Aqua-Deck1.jpg","contentUrl":"https:\/\/consortium.hr\/wp-content\/uploads\/2024\/03\/Aqua-Deck1.jpg","width":800,"height":800},{"@type":"BreadcrumbList","@id":"https:\/\/consortium.hr\/product\/aqua-deck\/#breadcrumb","itemListElement":[{"@type":"ListItem","position":1,"name":"Po\u010detna stranica","item":"https:\/\/consortium.hr\/sl\/"},{"@type":"ListItem","position":2,"name":"Shop","item":"https:\/\/consortium.hr\/sl\/shop\/"},{"@type":"ListItem","position":3,"name":"Aqua Deck"}]},{"@type":"WebSite","@id":"https:\/\/consortium.hr\/#website","url":"https:\/\/consortium.hr\/","name":"Consortium","description":"Gra\u0111evinski Materijal - Odli\u010dna Ponuda i Cijena","alternateName":"Gra\u0111evinski Materijal - Odli\u010dna Ponuda i Cijena","potentialAction":[{"@type":"SearchAction","target":{"@type":"EntryPoint","urlTemplate":"https:\/\/consortium.hr\/?s={search_term_string}"},"query-input":{"@type":"PropertyValueSpecification","valueRequired":true,"valueName":"search_term_string"}}],"inLanguage":"sl-SI"}]}},"_links":{"self":[{"href":"https:\/\/consortium.hr\/sl\/wp-json\/wp\/v2\/product\/4500","targetHints":{"allow":["GET"]}}],"collection":[{"href":"https:\/\/consortium.hr\/sl\/wp-json\/wp\/v2\/product"}],"about":[{"href":"https:\/\/consortium.hr\/sl\/wp-json\/wp\/v2\/types\/product"}],"wp:featuredmedia":[{"embeddable":true,"href":"https:\/\/consortium.hr\/sl\/wp-json\/wp\/v2\/media\/4503"}],"wp:attachment":[{"href":"https:\/\/consortium.hr\/sl\/wp-json\/wp\/v2\/media?parent=4500"}],"wp:term":[{"taxonomy":"product_brand","embeddable":true,"href":"https:\/\/consortium.hr\/sl\/wp-json\/wp\/v2\/product_brand?post=4500"},{"taxonomy":"product_cat","embeddable":true,"href":"https:\/\/consortium.hr\/sl\/wp-json\/wp\/v2\/product_cat?post=4500"},{"taxonomy":"product_tag","embeddable":true,"href":"https:\/\/consortium.hr\/sl\/wp-json\/wp\/v2\/product_tag?post=4500"}],"curies":[{"name":"wp","href":"https:\/\/api.w.org\/{rel}","templated":true}]}}