{"id":4552,"date":"2024-03-14T20:06:32","date_gmt":"2024-03-14T20:06:32","guid":{"rendered":"https:\/\/consortium.hr\/?post_type=product&#038;p=4552"},"modified":"2026-04-17T12:27:41","modified_gmt":"2026-04-17T12:27:41","slug":"ljepilo-za-dekorativne-folije","status":"publish","type":"product","link":"https:\/\/consortium.hr\/sl\/product\/ljepilo-za-dekorativne-folije\/","title":{"rendered":"Lepilo za dekorativne folije"},"content":{"rendered":"<div class=\"docos-collapsible-replyview\">\n<div class=\"docos-replyview-static\">\n<div class=\"docos-replyview-body docos-anchoredreplyview-body docos-replyview-body-emoji-reactable docos-replyview-body-emoji-reactable-background\" dir=\"ltr\">Lepilo na vodni osnovi, posebej zasnovano za uporabo folije v dekorativnih zidnih premazih.<\/div>\n<\/div>\n<\/div>","protected":false},"excerpt":{"rendered":"<p>Lepilo na vodni osnovi, posebej zasnovano za uporabo folije v dekorativnih zidnih premazih.<\/p>","protected":false},"featured_media":4554,"template":"","meta":{"_acf_changed":false},"product_brand":[],"product_cat":[369],"product_tag":[],"class_list":{"0":"post-4552","1":"product","2":"type-product","3":"status-publish","4":"has-post-thumbnail","6":"product_cat-ljepila","8":"first","9":"instock","10":"shipping-taxable","11":"purchasable","12":"product-type-variable","13":"wvs-archive-product-wrapper"},"acf":[],"yoast_head":"<!-- This site is optimized with the Yoast SEO plugin v26.1.1 - https:\/\/yoast.com\/wordpress\/plugins\/seo\/ -->\n<title>Ljepilo za dekorativne folije - Consortium<\/title>\n<meta name=\"robots\" content=\"index, follow, max-snippet:-1, max-image-preview:large, max-video-preview:-1\" \/>\n<link rel=\"canonical\" href=\"https:\/\/consortium.hr\/sl\/product\/ljepilo-za-dekorativne-folije\/\" \/>\n<meta property=\"og:locale\" content=\"sl_SI\" \/>\n<meta property=\"og:type\" content=\"article\" \/>\n<meta property=\"og:title\" content=\"Ljepilo za dekorativne folije - Consortium\" \/>\n<meta property=\"og:description\" content=\"Ljepilo na bazi vode posebno prou\u010davano za primjenu folije u dekorativnim zidnim premazima.\" \/>\n<meta property=\"og:url\" content=\"https:\/\/consortium.hr\/sl\/product\/ljepilo-za-dekorativne-folije\/\" \/>\n<meta property=\"og:site_name\" content=\"Consortium\" \/>\n<meta property=\"article:modified_time\" content=\"2026-04-17T12:27:41+00:00\" \/>\n<meta property=\"og:image\" content=\"https:\/\/consortium.hr\/wp-content\/uploads\/2024\/03\/adesivo-foil-1140-1140.jpg\" \/>\n\t<meta property=\"og:image:width\" content=\"800\" \/>\n\t<meta property=\"og:image:height\" content=\"800\" \/>\n\t<meta property=\"og:image:type\" content=\"image\/jpeg\" \/>\n<meta name=\"twitter:card\" content=\"summary_large_image\" \/>\n<script type=\"application\/ld+json\" class=\"yoast-schema-graph\">{\"@context\":\"https:\/\/schema.org\",\"@graph\":[{\"@type\":\"WebPage\",\"@id\":\"https:\/\/consortium.hr\/product\/ljepilo-za-dekorativne-folije\/\",\"url\":\"https:\/\/consortium.hr\/product\/ljepilo-za-dekorativne-folije\/\",\"name\":\"Ljepilo za dekorativne folije - Consortium\",\"isPartOf\":{\"@id\":\"https:\/\/consortium.hr\/#website\"},\"primaryImageOfPage\":{\"@id\":\"https:\/\/consortium.hr\/product\/ljepilo-za-dekorativne-folije\/#primaryimage\"},\"image\":{\"@id\":\"https:\/\/consortium.hr\/product\/ljepilo-za-dekorativne-folije\/#primaryimage\"},\"thumbnailUrl\":\"https:\/\/consortium.hr\/wp-content\/uploads\/2024\/03\/adesivo-foil-1140-1140.jpg\",\"datePublished\":\"2024-03-14T20:06:32+00:00\",\"dateModified\":\"2026-04-17T12:27:41+00:00\",\"breadcrumb\":{\"@id\":\"https:\/\/consortium.hr\/product\/ljepilo-za-dekorativne-folije\/#breadcrumb\"},\"inLanguage\":\"sl-SI\",\"potentialAction\":[{\"@type\":\"ReadAction\",\"target\":[\"https:\/\/consortium.hr\/product\/ljepilo-za-dekorativne-folije\/\"]}]},{\"@type\":\"ImageObject\",\"inLanguage\":\"sl-SI\",\"@id\":\"https:\/\/consortium.hr\/product\/ljepilo-za-dekorativne-folije\/#primaryimage\",\"url\":\"https:\/\/consortium.hr\/wp-content\/uploads\/2024\/03\/adesivo-foil-1140-1140.jpg\",\"contentUrl\":\"https:\/\/consortium.hr\/wp-content\/uploads\/2024\/03\/adesivo-foil-1140-1140.jpg\",\"width\":800,\"height\":800},{\"@type\":\"BreadcrumbList\",\"@id\":\"https:\/\/consortium.hr\/product\/ljepilo-za-dekorativne-folije\/#breadcrumb\",\"itemListElement\":[{\"@type\":\"ListItem\",\"position\":1,\"name\":\"Po\u010detna stranica\",\"item\":\"https:\/\/consortium.hr\/sl\/\"},{\"@type\":\"ListItem\",\"position\":2,\"name\":\"Shop\",\"item\":\"https:\/\/consortium.hr\/sl\/shop\/\"},{\"@type\":\"ListItem\",\"position\":3,\"name\":\"Ljepilo za dekorativne folije\"}]},{\"@type\":\"WebSite\",\"@id\":\"https:\/\/consortium.hr\/#website\",\"url\":\"https:\/\/consortium.hr\/\",\"name\":\"Consortium\",\"description\":\"Gra\u0111evinski Materijal - Odli\u010dna Ponuda i Cijena\",\"alternateName\":\"Gra\u0111evinski Materijal - Odli\u010dna Ponuda i Cijena\",\"potentialAction\":[{\"@type\":\"SearchAction\",\"target\":{\"@type\":\"EntryPoint\",\"urlTemplate\":\"https:\/\/consortium.hr\/?s={search_term_string}\"},\"query-input\":{\"@type\":\"PropertyValueSpecification\",\"valueRequired\":true,\"valueName\":\"search_term_string\"}}],\"inLanguage\":\"sl-SI\"}]}<\/script>\n<!-- \/ Yoast SEO plugin. -->","yoast_head_json":{"title":"Ljepilo za dekorativne folije - Consortium","robots":{"index":"index","follow":"follow","max-snippet":"max-snippet:-1","max-image-preview":"max-image-preview:large","max-video-preview":"max-video-preview:-1"},"canonical":"https:\/\/consortium.hr\/sl\/product\/ljepilo-za-dekorativne-folije\/","og_locale":"sl_SI","og_type":"article","og_title":"Ljepilo za dekorativne folije - Consortium","og_description":"Ljepilo na bazi vode posebno prou\u010davano za primjenu folije u dekorativnim zidnim premazima.","og_url":"https:\/\/consortium.hr\/sl\/product\/ljepilo-za-dekorativne-folije\/","og_site_name":"Consortium","article_modified_time":"2026-04-17T12:27:41+00:00","og_image":[{"width":800,"height":800,"url":"https:\/\/consortium.hr\/wp-content\/uploads\/2024\/03\/adesivo-foil-1140-1140.jpg","type":"image\/jpeg"}],"twitter_card":"summary_large_image","schema":{"@context":"https:\/\/schema.org","@graph":[{"@type":"WebPage","@id":"https:\/\/consortium.hr\/product\/ljepilo-za-dekorativne-folije\/","url":"https:\/\/consortium.hr\/product\/ljepilo-za-dekorativne-folije\/","name":"Ljepilo za dekorativne folije - Consortium","isPartOf":{"@id":"https:\/\/consortium.hr\/#website"},"primaryImageOfPage":{"@id":"https:\/\/consortium.hr\/product\/ljepilo-za-dekorativne-folije\/#primaryimage"},"image":{"@id":"https:\/\/consortium.hr\/product\/ljepilo-za-dekorativne-folije\/#primaryimage"},"thumbnailUrl":"https:\/\/consortium.hr\/wp-content\/uploads\/2024\/03\/adesivo-foil-1140-1140.jpg","datePublished":"2024-03-14T20:06:32+00:00","dateModified":"2026-04-17T12:27:41+00:00","breadcrumb":{"@id":"https:\/\/consortium.hr\/product\/ljepilo-za-dekorativne-folije\/#breadcrumb"},"inLanguage":"sl-SI","potentialAction":[{"@type":"ReadAction","target":["https:\/\/consortium.hr\/product\/ljepilo-za-dekorativne-folije\/"]}]},{"@type":"ImageObject","inLanguage":"sl-SI","@id":"https:\/\/consortium.hr\/product\/ljepilo-za-dekorativne-folije\/#primaryimage","url":"https:\/\/consortium.hr\/wp-content\/uploads\/2024\/03\/adesivo-foil-1140-1140.jpg","contentUrl":"https:\/\/consortium.hr\/wp-content\/uploads\/2024\/03\/adesivo-foil-1140-1140.jpg","width":800,"height":800},{"@type":"BreadcrumbList","@id":"https:\/\/consortium.hr\/product\/ljepilo-za-dekorativne-folije\/#breadcrumb","itemListElement":[{"@type":"ListItem","position":1,"name":"Po\u010detna stranica","item":"https:\/\/consortium.hr\/sl\/"},{"@type":"ListItem","position":2,"name":"Shop","item":"https:\/\/consortium.hr\/sl\/shop\/"},{"@type":"ListItem","position":3,"name":"Ljepilo za dekorativne folije"}]},{"@type":"WebSite","@id":"https:\/\/consortium.hr\/#website","url":"https:\/\/consortium.hr\/","name":"Consortium","description":"Gra\u0111evinski Materijal - Odli\u010dna Ponuda i Cijena","alternateName":"Gra\u0111evinski Materijal - Odli\u010dna Ponuda i Cijena","potentialAction":[{"@type":"SearchAction","target":{"@type":"EntryPoint","urlTemplate":"https:\/\/consortium.hr\/?s={search_term_string}"},"query-input":{"@type":"PropertyValueSpecification","valueRequired":true,"valueName":"search_term_string"}}],"inLanguage":"sl-SI"}]}},"_links":{"self":[{"href":"https:\/\/consortium.hr\/sl\/wp-json\/wp\/v2\/product\/4552","targetHints":{"allow":["GET"]}}],"collection":[{"href":"https:\/\/consortium.hr\/sl\/wp-json\/wp\/v2\/product"}],"about":[{"href":"https:\/\/consortium.hr\/sl\/wp-json\/wp\/v2\/types\/product"}],"wp:featuredmedia":[{"embeddable":true,"href":"https:\/\/consortium.hr\/sl\/wp-json\/wp\/v2\/media\/4554"}],"wp:attachment":[{"href":"https:\/\/consortium.hr\/sl\/wp-json\/wp\/v2\/media?parent=4552"}],"wp:term":[{"taxonomy":"product_brand","embeddable":true,"href":"https:\/\/consortium.hr\/sl\/wp-json\/wp\/v2\/product_brand?post=4552"},{"taxonomy":"product_cat","embeddable":true,"href":"https:\/\/consortium.hr\/sl\/wp-json\/wp\/v2\/product_cat?post=4552"},{"taxonomy":"product_tag","embeddable":true,"href":"https:\/\/consortium.hr\/sl\/wp-json\/wp\/v2\/product_tag?post=4552"}],"curies":[{"name":"wp","href":"https:\/\/api.w.org\/{rel}","templated":true}]}}