{"id":4595,"date":"2024-03-14T20:54:14","date_gmt":"2024-03-14T20:54:14","guid":{"rendered":"https:\/\/consortium.hr\/?post_type=product&#038;p=4595"},"modified":"2026-04-27T11:38:14","modified_gmt":"2026-04-27T11:38:14","slug":"neostik-sk-101-universal","status":"publish","type":"product","link":"https:\/\/consortium.hr\/sl\/product\/neostik-sk-101-universal\/","title":{"rendered":"Neostik SK-101 Universal"},"content":{"rendered":"<p>Uporablja se za lepljenje gume, usnja, tekstila, plasti\u010dnih materialov (razen PE, PP, PTFE in stiropora), kovin, lesa, betona, marmorja itd. ter za lepljenje razli\u010dnih talnih, stenskih in stropnih oblog iz tekstila, plute, gume in PVC-ja.<\/p>","protected":false},"excerpt":{"rendered":"<p>Uporablja se za lepljenje gume, usnja, tekstila, plasti\u010dnih materialov (razen PE, PP, PTFE in stiropora), kovin, lesa, betona, marmorja itd. ter za lepljenje razli\u010dnih talnih, stenskih in stropnih oblog iz tekstila, plute, gume in PVC-ja.<\/p>","protected":false},"featured_media":4596,"template":"","meta":{"_acf_changed":false},"product_brand":[],"product_cat":[369],"product_tag":[],"class_list":{"0":"post-4595","1":"product","2":"type-product","3":"status-publish","4":"has-post-thumbnail","6":"product_cat-ljepila","8":"first","9":"instock","10":"shipping-taxable","11":"purchasable","12":"product-type-variable","13":"wvs-archive-product-wrapper"},"acf":[],"yoast_head":"<!-- This site is optimized with the Yoast SEO plugin v26.1.1 - https:\/\/yoast.com\/wordpress\/plugins\/seo\/ -->\n<title>Neostik SK-101 Universal - Consortium<\/title>\n<meta name=\"robots\" content=\"index, follow, max-snippet:-1, max-image-preview:large, max-video-preview:-1\" \/>\n<link rel=\"canonical\" href=\"https:\/\/consortium.hr\/sl\/product\/neostik-sk-101-universal\/\" \/>\n<meta property=\"og:locale\" content=\"sl_SI\" \/>\n<meta property=\"og:type\" content=\"article\" \/>\n<meta property=\"og:title\" content=\"Neostik SK-101 Universal - Consortium\" \/>\n<meta property=\"og:description\" content=\"Koristi se za lijepljenje gume, ko\u017ee, tekstila, plasti\u010dnih materijala (osim PE, PP, PTFE i stiropora), metala, drva, betona, mramora i sl. te lijepljenu razli\u010ditih podnih, zidnih i stropnih obloga od tekstila, plute, gume i PVC-a.\" \/>\n<meta property=\"og:url\" content=\"https:\/\/consortium.hr\/sl\/product\/neostik-sk-101-universal\/\" \/>\n<meta property=\"og:site_name\" content=\"Consortium\" \/>\n<meta property=\"article:modified_time\" content=\"2026-04-27T11:38:14+00:00\" \/>\n<meta property=\"og:image\" content=\"https:\/\/consortium.hr\/wp-content\/uploads\/2024\/03\/lepilo-neostik-uni-50ml.jpg\" \/>\n\t<meta property=\"og:image:width\" content=\"800\" \/>\n\t<meta property=\"og:image:height\" content=\"800\" \/>\n\t<meta property=\"og:image:type\" content=\"image\/jpeg\" \/>\n<meta name=\"twitter:card\" content=\"summary_large_image\" \/>\n<script type=\"application\/ld+json\" class=\"yoast-schema-graph\">{\"@context\":\"https:\/\/schema.org\",\"@graph\":[{\"@type\":\"WebPage\",\"@id\":\"https:\/\/consortium.hr\/product\/neostik-sk-101-universal\/\",\"url\":\"https:\/\/consortium.hr\/product\/neostik-sk-101-universal\/\",\"name\":\"Neostik SK-101 Universal - Consortium\",\"isPartOf\":{\"@id\":\"https:\/\/consortium.hr\/#website\"},\"primaryImageOfPage\":{\"@id\":\"https:\/\/consortium.hr\/product\/neostik-sk-101-universal\/#primaryimage\"},\"image\":{\"@id\":\"https:\/\/consortium.hr\/product\/neostik-sk-101-universal\/#primaryimage\"},\"thumbnailUrl\":\"https:\/\/consortium.hr\/wp-content\/uploads\/2024\/03\/lepilo-neostik-uni-50ml.jpg\",\"datePublished\":\"2024-03-14T20:54:14+00:00\",\"dateModified\":\"2026-04-27T11:38:14+00:00\",\"breadcrumb\":{\"@id\":\"https:\/\/consortium.hr\/product\/neostik-sk-101-universal\/#breadcrumb\"},\"inLanguage\":\"sl-SI\",\"potentialAction\":[{\"@type\":\"ReadAction\",\"target\":[\"https:\/\/consortium.hr\/product\/neostik-sk-101-universal\/\"]}]},{\"@type\":\"ImageObject\",\"inLanguage\":\"sl-SI\",\"@id\":\"https:\/\/consortium.hr\/product\/neostik-sk-101-universal\/#primaryimage\",\"url\":\"https:\/\/consortium.hr\/wp-content\/uploads\/2024\/03\/lepilo-neostik-uni-50ml.jpg\",\"contentUrl\":\"https:\/\/consortium.hr\/wp-content\/uploads\/2024\/03\/lepilo-neostik-uni-50ml.jpg\",\"width\":800,\"height\":800},{\"@type\":\"BreadcrumbList\",\"@id\":\"https:\/\/consortium.hr\/product\/neostik-sk-101-universal\/#breadcrumb\",\"itemListElement\":[{\"@type\":\"ListItem\",\"position\":1,\"name\":\"Po\u010detna stranica\",\"item\":\"https:\/\/consortium.hr\/sl\/\"},{\"@type\":\"ListItem\",\"position\":2,\"name\":\"Shop\",\"item\":\"https:\/\/consortium.hr\/sl\/shop\/\"},{\"@type\":\"ListItem\",\"position\":3,\"name\":\"Neostik SK-101 Universal\"}]},{\"@type\":\"WebSite\",\"@id\":\"https:\/\/consortium.hr\/#website\",\"url\":\"https:\/\/consortium.hr\/\",\"name\":\"Consortium\",\"description\":\"Gra\u0111evinski Materijal - Odli\u010dna Ponuda i Cijena\",\"alternateName\":\"Gra\u0111evinski Materijal - Odli\u010dna Ponuda i Cijena\",\"potentialAction\":[{\"@type\":\"SearchAction\",\"target\":{\"@type\":\"EntryPoint\",\"urlTemplate\":\"https:\/\/consortium.hr\/?s={search_term_string}\"},\"query-input\":{\"@type\":\"PropertyValueSpecification\",\"valueRequired\":true,\"valueName\":\"search_term_string\"}}],\"inLanguage\":\"sl-SI\"}]}<\/script>\n<!-- \/ Yoast SEO plugin. -->","yoast_head_json":{"title":"Neostik SK-101 Universal - Consortium","robots":{"index":"index","follow":"follow","max-snippet":"max-snippet:-1","max-image-preview":"max-image-preview:large","max-video-preview":"max-video-preview:-1"},"canonical":"https:\/\/consortium.hr\/sl\/product\/neostik-sk-101-universal\/","og_locale":"sl_SI","og_type":"article","og_title":"Neostik SK-101 Universal - Consortium","og_description":"Koristi se za lijepljenje gume, ko\u017ee, tekstila, plasti\u010dnih materijala (osim PE, PP, PTFE i stiropora), metala, drva, betona, mramora i sl. te lijepljenu razli\u010ditih podnih, zidnih i stropnih obloga od tekstila, plute, gume i PVC-a.","og_url":"https:\/\/consortium.hr\/sl\/product\/neostik-sk-101-universal\/","og_site_name":"Consortium","article_modified_time":"2026-04-27T11:38:14+00:00","og_image":[{"width":800,"height":800,"url":"https:\/\/consortium.hr\/wp-content\/uploads\/2024\/03\/lepilo-neostik-uni-50ml.jpg","type":"image\/jpeg"}],"twitter_card":"summary_large_image","schema":{"@context":"https:\/\/schema.org","@graph":[{"@type":"WebPage","@id":"https:\/\/consortium.hr\/product\/neostik-sk-101-universal\/","url":"https:\/\/consortium.hr\/product\/neostik-sk-101-universal\/","name":"Neostik SK-101 Universal - Consortium","isPartOf":{"@id":"https:\/\/consortium.hr\/#website"},"primaryImageOfPage":{"@id":"https:\/\/consortium.hr\/product\/neostik-sk-101-universal\/#primaryimage"},"image":{"@id":"https:\/\/consortium.hr\/product\/neostik-sk-101-universal\/#primaryimage"},"thumbnailUrl":"https:\/\/consortium.hr\/wp-content\/uploads\/2024\/03\/lepilo-neostik-uni-50ml.jpg","datePublished":"2024-03-14T20:54:14+00:00","dateModified":"2026-04-27T11:38:14+00:00","breadcrumb":{"@id":"https:\/\/consortium.hr\/product\/neostik-sk-101-universal\/#breadcrumb"},"inLanguage":"sl-SI","potentialAction":[{"@type":"ReadAction","target":["https:\/\/consortium.hr\/product\/neostik-sk-101-universal\/"]}]},{"@type":"ImageObject","inLanguage":"sl-SI","@id":"https:\/\/consortium.hr\/product\/neostik-sk-101-universal\/#primaryimage","url":"https:\/\/consortium.hr\/wp-content\/uploads\/2024\/03\/lepilo-neostik-uni-50ml.jpg","contentUrl":"https:\/\/consortium.hr\/wp-content\/uploads\/2024\/03\/lepilo-neostik-uni-50ml.jpg","width":800,"height":800},{"@type":"BreadcrumbList","@id":"https:\/\/consortium.hr\/product\/neostik-sk-101-universal\/#breadcrumb","itemListElement":[{"@type":"ListItem","position":1,"name":"Po\u010detna stranica","item":"https:\/\/consortium.hr\/sl\/"},{"@type":"ListItem","position":2,"name":"Shop","item":"https:\/\/consortium.hr\/sl\/shop\/"},{"@type":"ListItem","position":3,"name":"Neostik SK-101 Universal"}]},{"@type":"WebSite","@id":"https:\/\/consortium.hr\/#website","url":"https:\/\/consortium.hr\/","name":"Consortium","description":"Gra\u0111evinski Materijal - Odli\u010dna Ponuda i Cijena","alternateName":"Gra\u0111evinski Materijal - Odli\u010dna Ponuda i Cijena","potentialAction":[{"@type":"SearchAction","target":{"@type":"EntryPoint","urlTemplate":"https:\/\/consortium.hr\/?s={search_term_string}"},"query-input":{"@type":"PropertyValueSpecification","valueRequired":true,"valueName":"search_term_string"}}],"inLanguage":"sl-SI"}]}},"_links":{"self":[{"href":"https:\/\/consortium.hr\/sl\/wp-json\/wp\/v2\/product\/4595","targetHints":{"allow":["GET"]}}],"collection":[{"href":"https:\/\/consortium.hr\/sl\/wp-json\/wp\/v2\/product"}],"about":[{"href":"https:\/\/consortium.hr\/sl\/wp-json\/wp\/v2\/types\/product"}],"wp:featuredmedia":[{"embeddable":true,"href":"https:\/\/consortium.hr\/sl\/wp-json\/wp\/v2\/media\/4596"}],"wp:attachment":[{"href":"https:\/\/consortium.hr\/sl\/wp-json\/wp\/v2\/media?parent=4595"}],"wp:term":[{"taxonomy":"product_brand","embeddable":true,"href":"https:\/\/consortium.hr\/sl\/wp-json\/wp\/v2\/product_brand?post=4595"},{"taxonomy":"product_cat","embeddable":true,"href":"https:\/\/consortium.hr\/sl\/wp-json\/wp\/v2\/product_cat?post=4595"},{"taxonomy":"product_tag","embeddable":true,"href":"https:\/\/consortium.hr\/sl\/wp-json\/wp\/v2\/product_tag?post=4595"}],"curies":[{"name":"wp","href":"https:\/\/api.w.org\/{rel}","templated":true}]}}