{"id":4842,"date":"2024-03-26T14:19:53","date_gmt":"2024-03-26T14:19:53","guid":{"rendered":"https:\/\/consortium.hr\/?post_type=product&#038;p=4842"},"modified":"2026-02-16T12:39:19","modified_gmt":"2026-02-16T12:39:19","slug":"spray-p360-2k-hs-primer-antikorozivni-primer-filler","status":"publish","type":"product","link":"https:\/\/consortium.hr\/sl\/product\/spray-p360-2k-hs-primer-antikorozivni-primer-filler\/","title":{"rendered":"Spray P360 2K HS Primer - antikorozivni premaz\/napolnilo"},"content":{"rendered":"<div class=\"docos-collapsible-replyview\">\n<div class=\"docos-replyview-static\">\n<div class=\"docos-replyview-body docos-anchoredreplyview-body docos-replyview-body-emoji-reactable docos-replyview-body-emoji-reactable-background\" dir=\"ltr\"><strong>HB Body P360 je visokokakovosten antikorozivni temeljni premaz z visoko vsebnostjo polnil.<\/strong><\/div>\n<div dir=\"ltr\"><\/div>\n<ul>\n<li class=\"docos-replyview-body docos-anchoredreplyview-body docos-replyview-body-emoji-reactable docos-replyview-body-emoji-reactable-background\" dir=\"ltr\">Z idealnim oprijemom na nebru\u0161ene OEM (E-COAT) plo\u0161\u010de.<\/li>\n<li class=\"docos-replyview-body docos-anchoredreplyview-body docos-replyview-body-emoji-reactable docos-replyview-body-emoji-reactable-background\" dir=\"ltr\">Dobro vpijanje pr\u0161enja in odli\u010dno izravnavanje zagotavljata izjemne rezultate.<\/li>\n<\/ul>\n<\/div>\n<\/div>","protected":false},"excerpt":{"rendered":"<p>HB Body P360 je visokokakovosten antikorozijski osnovni premaz z visokim polnjenjem. Ima idealen oprijem na nebru\u0161ene OEM (E-COAT) plo\u0161\u010de. Dobro vpijanje razpr\u0161ila in odli\u010dno izravnavanje zagotavljata izjemne rezultate.<\/p>","protected":false},"featured_media":4843,"template":"","meta":{"_acf_changed":false},"product_brand":[],"product_cat":[202,201],"product_tag":[],"class_list":{"0":"post-4842","1":"product","2":"type-product","3":"status-publish","4":"has-post-thumbnail","6":"product_cat-auto-lakovi","7":"product_cat-auto-program","9":"first","10":"instock","11":"shipping-taxable","12":"purchasable","13":"product-type-variable","14":"wvs-archive-product-wrapper"},"acf":[],"yoast_head":"<!-- This site is optimized with the Yoast SEO plugin v26.1.1 - https:\/\/yoast.com\/wordpress\/plugins\/seo\/ -->\n<title>Spray P360 2K HS Primer - antikorozivni primer\/filler - Consortium<\/title>\n<meta name=\"robots\" content=\"index, follow, max-snippet:-1, max-image-preview:large, max-video-preview:-1\" \/>\n<link rel=\"canonical\" href=\"https:\/\/consortium.hr\/sl\/product\/spray-p360-2k-hs-primer-antikorozivni-primer-filler\/\" \/>\n<meta property=\"og:locale\" content=\"sl_SI\" \/>\n<meta property=\"og:type\" content=\"article\" \/>\n<meta property=\"og:title\" content=\"Spray P360 2K HS Primer - antikorozivni primer\/filler - Consortium\" \/>\n<meta property=\"og:description\" content=\"HB Body P360 je visokokvalitetni antikorozivni temeljni premaz visokog punjenja. S idealnim prianjanjem na nebru\u0161ene OEM (E-COAT) plo\u010de. Dobro upijanje prskanja i izvrsno izravnavanje jam\u010de izvanredne rezultate.\" \/>\n<meta property=\"og:url\" content=\"https:\/\/consortium.hr\/sl\/product\/spray-p360-2k-hs-primer-antikorozivni-primer-filler\/\" \/>\n<meta property=\"og:site_name\" content=\"Consortium\" \/>\n<meta property=\"article:modified_time\" content=\"2026-02-16T12:39:19+00:00\" \/>\n<meta property=\"og:image\" content=\"https:\/\/consortium.hr\/wp-content\/uploads\/2024\/03\/6d175139-8baa-4472-94ff-eff42ea11a57.jpg\" \/>\n\t<meta property=\"og:image:width\" content=\"800\" \/>\n\t<meta property=\"og:image:height\" content=\"800\" \/>\n\t<meta property=\"og:image:type\" content=\"image\/jpeg\" \/>\n<meta name=\"twitter:card\" content=\"summary_large_image\" \/>\n<script type=\"application\/ld+json\" class=\"yoast-schema-graph\">{\"@context\":\"https:\/\/schema.org\",\"@graph\":[{\"@type\":\"WebPage\",\"@id\":\"https:\/\/consortium.hr\/product\/spray-p360-2k-hs-primer-antikorozivni-primer-filler\/\",\"url\":\"https:\/\/consortium.hr\/product\/spray-p360-2k-hs-primer-antikorozivni-primer-filler\/\",\"name\":\"Spray P360 2K HS Primer - antikorozivni primer\/filler - Consortium\",\"isPartOf\":{\"@id\":\"https:\/\/consortium.hr\/#website\"},\"primaryImageOfPage\":{\"@id\":\"https:\/\/consortium.hr\/product\/spray-p360-2k-hs-primer-antikorozivni-primer-filler\/#primaryimage\"},\"image\":{\"@id\":\"https:\/\/consortium.hr\/product\/spray-p360-2k-hs-primer-antikorozivni-primer-filler\/#primaryimage\"},\"thumbnailUrl\":\"https:\/\/consortium.hr\/wp-content\/uploads\/2024\/03\/6d175139-8baa-4472-94ff-eff42ea11a57.jpg\",\"datePublished\":\"2024-03-26T14:19:53+00:00\",\"dateModified\":\"2026-02-16T12:39:19+00:00\",\"breadcrumb\":{\"@id\":\"https:\/\/consortium.hr\/product\/spray-p360-2k-hs-primer-antikorozivni-primer-filler\/#breadcrumb\"},\"inLanguage\":\"sl-SI\",\"potentialAction\":[{\"@type\":\"ReadAction\",\"target\":[\"https:\/\/consortium.hr\/product\/spray-p360-2k-hs-primer-antikorozivni-primer-filler\/\"]}]},{\"@type\":\"ImageObject\",\"inLanguage\":\"sl-SI\",\"@id\":\"https:\/\/consortium.hr\/product\/spray-p360-2k-hs-primer-antikorozivni-primer-filler\/#primaryimage\",\"url\":\"https:\/\/consortium.hr\/wp-content\/uploads\/2024\/03\/6d175139-8baa-4472-94ff-eff42ea11a57.jpg\",\"contentUrl\":\"https:\/\/consortium.hr\/wp-content\/uploads\/2024\/03\/6d175139-8baa-4472-94ff-eff42ea11a57.jpg\",\"width\":800,\"height\":800},{\"@type\":\"BreadcrumbList\",\"@id\":\"https:\/\/consortium.hr\/product\/spray-p360-2k-hs-primer-antikorozivni-primer-filler\/#breadcrumb\",\"itemListElement\":[{\"@type\":\"ListItem\",\"position\":1,\"name\":\"Po\u010detna stranica\",\"item\":\"https:\/\/consortium.hr\/sl\/\"},{\"@type\":\"ListItem\",\"position\":2,\"name\":\"Shop\",\"item\":\"https:\/\/consortium.hr\/sl\/shop\/\"},{\"@type\":\"ListItem\",\"position\":3,\"name\":\"Spray P360 2K HS Primer - antikorozivni primer\/filler\"}]},{\"@type\":\"WebSite\",\"@id\":\"https:\/\/consortium.hr\/#website\",\"url\":\"https:\/\/consortium.hr\/\",\"name\":\"Consortium\",\"description\":\"Gra\u0111evinski Materijal - Odli\u010dna Ponuda i Cijena\",\"alternateName\":\"Gra\u0111evinski Materijal - Odli\u010dna Ponuda i Cijena\",\"potentialAction\":[{\"@type\":\"SearchAction\",\"target\":{\"@type\":\"EntryPoint\",\"urlTemplate\":\"https:\/\/consortium.hr\/?s={search_term_string}\"},\"query-input\":{\"@type\":\"PropertyValueSpecification\",\"valueRequired\":true,\"valueName\":\"search_term_string\"}}],\"inLanguage\":\"sl-SI\"}]}<\/script>\n<!-- \/ Yoast SEO plugin. -->","yoast_head_json":{"title":"Spray P360 2K HS Primer - antikorozivni primer\/filler - Consortium","robots":{"index":"index","follow":"follow","max-snippet":"max-snippet:-1","max-image-preview":"max-image-preview:large","max-video-preview":"max-video-preview:-1"},"canonical":"https:\/\/consortium.hr\/sl\/product\/spray-p360-2k-hs-primer-antikorozivni-primer-filler\/","og_locale":"sl_SI","og_type":"article","og_title":"Spray P360 2K HS Primer - antikorozivni primer\/filler - Consortium","og_description":"HB Body P360 je visokokvalitetni antikorozivni temeljni premaz visokog punjenja. S idealnim prianjanjem na nebru\u0161ene OEM (E-COAT) plo\u010de. Dobro upijanje prskanja i izvrsno izravnavanje jam\u010de izvanredne rezultate.","og_url":"https:\/\/consortium.hr\/sl\/product\/spray-p360-2k-hs-primer-antikorozivni-primer-filler\/","og_site_name":"Consortium","article_modified_time":"2026-02-16T12:39:19+00:00","og_image":[{"width":800,"height":800,"url":"https:\/\/consortium.hr\/wp-content\/uploads\/2024\/03\/6d175139-8baa-4472-94ff-eff42ea11a57.jpg","type":"image\/jpeg"}],"twitter_card":"summary_large_image","schema":{"@context":"https:\/\/schema.org","@graph":[{"@type":"WebPage","@id":"https:\/\/consortium.hr\/product\/spray-p360-2k-hs-primer-antikorozivni-primer-filler\/","url":"https:\/\/consortium.hr\/product\/spray-p360-2k-hs-primer-antikorozivni-primer-filler\/","name":"Spray P360 2K HS Primer - antikorozivni primer\/filler - Consortium","isPartOf":{"@id":"https:\/\/consortium.hr\/#website"},"primaryImageOfPage":{"@id":"https:\/\/consortium.hr\/product\/spray-p360-2k-hs-primer-antikorozivni-primer-filler\/#primaryimage"},"image":{"@id":"https:\/\/consortium.hr\/product\/spray-p360-2k-hs-primer-antikorozivni-primer-filler\/#primaryimage"},"thumbnailUrl":"https:\/\/consortium.hr\/wp-content\/uploads\/2024\/03\/6d175139-8baa-4472-94ff-eff42ea11a57.jpg","datePublished":"2024-03-26T14:19:53+00:00","dateModified":"2026-02-16T12:39:19+00:00","breadcrumb":{"@id":"https:\/\/consortium.hr\/product\/spray-p360-2k-hs-primer-antikorozivni-primer-filler\/#breadcrumb"},"inLanguage":"sl-SI","potentialAction":[{"@type":"ReadAction","target":["https:\/\/consortium.hr\/product\/spray-p360-2k-hs-primer-antikorozivni-primer-filler\/"]}]},{"@type":"ImageObject","inLanguage":"sl-SI","@id":"https:\/\/consortium.hr\/product\/spray-p360-2k-hs-primer-antikorozivni-primer-filler\/#primaryimage","url":"https:\/\/consortium.hr\/wp-content\/uploads\/2024\/03\/6d175139-8baa-4472-94ff-eff42ea11a57.jpg","contentUrl":"https:\/\/consortium.hr\/wp-content\/uploads\/2024\/03\/6d175139-8baa-4472-94ff-eff42ea11a57.jpg","width":800,"height":800},{"@type":"BreadcrumbList","@id":"https:\/\/consortium.hr\/product\/spray-p360-2k-hs-primer-antikorozivni-primer-filler\/#breadcrumb","itemListElement":[{"@type":"ListItem","position":1,"name":"Po\u010detna stranica","item":"https:\/\/consortium.hr\/sl\/"},{"@type":"ListItem","position":2,"name":"Shop","item":"https:\/\/consortium.hr\/sl\/shop\/"},{"@type":"ListItem","position":3,"name":"Spray P360 2K HS Primer - antikorozivni primer\/filler"}]},{"@type":"WebSite","@id":"https:\/\/consortium.hr\/#website","url":"https:\/\/consortium.hr\/","name":"Consortium","description":"Gra\u0111evinski Materijal - Odli\u010dna Ponuda i Cijena","alternateName":"Gra\u0111evinski Materijal - Odli\u010dna Ponuda i Cijena","potentialAction":[{"@type":"SearchAction","target":{"@type":"EntryPoint","urlTemplate":"https:\/\/consortium.hr\/?s={search_term_string}"},"query-input":{"@type":"PropertyValueSpecification","valueRequired":true,"valueName":"search_term_string"}}],"inLanguage":"sl-SI"}]}},"_links":{"self":[{"href":"https:\/\/consortium.hr\/sl\/wp-json\/wp\/v2\/product\/4842","targetHints":{"allow":["GET"]}}],"collection":[{"href":"https:\/\/consortium.hr\/sl\/wp-json\/wp\/v2\/product"}],"about":[{"href":"https:\/\/consortium.hr\/sl\/wp-json\/wp\/v2\/types\/product"}],"wp:featuredmedia":[{"embeddable":true,"href":"https:\/\/consortium.hr\/sl\/wp-json\/wp\/v2\/media\/4843"}],"wp:attachment":[{"href":"https:\/\/consortium.hr\/sl\/wp-json\/wp\/v2\/media?parent=4842"}],"wp:term":[{"taxonomy":"product_brand","embeddable":true,"href":"https:\/\/consortium.hr\/sl\/wp-json\/wp\/v2\/product_brand?post=4842"},{"taxonomy":"product_cat","embeddable":true,"href":"https:\/\/consortium.hr\/sl\/wp-json\/wp\/v2\/product_cat?post=4842"},{"taxonomy":"product_tag","embeddable":true,"href":"https:\/\/consortium.hr\/sl\/wp-json\/wp\/v2\/product_tag?post=4842"}],"curies":[{"name":"wp","href":"https:\/\/api.w.org\/{rel}","templated":true}]}}