{"id":4863,"date":"2024-03-27T09:33:44","date_gmt":"2024-03-27T09:33:44","guid":{"rendered":"https:\/\/consortium.hr\/?post_type=product&#038;p=4863"},"modified":"2026-03-24T08:43:29","modified_gmt":"2026-03-24T08:43:29","slug":"777-blend-in-thinner-specijalni-razrjedivac","status":"publish","type":"product","link":"https:\/\/consortium.hr\/sl\/product\/777-blend-in-thinner-specijalni-razrjedivac\/","title":{"rendered":"777 Blend In Thinner - poseben razred\u010dilo"},"content":{"rendered":"<p><strong>Posebno razred\u010dilo (reduktor) za delno barvanje in lakiranje (vbrizgavanje) zaklju\u010dnih slojev barv in lakov.<\/strong><\/p>\n<p>Prav tako poznano kot fade out razred\u010dilo.<\/p>","protected":false},"excerpt":{"rendered":"<p>Specijalni razrje\u0111iva\u010d (reduktor) za djelomi\u010dno bojenje i lakiranje (ubrizgavanje) zavr\u0161nih slojeva boje i lakova. Tako\u0111er poznat i kao fade out razrje\u0111iva\u010d.<\/p>","protected":false},"featured_media":9051,"template":"","meta":{"_acf_changed":false},"product_brand":[],"product_cat":[202,201],"product_tag":[],"class_list":{"0":"post-4863","1":"product","2":"type-product","3":"status-publish","4":"has-post-thumbnail","6":"product_cat-auto-lakovi","7":"product_cat-auto-program","9":"first","10":"outofstock","11":"shipping-taxable","12":"purchasable","13":"product-type-variable","14":"wvs-archive-product-wrapper"},"acf":[],"yoast_head":"<!-- This site is optimized with the Yoast SEO plugin v26.1.1 - https:\/\/yoast.com\/wordpress\/plugins\/seo\/ -->\n<title>777 Blend In Thinner - specijalni razrje\u0111iva\u010d - Consortium<\/title>\n<meta name=\"robots\" content=\"index, follow, max-snippet:-1, max-image-preview:large, max-video-preview:-1\" \/>\n<link rel=\"canonical\" href=\"https:\/\/consortium.hr\/sl\/product\/777-blend-in-thinner-specijalni-razrjedivac\/\" \/>\n<meta property=\"og:locale\" content=\"sl_SI\" \/>\n<meta property=\"og:type\" content=\"article\" \/>\n<meta property=\"og:title\" content=\"777 Blend In Thinner - specijalni razrje\u0111iva\u010d - Consortium\" \/>\n<meta property=\"og:description\" content=\"Specijalni razrje\u0111iva\u010d (reduktor) za djelomi\u010dno bojenje i lakiranje (ubrizgavanje) zavr\u0161nih slojeva boje i lakova. Tako\u0111er poznat i kao fade out razrje\u0111iva\u010d.\" \/>\n<meta property=\"og:url\" content=\"https:\/\/consortium.hr\/sl\/product\/777-blend-in-thinner-specijalni-razrjedivac\/\" \/>\n<meta property=\"og:site_name\" content=\"Consortium\" \/>\n<meta property=\"article:modified_time\" content=\"2026-03-24T08:43:29+00:00\" \/>\n<meta property=\"og:image\" content=\"https:\/\/consortium.hr\/wp-content\/uploads\/2024\/03\/777-Blend-In-Thinner-specijalni-razrjedivac.jpg\" \/>\n\t<meta property=\"og:image:width\" content=\"800\" \/>\n\t<meta property=\"og:image:height\" content=\"800\" \/>\n\t<meta property=\"og:image:type\" content=\"image\/jpeg\" \/>\n<meta name=\"twitter:card\" content=\"summary_large_image\" \/>\n<script type=\"application\/ld+json\" class=\"yoast-schema-graph\">{\"@context\":\"https:\/\/schema.org\",\"@graph\":[{\"@type\":\"WebPage\",\"@id\":\"https:\/\/consortium.hr\/product\/777-blend-in-thinner-specijalni-razrjedivac\/\",\"url\":\"https:\/\/consortium.hr\/product\/777-blend-in-thinner-specijalni-razrjedivac\/\",\"name\":\"777 Blend In Thinner - specijalni razrje\u0111iva\u010d - Consortium\",\"isPartOf\":{\"@id\":\"https:\/\/consortium.hr\/#website\"},\"primaryImageOfPage\":{\"@id\":\"https:\/\/consortium.hr\/product\/777-blend-in-thinner-specijalni-razrjedivac\/#primaryimage\"},\"image\":{\"@id\":\"https:\/\/consortium.hr\/product\/777-blend-in-thinner-specijalni-razrjedivac\/#primaryimage\"},\"thumbnailUrl\":\"https:\/\/consortium.hr\/wp-content\/uploads\/2024\/03\/777-Blend-In-Thinner-specijalni-razrjedivac.jpg\",\"datePublished\":\"2024-03-27T09:33:44+00:00\",\"dateModified\":\"2026-03-24T08:43:29+00:00\",\"breadcrumb\":{\"@id\":\"https:\/\/consortium.hr\/product\/777-blend-in-thinner-specijalni-razrjedivac\/#breadcrumb\"},\"inLanguage\":\"sl-SI\",\"potentialAction\":[{\"@type\":\"ReadAction\",\"target\":[\"https:\/\/consortium.hr\/product\/777-blend-in-thinner-specijalni-razrjedivac\/\"]}]},{\"@type\":\"ImageObject\",\"inLanguage\":\"sl-SI\",\"@id\":\"https:\/\/consortium.hr\/product\/777-blend-in-thinner-specijalni-razrjedivac\/#primaryimage\",\"url\":\"https:\/\/consortium.hr\/wp-content\/uploads\/2024\/03\/777-Blend-In-Thinner-specijalni-razrjedivac.jpg\",\"contentUrl\":\"https:\/\/consortium.hr\/wp-content\/uploads\/2024\/03\/777-Blend-In-Thinner-specijalni-razrjedivac.jpg\",\"width\":800,\"height\":800},{\"@type\":\"BreadcrumbList\",\"@id\":\"https:\/\/consortium.hr\/product\/777-blend-in-thinner-specijalni-razrjedivac\/#breadcrumb\",\"itemListElement\":[{\"@type\":\"ListItem\",\"position\":1,\"name\":\"Po\u010detna stranica\",\"item\":\"https:\/\/consortium.hr\/sl\/\"},{\"@type\":\"ListItem\",\"position\":2,\"name\":\"Shop\",\"item\":\"https:\/\/consortium.hr\/sl\/shop\/\"},{\"@type\":\"ListItem\",\"position\":3,\"name\":\"777 Blend In Thinner - specijalni razrje\u0111iva\u010d\"}]},{\"@type\":\"WebSite\",\"@id\":\"https:\/\/consortium.hr\/#website\",\"url\":\"https:\/\/consortium.hr\/\",\"name\":\"Consortium\",\"description\":\"Gra\u0111evinski Materijal - Odli\u010dna Ponuda i Cijena\",\"alternateName\":\"Gra\u0111evinski Materijal - Odli\u010dna Ponuda i Cijena\",\"potentialAction\":[{\"@type\":\"SearchAction\",\"target\":{\"@type\":\"EntryPoint\",\"urlTemplate\":\"https:\/\/consortium.hr\/?s={search_term_string}\"},\"query-input\":{\"@type\":\"PropertyValueSpecification\",\"valueRequired\":true,\"valueName\":\"search_term_string\"}}],\"inLanguage\":\"sl-SI\"}]}<\/script>\n<!-- \/ Yoast SEO plugin. -->","yoast_head_json":{"title":"777 Blend In Thinner - specijalni razrje\u0111iva\u010d - Consortium","robots":{"index":"index","follow":"follow","max-snippet":"max-snippet:-1","max-image-preview":"max-image-preview:large","max-video-preview":"max-video-preview:-1"},"canonical":"https:\/\/consortium.hr\/sl\/product\/777-blend-in-thinner-specijalni-razrjedivac\/","og_locale":"sl_SI","og_type":"article","og_title":"777 Blend In Thinner - specijalni razrje\u0111iva\u010d - Consortium","og_description":"Specijalni razrje\u0111iva\u010d (reduktor) za djelomi\u010dno bojenje i lakiranje (ubrizgavanje) zavr\u0161nih slojeva boje i lakova. Tako\u0111er poznat i kao fade out razrje\u0111iva\u010d.","og_url":"https:\/\/consortium.hr\/sl\/product\/777-blend-in-thinner-specijalni-razrjedivac\/","og_site_name":"Consortium","article_modified_time":"2026-03-24T08:43:29+00:00","og_image":[{"width":800,"height":800,"url":"https:\/\/consortium.hr\/wp-content\/uploads\/2024\/03\/777-Blend-In-Thinner-specijalni-razrjedivac.jpg","type":"image\/jpeg"}],"twitter_card":"summary_large_image","schema":{"@context":"https:\/\/schema.org","@graph":[{"@type":"WebPage","@id":"https:\/\/consortium.hr\/product\/777-blend-in-thinner-specijalni-razrjedivac\/","url":"https:\/\/consortium.hr\/product\/777-blend-in-thinner-specijalni-razrjedivac\/","name":"777 Blend In Thinner - specijalni razrje\u0111iva\u010d - Consortium","isPartOf":{"@id":"https:\/\/consortium.hr\/#website"},"primaryImageOfPage":{"@id":"https:\/\/consortium.hr\/product\/777-blend-in-thinner-specijalni-razrjedivac\/#primaryimage"},"image":{"@id":"https:\/\/consortium.hr\/product\/777-blend-in-thinner-specijalni-razrjedivac\/#primaryimage"},"thumbnailUrl":"https:\/\/consortium.hr\/wp-content\/uploads\/2024\/03\/777-Blend-In-Thinner-specijalni-razrjedivac.jpg","datePublished":"2024-03-27T09:33:44+00:00","dateModified":"2026-03-24T08:43:29+00:00","breadcrumb":{"@id":"https:\/\/consortium.hr\/product\/777-blend-in-thinner-specijalni-razrjedivac\/#breadcrumb"},"inLanguage":"sl-SI","potentialAction":[{"@type":"ReadAction","target":["https:\/\/consortium.hr\/product\/777-blend-in-thinner-specijalni-razrjedivac\/"]}]},{"@type":"ImageObject","inLanguage":"sl-SI","@id":"https:\/\/consortium.hr\/product\/777-blend-in-thinner-specijalni-razrjedivac\/#primaryimage","url":"https:\/\/consortium.hr\/wp-content\/uploads\/2024\/03\/777-Blend-In-Thinner-specijalni-razrjedivac.jpg","contentUrl":"https:\/\/consortium.hr\/wp-content\/uploads\/2024\/03\/777-Blend-In-Thinner-specijalni-razrjedivac.jpg","width":800,"height":800},{"@type":"BreadcrumbList","@id":"https:\/\/consortium.hr\/product\/777-blend-in-thinner-specijalni-razrjedivac\/#breadcrumb","itemListElement":[{"@type":"ListItem","position":1,"name":"Po\u010detna stranica","item":"https:\/\/consortium.hr\/sl\/"},{"@type":"ListItem","position":2,"name":"Shop","item":"https:\/\/consortium.hr\/sl\/shop\/"},{"@type":"ListItem","position":3,"name":"777 Blend In Thinner - specijalni razrje\u0111iva\u010d"}]},{"@type":"WebSite","@id":"https:\/\/consortium.hr\/#website","url":"https:\/\/consortium.hr\/","name":"Consortium","description":"Gra\u0111evinski Materijal - Odli\u010dna Ponuda i Cijena","alternateName":"Gra\u0111evinski Materijal - Odli\u010dna Ponuda i Cijena","potentialAction":[{"@type":"SearchAction","target":{"@type":"EntryPoint","urlTemplate":"https:\/\/consortium.hr\/?s={search_term_string}"},"query-input":{"@type":"PropertyValueSpecification","valueRequired":true,"valueName":"search_term_string"}}],"inLanguage":"sl-SI"}]}},"_links":{"self":[{"href":"https:\/\/consortium.hr\/sl\/wp-json\/wp\/v2\/product\/4863","targetHints":{"allow":["GET"]}}],"collection":[{"href":"https:\/\/consortium.hr\/sl\/wp-json\/wp\/v2\/product"}],"about":[{"href":"https:\/\/consortium.hr\/sl\/wp-json\/wp\/v2\/types\/product"}],"wp:featuredmedia":[{"embeddable":true,"href":"https:\/\/consortium.hr\/sl\/wp-json\/wp\/v2\/media\/9051"}],"wp:attachment":[{"href":"https:\/\/consortium.hr\/sl\/wp-json\/wp\/v2\/media?parent=4863"}],"wp:term":[{"taxonomy":"product_brand","embeddable":true,"href":"https:\/\/consortium.hr\/sl\/wp-json\/wp\/v2\/product_brand?post=4863"},{"taxonomy":"product_cat","embeddable":true,"href":"https:\/\/consortium.hr\/sl\/wp-json\/wp\/v2\/product_cat?post=4863"},{"taxonomy":"product_tag","embeddable":true,"href":"https:\/\/consortium.hr\/sl\/wp-json\/wp\/v2\/product_tag?post=4863"}],"curies":[{"name":"wp","href":"https:\/\/api.w.org\/{rel}","templated":true}]}}