{"id":5083,"date":"2024-03-29T14:10:44","date_gmt":"2024-03-29T14:10:44","guid":{"rendered":"https:\/\/consortium.hr\/?post_type=product&#038;p=5083"},"modified":"2026-04-30T05:43:40","modified_gmt":"2026-04-30T05:43:40","slug":"ceresit-cm-16-flex","status":"publish","type":"product","link":"https:\/\/consortium.hr\/sl\/product\/ceresit-cm-16-flex\/","title":{"rendered":"Ceresit CM 16 Flex"},"content":{"rendered":"<p>Ceresit CM 16 fleksibilno tankoslojno ljepilo za polaganje kerami\u010dkih plo\u010dica i obloga na kriti\u010dne podloge. Sada oboga\u0107eno silikatnim vlaknima!<\/p>\n<p><strong>Prednosti i zna\u010dajke:<\/strong><br \/>\n\u2022 Sada s Fibre Force tehnologijom \u2013 vidljiva silikatna vlakna koja daju jo\u0161 ve\u0107u snagu lijepljenja i finalnu \u010dvrsto\u0107u.<br \/>\n\u2022 Jednostavna primjena na balkone, terase i trajno mokra podru\u010dja (ku\u0107anstva+javna)<br \/>\n\u2022 Za lako o\u0161te\u0107ene i kriti\u010dne povr\u0161ine (posebno plo\u010dica-na-plo\u010dicu, OSB)<br \/>\n\u2022 Otporno na grijane podove<br \/>\n\u2022 Preporu\u010duje se za zemljane, kerami\u010dke i plo\u010dice od prirodnog kamena i izolacijske plo\u010de<\/p>\n<p><strong>Dodatne informacije:<\/strong><br \/>\nCM 16 osigurava fleksibilan ljepljivi spoj i izbjegava unutarnji lom na kriti\u010dnim podlogama - stoga je prikladno za kori\u0161tenje na grijanim glazurama, balkonima, terasama i fasadama, posebno na betonske podloge (stare najmanje 3 mjeseca).<\/p>\n<p><strong>Poraba:<\/strong><br \/>\nDubina zubaca lopatice<br \/>\n\u2022 4 mm: 1,8 kg\/m2<br \/>\n\u2022 6 mm: 2,5 kg\/m2<br \/>\n\u2022 8 mm: 3,2 kg\/m2<br \/>\n\u2022 10 mm: 3,6 kg\/m2<\/p>\n<p><strong>Priprema podloge:<\/strong><br \/>\nCM 16 prianja na \u010diste, \u010dvrste, suhe i vla\u017ene nosive povr\u0161ine bez tvari koje mogu utjecati na prianjanje. Neravne povr\u0161ine ili udubljenja izravnajte (pogledajte Ceresit proizvode za polaganje podnih obloga i unutarnje zavr\u0161ne radove). Premazi slabe nosivosti moraju biti uklonjeni. Gips\/anhidrit ili slojevi boje moraju biti mehani\u010dki ohrapavljeni i bez pra\u0161ine. Prije nano\u0161enja CM 16 ljepila za kerami\u010dke plo\u010dice, provjerite preostalu vlagu povr\u0161ine! Na upojne povr\u0161ine nanesite Ceresit predpremaz. Molimo pogledajte Tehni\u010dki list!<\/p>\n<p><strong>Mije\u0161anje:<\/strong><br \/>\nSadr\u017eaj vre\u0107e zamije\u0161ajte u \u010distoj, hladnoj vodi i mije\u0161ajte elektri\u010dnom mije\u0161alicom dok ne dobijete homogenu smjesu bez grudica. Pri\u010dekajte 5 minuta (vrijeme sazrijevanja) i promije\u0161ajte jo\u0161 jednom. Ukoliko je potrebno, pa\u017eljivo dodajte vodu dok ne postignete \u017eeljenu konzistenciju.<\/p>\n<p><strong>Uporaba:<\/strong><br \/>\nLjepilo se nanosi odgovaraju\u0107om lopaticom, ovisno o veli\u010dini plo\u010dica. Kod unutarnje primjene, minimalna pokrivenost plo\u010dice ljepilo mora biti 65%. Kod vanjske primjene, minimalna pokrivenost plo\u010dice ljepilom je 90% (dodatno nanesite tanak sloj ljepila na stra\u017enju stranu plo\u010dice). Svje\u017ee ostatke ljepila uklonite vodom; stvrdnute ostatke mogu\u0107e je ukloniti samo mehani\u010dkim putem. CM 16 koristite u suhim uvjetima i pri temperaturi izme\u0111u +5\u00b0C i +30\u00b0C.<\/p>","protected":false},"excerpt":{"rendered":"<p>Ceresit CM 16 fleksibilno tankoslojno ljepilo za polaganje kerami\u010dkih plo\u010dica i obloga na kriti\u010dne podloge. Sada oboga\u0107eno silikatnim vlaknima! Prednosti i zna\u010dajke: \u2022 Sada s Fibre Force tehnologijom \u2013 vidljiva silikatna vlakna koja daju jo\u0161 ve\u0107u snagu lijepljenja i finalnu \u010dvrsto\u0107u. \u2022 Jednostavna primjena na balkone, terase i trajno mokra podru\u010dja (ku\u0107anstva+javna) \u2022 Za lako [&hellip;]<\/p>","protected":false},"featured_media":5086,"template":"","meta":{"_acf_changed":false},"product_brand":[],"product_cat":[215,214],"product_tag":[],"class_list":{"0":"post-5083","1":"product","2":"type-product","3":"status-publish","4":"has-post-thumbnail","6":"product_cat-ljepila-polaganje-keramike","7":"product_cat-polaganje-keramike","8":"product_shipping_class-bez-besplatne-dostave","10":"first","11":"instock","12":"shipping-taxable","13":"purchasable","14":"product-type-variable","15":"wvs-archive-product-wrapper"},"acf":[],"yoast_head":"<!-- This site is optimized with the Yoast SEO plugin v26.1.1 - https:\/\/yoast.com\/wordpress\/plugins\/seo\/ -->\n<title>Ceresit CM 16 Flex - Consortium<\/title>\n<meta name=\"robots\" content=\"index, follow, max-snippet:-1, max-image-preview:large, max-video-preview:-1\" \/>\n<link rel=\"canonical\" href=\"https:\/\/consortium.hr\/sl\/product\/ceresit-cm-16-flex\/\" \/>\n<meta property=\"og:locale\" content=\"sl_SI\" \/>\n<meta property=\"og:type\" content=\"article\" \/>\n<meta property=\"og:title\" content=\"Ceresit CM 16 Flex - Consortium\" \/>\n<meta property=\"og:description\" content=\"Ceresit CM 16 fleksibilno tankoslojno ljepilo za polaganje kerami\u010dkih plo\u010dica i obloga na kriti\u010dne podloge. Sada oboga\u0107eno silikatnim vlaknima! Prednosti i zna\u010dajke: \u2022 Sada s Fibre Force tehnologijom \u2013 vidljiva silikatna vlakna koja daju jo\u0161 ve\u0107u snagu lijepljenja i finalnu \u010dvrsto\u0107u. \u2022 Jednostavna primjena na balkone, terase i trajno mokra podru\u010dja (ku\u0107anstva+javna) \u2022 Za lako [&hellip;]\" \/>\n<meta property=\"og:url\" content=\"https:\/\/consortium.hr\/sl\/product\/ceresit-cm-16-flex\/\" \/>\n<meta property=\"og:site_name\" content=\"Consortium\" \/>\n<meta property=\"article:modified_time\" content=\"2026-04-30T05:43:40+00:00\" \/>\n<meta property=\"og:image\" content=\"https:\/\/consortium.hr\/wp-content\/uploads\/2024\/03\/hr-ceresit-tiling-CM16-packshot.jpg\" \/>\n\t<meta property=\"og:image:width\" content=\"1280\" \/>\n\t<meta property=\"og:image:height\" content=\"1280\" \/>\n\t<meta property=\"og:image:type\" content=\"image\/jpeg\" \/>\n<meta name=\"twitter:card\" content=\"summary_large_image\" \/>\n<meta name=\"twitter:label1\" content=\"Est. reading time\" \/>\n\t<meta name=\"twitter:data1\" content=\"2 minuti\" \/>\n<script type=\"application\/ld+json\" class=\"yoast-schema-graph\">{\"@context\":\"https:\/\/schema.org\",\"@graph\":[{\"@type\":\"WebPage\",\"@id\":\"https:\/\/consortium.hr\/product\/ceresit-cm-16-flex\/\",\"url\":\"https:\/\/consortium.hr\/product\/ceresit-cm-16-flex\/\",\"name\":\"Ceresit CM 16 Flex - Consortium\",\"isPartOf\":{\"@id\":\"https:\/\/consortium.hr\/#website\"},\"primaryImageOfPage\":{\"@id\":\"https:\/\/consortium.hr\/product\/ceresit-cm-16-flex\/#primaryimage\"},\"image\":{\"@id\":\"https:\/\/consortium.hr\/product\/ceresit-cm-16-flex\/#primaryimage\"},\"thumbnailUrl\":\"https:\/\/consortium.hr\/wp-content\/uploads\/2024\/03\/hr-ceresit-tiling-CM16-packshot.jpg\",\"datePublished\":\"2024-03-29T14:10:44+00:00\",\"dateModified\":\"2026-04-30T05:43:40+00:00\",\"breadcrumb\":{\"@id\":\"https:\/\/consortium.hr\/product\/ceresit-cm-16-flex\/#breadcrumb\"},\"inLanguage\":\"sl-SI\",\"potentialAction\":[{\"@type\":\"ReadAction\",\"target\":[\"https:\/\/consortium.hr\/product\/ceresit-cm-16-flex\/\"]}]},{\"@type\":\"ImageObject\",\"inLanguage\":\"sl-SI\",\"@id\":\"https:\/\/consortium.hr\/product\/ceresit-cm-16-flex\/#primaryimage\",\"url\":\"https:\/\/consortium.hr\/wp-content\/uploads\/2024\/03\/hr-ceresit-tiling-CM16-packshot.jpg\",\"contentUrl\":\"https:\/\/consortium.hr\/wp-content\/uploads\/2024\/03\/hr-ceresit-tiling-CM16-packshot.jpg\",\"width\":1280,\"height\":1280},{\"@type\":\"BreadcrumbList\",\"@id\":\"https:\/\/consortium.hr\/product\/ceresit-cm-16-flex\/#breadcrumb\",\"itemListElement\":[{\"@type\":\"ListItem\",\"position\":1,\"name\":\"Po\u010detna stranica\",\"item\":\"https:\/\/consortium.hr\/sl\/\"},{\"@type\":\"ListItem\",\"position\":2,\"name\":\"Shop\",\"item\":\"https:\/\/consortium.hr\/sl\/shop\/\"},{\"@type\":\"ListItem\",\"position\":3,\"name\":\"Ceresit CM 16 Flex\"}]},{\"@type\":\"WebSite\",\"@id\":\"https:\/\/consortium.hr\/#website\",\"url\":\"https:\/\/consortium.hr\/\",\"name\":\"Consortium\",\"description\":\"Gra\u0111evinski Materijal - Odli\u010dna Ponuda i Cijena\",\"alternateName\":\"Gra\u0111evinski Materijal - Odli\u010dna Ponuda i Cijena\",\"potentialAction\":[{\"@type\":\"SearchAction\",\"target\":{\"@type\":\"EntryPoint\",\"urlTemplate\":\"https:\/\/consortium.hr\/?s={search_term_string}\"},\"query-input\":{\"@type\":\"PropertyValueSpecification\",\"valueRequired\":true,\"valueName\":\"search_term_string\"}}],\"inLanguage\":\"sl-SI\"}]}<\/script>\n<!-- \/ Yoast SEO plugin. -->","yoast_head_json":{"title":"Ceresit CM 16 Flex - Consortium","robots":{"index":"index","follow":"follow","max-snippet":"max-snippet:-1","max-image-preview":"max-image-preview:large","max-video-preview":"max-video-preview:-1"},"canonical":"https:\/\/consortium.hr\/sl\/product\/ceresit-cm-16-flex\/","og_locale":"sl_SI","og_type":"article","og_title":"Ceresit CM 16 Flex - Consortium","og_description":"Ceresit CM 16 fleksibilno tankoslojno ljepilo za polaganje kerami\u010dkih plo\u010dica i obloga na kriti\u010dne podloge. Sada oboga\u0107eno silikatnim vlaknima! Prednosti i zna\u010dajke: \u2022 Sada s Fibre Force tehnologijom \u2013 vidljiva silikatna vlakna koja daju jo\u0161 ve\u0107u snagu lijepljenja i finalnu \u010dvrsto\u0107u. \u2022 Jednostavna primjena na balkone, terase i trajno mokra podru\u010dja (ku\u0107anstva+javna) \u2022 Za lako [&hellip;]","og_url":"https:\/\/consortium.hr\/sl\/product\/ceresit-cm-16-flex\/","og_site_name":"Consortium","article_modified_time":"2026-04-30T05:43:40+00:00","og_image":[{"width":1280,"height":1280,"url":"https:\/\/consortium.hr\/wp-content\/uploads\/2024\/03\/hr-ceresit-tiling-CM16-packshot.jpg","type":"image\/jpeg"}],"twitter_card":"summary_large_image","twitter_misc":{"Est. reading time":"2 minuti"},"schema":{"@context":"https:\/\/schema.org","@graph":[{"@type":"WebPage","@id":"https:\/\/consortium.hr\/product\/ceresit-cm-16-flex\/","url":"https:\/\/consortium.hr\/product\/ceresit-cm-16-flex\/","name":"Ceresit CM 16 Flex - Consortium","isPartOf":{"@id":"https:\/\/consortium.hr\/#website"},"primaryImageOfPage":{"@id":"https:\/\/consortium.hr\/product\/ceresit-cm-16-flex\/#primaryimage"},"image":{"@id":"https:\/\/consortium.hr\/product\/ceresit-cm-16-flex\/#primaryimage"},"thumbnailUrl":"https:\/\/consortium.hr\/wp-content\/uploads\/2024\/03\/hr-ceresit-tiling-CM16-packshot.jpg","datePublished":"2024-03-29T14:10:44+00:00","dateModified":"2026-04-30T05:43:40+00:00","breadcrumb":{"@id":"https:\/\/consortium.hr\/product\/ceresit-cm-16-flex\/#breadcrumb"},"inLanguage":"sl-SI","potentialAction":[{"@type":"ReadAction","target":["https:\/\/consortium.hr\/product\/ceresit-cm-16-flex\/"]}]},{"@type":"ImageObject","inLanguage":"sl-SI","@id":"https:\/\/consortium.hr\/product\/ceresit-cm-16-flex\/#primaryimage","url":"https:\/\/consortium.hr\/wp-content\/uploads\/2024\/03\/hr-ceresit-tiling-CM16-packshot.jpg","contentUrl":"https:\/\/consortium.hr\/wp-content\/uploads\/2024\/03\/hr-ceresit-tiling-CM16-packshot.jpg","width":1280,"height":1280},{"@type":"BreadcrumbList","@id":"https:\/\/consortium.hr\/product\/ceresit-cm-16-flex\/#breadcrumb","itemListElement":[{"@type":"ListItem","position":1,"name":"Po\u010detna stranica","item":"https:\/\/consortium.hr\/sl\/"},{"@type":"ListItem","position":2,"name":"Shop","item":"https:\/\/consortium.hr\/sl\/shop\/"},{"@type":"ListItem","position":3,"name":"Ceresit CM 16 Flex"}]},{"@type":"WebSite","@id":"https:\/\/consortium.hr\/#website","url":"https:\/\/consortium.hr\/","name":"Consortium","description":"Gra\u0111evinski Materijal - Odli\u010dna Ponuda i Cijena","alternateName":"Gra\u0111evinski Materijal - Odli\u010dna Ponuda i Cijena","potentialAction":[{"@type":"SearchAction","target":{"@type":"EntryPoint","urlTemplate":"https:\/\/consortium.hr\/?s={search_term_string}"},"query-input":{"@type":"PropertyValueSpecification","valueRequired":true,"valueName":"search_term_string"}}],"inLanguage":"sl-SI"}]}},"_links":{"self":[{"href":"https:\/\/consortium.hr\/sl\/wp-json\/wp\/v2\/product\/5083","targetHints":{"allow":["GET"]}}],"collection":[{"href":"https:\/\/consortium.hr\/sl\/wp-json\/wp\/v2\/product"}],"about":[{"href":"https:\/\/consortium.hr\/sl\/wp-json\/wp\/v2\/types\/product"}],"wp:featuredmedia":[{"embeddable":true,"href":"https:\/\/consortium.hr\/sl\/wp-json\/wp\/v2\/media\/5086"}],"wp:attachment":[{"href":"https:\/\/consortium.hr\/sl\/wp-json\/wp\/v2\/media?parent=5083"}],"wp:term":[{"taxonomy":"product_brand","embeddable":true,"href":"https:\/\/consortium.hr\/sl\/wp-json\/wp\/v2\/product_brand?post=5083"},{"taxonomy":"product_cat","embeddable":true,"href":"https:\/\/consortium.hr\/sl\/wp-json\/wp\/v2\/product_cat?post=5083"},{"taxonomy":"product_tag","embeddable":true,"href":"https:\/\/consortium.hr\/sl\/wp-json\/wp\/v2\/product_tag?post=5083"}],"curies":[{"name":"wp","href":"https:\/\/api.w.org\/{rel}","templated":true}]}}