{"id":5092,"date":"2024-03-29T14:16:26","date_gmt":"2024-03-29T14:16:26","guid":{"rendered":"https:\/\/consortium.hr\/?post_type=product&#038;p=5092"},"modified":"2026-04-29T13:34:32","modified_gmt":"2026-04-29T13:34:32","slug":"weber-tec-d-max20kg7kg","status":"publish","type":"product","link":"https:\/\/consortium.hr\/sl\/product\/weber-tec-d-max20kg7kg\/","title":{"rendered":"Weber Tec. D-max (20kg+7kg)"},"content":{"rendered":"<ul>\n<li>Ni vam treba skrbeti za vlago, \u010de uporabljate weber.tec D-max 2K hidroizolacijo. Za\u0161\u010ditite zunanje ali notranje prostore betonskih podlag, cementnih ometov, opek in blokov pred vlago s polimerno modificirano dvokomponentno elasti\u010dno hidroizolacijo.<\/li>\n<\/ul>\n<p><strong>Priprava in uporaba:<\/strong><\/p>\n<ul>\n<li>Podloga treba biti \u010dista i glatka<\/li>\n<li>Ve\u0107e deformacije na podlozi trebaju se popraviti najmanje 24 sata \u00a0prije nano\u0161enja hidroizolacije<\/li>\n<li>Weber.tec D-max 2K potrebno je nanijeti na \u010ditavu povr\u0161inu upotrebom \u010detke ili gleterice u minimalno 2 sloja<\/li>\n<li>Nano\u0161enje svakog sloja treba biti vertikalno u odnosu na prethodni<\/li>\n<li>Za najbolje rezultate treba nanijeti 2 do 3 sloja, tako da ukupna debljina bude najmanje 2mm u kupaonici ili 3mm na vanjskim povr\u0161inama<\/li>\n<li>Drugi ili tre\u0107i sloj treba nanijeti kada je prethodni sloj nemogu\u0107e o\u0161tetiti<\/li>\n<\/ul>\n<p><strong>Karakteristike in prednosti:<\/strong><\/p>\n<ul>\n<li>Polimer-modificirana dvokomponentna elasti\u010dna hidroizolacija za unutarnju i vanjsku primjenu<\/li>\n<li>Namijenjena je za za\u0161titu od vlage: betonskih podloga, cementnih \u017ebuka, opeka i blok opeka<\/li>\n<li>Potro\u0161nja 1,5 do 2,0 kg\/m2 na mm debljine<\/li>\n<\/ul>\n<p><strong>Omejitve uporabe:<\/strong><\/p>\n<ul>\n<li>Kod nano\u0161enja hidroizolacije, temperatura zraka bi trebala biti u rasponu od +3\u00b0 C do +30\u00b0 C<\/li>\n<\/ul>","protected":false},"excerpt":{"rendered":"<p>Ne morate brinuti o vlazi ako koristite weber.tec D-max 2K hidroizolaciju. Za\u0161titite vanjski ili unutarnji prostor betonskih podloga, cementnih \u017ebuka, opeka i blok opeka od vlage uz polimer-modificiranu dvokomponentnu elasti\u010dnu hidroizolaciju. Priprema i kori\u0161tenje Podloga treba biti \u010dista i glatka Ve\u0107e deformacije na podlozi trebaju se popraviti najmanje 24 sata \u00a0prije nano\u0161enja hidroizolacije Weber.tec D-max [&hellip;]<\/p>","protected":false},"featured_media":5093,"template":"","meta":{"_acf_changed":false},"product_brand":[],"product_cat":[217,214],"product_tag":[],"class_list":{"0":"post-5092","1":"product","2":"type-product","3":"status-publish","4":"has-post-thumbnail","6":"product_cat-hidroizolacija","7":"product_cat-polaganje-keramike","8":"product_shipping_class-bez-besplatne-dostave","10":"first","11":"instock","12":"shipping-taxable","13":"purchasable","14":"product-type-simple"},"acf":[],"yoast_head":"<!-- This site is optimized with the Yoast SEO plugin v26.1.1 - https:\/\/yoast.com\/wordpress\/plugins\/seo\/ -->\n<title>Weber Tec. D-max(20kg+7kg) - Consortium<\/title>\n<meta name=\"robots\" content=\"index, follow, max-snippet:-1, max-image-preview:large, max-video-preview:-1\" \/>\n<link rel=\"canonical\" href=\"https:\/\/consortium.hr\/sl\/product\/weber-tec-d-max20kg7kg\/\" \/>\n<meta property=\"og:locale\" content=\"sl_SI\" \/>\n<meta property=\"og:type\" content=\"article\" \/>\n<meta property=\"og:title\" content=\"Weber Tec. D-max(20kg+7kg) - Consortium\" \/>\n<meta property=\"og:description\" content=\"Ne morate brinuti o vlazi ako koristite weber.tec D-max 2K hidroizolaciju. Za\u0161titite vanjski ili unutarnji prostor betonskih podloga, cementnih \u017ebuka, opeka i blok opeka od vlage uz polimer-modificiranu dvokomponentnu elasti\u010dnu hidroizolaciju. Priprema i kori\u0161tenje Podloga treba biti \u010dista i glatka Ve\u0107e deformacije na podlozi trebaju se popraviti najmanje 24 sata \u00a0prije nano\u0161enja hidroizolacije Weber.tec D-max [&hellip;]\" \/>\n<meta property=\"og:url\" content=\"https:\/\/consortium.hr\/sl\/product\/weber-tec-d-max20kg7kg\/\" \/>\n<meta property=\"og:site_name\" content=\"Consortium\" \/>\n<meta property=\"article:modified_time\" content=\"2026-04-29T13:34:32+00:00\" \/>\n<meta property=\"og:image\" content=\"https:\/\/consortium.hr\/wp-content\/uploads\/2024\/03\/Product-2-500x375-01_6.jpg\" \/>\n\t<meta property=\"og:image:width\" content=\"800\" \/>\n\t<meta property=\"og:image:height\" content=\"800\" \/>\n\t<meta property=\"og:image:type\" content=\"image\/jpeg\" \/>\n<meta name=\"twitter:card\" content=\"summary_large_image\" \/>\n<meta name=\"twitter:label1\" content=\"Est. reading time\" \/>\n\t<meta name=\"twitter:data1\" content=\"1 minuta\" \/>\n<script type=\"application\/ld+json\" class=\"yoast-schema-graph\">{\"@context\":\"https:\/\/schema.org\",\"@graph\":[{\"@type\":\"WebPage\",\"@id\":\"https:\/\/consortium.hr\/product\/weber-tec-d-max20kg7kg\/\",\"url\":\"https:\/\/consortium.hr\/product\/weber-tec-d-max20kg7kg\/\",\"name\":\"Weber Tec. D-max(20kg+7kg) - Consortium\",\"isPartOf\":{\"@id\":\"https:\/\/consortium.hr\/#website\"},\"primaryImageOfPage\":{\"@id\":\"https:\/\/consortium.hr\/product\/weber-tec-d-max20kg7kg\/#primaryimage\"},\"image\":{\"@id\":\"https:\/\/consortium.hr\/product\/weber-tec-d-max20kg7kg\/#primaryimage\"},\"thumbnailUrl\":\"https:\/\/consortium.hr\/wp-content\/uploads\/2024\/03\/Product-2-500x375-01_6.jpg\",\"datePublished\":\"2024-03-29T14:16:26+00:00\",\"dateModified\":\"2026-04-29T13:34:32+00:00\",\"breadcrumb\":{\"@id\":\"https:\/\/consortium.hr\/product\/weber-tec-d-max20kg7kg\/#breadcrumb\"},\"inLanguage\":\"sl-SI\",\"potentialAction\":[{\"@type\":\"ReadAction\",\"target\":[\"https:\/\/consortium.hr\/product\/weber-tec-d-max20kg7kg\/\"]}]},{\"@type\":\"ImageObject\",\"inLanguage\":\"sl-SI\",\"@id\":\"https:\/\/consortium.hr\/product\/weber-tec-d-max20kg7kg\/#primaryimage\",\"url\":\"https:\/\/consortium.hr\/wp-content\/uploads\/2024\/03\/Product-2-500x375-01_6.jpg\",\"contentUrl\":\"https:\/\/consortium.hr\/wp-content\/uploads\/2024\/03\/Product-2-500x375-01_6.jpg\",\"width\":800,\"height\":800},{\"@type\":\"BreadcrumbList\",\"@id\":\"https:\/\/consortium.hr\/product\/weber-tec-d-max20kg7kg\/#breadcrumb\",\"itemListElement\":[{\"@type\":\"ListItem\",\"position\":1,\"name\":\"Po\u010detna stranica\",\"item\":\"https:\/\/consortium.hr\/sl\/\"},{\"@type\":\"ListItem\",\"position\":2,\"name\":\"Shop\",\"item\":\"https:\/\/consortium.hr\/sl\/shop\/\"},{\"@type\":\"ListItem\",\"position\":3,\"name\":\"Weber Tec. D-max(20kg+7kg)\"}]},{\"@type\":\"WebSite\",\"@id\":\"https:\/\/consortium.hr\/#website\",\"url\":\"https:\/\/consortium.hr\/\",\"name\":\"Consortium\",\"description\":\"Gra\u0111evinski Materijal - Odli\u010dna Ponuda i Cijena\",\"alternateName\":\"Gra\u0111evinski Materijal - Odli\u010dna Ponuda i Cijena\",\"potentialAction\":[{\"@type\":\"SearchAction\",\"target\":{\"@type\":\"EntryPoint\",\"urlTemplate\":\"https:\/\/consortium.hr\/?s={search_term_string}\"},\"query-input\":{\"@type\":\"PropertyValueSpecification\",\"valueRequired\":true,\"valueName\":\"search_term_string\"}}],\"inLanguage\":\"sl-SI\"}]}<\/script>\n<!-- \/ Yoast SEO plugin. -->","yoast_head_json":{"title":"Weber Tec. D-max(20kg+7kg) - Consortium","robots":{"index":"index","follow":"follow","max-snippet":"max-snippet:-1","max-image-preview":"max-image-preview:large","max-video-preview":"max-video-preview:-1"},"canonical":"https:\/\/consortium.hr\/sl\/product\/weber-tec-d-max20kg7kg\/","og_locale":"sl_SI","og_type":"article","og_title":"Weber Tec. D-max(20kg+7kg) - Consortium","og_description":"Ne morate brinuti o vlazi ako koristite weber.tec D-max 2K hidroizolaciju. Za\u0161titite vanjski ili unutarnji prostor betonskih podloga, cementnih \u017ebuka, opeka i blok opeka od vlage uz polimer-modificiranu dvokomponentnu elasti\u010dnu hidroizolaciju. Priprema i kori\u0161tenje Podloga treba biti \u010dista i glatka Ve\u0107e deformacije na podlozi trebaju se popraviti najmanje 24 sata \u00a0prije nano\u0161enja hidroizolacije Weber.tec D-max [&hellip;]","og_url":"https:\/\/consortium.hr\/sl\/product\/weber-tec-d-max20kg7kg\/","og_site_name":"Consortium","article_modified_time":"2026-04-29T13:34:32+00:00","og_image":[{"width":800,"height":800,"url":"https:\/\/consortium.hr\/wp-content\/uploads\/2024\/03\/Product-2-500x375-01_6.jpg","type":"image\/jpeg"}],"twitter_card":"summary_large_image","twitter_misc":{"Est. reading time":"1 minuta"},"schema":{"@context":"https:\/\/schema.org","@graph":[{"@type":"WebPage","@id":"https:\/\/consortium.hr\/product\/weber-tec-d-max20kg7kg\/","url":"https:\/\/consortium.hr\/product\/weber-tec-d-max20kg7kg\/","name":"Weber Tec. D-max(20kg+7kg) - Consortium","isPartOf":{"@id":"https:\/\/consortium.hr\/#website"},"primaryImageOfPage":{"@id":"https:\/\/consortium.hr\/product\/weber-tec-d-max20kg7kg\/#primaryimage"},"image":{"@id":"https:\/\/consortium.hr\/product\/weber-tec-d-max20kg7kg\/#primaryimage"},"thumbnailUrl":"https:\/\/consortium.hr\/wp-content\/uploads\/2024\/03\/Product-2-500x375-01_6.jpg","datePublished":"2024-03-29T14:16:26+00:00","dateModified":"2026-04-29T13:34:32+00:00","breadcrumb":{"@id":"https:\/\/consortium.hr\/product\/weber-tec-d-max20kg7kg\/#breadcrumb"},"inLanguage":"sl-SI","potentialAction":[{"@type":"ReadAction","target":["https:\/\/consortium.hr\/product\/weber-tec-d-max20kg7kg\/"]}]},{"@type":"ImageObject","inLanguage":"sl-SI","@id":"https:\/\/consortium.hr\/product\/weber-tec-d-max20kg7kg\/#primaryimage","url":"https:\/\/consortium.hr\/wp-content\/uploads\/2024\/03\/Product-2-500x375-01_6.jpg","contentUrl":"https:\/\/consortium.hr\/wp-content\/uploads\/2024\/03\/Product-2-500x375-01_6.jpg","width":800,"height":800},{"@type":"BreadcrumbList","@id":"https:\/\/consortium.hr\/product\/weber-tec-d-max20kg7kg\/#breadcrumb","itemListElement":[{"@type":"ListItem","position":1,"name":"Po\u010detna stranica","item":"https:\/\/consortium.hr\/sl\/"},{"@type":"ListItem","position":2,"name":"Shop","item":"https:\/\/consortium.hr\/sl\/shop\/"},{"@type":"ListItem","position":3,"name":"Weber Tec. D-max(20kg+7kg)"}]},{"@type":"WebSite","@id":"https:\/\/consortium.hr\/#website","url":"https:\/\/consortium.hr\/","name":"Consortium","description":"Gra\u0111evinski Materijal - Odli\u010dna Ponuda i Cijena","alternateName":"Gra\u0111evinski Materijal - Odli\u010dna Ponuda i Cijena","potentialAction":[{"@type":"SearchAction","target":{"@type":"EntryPoint","urlTemplate":"https:\/\/consortium.hr\/?s={search_term_string}"},"query-input":{"@type":"PropertyValueSpecification","valueRequired":true,"valueName":"search_term_string"}}],"inLanguage":"sl-SI"}]}},"_links":{"self":[{"href":"https:\/\/consortium.hr\/sl\/wp-json\/wp\/v2\/product\/5092","targetHints":{"allow":["GET"]}}],"collection":[{"href":"https:\/\/consortium.hr\/sl\/wp-json\/wp\/v2\/product"}],"about":[{"href":"https:\/\/consortium.hr\/sl\/wp-json\/wp\/v2\/types\/product"}],"wp:featuredmedia":[{"embeddable":true,"href":"https:\/\/consortium.hr\/sl\/wp-json\/wp\/v2\/media\/5093"}],"wp:attachment":[{"href":"https:\/\/consortium.hr\/sl\/wp-json\/wp\/v2\/media?parent=5092"}],"wp:term":[{"taxonomy":"product_brand","embeddable":true,"href":"https:\/\/consortium.hr\/sl\/wp-json\/wp\/v2\/product_brand?post=5092"},{"taxonomy":"product_cat","embeddable":true,"href":"https:\/\/consortium.hr\/sl\/wp-json\/wp\/v2\/product_cat?post=5092"},{"taxonomy":"product_tag","embeddable":true,"href":"https:\/\/consortium.hr\/sl\/wp-json\/wp\/v2\/product_tag?post=5092"}],"curies":[{"name":"wp","href":"https:\/\/api.w.org\/{rel}","templated":true}]}}