{"id":5184,"date":"2024-04-04T10:50:07","date_gmt":"2024-04-04T10:50:07","guid":{"rendered":"https:\/\/consortium.hr\/?post_type=product&#038;p=5184"},"modified":"2026-04-27T10:47:54","modified_gmt":"2026-04-27T10:47:54","slug":"ispitivac-napona-veliki","status":"publish","type":"product","link":"https:\/\/consortium.hr\/sl\/product\/ispitivac-napona-veliki\/","title":{"rendered":"Tester napetosti veliki"},"content":{"rendered":"<li>Profesionalni tester napetosti izmeni\u010dne elektrike.<\/li>\n<li>Zasnovan za testiranje napetosti od 100 do 500 V.<\/li>\n<li>Opremljen z vizualnim indikatorjem za prikaz napetosti v delovnem obmo\u010dju.<\/li>\n<li>V notranjosti je varovalka za dodatno varnost uporabnika v primeru preseganja napetostnega obmo\u010dja.<\/li>\n<li>Izdelek ima CE certifikat in ustreza vsem evropskim standardom.<\/li>\n<li>Dol\u017eina testerja je 19 cm, zaklju\u010duje se z ravno konico.<\/li>","protected":false},"excerpt":{"rendered":"<p>Profesionalni ispitiva\u010d napona izmjeni\u010dne struje. Dizajniran za ispitivanje napona od 100 do 500V. Ima svjetlosni indikator za prikaz napona u radnom prostoru. Unutra je osigura\u010d kako bi se korisniku osigurala dodatna sigurnost u slu\u010daju prekora\u010denja naponskog raspona. Proizvod je CE certificiran i u skladu sa svim europskim normama. Du\u017eina testera je 19 cm i zavr\u0161ava [&hellip;]<\/p>","protected":false},"featured_media":10173,"template":"","meta":{"_acf_changed":false},"product_brand":[],"product_cat":[241,239],"product_tag":[],"class_list":{"0":"post-5184","1":"product","2":"type-product","3":"status-publish","4":"has-post-thumbnail","6":"product_cat-elektro-pribor","7":"product_cat-elektromaterijal","9":"first","10":"instock","11":"shipping-taxable","12":"purchasable","13":"product-type-simple"},"acf":[],"yoast_head":"<!-- This site is optimized with the Yoast SEO plugin v26.1.1 - https:\/\/yoast.com\/wordpress\/plugins\/seo\/ -->\n<title>Ispitiva\u010d napona veliki - Consortium<\/title>\n<meta name=\"robots\" content=\"index, follow, max-snippet:-1, max-image-preview:large, max-video-preview:-1\" \/>\n<link rel=\"canonical\" href=\"https:\/\/consortium.hr\/sl\/product\/ispitivac-napona-veliki\/\" \/>\n<meta property=\"og:locale\" content=\"sl_SI\" \/>\n<meta property=\"og:type\" content=\"article\" \/>\n<meta property=\"og:title\" content=\"Ispitiva\u010d napona veliki - Consortium\" \/>\n<meta property=\"og:description\" content=\"Profesionalni ispitiva\u010d napona izmjeni\u010dne struje. Dizajniran za ispitivanje napona od 100 do 500V. Ima svjetlosni indikator za prikaz napona u radnom prostoru. Unutra je osigura\u010d kako bi se korisniku osigurala dodatna sigurnost u slu\u010daju prekora\u010denja naponskog raspona. Proizvod je CE certificiran i u skladu sa svim europskim normama. Du\u017eina testera je 19 cm i zavr\u0161ava [&hellip;]\" \/>\n<meta property=\"og:url\" content=\"https:\/\/consortium.hr\/sl\/product\/ispitivac-napona-veliki\/\" \/>\n<meta property=\"og:site_name\" content=\"Consortium\" \/>\n<meta property=\"article:modified_time\" content=\"2026-04-27T10:47:54+00:00\" \/>\n<meta property=\"og:image\" content=\"https:\/\/consortium.hr\/wp-content\/uploads\/2024\/04\/Ispitivac-napona-veliki-2.jpg\" \/>\n\t<meta property=\"og:image:width\" content=\"1080\" \/>\n\t<meta property=\"og:image:height\" content=\"1080\" \/>\n\t<meta property=\"og:image:type\" content=\"image\/jpeg\" \/>\n<meta name=\"twitter:card\" content=\"summary_large_image\" \/>\n<script type=\"application\/ld+json\" class=\"yoast-schema-graph\">{\"@context\":\"https:\/\/schema.org\",\"@graph\":[{\"@type\":\"WebPage\",\"@id\":\"https:\/\/consortium.hr\/product\/ispitivac-napona-veliki\/\",\"url\":\"https:\/\/consortium.hr\/product\/ispitivac-napona-veliki\/\",\"name\":\"Ispitiva\u010d napona veliki - Consortium\",\"isPartOf\":{\"@id\":\"https:\/\/consortium.hr\/#website\"},\"primaryImageOfPage\":{\"@id\":\"https:\/\/consortium.hr\/product\/ispitivac-napona-veliki\/#primaryimage\"},\"image\":{\"@id\":\"https:\/\/consortium.hr\/product\/ispitivac-napona-veliki\/#primaryimage\"},\"thumbnailUrl\":\"https:\/\/consortium.hr\/wp-content\/uploads\/2024\/04\/Ispitivac-napona-veliki-2.jpg\",\"datePublished\":\"2024-04-04T10:50:07+00:00\",\"dateModified\":\"2026-04-27T10:47:54+00:00\",\"breadcrumb\":{\"@id\":\"https:\/\/consortium.hr\/product\/ispitivac-napona-veliki\/#breadcrumb\"},\"inLanguage\":\"sl-SI\",\"potentialAction\":[{\"@type\":\"ReadAction\",\"target\":[\"https:\/\/consortium.hr\/product\/ispitivac-napona-veliki\/\"]}]},{\"@type\":\"ImageObject\",\"inLanguage\":\"sl-SI\",\"@id\":\"https:\/\/consortium.hr\/product\/ispitivac-napona-veliki\/#primaryimage\",\"url\":\"https:\/\/consortium.hr\/wp-content\/uploads\/2024\/04\/Ispitivac-napona-veliki-2.jpg\",\"contentUrl\":\"https:\/\/consortium.hr\/wp-content\/uploads\/2024\/04\/Ispitivac-napona-veliki-2.jpg\",\"width\":1080,\"height\":1080,\"caption\":\"CREATOR: gd-jpeg v1.0 (using IJG JPEG v62), quality = 90\"},{\"@type\":\"BreadcrumbList\",\"@id\":\"https:\/\/consortium.hr\/product\/ispitivac-napona-veliki\/#breadcrumb\",\"itemListElement\":[{\"@type\":\"ListItem\",\"position\":1,\"name\":\"Po\u010detna stranica\",\"item\":\"https:\/\/consortium.hr\/sl\/\"},{\"@type\":\"ListItem\",\"position\":2,\"name\":\"Shop\",\"item\":\"https:\/\/consortium.hr\/sl\/shop\/\"},{\"@type\":\"ListItem\",\"position\":3,\"name\":\"Ispitiva\u010d napona veliki\"}]},{\"@type\":\"WebSite\",\"@id\":\"https:\/\/consortium.hr\/#website\",\"url\":\"https:\/\/consortium.hr\/\",\"name\":\"Consortium\",\"description\":\"Gra\u0111evinski Materijal - Odli\u010dna Ponuda i Cijena\",\"alternateName\":\"Gra\u0111evinski Materijal - Odli\u010dna Ponuda i Cijena\",\"potentialAction\":[{\"@type\":\"SearchAction\",\"target\":{\"@type\":\"EntryPoint\",\"urlTemplate\":\"https:\/\/consortium.hr\/?s={search_term_string}\"},\"query-input\":{\"@type\":\"PropertyValueSpecification\",\"valueRequired\":true,\"valueName\":\"search_term_string\"}}],\"inLanguage\":\"sl-SI\"}]}<\/script>\n<!-- \/ Yoast SEO plugin. -->","yoast_head_json":{"title":"Ispitiva\u010d napona veliki - Consortium","robots":{"index":"index","follow":"follow","max-snippet":"max-snippet:-1","max-image-preview":"max-image-preview:large","max-video-preview":"max-video-preview:-1"},"canonical":"https:\/\/consortium.hr\/sl\/product\/ispitivac-napona-veliki\/","og_locale":"sl_SI","og_type":"article","og_title":"Ispitiva\u010d napona veliki - Consortium","og_description":"Profesionalni ispitiva\u010d napona izmjeni\u010dne struje. Dizajniran za ispitivanje napona od 100 do 500V. Ima svjetlosni indikator za prikaz napona u radnom prostoru. Unutra je osigura\u010d kako bi se korisniku osigurala dodatna sigurnost u slu\u010daju prekora\u010denja naponskog raspona. Proizvod je CE certificiran i u skladu sa svim europskim normama. Du\u017eina testera je 19 cm i zavr\u0161ava [&hellip;]","og_url":"https:\/\/consortium.hr\/sl\/product\/ispitivac-napona-veliki\/","og_site_name":"Consortium","article_modified_time":"2026-04-27T10:47:54+00:00","og_image":[{"width":1080,"height":1080,"url":"https:\/\/consortium.hr\/wp-content\/uploads\/2024\/04\/Ispitivac-napona-veliki-2.jpg","type":"image\/jpeg"}],"twitter_card":"summary_large_image","schema":{"@context":"https:\/\/schema.org","@graph":[{"@type":"WebPage","@id":"https:\/\/consortium.hr\/product\/ispitivac-napona-veliki\/","url":"https:\/\/consortium.hr\/product\/ispitivac-napona-veliki\/","name":"Ispitiva\u010d napona veliki - Consortium","isPartOf":{"@id":"https:\/\/consortium.hr\/#website"},"primaryImageOfPage":{"@id":"https:\/\/consortium.hr\/product\/ispitivac-napona-veliki\/#primaryimage"},"image":{"@id":"https:\/\/consortium.hr\/product\/ispitivac-napona-veliki\/#primaryimage"},"thumbnailUrl":"https:\/\/consortium.hr\/wp-content\/uploads\/2024\/04\/Ispitivac-napona-veliki-2.jpg","datePublished":"2024-04-04T10:50:07+00:00","dateModified":"2026-04-27T10:47:54+00:00","breadcrumb":{"@id":"https:\/\/consortium.hr\/product\/ispitivac-napona-veliki\/#breadcrumb"},"inLanguage":"sl-SI","potentialAction":[{"@type":"ReadAction","target":["https:\/\/consortium.hr\/product\/ispitivac-napona-veliki\/"]}]},{"@type":"ImageObject","inLanguage":"sl-SI","@id":"https:\/\/consortium.hr\/product\/ispitivac-napona-veliki\/#primaryimage","url":"https:\/\/consortium.hr\/wp-content\/uploads\/2024\/04\/Ispitivac-napona-veliki-2.jpg","contentUrl":"https:\/\/consortium.hr\/wp-content\/uploads\/2024\/04\/Ispitivac-napona-veliki-2.jpg","width":1080,"height":1080,"caption":"CREATOR: gd-jpeg v1.0 (using IJG JPEG v62), quality = 90"},{"@type":"BreadcrumbList","@id":"https:\/\/consortium.hr\/product\/ispitivac-napona-veliki\/#breadcrumb","itemListElement":[{"@type":"ListItem","position":1,"name":"Po\u010detna stranica","item":"https:\/\/consortium.hr\/sl\/"},{"@type":"ListItem","position":2,"name":"Shop","item":"https:\/\/consortium.hr\/sl\/shop\/"},{"@type":"ListItem","position":3,"name":"Ispitiva\u010d napona veliki"}]},{"@type":"WebSite","@id":"https:\/\/consortium.hr\/#website","url":"https:\/\/consortium.hr\/","name":"Consortium","description":"Gra\u0111evinski Materijal - Odli\u010dna Ponuda i Cijena","alternateName":"Gra\u0111evinski Materijal - Odli\u010dna Ponuda i Cijena","potentialAction":[{"@type":"SearchAction","target":{"@type":"EntryPoint","urlTemplate":"https:\/\/consortium.hr\/?s={search_term_string}"},"query-input":{"@type":"PropertyValueSpecification","valueRequired":true,"valueName":"search_term_string"}}],"inLanguage":"sl-SI"}]}},"_links":{"self":[{"href":"https:\/\/consortium.hr\/sl\/wp-json\/wp\/v2\/product\/5184","targetHints":{"allow":["GET"]}}],"collection":[{"href":"https:\/\/consortium.hr\/sl\/wp-json\/wp\/v2\/product"}],"about":[{"href":"https:\/\/consortium.hr\/sl\/wp-json\/wp\/v2\/types\/product"}],"wp:featuredmedia":[{"embeddable":true,"href":"https:\/\/consortium.hr\/sl\/wp-json\/wp\/v2\/media\/10173"}],"wp:attachment":[{"href":"https:\/\/consortium.hr\/sl\/wp-json\/wp\/v2\/media?parent=5184"}],"wp:term":[{"taxonomy":"product_brand","embeddable":true,"href":"https:\/\/consortium.hr\/sl\/wp-json\/wp\/v2\/product_brand?post=5184"},{"taxonomy":"product_cat","embeddable":true,"href":"https:\/\/consortium.hr\/sl\/wp-json\/wp\/v2\/product_cat?post=5184"},{"taxonomy":"product_tag","embeddable":true,"href":"https:\/\/consortium.hr\/sl\/wp-json\/wp\/v2\/product_tag?post=5184"}],"curies":[{"name":"wp","href":"https:\/\/api.w.org\/{rel}","templated":true}]}}