{"id":5203,"date":"2024-04-04T11:07:27","date_gmt":"2024-04-04T11:07:27","guid":{"rendered":"https:\/\/consortium.hr\/?post_type=product&#038;p=5203"},"modified":"2026-03-20T18:14:20","modified_gmt":"2026-03-20T18:14:20","slug":"led-zarulja-6w-e14","status":"publish","type":"product","link":"https:\/\/consortium.hr\/sl\/product\/led-zarulja-6w-e14\/","title":{"rendered":"LED \u017earulja 4,9W, E14"},"content":{"rendered":"<li>Upotrebom LED \u017earulja ostvaruje se u\u0161teda energije \u010dak do 85% u odnosu na klasi\u010dne \u017earulje sa \u017earnom niti.<\/li>\n<li>\u017divotni vijek od 25.000 radnih sati omogu\u0107uje dugogodi\u0161nje kori\u0161tenje bez potrebe za u\u010destalom izmjenom \u017earulja, pa je iz tog razloga LED rasvjeta ekolo\u0161ki najprihvatljiviji na\u010din osvjetljenja.<\/li>\n<li>Prednosti v primerjavi s fluorescentnimi var\u010dnimi \u017earnicami vklju\u010dujejo zmanj\u0161ano porabo elektri\u010dne energije, dalj\u0161o \u017eivljenjsko dobo in odpornost na pogosto vklapljanje in izklapljanje.<\/li>\n<li>LED \u017earnice ne vsebujejo strupenih snovi (\u017eivega srebra, svinca, plinov \u2026), ne oddajajo \u0161kodljivega UV in IR sevanja ter omogo\u010dajo stabilno osvetlitev brez utripanja in brnenja.<\/li>\n<p><strong>Tehni\u010dne informacije:<\/strong><\/p>\n<p>Baza: E14<br \/>\nBroj ON\/OFF ciklusa: 15.000<br \/>\nIndeks uzvrata boje: RA &gt;80<br \/>\nNazivni napon: 220-240 V~<br \/>\nOblik: C37<br \/>\nSnaga: 4,9 W<br \/>\nSvjetlosni tok: 470 lm<br \/>\nTemperatura svjetla: 4000 K<br \/>\n\u017divotni vijek: 15.000 h<\/p>","protected":false},"excerpt":{"rendered":"<p>Upotrebom LED \u017earulja ostvaruje se u\u0161teda energije \u010dak do 85% u odnosu na klasi\u010dne \u017earulje sa \u017earnom niti. \u017divotni vijek od 25.000 radnih sati omogu\u0107uje dugogodi\u0161nje kori\u0161tenje bez potrebe za u\u010destalom izmjenom \u017earulja, pa je iz tog razloga LED rasvjeta ekolo\u0161ki najprihvatljiviji na\u010din osvjetljenja. Prednosti u odnosu na fluorescentne \u0161tedne \u017earulje su smanjena potro\u0161nja elektri\u010dne [&hellip;]<\/p>","protected":false},"featured_media":10543,"template":"","meta":{"_acf_changed":false},"product_brand":[],"product_cat":[239,243,250],"product_tag":[],"class_list":{"0":"post-5203","1":"product","2":"type-product","3":"status-publish","4":"has-post-thumbnail","6":"product_cat-elektromaterijal","7":"product_cat-rasvjeta","8":"product_cat-zarulje","10":"first","11":"instock","12":"shipping-taxable","13":"purchasable","14":"product-type-simple"},"acf":[],"yoast_head":"<!-- This site is optimized with the Yoast SEO plugin v26.1.1 - https:\/\/yoast.com\/wordpress\/plugins\/seo\/ -->\n<title>LED \u017earulja 4,9W, E14 - Consortium<\/title>\n<meta name=\"robots\" content=\"index, follow, max-snippet:-1, max-image-preview:large, max-video-preview:-1\" \/>\n<link rel=\"canonical\" href=\"https:\/\/consortium.hr\/sl\/product\/led-zarulja-6w-e14\/\" \/>\n<meta property=\"og:locale\" content=\"sl_SI\" \/>\n<meta property=\"og:type\" content=\"article\" \/>\n<meta property=\"og:title\" content=\"LED \u017earulja 4,9W, E14 - Consortium\" \/>\n<meta property=\"og:description\" content=\"Upotrebom LED \u017earulja ostvaruje se u\u0161teda energije \u010dak do 85% u odnosu na klasi\u010dne \u017earulje sa \u017earnom niti. \u017divotni vijek od 25.000 radnih sati omogu\u0107uje dugogodi\u0161nje kori\u0161tenje bez potrebe za u\u010destalom izmjenom \u017earulja, pa je iz tog razloga LED rasvjeta ekolo\u0161ki najprihvatljiviji na\u010din osvjetljenja. Prednosti u odnosu na fluorescentne \u0161tedne \u017earulje su smanjena potro\u0161nja elektri\u010dne [&hellip;]\" \/>\n<meta property=\"og:url\" content=\"https:\/\/consortium.hr\/sl\/product\/led-zarulja-6w-e14\/\" \/>\n<meta property=\"og:site_name\" content=\"Consortium\" \/>\n<meta property=\"article:modified_time\" content=\"2026-03-20T18:14:20+00:00\" \/>\n<meta property=\"og:image\" content=\"https:\/\/consortium.hr\/wp-content\/uploads\/2024\/04\/led-zarulja-49W-e14-4.jpg\" \/>\n\t<meta property=\"og:image:width\" content=\"800\" \/>\n\t<meta property=\"og:image:height\" content=\"800\" \/>\n\t<meta property=\"og:image:type\" content=\"image\/jpeg\" \/>\n<meta name=\"twitter:card\" content=\"summary_large_image\" \/>\n<meta name=\"twitter:label1\" content=\"Est. reading time\" \/>\n\t<meta name=\"twitter:data1\" content=\"1 minuta\" \/>\n<script type=\"application\/ld+json\" class=\"yoast-schema-graph\">{\"@context\":\"https:\/\/schema.org\",\"@graph\":[{\"@type\":\"WebPage\",\"@id\":\"https:\/\/consortium.hr\/product\/led-zarulja-6w-e14\/\",\"url\":\"https:\/\/consortium.hr\/product\/led-zarulja-6w-e14\/\",\"name\":\"LED \u017earulja 4,9W, E14 - Consortium\",\"isPartOf\":{\"@id\":\"https:\/\/consortium.hr\/#website\"},\"primaryImageOfPage\":{\"@id\":\"https:\/\/consortium.hr\/product\/led-zarulja-6w-e14\/#primaryimage\"},\"image\":{\"@id\":\"https:\/\/consortium.hr\/product\/led-zarulja-6w-e14\/#primaryimage\"},\"thumbnailUrl\":\"https:\/\/consortium.hr\/wp-content\/uploads\/2024\/04\/led-zarulja-49W-e14-4.jpg\",\"datePublished\":\"2024-04-04T11:07:27+00:00\",\"dateModified\":\"2026-03-20T18:14:20+00:00\",\"breadcrumb\":{\"@id\":\"https:\/\/consortium.hr\/product\/led-zarulja-6w-e14\/#breadcrumb\"},\"inLanguage\":\"sl-SI\",\"potentialAction\":[{\"@type\":\"ReadAction\",\"target\":[\"https:\/\/consortium.hr\/product\/led-zarulja-6w-e14\/\"]}]},{\"@type\":\"ImageObject\",\"inLanguage\":\"sl-SI\",\"@id\":\"https:\/\/consortium.hr\/product\/led-zarulja-6w-e14\/#primaryimage\",\"url\":\"https:\/\/consortium.hr\/wp-content\/uploads\/2024\/04\/led-zarulja-49W-e14-4.jpg\",\"contentUrl\":\"https:\/\/consortium.hr\/wp-content\/uploads\/2024\/04\/led-zarulja-49W-e14-4.jpg\",\"width\":800,\"height\":800},{\"@type\":\"BreadcrumbList\",\"@id\":\"https:\/\/consortium.hr\/product\/led-zarulja-6w-e14\/#breadcrumb\",\"itemListElement\":[{\"@type\":\"ListItem\",\"position\":1,\"name\":\"Po\u010detna stranica\",\"item\":\"https:\/\/consortium.hr\/sl\/\"},{\"@type\":\"ListItem\",\"position\":2,\"name\":\"Shop\",\"item\":\"https:\/\/consortium.hr\/sl\/shop\/\"},{\"@type\":\"ListItem\",\"position\":3,\"name\":\"LED \u017earulja 4,9W, E14\"}]},{\"@type\":\"WebSite\",\"@id\":\"https:\/\/consortium.hr\/#website\",\"url\":\"https:\/\/consortium.hr\/\",\"name\":\"Consortium\",\"description\":\"Gra\u0111evinski Materijal - Odli\u010dna Ponuda i Cijena\",\"alternateName\":\"Gra\u0111evinski Materijal - Odli\u010dna Ponuda i Cijena\",\"potentialAction\":[{\"@type\":\"SearchAction\",\"target\":{\"@type\":\"EntryPoint\",\"urlTemplate\":\"https:\/\/consortium.hr\/?s={search_term_string}\"},\"query-input\":{\"@type\":\"PropertyValueSpecification\",\"valueRequired\":true,\"valueName\":\"search_term_string\"}}],\"inLanguage\":\"sl-SI\"}]}<\/script>\n<!-- \/ Yoast SEO plugin. -->","yoast_head_json":{"title":"LED \u017earulja 4,9W, E14 - Consortium","robots":{"index":"index","follow":"follow","max-snippet":"max-snippet:-1","max-image-preview":"max-image-preview:large","max-video-preview":"max-video-preview:-1"},"canonical":"https:\/\/consortium.hr\/sl\/product\/led-zarulja-6w-e14\/","og_locale":"sl_SI","og_type":"article","og_title":"LED \u017earulja 4,9W, E14 - Consortium","og_description":"Upotrebom LED \u017earulja ostvaruje se u\u0161teda energije \u010dak do 85% u odnosu na klasi\u010dne \u017earulje sa \u017earnom niti. \u017divotni vijek od 25.000 radnih sati omogu\u0107uje dugogodi\u0161nje kori\u0161tenje bez potrebe za u\u010destalom izmjenom \u017earulja, pa je iz tog razloga LED rasvjeta ekolo\u0161ki najprihvatljiviji na\u010din osvjetljenja. Prednosti u odnosu na fluorescentne \u0161tedne \u017earulje su smanjena potro\u0161nja elektri\u010dne [&hellip;]","og_url":"https:\/\/consortium.hr\/sl\/product\/led-zarulja-6w-e14\/","og_site_name":"Consortium","article_modified_time":"2026-03-20T18:14:20+00:00","og_image":[{"width":800,"height":800,"url":"https:\/\/consortium.hr\/wp-content\/uploads\/2024\/04\/led-zarulja-49W-e14-4.jpg","type":"image\/jpeg"}],"twitter_card":"summary_large_image","twitter_misc":{"Est. reading time":"1 minuta"},"schema":{"@context":"https:\/\/schema.org","@graph":[{"@type":"WebPage","@id":"https:\/\/consortium.hr\/product\/led-zarulja-6w-e14\/","url":"https:\/\/consortium.hr\/product\/led-zarulja-6w-e14\/","name":"LED \u017earulja 4,9W, E14 - Consortium","isPartOf":{"@id":"https:\/\/consortium.hr\/#website"},"primaryImageOfPage":{"@id":"https:\/\/consortium.hr\/product\/led-zarulja-6w-e14\/#primaryimage"},"image":{"@id":"https:\/\/consortium.hr\/product\/led-zarulja-6w-e14\/#primaryimage"},"thumbnailUrl":"https:\/\/consortium.hr\/wp-content\/uploads\/2024\/04\/led-zarulja-49W-e14-4.jpg","datePublished":"2024-04-04T11:07:27+00:00","dateModified":"2026-03-20T18:14:20+00:00","breadcrumb":{"@id":"https:\/\/consortium.hr\/product\/led-zarulja-6w-e14\/#breadcrumb"},"inLanguage":"sl-SI","potentialAction":[{"@type":"ReadAction","target":["https:\/\/consortium.hr\/product\/led-zarulja-6w-e14\/"]}]},{"@type":"ImageObject","inLanguage":"sl-SI","@id":"https:\/\/consortium.hr\/product\/led-zarulja-6w-e14\/#primaryimage","url":"https:\/\/consortium.hr\/wp-content\/uploads\/2024\/04\/led-zarulja-49W-e14-4.jpg","contentUrl":"https:\/\/consortium.hr\/wp-content\/uploads\/2024\/04\/led-zarulja-49W-e14-4.jpg","width":800,"height":800},{"@type":"BreadcrumbList","@id":"https:\/\/consortium.hr\/product\/led-zarulja-6w-e14\/#breadcrumb","itemListElement":[{"@type":"ListItem","position":1,"name":"Po\u010detna stranica","item":"https:\/\/consortium.hr\/sl\/"},{"@type":"ListItem","position":2,"name":"Shop","item":"https:\/\/consortium.hr\/sl\/shop\/"},{"@type":"ListItem","position":3,"name":"LED \u017earulja 4,9W, E14"}]},{"@type":"WebSite","@id":"https:\/\/consortium.hr\/#website","url":"https:\/\/consortium.hr\/","name":"Consortium","description":"Gra\u0111evinski Materijal - Odli\u010dna Ponuda i Cijena","alternateName":"Gra\u0111evinski Materijal - Odli\u010dna Ponuda i Cijena","potentialAction":[{"@type":"SearchAction","target":{"@type":"EntryPoint","urlTemplate":"https:\/\/consortium.hr\/?s={search_term_string}"},"query-input":{"@type":"PropertyValueSpecification","valueRequired":true,"valueName":"search_term_string"}}],"inLanguage":"sl-SI"}]}},"_links":{"self":[{"href":"https:\/\/consortium.hr\/sl\/wp-json\/wp\/v2\/product\/5203","targetHints":{"allow":["GET"]}}],"collection":[{"href":"https:\/\/consortium.hr\/sl\/wp-json\/wp\/v2\/product"}],"about":[{"href":"https:\/\/consortium.hr\/sl\/wp-json\/wp\/v2\/types\/product"}],"wp:featuredmedia":[{"embeddable":true,"href":"https:\/\/consortium.hr\/sl\/wp-json\/wp\/v2\/media\/10543"}],"wp:attachment":[{"href":"https:\/\/consortium.hr\/sl\/wp-json\/wp\/v2\/media?parent=5203"}],"wp:term":[{"taxonomy":"product_brand","embeddable":true,"href":"https:\/\/consortium.hr\/sl\/wp-json\/wp\/v2\/product_brand?post=5203"},{"taxonomy":"product_cat","embeddable":true,"href":"https:\/\/consortium.hr\/sl\/wp-json\/wp\/v2\/product_cat?post=5203"},{"taxonomy":"product_tag","embeddable":true,"href":"https:\/\/consortium.hr\/sl\/wp-json\/wp\/v2\/product_tag?post=5203"}],"curies":[{"name":"wp","href":"https:\/\/api.w.org\/{rel}","templated":true}]}}