{"id":5520,"date":"2024-04-18T10:56:13","date_gmt":"2024-04-18T10:56:13","guid":{"rendered":"https:\/\/consortium.hr\/?post_type=product&#038;p=5520"},"modified":"2026-01-16T07:16:10","modified_gmt":"2026-01-16T07:16:10","slug":"gleter-spuzva","status":"publish","type":"product","link":"https:\/\/consortium.hr\/sl\/product\/gleter-spuzva\/","title":{"rendered":"Gledilna goba"},"content":{"rendered":"<li>Gleter spu\u017eva izra\u0111ena je od visokokvalitetnog umjetnog materijala s ergonomski oblikovanom ABS ru\u010dkom.<\/li>\n<li>Ovaj alat je posebno dizajniran za brzo i u\u010dinkovito \u010di\u0161\u0107enje kerami\u010dkih plo\u010dica nakon fugiranja, omogu\u0107uju\u0107i jednostavno uklanjanje ostataka fuga s plo\u010dica.<\/li>","protected":false},"excerpt":{"rendered":"<p>Gleter spu\u017eva izra\u0111ena je od visokokvalitetnog umjetnog materijala s ergonomski oblikovanom ABS ru\u010dkom. Ovaj alat je posebno dizajniran za brzo i u\u010dinkovito \u010di\u0161\u0107enje kerami\u010dkih plo\u010dica nakon fugiranja, omogu\u0107uju\u0107i jednostavno uklanjanje ostataka fuga s plo\u010dica.<\/p>","protected":false},"featured_media":5521,"template":"","meta":{"_acf_changed":false},"product_brand":[],"product_cat":[222,232,223],"product_tag":[],"class_list":{"0":"post-5520","1":"product","2":"type-product","3":"status-publish","4":"has-post-thumbnail","6":"product_cat-alati","7":"product_cat-gleteri-i-gladilice","8":"product_cat-zidarski-alati","10":"first","11":"instock","12":"shipping-taxable","13":"purchasable","14":"product-type-simple"},"acf":[],"yoast_head":"<!-- This site is optimized with the Yoast SEO plugin v26.1.1 - https:\/\/yoast.com\/wordpress\/plugins\/seo\/ -->\n<title>Gleter spu\u017eva - Consortium<\/title>\n<meta name=\"robots\" content=\"index, follow, max-snippet:-1, max-image-preview:large, max-video-preview:-1\" \/>\n<link rel=\"canonical\" href=\"https:\/\/consortium.hr\/sl\/product\/gleter-spuzva\/\" \/>\n<meta property=\"og:locale\" content=\"sl_SI\" \/>\n<meta property=\"og:type\" content=\"article\" \/>\n<meta property=\"og:title\" content=\"Gleter spu\u017eva - Consortium\" \/>\n<meta property=\"og:description\" content=\"Gleter spu\u017eva izra\u0111ena je od visokokvalitetnog umjetnog materijala s ergonomski oblikovanom ABS ru\u010dkom. Ovaj alat je posebno dizajniran za brzo i u\u010dinkovito \u010di\u0161\u0107enje kerami\u010dkih plo\u010dica nakon fugiranja, omogu\u0107uju\u0107i jednostavno uklanjanje ostataka fuga s plo\u010dica.\" \/>\n<meta property=\"og:url\" content=\"https:\/\/consortium.hr\/sl\/product\/gleter-spuzva\/\" \/>\n<meta property=\"og:site_name\" content=\"Consortium\" \/>\n<meta property=\"article:modified_time\" content=\"2026-01-16T07:16:10+00:00\" \/>\n<meta property=\"og:image\" content=\"https:\/\/consortium.hr\/wp-content\/uploads\/2024\/04\/Gleter-spuzva.jpg\" \/>\n\t<meta property=\"og:image:width\" content=\"800\" \/>\n\t<meta property=\"og:image:height\" content=\"800\" \/>\n\t<meta property=\"og:image:type\" content=\"image\/jpeg\" \/>\n<meta name=\"twitter:card\" content=\"summary_large_image\" \/>\n<script type=\"application\/ld+json\" class=\"yoast-schema-graph\">{\"@context\":\"https:\/\/schema.org\",\"@graph\":[{\"@type\":\"WebPage\",\"@id\":\"https:\/\/consortium.hr\/product\/gleter-spuzva\/\",\"url\":\"https:\/\/consortium.hr\/product\/gleter-spuzva\/\",\"name\":\"Gleter spu\u017eva - Consortium\",\"isPartOf\":{\"@id\":\"https:\/\/consortium.hr\/#website\"},\"primaryImageOfPage\":{\"@id\":\"https:\/\/consortium.hr\/product\/gleter-spuzva\/#primaryimage\"},\"image\":{\"@id\":\"https:\/\/consortium.hr\/product\/gleter-spuzva\/#primaryimage\"},\"thumbnailUrl\":\"https:\/\/consortium.hr\/wp-content\/uploads\/2024\/04\/Gleter-spuzva.jpg\",\"datePublished\":\"2024-04-18T10:56:13+00:00\",\"dateModified\":\"2026-01-16T07:16:10+00:00\",\"breadcrumb\":{\"@id\":\"https:\/\/consortium.hr\/product\/gleter-spuzva\/#breadcrumb\"},\"inLanguage\":\"sl-SI\",\"potentialAction\":[{\"@type\":\"ReadAction\",\"target\":[\"https:\/\/consortium.hr\/product\/gleter-spuzva\/\"]}]},{\"@type\":\"ImageObject\",\"inLanguage\":\"sl-SI\",\"@id\":\"https:\/\/consortium.hr\/product\/gleter-spuzva\/#primaryimage\",\"url\":\"https:\/\/consortium.hr\/wp-content\/uploads\/2024\/04\/Gleter-spuzva.jpg\",\"contentUrl\":\"https:\/\/consortium.hr\/wp-content\/uploads\/2024\/04\/Gleter-spuzva.jpg\",\"width\":800,\"height\":800},{\"@type\":\"BreadcrumbList\",\"@id\":\"https:\/\/consortium.hr\/product\/gleter-spuzva\/#breadcrumb\",\"itemListElement\":[{\"@type\":\"ListItem\",\"position\":1,\"name\":\"Po\u010detna stranica\",\"item\":\"https:\/\/consortium.hr\/sl\/\"},{\"@type\":\"ListItem\",\"position\":2,\"name\":\"Shop\",\"item\":\"https:\/\/consortium.hr\/sl\/shop\/\"},{\"@type\":\"ListItem\",\"position\":3,\"name\":\"Gleter spu\u017eva\"}]},{\"@type\":\"WebSite\",\"@id\":\"https:\/\/consortium.hr\/#website\",\"url\":\"https:\/\/consortium.hr\/\",\"name\":\"Consortium\",\"description\":\"Gra\u0111evinski Materijal - Odli\u010dna Ponuda i Cijena\",\"alternateName\":\"Gra\u0111evinski Materijal - Odli\u010dna Ponuda i Cijena\",\"potentialAction\":[{\"@type\":\"SearchAction\",\"target\":{\"@type\":\"EntryPoint\",\"urlTemplate\":\"https:\/\/consortium.hr\/?s={search_term_string}\"},\"query-input\":{\"@type\":\"PropertyValueSpecification\",\"valueRequired\":true,\"valueName\":\"search_term_string\"}}],\"inLanguage\":\"sl-SI\"}]}<\/script>\n<!-- \/ Yoast SEO plugin. -->","yoast_head_json":{"title":"Gleter spu\u017eva - Consortium","robots":{"index":"index","follow":"follow","max-snippet":"max-snippet:-1","max-image-preview":"max-image-preview:large","max-video-preview":"max-video-preview:-1"},"canonical":"https:\/\/consortium.hr\/sl\/product\/gleter-spuzva\/","og_locale":"sl_SI","og_type":"article","og_title":"Gleter spu\u017eva - Consortium","og_description":"Gleter spu\u017eva izra\u0111ena je od visokokvalitetnog umjetnog materijala s ergonomski oblikovanom ABS ru\u010dkom. Ovaj alat je posebno dizajniran za brzo i u\u010dinkovito \u010di\u0161\u0107enje kerami\u010dkih plo\u010dica nakon fugiranja, omogu\u0107uju\u0107i jednostavno uklanjanje ostataka fuga s plo\u010dica.","og_url":"https:\/\/consortium.hr\/sl\/product\/gleter-spuzva\/","og_site_name":"Consortium","article_modified_time":"2026-01-16T07:16:10+00:00","og_image":[{"width":800,"height":800,"url":"https:\/\/consortium.hr\/wp-content\/uploads\/2024\/04\/Gleter-spuzva.jpg","type":"image\/jpeg"}],"twitter_card":"summary_large_image","schema":{"@context":"https:\/\/schema.org","@graph":[{"@type":"WebPage","@id":"https:\/\/consortium.hr\/product\/gleter-spuzva\/","url":"https:\/\/consortium.hr\/product\/gleter-spuzva\/","name":"Gleter spu\u017eva - Consortium","isPartOf":{"@id":"https:\/\/consortium.hr\/#website"},"primaryImageOfPage":{"@id":"https:\/\/consortium.hr\/product\/gleter-spuzva\/#primaryimage"},"image":{"@id":"https:\/\/consortium.hr\/product\/gleter-spuzva\/#primaryimage"},"thumbnailUrl":"https:\/\/consortium.hr\/wp-content\/uploads\/2024\/04\/Gleter-spuzva.jpg","datePublished":"2024-04-18T10:56:13+00:00","dateModified":"2026-01-16T07:16:10+00:00","breadcrumb":{"@id":"https:\/\/consortium.hr\/product\/gleter-spuzva\/#breadcrumb"},"inLanguage":"sl-SI","potentialAction":[{"@type":"ReadAction","target":["https:\/\/consortium.hr\/product\/gleter-spuzva\/"]}]},{"@type":"ImageObject","inLanguage":"sl-SI","@id":"https:\/\/consortium.hr\/product\/gleter-spuzva\/#primaryimage","url":"https:\/\/consortium.hr\/wp-content\/uploads\/2024\/04\/Gleter-spuzva.jpg","contentUrl":"https:\/\/consortium.hr\/wp-content\/uploads\/2024\/04\/Gleter-spuzva.jpg","width":800,"height":800},{"@type":"BreadcrumbList","@id":"https:\/\/consortium.hr\/product\/gleter-spuzva\/#breadcrumb","itemListElement":[{"@type":"ListItem","position":1,"name":"Po\u010detna stranica","item":"https:\/\/consortium.hr\/sl\/"},{"@type":"ListItem","position":2,"name":"Shop","item":"https:\/\/consortium.hr\/sl\/shop\/"},{"@type":"ListItem","position":3,"name":"Gleter spu\u017eva"}]},{"@type":"WebSite","@id":"https:\/\/consortium.hr\/#website","url":"https:\/\/consortium.hr\/","name":"Consortium","description":"Gra\u0111evinski Materijal - Odli\u010dna Ponuda i Cijena","alternateName":"Gra\u0111evinski Materijal - Odli\u010dna Ponuda i Cijena","potentialAction":[{"@type":"SearchAction","target":{"@type":"EntryPoint","urlTemplate":"https:\/\/consortium.hr\/?s={search_term_string}"},"query-input":{"@type":"PropertyValueSpecification","valueRequired":true,"valueName":"search_term_string"}}],"inLanguage":"sl-SI"}]}},"_links":{"self":[{"href":"https:\/\/consortium.hr\/sl\/wp-json\/wp\/v2\/product\/5520","targetHints":{"allow":["GET"]}}],"collection":[{"href":"https:\/\/consortium.hr\/sl\/wp-json\/wp\/v2\/product"}],"about":[{"href":"https:\/\/consortium.hr\/sl\/wp-json\/wp\/v2\/types\/product"}],"wp:featuredmedia":[{"embeddable":true,"href":"https:\/\/consortium.hr\/sl\/wp-json\/wp\/v2\/media\/5521"}],"wp:attachment":[{"href":"https:\/\/consortium.hr\/sl\/wp-json\/wp\/v2\/media?parent=5520"}],"wp:term":[{"taxonomy":"product_brand","embeddable":true,"href":"https:\/\/consortium.hr\/sl\/wp-json\/wp\/v2\/product_brand?post=5520"},{"taxonomy":"product_cat","embeddable":true,"href":"https:\/\/consortium.hr\/sl\/wp-json\/wp\/v2\/product_cat?post=5520"},{"taxonomy":"product_tag","embeddable":true,"href":"https:\/\/consortium.hr\/sl\/wp-json\/wp\/v2\/product_tag?post=5520"}],"curies":[{"name":"wp","href":"https:\/\/api.w.org\/{rel}","templated":true}]}}