{"id":5546,"date":"2024-04-18T11:13:13","date_gmt":"2024-04-18T11:13:13","guid":{"rendered":"https:\/\/consortium.hr\/?post_type=product&#038;p=5546"},"modified":"2026-04-15T05:17:46","modified_gmt":"2026-04-15T05:17:46","slug":"gleter-rf-nazubljeni-4-mm","status":"publish","type":"product","link":"https:\/\/consortium.hr\/sl\/product\/gleter-rf-nazubljeni-4-mm\/","title":{"rendered":"Gladilka RF z nazob\u010denjem 4 mm"},"content":{"rendered":"<p>Nazubljeni gleter za nano\u0161enje ljepila<\/p>\n<li>Izra\u0111en od poliranog visokokvalitetnog nehr\u0111aju\u0107eg \u010delika (Inox)<\/li>\n<li>Izuzetno lagan<\/li>\n<li>Ergonomski oblikovana drvena ru\u010dka<\/li>\n<li>Glavni i bo\u010dni rub nazubljeni<\/li>","protected":false},"excerpt":{"rendered":"<p>Nazubljeni gleter za nano\u0161enje ljepila Izra\u0111en od poliranog visokokvalitetnog nehr\u0111aju\u0107eg \u010delika (Inox) Izuzetno lagan Ergonomski oblikovana drvena ru\u010dka Glavni i bo\u010dni rub nazubljeni<\/p>","protected":false},"featured_media":10504,"template":"","meta":{"_acf_changed":false},"product_brand":[],"product_cat":[222,227,232,223],"product_tag":[],"class_list":{"0":"post-5546","1":"product","2":"type-product","3":"status-publish","4":"has-post-thumbnail","6":"product_cat-alati","7":"product_cat-alati-za-keramicare","8":"product_cat-gleteri-i-gladilice","9":"product_cat-zidarski-alati","11":"first","12":"instock","13":"shipping-taxable","14":"purchasable","15":"product-type-simple"},"acf":[],"yoast_head":"<!-- This site is optimized with the Yoast SEO plugin v26.1.1 - https:\/\/yoast.com\/wordpress\/plugins\/seo\/ -->\n<title>Gleter RF nazubljeni 4 mm - Consortium<\/title>\n<meta name=\"robots\" content=\"index, follow, max-snippet:-1, max-image-preview:large, max-video-preview:-1\" \/>\n<link rel=\"canonical\" href=\"https:\/\/consortium.hr\/sl\/product\/gleter-rf-nazubljeni-4-mm\/\" \/>\n<meta property=\"og:locale\" content=\"sl_SI\" \/>\n<meta property=\"og:type\" content=\"article\" \/>\n<meta property=\"og:title\" content=\"Gleter RF nazubljeni 4 mm - Consortium\" \/>\n<meta property=\"og:description\" content=\"Nazubljeni gleter za nano\u0161enje ljepila Izra\u0111en od poliranog visokokvalitetnog nehr\u0111aju\u0107eg \u010delika (Inox) Izuzetno lagan Ergonomski oblikovana drvena ru\u010dka Glavni i bo\u010dni rub nazubljeni\" \/>\n<meta property=\"og:url\" content=\"https:\/\/consortium.hr\/sl\/product\/gleter-rf-nazubljeni-4-mm\/\" \/>\n<meta property=\"og:site_name\" content=\"Consortium\" \/>\n<meta property=\"article:modified_time\" content=\"2026-04-15T05:17:46+00:00\" \/>\n<meta property=\"og:image\" content=\"https:\/\/consortium.hr\/wp-content\/uploads\/2024\/04\/Gleter-RF-nazubljeni-4mm-1.jpg\" \/>\n\t<meta property=\"og:image:width\" content=\"800\" \/>\n\t<meta property=\"og:image:height\" content=\"800\" \/>\n\t<meta property=\"og:image:type\" content=\"image\/jpeg\" \/>\n<meta name=\"twitter:card\" content=\"summary_large_image\" \/>\n<script type=\"application\/ld+json\" class=\"yoast-schema-graph\">{\"@context\":\"https:\/\/schema.org\",\"@graph\":[{\"@type\":\"WebPage\",\"@id\":\"https:\/\/consortium.hr\/product\/gleter-rf-nazubljeni-4-mm\/\",\"url\":\"https:\/\/consortium.hr\/product\/gleter-rf-nazubljeni-4-mm\/\",\"name\":\"Gleter RF nazubljeni 4 mm - Consortium\",\"isPartOf\":{\"@id\":\"https:\/\/consortium.hr\/#website\"},\"primaryImageOfPage\":{\"@id\":\"https:\/\/consortium.hr\/product\/gleter-rf-nazubljeni-4-mm\/#primaryimage\"},\"image\":{\"@id\":\"https:\/\/consortium.hr\/product\/gleter-rf-nazubljeni-4-mm\/#primaryimage\"},\"thumbnailUrl\":\"https:\/\/consortium.hr\/wp-content\/uploads\/2024\/04\/Gleter-RF-nazubljeni-4mm-1.jpg\",\"datePublished\":\"2024-04-18T11:13:13+00:00\",\"dateModified\":\"2026-04-15T05:17:46+00:00\",\"breadcrumb\":{\"@id\":\"https:\/\/consortium.hr\/product\/gleter-rf-nazubljeni-4-mm\/#breadcrumb\"},\"inLanguage\":\"sl-SI\",\"potentialAction\":[{\"@type\":\"ReadAction\",\"target\":[\"https:\/\/consortium.hr\/product\/gleter-rf-nazubljeni-4-mm\/\"]}]},{\"@type\":\"ImageObject\",\"inLanguage\":\"sl-SI\",\"@id\":\"https:\/\/consortium.hr\/product\/gleter-rf-nazubljeni-4-mm\/#primaryimage\",\"url\":\"https:\/\/consortium.hr\/wp-content\/uploads\/2024\/04\/Gleter-RF-nazubljeni-4mm-1.jpg\",\"contentUrl\":\"https:\/\/consortium.hr\/wp-content\/uploads\/2024\/04\/Gleter-RF-nazubljeni-4mm-1.jpg\",\"width\":800,\"height\":800},{\"@type\":\"BreadcrumbList\",\"@id\":\"https:\/\/consortium.hr\/product\/gleter-rf-nazubljeni-4-mm\/#breadcrumb\",\"itemListElement\":[{\"@type\":\"ListItem\",\"position\":1,\"name\":\"Po\u010detna stranica\",\"item\":\"https:\/\/consortium.hr\/sl\/\"},{\"@type\":\"ListItem\",\"position\":2,\"name\":\"Shop\",\"item\":\"https:\/\/consortium.hr\/sl\/shop\/\"},{\"@type\":\"ListItem\",\"position\":3,\"name\":\"Gleter RF nazubljeni 4 mm\"}]},{\"@type\":\"WebSite\",\"@id\":\"https:\/\/consortium.hr\/#website\",\"url\":\"https:\/\/consortium.hr\/\",\"name\":\"Consortium\",\"description\":\"Gra\u0111evinski Materijal - Odli\u010dna Ponuda i Cijena\",\"alternateName\":\"Gra\u0111evinski Materijal - Odli\u010dna Ponuda i Cijena\",\"potentialAction\":[{\"@type\":\"SearchAction\",\"target\":{\"@type\":\"EntryPoint\",\"urlTemplate\":\"https:\/\/consortium.hr\/?s={search_term_string}\"},\"query-input\":{\"@type\":\"PropertyValueSpecification\",\"valueRequired\":true,\"valueName\":\"search_term_string\"}}],\"inLanguage\":\"sl-SI\"}]}<\/script>\n<!-- \/ Yoast SEO plugin. -->","yoast_head_json":{"title":"Gleter RF nazubljeni 4 mm - Consortium","robots":{"index":"index","follow":"follow","max-snippet":"max-snippet:-1","max-image-preview":"max-image-preview:large","max-video-preview":"max-video-preview:-1"},"canonical":"https:\/\/consortium.hr\/sl\/product\/gleter-rf-nazubljeni-4-mm\/","og_locale":"sl_SI","og_type":"article","og_title":"Gleter RF nazubljeni 4 mm - Consortium","og_description":"Nazubljeni gleter za nano\u0161enje ljepila Izra\u0111en od poliranog visokokvalitetnog nehr\u0111aju\u0107eg \u010delika (Inox) Izuzetno lagan Ergonomski oblikovana drvena ru\u010dka Glavni i bo\u010dni rub nazubljeni","og_url":"https:\/\/consortium.hr\/sl\/product\/gleter-rf-nazubljeni-4-mm\/","og_site_name":"Consortium","article_modified_time":"2026-04-15T05:17:46+00:00","og_image":[{"width":800,"height":800,"url":"https:\/\/consortium.hr\/wp-content\/uploads\/2024\/04\/Gleter-RF-nazubljeni-4mm-1.jpg","type":"image\/jpeg"}],"twitter_card":"summary_large_image","schema":{"@context":"https:\/\/schema.org","@graph":[{"@type":"WebPage","@id":"https:\/\/consortium.hr\/product\/gleter-rf-nazubljeni-4-mm\/","url":"https:\/\/consortium.hr\/product\/gleter-rf-nazubljeni-4-mm\/","name":"Gleter RF nazubljeni 4 mm - Consortium","isPartOf":{"@id":"https:\/\/consortium.hr\/#website"},"primaryImageOfPage":{"@id":"https:\/\/consortium.hr\/product\/gleter-rf-nazubljeni-4-mm\/#primaryimage"},"image":{"@id":"https:\/\/consortium.hr\/product\/gleter-rf-nazubljeni-4-mm\/#primaryimage"},"thumbnailUrl":"https:\/\/consortium.hr\/wp-content\/uploads\/2024\/04\/Gleter-RF-nazubljeni-4mm-1.jpg","datePublished":"2024-04-18T11:13:13+00:00","dateModified":"2026-04-15T05:17:46+00:00","breadcrumb":{"@id":"https:\/\/consortium.hr\/product\/gleter-rf-nazubljeni-4-mm\/#breadcrumb"},"inLanguage":"sl-SI","potentialAction":[{"@type":"ReadAction","target":["https:\/\/consortium.hr\/product\/gleter-rf-nazubljeni-4-mm\/"]}]},{"@type":"ImageObject","inLanguage":"sl-SI","@id":"https:\/\/consortium.hr\/product\/gleter-rf-nazubljeni-4-mm\/#primaryimage","url":"https:\/\/consortium.hr\/wp-content\/uploads\/2024\/04\/Gleter-RF-nazubljeni-4mm-1.jpg","contentUrl":"https:\/\/consortium.hr\/wp-content\/uploads\/2024\/04\/Gleter-RF-nazubljeni-4mm-1.jpg","width":800,"height":800},{"@type":"BreadcrumbList","@id":"https:\/\/consortium.hr\/product\/gleter-rf-nazubljeni-4-mm\/#breadcrumb","itemListElement":[{"@type":"ListItem","position":1,"name":"Po\u010detna stranica","item":"https:\/\/consortium.hr\/sl\/"},{"@type":"ListItem","position":2,"name":"Shop","item":"https:\/\/consortium.hr\/sl\/shop\/"},{"@type":"ListItem","position":3,"name":"Gleter RF nazubljeni 4 mm"}]},{"@type":"WebSite","@id":"https:\/\/consortium.hr\/#website","url":"https:\/\/consortium.hr\/","name":"Consortium","description":"Gra\u0111evinski Materijal - Odli\u010dna Ponuda i Cijena","alternateName":"Gra\u0111evinski Materijal - Odli\u010dna Ponuda i Cijena","potentialAction":[{"@type":"SearchAction","target":{"@type":"EntryPoint","urlTemplate":"https:\/\/consortium.hr\/?s={search_term_string}"},"query-input":{"@type":"PropertyValueSpecification","valueRequired":true,"valueName":"search_term_string"}}],"inLanguage":"sl-SI"}]}},"_links":{"self":[{"href":"https:\/\/consortium.hr\/sl\/wp-json\/wp\/v2\/product\/5546","targetHints":{"allow":["GET"]}}],"collection":[{"href":"https:\/\/consortium.hr\/sl\/wp-json\/wp\/v2\/product"}],"about":[{"href":"https:\/\/consortium.hr\/sl\/wp-json\/wp\/v2\/types\/product"}],"wp:featuredmedia":[{"embeddable":true,"href":"https:\/\/consortium.hr\/sl\/wp-json\/wp\/v2\/media\/10504"}],"wp:attachment":[{"href":"https:\/\/consortium.hr\/sl\/wp-json\/wp\/v2\/media?parent=5546"}],"wp:term":[{"taxonomy":"product_brand","embeddable":true,"href":"https:\/\/consortium.hr\/sl\/wp-json\/wp\/v2\/product_brand?post=5546"},{"taxonomy":"product_cat","embeddable":true,"href":"https:\/\/consortium.hr\/sl\/wp-json\/wp\/v2\/product_cat?post=5546"},{"taxonomy":"product_tag","embeddable":true,"href":"https:\/\/consortium.hr\/sl\/wp-json\/wp\/v2\/product_tag?post=5546"}],"curies":[{"name":"wp","href":"https:\/\/api.w.org\/{rel}","templated":true}]}}