{"id":5805,"date":"2024-04-22T14:00:32","date_gmt":"2024-04-22T14:00:32","guid":{"rendered":"https:\/\/consortium.hr\/?post_type=product&#038;p=5805"},"modified":"2026-04-08T10:28:25","modified_gmt":"2026-04-08T10:28:25","slug":"elektroizolacijska-traka-38mm-25m","status":"publish","type":"product","link":"https:\/\/consortium.hr\/sl\/product\/elektroizolacijska-traka-38mm-25m\/","title":{"rendered":"Elektroizolacijski trak 38mm\/25m"},"content":{"rendered":"<li>Elektroizolacijske trake proizvode se od mekanog polivinilklorida<\/li>\n<li>Idealne su za izolaciju elektri\u010dnih \u017eica i drugih materijala koji provode elektri\u010dnu energiju<\/li>\n<li>Odli\u010dno prijanjaju i jednostavno se koriste<\/li>","protected":false},"excerpt":{"rendered":"<p>Elektroizolacijske trake proizvode se od mekanog polivinilklorida Idealne su za izolaciju elektri\u010dnih \u017eica i drugih materijala koji provode elektri\u010dnu energiju Odli\u010dno prijanjaju i jednostavno se koriste<\/p>","protected":false},"featured_media":0,"template":"","meta":{"_acf_changed":false},"product_brand":[],"product_cat":[241,239],"product_tag":[],"class_list":{"0":"post-5805","1":"product","2":"type-product","3":"status-publish","5":"product_cat-elektro-pribor","6":"product_cat-elektromaterijal","8":"first","9":"instock","10":"shipping-taxable","11":"purchasable","12":"product-type-variable","13":"wvs-archive-product-wrapper"},"acf":[],"yoast_head":"<!-- This site is optimized with the Yoast SEO plugin v26.1.1 - https:\/\/yoast.com\/wordpress\/plugins\/seo\/ -->\n<title>Elektroizolacijska traka 38mm\/25m - Consortium<\/title>\n<meta name=\"robots\" content=\"index, follow, max-snippet:-1, max-image-preview:large, max-video-preview:-1\" \/>\n<link rel=\"canonical\" href=\"https:\/\/consortium.hr\/sl\/product\/elektroizolacijska-traka-38mm-25m\/\" \/>\n<meta property=\"og:locale\" content=\"sl_SI\" \/>\n<meta property=\"og:type\" content=\"article\" \/>\n<meta property=\"og:title\" content=\"Elektroizolacijska traka 38mm\/25m - Consortium\" \/>\n<meta property=\"og:description\" content=\"Elektroizolacijske trake proizvode se od mekanog polivinilklorida Idealne su za izolaciju elektri\u010dnih \u017eica i drugih materijala koji provode elektri\u010dnu energiju Odli\u010dno prijanjaju i jednostavno se koriste\" \/>\n<meta property=\"og:url\" content=\"https:\/\/consortium.hr\/sl\/product\/elektroizolacijska-traka-38mm-25m\/\" \/>\n<meta property=\"og:site_name\" content=\"Consortium\" \/>\n<meta property=\"article:modified_time\" content=\"2026-04-08T10:28:25+00:00\" \/>\n<meta property=\"og:image\" content=\"https:\/\/consortium.hr\/wp-content\/uploads\/2024\/04\/Elektroizolacijska-traka-38mm-25m.jpg\" \/>\n\t<meta property=\"og:image:width\" content=\"800\" \/>\n\t<meta property=\"og:image:height\" content=\"800\" \/>\n\t<meta property=\"og:image:type\" content=\"image\/jpeg\" \/>\n<meta name=\"twitter:card\" content=\"summary_large_image\" \/>\n<script type=\"application\/ld+json\" class=\"yoast-schema-graph\">{\"@context\":\"https:\/\/schema.org\",\"@graph\":[{\"@type\":\"WebPage\",\"@id\":\"https:\/\/consortium.hr\/product\/elektroizolacijska-traka-38mm-25m\/\",\"url\":\"https:\/\/consortium.hr\/product\/elektroizolacijska-traka-38mm-25m\/\",\"name\":\"Elektroizolacijska traka 38mm\/25m - Consortium\",\"isPartOf\":{\"@id\":\"https:\/\/consortium.hr\/#website\"},\"datePublished\":\"2024-04-22T14:00:32+00:00\",\"dateModified\":\"2026-04-08T10:28:25+00:00\",\"breadcrumb\":{\"@id\":\"https:\/\/consortium.hr\/product\/elektroizolacijska-traka-38mm-25m\/#breadcrumb\"},\"inLanguage\":\"sl-SI\",\"potentialAction\":[{\"@type\":\"ReadAction\",\"target\":[\"https:\/\/consortium.hr\/product\/elektroizolacijska-traka-38mm-25m\/\"]}]},{\"@type\":\"BreadcrumbList\",\"@id\":\"https:\/\/consortium.hr\/product\/elektroizolacijska-traka-38mm-25m\/#breadcrumb\",\"itemListElement\":[{\"@type\":\"ListItem\",\"position\":1,\"name\":\"Po\u010detna stranica\",\"item\":\"https:\/\/consortium.hr\/sl\/\"},{\"@type\":\"ListItem\",\"position\":2,\"name\":\"Shop\",\"item\":\"https:\/\/consortium.hr\/sl\/shop\/\"},{\"@type\":\"ListItem\",\"position\":3,\"name\":\"Elektroizolacijska traka 38mm\/25m\"}]},{\"@type\":\"WebSite\",\"@id\":\"https:\/\/consortium.hr\/#website\",\"url\":\"https:\/\/consortium.hr\/\",\"name\":\"Consortium\",\"description\":\"Gra\u0111evinski Materijal - Odli\u010dna Ponuda i Cijena\",\"alternateName\":\"Gra\u0111evinski Materijal - Odli\u010dna Ponuda i Cijena\",\"potentialAction\":[{\"@type\":\"SearchAction\",\"target\":{\"@type\":\"EntryPoint\",\"urlTemplate\":\"https:\/\/consortium.hr\/?s={search_term_string}\"},\"query-input\":{\"@type\":\"PropertyValueSpecification\",\"valueRequired\":true,\"valueName\":\"search_term_string\"}}],\"inLanguage\":\"sl-SI\"}]}<\/script>\n<!-- \/ Yoast SEO plugin. -->","yoast_head_json":{"title":"Elektroizolacijska traka 38mm\/25m - Consortium","robots":{"index":"index","follow":"follow","max-snippet":"max-snippet:-1","max-image-preview":"max-image-preview:large","max-video-preview":"max-video-preview:-1"},"canonical":"https:\/\/consortium.hr\/sl\/product\/elektroizolacijska-traka-38mm-25m\/","og_locale":"sl_SI","og_type":"article","og_title":"Elektroizolacijska traka 38mm\/25m - Consortium","og_description":"Elektroizolacijske trake proizvode se od mekanog polivinilklorida Idealne su za izolaciju elektri\u010dnih \u017eica i drugih materijala koji provode elektri\u010dnu energiju Odli\u010dno prijanjaju i jednostavno se koriste","og_url":"https:\/\/consortium.hr\/sl\/product\/elektroizolacijska-traka-38mm-25m\/","og_site_name":"Consortium","article_modified_time":"2026-04-08T10:28:25+00:00","og_image":[{"width":800,"height":800,"url":"https:\/\/consortium.hr\/wp-content\/uploads\/2024\/04\/Elektroizolacijska-traka-38mm-25m.jpg","type":"image\/jpeg"}],"twitter_card":"summary_large_image","schema":{"@context":"https:\/\/schema.org","@graph":[{"@type":"WebPage","@id":"https:\/\/consortium.hr\/product\/elektroizolacijska-traka-38mm-25m\/","url":"https:\/\/consortium.hr\/product\/elektroizolacijska-traka-38mm-25m\/","name":"Elektroizolacijska traka 38mm\/25m - Consortium","isPartOf":{"@id":"https:\/\/consortium.hr\/#website"},"datePublished":"2024-04-22T14:00:32+00:00","dateModified":"2026-04-08T10:28:25+00:00","breadcrumb":{"@id":"https:\/\/consortium.hr\/product\/elektroizolacijska-traka-38mm-25m\/#breadcrumb"},"inLanguage":"sl-SI","potentialAction":[{"@type":"ReadAction","target":["https:\/\/consortium.hr\/product\/elektroizolacijska-traka-38mm-25m\/"]}]},{"@type":"BreadcrumbList","@id":"https:\/\/consortium.hr\/product\/elektroizolacijska-traka-38mm-25m\/#breadcrumb","itemListElement":[{"@type":"ListItem","position":1,"name":"Po\u010detna stranica","item":"https:\/\/consortium.hr\/sl\/"},{"@type":"ListItem","position":2,"name":"Shop","item":"https:\/\/consortium.hr\/sl\/shop\/"},{"@type":"ListItem","position":3,"name":"Elektroizolacijska traka 38mm\/25m"}]},{"@type":"WebSite","@id":"https:\/\/consortium.hr\/#website","url":"https:\/\/consortium.hr\/","name":"Consortium","description":"Gra\u0111evinski Materijal - Odli\u010dna Ponuda i Cijena","alternateName":"Gra\u0111evinski Materijal - Odli\u010dna Ponuda i Cijena","potentialAction":[{"@type":"SearchAction","target":{"@type":"EntryPoint","urlTemplate":"https:\/\/consortium.hr\/?s={search_term_string}"},"query-input":{"@type":"PropertyValueSpecification","valueRequired":true,"valueName":"search_term_string"}}],"inLanguage":"sl-SI"}]}},"_links":{"self":[{"href":"https:\/\/consortium.hr\/sl\/wp-json\/wp\/v2\/product\/5805","targetHints":{"allow":["GET"]}}],"collection":[{"href":"https:\/\/consortium.hr\/sl\/wp-json\/wp\/v2\/product"}],"about":[{"href":"https:\/\/consortium.hr\/sl\/wp-json\/wp\/v2\/types\/product"}],"wp:attachment":[{"href":"https:\/\/consortium.hr\/sl\/wp-json\/wp\/v2\/media?parent=5805"}],"wp:term":[{"taxonomy":"product_brand","embeddable":true,"href":"https:\/\/consortium.hr\/sl\/wp-json\/wp\/v2\/product_brand?post=5805"},{"taxonomy":"product_cat","embeddable":true,"href":"https:\/\/consortium.hr\/sl\/wp-json\/wp\/v2\/product_cat?post=5805"},{"taxonomy":"product_tag","embeddable":true,"href":"https:\/\/consortium.hr\/sl\/wp-json\/wp\/v2\/product_tag?post=5805"}],"curies":[{"name":"wp","href":"https:\/\/api.w.org\/{rel}","templated":true}]}}