{"id":5836,"date":"2024-04-23T14:21:04","date_gmt":"2024-04-23T14:21:04","guid":{"rendered":"https:\/\/consortium.hr\/?post_type=product&#038;p=5836"},"modified":"2026-01-16T07:22:12","modified_gmt":"2026-01-16T07:22:12","slug":"mirka-deos-383cv-70x198mm-cv-orbit-30-case-elektricna-brusilica","status":"publish","type":"product","link":"https:\/\/consortium.hr\/sl\/product\/mirka-deos-383cv-70x198mm-cv-orbit-30-case-elektricna-brusilica\/","title":{"rendered":"Mirka DEOS 383CV 70x198mm CV Orbit 3,0 Case - elektri\u010dni brusilnik"},"content":{"rendered":"<p>Mirka\u00ae DEOS 383CV je zmogljiva in kompaktna direktna elektri\u010dna orbitalna brusilka. Z vi\u0161ino le 10 cm njena kompaktna velikost in optimizirana ergonomija omogo\u010data visoko manevrsko sposobnost ter pomagata pri natan\u010dnem in u\u010dinkovitem bru\u0161enju z maksimalnim udobjem.<br \/>\nTa majhna in lahka brusilka je naravno opremljena motorjem brez \u0161\u010detk, hitrost pa je enostavno nadzorovati s pomo\u010djo ro\u010dice.<br \/>\nTukaj je lo\u010den stikalnik za vklop\/izklop za enostavno in varno uporabo.<br \/>\nKompaktne dimenzije naredijo Mirka\u00ae DEOS 383CV idealnega za uporabo pri oblikovanju polnil in osnovnem bru\u0161enju.<br \/>\nV kombinaciji z Mirkinimi mre\u017eastimi abrazivi, orodje omogo\u010da hitro in u\u010dinkovito bru\u0161enje brez prahu.<br \/>\nDobavi se v visokokakovostni plasti\u010dni \u0161katli.<\/p>\n<p><strong>Tehni\u010dne informacije:<\/strong><\/p>\n<p>Vhodna mo\u010d (W): 250 W<br \/>\nNapetost glavne napetosti (VAC): 220-240<br \/>\nHitrost (rpm): 5000 \u2013 10000\/min<br \/>\nOrbita (mm): 3<br \/>\nVelikost podlage (mm): 70 x 198<br \/>\nTe\u017ea (kg): 1<br \/>\nNivo hrupa, LpA (dB): 71<br \/>\nRaven vibracij (m\/s\u00b2): 2,6<br \/>\nPakiranje: Plasti\u010dna \u0161katla<br \/>\nSistem za prah, pripravljen za centralni sesalnik<br \/>\nIme modela: Mirka DEOS 383CV EU<br \/>\nMre\u017ena frekvenca (Hz): 50\/60<\/p>","protected":false},"excerpt":{"rendered":"<p>Mirka\u00ae DEOS 383CV je sna\u017ena i kompaktna izravna elektri\u010dna orbitalna brusilica. Uz visinu od samo 10 cm, kompaktna veli\u010dina i optimizirana ergonomija alata daju mu visoku sposobnost manevriranja i poma\u017eu u pru\u017eanju preciznog i u\u010dinkovitog bru\u0161enja uz udobnost. Ova mala i lagana brusilica je prirodno opremljena motorom bez \u010detkica, a brzina se lako kontrolira putem [&hellip;]<\/p>","protected":false},"featured_media":5837,"template":"","meta":{"_acf_changed":false},"product_brand":[],"product_cat":[222,370,226],"product_tag":[],"class_list":{"0":"post-5836","1":"product","2":"type-product","3":"status-publish","4":"has-post-thumbnail","6":"product_cat-alati","7":"product_cat-elektricni-alati","8":"product_cat-elektricni-i-akumulatorski-alati","10":"first","11":"instock","12":"shipping-taxable","13":"purchasable","14":"product-type-simple"},"acf":[],"yoast_head":"<!-- This site is optimized with the Yoast SEO plugin v26.1.1 - https:\/\/yoast.com\/wordpress\/plugins\/seo\/ -->\n<title>Mirka DEOS 383CV 70x198mm CV Orbit 3,0 Case-elektri\u010dna brusilica - Consortium<\/title>\n<meta name=\"robots\" content=\"index, follow, max-snippet:-1, max-image-preview:large, max-video-preview:-1\" \/>\n<link rel=\"canonical\" href=\"https:\/\/consortium.hr\/sl\/product\/mirka-deos-383cv-70x198mm-cv-orbit-30-case-elektricna-brusilica\/\" \/>\n<meta property=\"og:locale\" content=\"sl_SI\" \/>\n<meta property=\"og:type\" content=\"article\" \/>\n<meta property=\"og:title\" content=\"Mirka DEOS 383CV 70x198mm CV Orbit 3,0 Case-elektri\u010dna brusilica - Consortium\" \/>\n<meta property=\"og:description\" content=\"Mirka\u00ae DEOS 383CV je sna\u017ena i kompaktna izravna elektri\u010dna orbitalna brusilica. Uz visinu od samo 10 cm, kompaktna veli\u010dina i optimizirana ergonomija alata daju mu visoku sposobnost manevriranja i poma\u017eu u pru\u017eanju preciznog i u\u010dinkovitog bru\u0161enja uz udobnost. Ova mala i lagana brusilica je prirodno opremljena motorom bez \u010detkica, a brzina se lako kontrolira putem [&hellip;]\" \/>\n<meta property=\"og:url\" content=\"https:\/\/consortium.hr\/sl\/product\/mirka-deos-383cv-70x198mm-cv-orbit-30-case-elektricna-brusilica\/\" \/>\n<meta property=\"og:site_name\" content=\"Consortium\" \/>\n<meta property=\"article:modified_time\" content=\"2026-01-16T07:22:12+00:00\" \/>\n<meta property=\"og:image\" content=\"https:\/\/consortium.hr\/wp-content\/uploads\/2024\/04\/Mirka-DEOS-383CV-70x198mm-CV-Orbit-30-Case-elektricna-brusilica.jpg\" \/>\n\t<meta property=\"og:image:width\" content=\"800\" \/>\n\t<meta property=\"og:image:height\" content=\"800\" \/>\n\t<meta property=\"og:image:type\" content=\"image\/jpeg\" \/>\n<meta name=\"twitter:card\" content=\"summary_large_image\" \/>\n<meta name=\"twitter:label1\" content=\"Est. reading time\" \/>\n\t<meta name=\"twitter:data1\" content=\"1 minuta\" \/>\n<script type=\"application\/ld+json\" class=\"yoast-schema-graph\">{\"@context\":\"https:\/\/schema.org\",\"@graph\":[{\"@type\":\"WebPage\",\"@id\":\"https:\/\/consortium.hr\/product\/mirka-deos-383cv-70x198mm-cv-orbit-30-case-elektricna-brusilica\/\",\"url\":\"https:\/\/consortium.hr\/product\/mirka-deos-383cv-70x198mm-cv-orbit-30-case-elektricna-brusilica\/\",\"name\":\"Mirka DEOS 383CV 70x198mm CV Orbit 3,0 Case-elektri\u010dna brusilica - Consortium\",\"isPartOf\":{\"@id\":\"https:\/\/consortium.hr\/#website\"},\"primaryImageOfPage\":{\"@id\":\"https:\/\/consortium.hr\/product\/mirka-deos-383cv-70x198mm-cv-orbit-30-case-elektricna-brusilica\/#primaryimage\"},\"image\":{\"@id\":\"https:\/\/consortium.hr\/product\/mirka-deos-383cv-70x198mm-cv-orbit-30-case-elektricna-brusilica\/#primaryimage\"},\"thumbnailUrl\":\"https:\/\/consortium.hr\/wp-content\/uploads\/2024\/04\/Mirka-DEOS-383CV-70x198mm-CV-Orbit-30-Case-elektricna-brusilica.jpg\",\"datePublished\":\"2024-04-23T14:21:04+00:00\",\"dateModified\":\"2026-01-16T07:22:12+00:00\",\"breadcrumb\":{\"@id\":\"https:\/\/consortium.hr\/product\/mirka-deos-383cv-70x198mm-cv-orbit-30-case-elektricna-brusilica\/#breadcrumb\"},\"inLanguage\":\"sl-SI\",\"potentialAction\":[{\"@type\":\"ReadAction\",\"target\":[\"https:\/\/consortium.hr\/product\/mirka-deos-383cv-70x198mm-cv-orbit-30-case-elektricna-brusilica\/\"]}]},{\"@type\":\"ImageObject\",\"inLanguage\":\"sl-SI\",\"@id\":\"https:\/\/consortium.hr\/product\/mirka-deos-383cv-70x198mm-cv-orbit-30-case-elektricna-brusilica\/#primaryimage\",\"url\":\"https:\/\/consortium.hr\/wp-content\/uploads\/2024\/04\/Mirka-DEOS-383CV-70x198mm-CV-Orbit-30-Case-elektricna-brusilica.jpg\",\"contentUrl\":\"https:\/\/consortium.hr\/wp-content\/uploads\/2024\/04\/Mirka-DEOS-383CV-70x198mm-CV-Orbit-30-Case-elektricna-brusilica.jpg\",\"width\":800,\"height\":800},{\"@type\":\"BreadcrumbList\",\"@id\":\"https:\/\/consortium.hr\/product\/mirka-deos-383cv-70x198mm-cv-orbit-30-case-elektricna-brusilica\/#breadcrumb\",\"itemListElement\":[{\"@type\":\"ListItem\",\"position\":1,\"name\":\"Po\u010detna stranica\",\"item\":\"https:\/\/consortium.hr\/sl\/\"},{\"@type\":\"ListItem\",\"position\":2,\"name\":\"Shop\",\"item\":\"https:\/\/consortium.hr\/sl\/shop\/\"},{\"@type\":\"ListItem\",\"position\":3,\"name\":\"Mirka DEOS 383CV 70x198mm CV Orbit 3,0 Case-elektri\u010dna brusilica\"}]},{\"@type\":\"WebSite\",\"@id\":\"https:\/\/consortium.hr\/#website\",\"url\":\"https:\/\/consortium.hr\/\",\"name\":\"Consortium\",\"description\":\"Gra\u0111evinski Materijal - Odli\u010dna Ponuda i Cijena\",\"alternateName\":\"Gra\u0111evinski Materijal - Odli\u010dna Ponuda i Cijena\",\"potentialAction\":[{\"@type\":\"SearchAction\",\"target\":{\"@type\":\"EntryPoint\",\"urlTemplate\":\"https:\/\/consortium.hr\/?s={search_term_string}\"},\"query-input\":{\"@type\":\"PropertyValueSpecification\",\"valueRequired\":true,\"valueName\":\"search_term_string\"}}],\"inLanguage\":\"sl-SI\"}]}<\/script>\n<!-- \/ Yoast SEO plugin. -->","yoast_head_json":{"title":"Mirka DEOS 383CV 70x198mm CV Orbit 3,0 Case-elektri\u010dna brusilica - Consortium","robots":{"index":"index","follow":"follow","max-snippet":"max-snippet:-1","max-image-preview":"max-image-preview:large","max-video-preview":"max-video-preview:-1"},"canonical":"https:\/\/consortium.hr\/sl\/product\/mirka-deos-383cv-70x198mm-cv-orbit-30-case-elektricna-brusilica\/","og_locale":"sl_SI","og_type":"article","og_title":"Mirka DEOS 383CV 70x198mm CV Orbit 3,0 Case-elektri\u010dna brusilica - Consortium","og_description":"Mirka\u00ae DEOS 383CV je sna\u017ena i kompaktna izravna elektri\u010dna orbitalna brusilica. Uz visinu od samo 10 cm, kompaktna veli\u010dina i optimizirana ergonomija alata daju mu visoku sposobnost manevriranja i poma\u017eu u pru\u017eanju preciznog i u\u010dinkovitog bru\u0161enja uz udobnost. Ova mala i lagana brusilica je prirodno opremljena motorom bez \u010detkica, a brzina se lako kontrolira putem [&hellip;]","og_url":"https:\/\/consortium.hr\/sl\/product\/mirka-deos-383cv-70x198mm-cv-orbit-30-case-elektricna-brusilica\/","og_site_name":"Consortium","article_modified_time":"2026-01-16T07:22:12+00:00","og_image":[{"width":800,"height":800,"url":"https:\/\/consortium.hr\/wp-content\/uploads\/2024\/04\/Mirka-DEOS-383CV-70x198mm-CV-Orbit-30-Case-elektricna-brusilica.jpg","type":"image\/jpeg"}],"twitter_card":"summary_large_image","twitter_misc":{"Est. reading time":"1 minuta"},"schema":{"@context":"https:\/\/schema.org","@graph":[{"@type":"WebPage","@id":"https:\/\/consortium.hr\/product\/mirka-deos-383cv-70x198mm-cv-orbit-30-case-elektricna-brusilica\/","url":"https:\/\/consortium.hr\/product\/mirka-deos-383cv-70x198mm-cv-orbit-30-case-elektricna-brusilica\/","name":"Mirka DEOS 383CV 70x198mm CV Orbit 3,0 Case-elektri\u010dna brusilica - Consortium","isPartOf":{"@id":"https:\/\/consortium.hr\/#website"},"primaryImageOfPage":{"@id":"https:\/\/consortium.hr\/product\/mirka-deos-383cv-70x198mm-cv-orbit-30-case-elektricna-brusilica\/#primaryimage"},"image":{"@id":"https:\/\/consortium.hr\/product\/mirka-deos-383cv-70x198mm-cv-orbit-30-case-elektricna-brusilica\/#primaryimage"},"thumbnailUrl":"https:\/\/consortium.hr\/wp-content\/uploads\/2024\/04\/Mirka-DEOS-383CV-70x198mm-CV-Orbit-30-Case-elektricna-brusilica.jpg","datePublished":"2024-04-23T14:21:04+00:00","dateModified":"2026-01-16T07:22:12+00:00","breadcrumb":{"@id":"https:\/\/consortium.hr\/product\/mirka-deos-383cv-70x198mm-cv-orbit-30-case-elektricna-brusilica\/#breadcrumb"},"inLanguage":"sl-SI","potentialAction":[{"@type":"ReadAction","target":["https:\/\/consortium.hr\/product\/mirka-deos-383cv-70x198mm-cv-orbit-30-case-elektricna-brusilica\/"]}]},{"@type":"ImageObject","inLanguage":"sl-SI","@id":"https:\/\/consortium.hr\/product\/mirka-deos-383cv-70x198mm-cv-orbit-30-case-elektricna-brusilica\/#primaryimage","url":"https:\/\/consortium.hr\/wp-content\/uploads\/2024\/04\/Mirka-DEOS-383CV-70x198mm-CV-Orbit-30-Case-elektricna-brusilica.jpg","contentUrl":"https:\/\/consortium.hr\/wp-content\/uploads\/2024\/04\/Mirka-DEOS-383CV-70x198mm-CV-Orbit-30-Case-elektricna-brusilica.jpg","width":800,"height":800},{"@type":"BreadcrumbList","@id":"https:\/\/consortium.hr\/product\/mirka-deos-383cv-70x198mm-cv-orbit-30-case-elektricna-brusilica\/#breadcrumb","itemListElement":[{"@type":"ListItem","position":1,"name":"Po\u010detna stranica","item":"https:\/\/consortium.hr\/sl\/"},{"@type":"ListItem","position":2,"name":"Shop","item":"https:\/\/consortium.hr\/sl\/shop\/"},{"@type":"ListItem","position":3,"name":"Mirka DEOS 383CV 70x198mm CV Orbit 3,0 Case-elektri\u010dna brusilica"}]},{"@type":"WebSite","@id":"https:\/\/consortium.hr\/#website","url":"https:\/\/consortium.hr\/","name":"Consortium","description":"Gra\u0111evinski Materijal - Odli\u010dna Ponuda i Cijena","alternateName":"Gra\u0111evinski Materijal - Odli\u010dna Ponuda i Cijena","potentialAction":[{"@type":"SearchAction","target":{"@type":"EntryPoint","urlTemplate":"https:\/\/consortium.hr\/?s={search_term_string}"},"query-input":{"@type":"PropertyValueSpecification","valueRequired":true,"valueName":"search_term_string"}}],"inLanguage":"sl-SI"}]}},"_links":{"self":[{"href":"https:\/\/consortium.hr\/sl\/wp-json\/wp\/v2\/product\/5836","targetHints":{"allow":["GET"]}}],"collection":[{"href":"https:\/\/consortium.hr\/sl\/wp-json\/wp\/v2\/product"}],"about":[{"href":"https:\/\/consortium.hr\/sl\/wp-json\/wp\/v2\/types\/product"}],"wp:featuredmedia":[{"embeddable":true,"href":"https:\/\/consortium.hr\/sl\/wp-json\/wp\/v2\/media\/5837"}],"wp:attachment":[{"href":"https:\/\/consortium.hr\/sl\/wp-json\/wp\/v2\/media?parent=5836"}],"wp:term":[{"taxonomy":"product_brand","embeddable":true,"href":"https:\/\/consortium.hr\/sl\/wp-json\/wp\/v2\/product_brand?post=5836"},{"taxonomy":"product_cat","embeddable":true,"href":"https:\/\/consortium.hr\/sl\/wp-json\/wp\/v2\/product_cat?post=5836"},{"taxonomy":"product_tag","embeddable":true,"href":"https:\/\/consortium.hr\/sl\/wp-json\/wp\/v2\/product_tag?post=5836"}],"curies":[{"name":"wp","href":"https:\/\/api.w.org\/{rel}","templated":true}]}}