{"id":5843,"date":"2024-04-23T14:23:49","date_gmt":"2024-04-23T14:23:49","guid":{"rendered":"https:\/\/consortium.hr\/?post_type=product&#038;p=5843"},"modified":"2026-01-16T07:19:04","modified_gmt":"2026-01-16T07:19:04","slug":"busilica-cekic-620w-sds-pt3620","status":"publish","type":"product","link":"https:\/\/consortium.hr\/sl\/product\/busilica-cekic-620w-sds-pt3620\/","title":{"rendered":"Vrtalno kladivo 620W-SDS PT3620"},"content":{"rendered":"<p><strong>Vrtalni udarni vrtalnik PT3620<\/strong><\/p>\n<p>Vrtalni udarni vrtalnik PT3620 z SDS+ nosilcem je namenjen predvsem za vrtanje ali dletanje v betonu ali opeki.<\/p>\n<p>Z dodatno stezno glavo je mo\u017eno vrtati tudi v lesu, kovini in plastiki.<\/p>\n<p>Elektro-pnevmati\u010dni mehanizem vrtanja omogo\u010da enostavno in hitro vrtanje v betonu ali opeki brez utrujenosti uporabnika.<\/p>\n<p>Dodatna ro\u010dica za bolj\u0161i nadzor med delom.<\/p>\n<p>Orodje prihaja s transportnim kov\u010dkom.<\/p>","protected":false},"excerpt":{"rendered":"<p>Bu\u0161a\u010di \u010deki\u0107 PT3620 Bu\u0161a\u010di \u010deki\u0107 PT3620, SDS+ prihvata namijenjen prvenstveno bu\u0161enju ili klesanju u betonu ili opeci. S dodatnom steznom glavom mogu\u0107e bu\u0161iti i u drvetu, metalu i plastici. Elektro-pneumatski mehanizam bu\u0161enja omogu\u0107uje lako i brzo bu\u0161enje u betonu ili opeci bez zamora korisnika. Dodatna ru\u010dka za bolju kontrolu prilikom rada. Alat dolazi s transportnim [&hellip;]<\/p>","protected":false},"featured_media":5844,"template":"","meta":{"_acf_changed":false},"product_brand":[],"product_cat":[222,370,226],"product_tag":[],"class_list":{"0":"post-5843","1":"product","2":"type-product","3":"status-publish","4":"has-post-thumbnail","6":"product_cat-alati","7":"product_cat-elektricni-alati","8":"product_cat-elektricni-i-akumulatorski-alati","10":"first","11":"instock","12":"shipping-taxable","13":"purchasable","14":"product-type-simple"},"acf":[],"yoast_head":"<!-- This site is optimized with the Yoast SEO plugin v26.1.1 - https:\/\/yoast.com\/wordpress\/plugins\/seo\/ -->\n<title>Bu\u0161ilica-\u010deki\u0107 620W-SDS PT3620 - Consortium<\/title>\n<meta name=\"robots\" content=\"index, follow, max-snippet:-1, max-image-preview:large, max-video-preview:-1\" \/>\n<link rel=\"canonical\" href=\"https:\/\/consortium.hr\/sl\/product\/busilica-cekic-620w-sds-pt3620\/\" \/>\n<meta property=\"og:locale\" content=\"sl_SI\" \/>\n<meta property=\"og:type\" content=\"article\" \/>\n<meta property=\"og:title\" content=\"Bu\u0161ilica-\u010deki\u0107 620W-SDS PT3620 - Consortium\" \/>\n<meta property=\"og:description\" content=\"Bu\u0161a\u010di \u010deki\u0107 PT3620 Bu\u0161a\u010di \u010deki\u0107 PT3620, SDS+ prihvata namijenjen prvenstveno bu\u0161enju ili klesanju u betonu ili opeci. S dodatnom steznom glavom mogu\u0107e bu\u0161iti i u drvetu, metalu i plastici. Elektro-pneumatski mehanizam bu\u0161enja omogu\u0107uje lako i brzo bu\u0161enje u betonu ili opeci bez zamora korisnika. Dodatna ru\u010dka za bolju kontrolu prilikom rada. Alat dolazi s transportnim [&hellip;]\" \/>\n<meta property=\"og:url\" content=\"https:\/\/consortium.hr\/sl\/product\/busilica-cekic-620w-sds-pt3620\/\" \/>\n<meta property=\"og:site_name\" content=\"Consortium\" \/>\n<meta property=\"article:modified_time\" content=\"2026-01-16T07:19:04+00:00\" \/>\n<meta property=\"og:image\" content=\"https:\/\/consortium.hr\/wp-content\/uploads\/2024\/04\/Busilica-cekic-620W-SDS-PT3620.jpg\" \/>\n\t<meta property=\"og:image:width\" content=\"800\" \/>\n\t<meta property=\"og:image:height\" content=\"800\" \/>\n\t<meta property=\"og:image:type\" content=\"image\/jpeg\" \/>\n<meta name=\"twitter:card\" content=\"summary_large_image\" \/>\n<script type=\"application\/ld+json\" class=\"yoast-schema-graph\">{\"@context\":\"https:\/\/schema.org\",\"@graph\":[{\"@type\":\"WebPage\",\"@id\":\"https:\/\/consortium.hr\/product\/busilica-cekic-620w-sds-pt3620\/\",\"url\":\"https:\/\/consortium.hr\/product\/busilica-cekic-620w-sds-pt3620\/\",\"name\":\"Bu\u0161ilica-\u010deki\u0107 620W-SDS PT3620 - Consortium\",\"isPartOf\":{\"@id\":\"https:\/\/consortium.hr\/#website\"},\"primaryImageOfPage\":{\"@id\":\"https:\/\/consortium.hr\/product\/busilica-cekic-620w-sds-pt3620\/#primaryimage\"},\"image\":{\"@id\":\"https:\/\/consortium.hr\/product\/busilica-cekic-620w-sds-pt3620\/#primaryimage\"},\"thumbnailUrl\":\"https:\/\/consortium.hr\/wp-content\/uploads\/2024\/04\/Busilica-cekic-620W-SDS-PT3620.jpg\",\"datePublished\":\"2024-04-23T14:23:49+00:00\",\"dateModified\":\"2026-01-16T07:19:04+00:00\",\"breadcrumb\":{\"@id\":\"https:\/\/consortium.hr\/product\/busilica-cekic-620w-sds-pt3620\/#breadcrumb\"},\"inLanguage\":\"sl-SI\",\"potentialAction\":[{\"@type\":\"ReadAction\",\"target\":[\"https:\/\/consortium.hr\/product\/busilica-cekic-620w-sds-pt3620\/\"]}]},{\"@type\":\"ImageObject\",\"inLanguage\":\"sl-SI\",\"@id\":\"https:\/\/consortium.hr\/product\/busilica-cekic-620w-sds-pt3620\/#primaryimage\",\"url\":\"https:\/\/consortium.hr\/wp-content\/uploads\/2024\/04\/Busilica-cekic-620W-SDS-PT3620.jpg\",\"contentUrl\":\"https:\/\/consortium.hr\/wp-content\/uploads\/2024\/04\/Busilica-cekic-620W-SDS-PT3620.jpg\",\"width\":800,\"height\":800},{\"@type\":\"BreadcrumbList\",\"@id\":\"https:\/\/consortium.hr\/product\/busilica-cekic-620w-sds-pt3620\/#breadcrumb\",\"itemListElement\":[{\"@type\":\"ListItem\",\"position\":1,\"name\":\"Po\u010detna stranica\",\"item\":\"https:\/\/consortium.hr\/sl\/\"},{\"@type\":\"ListItem\",\"position\":2,\"name\":\"Shop\",\"item\":\"https:\/\/consortium.hr\/sl\/shop\/\"},{\"@type\":\"ListItem\",\"position\":3,\"name\":\"Bu\u0161ilica-\u010deki\u0107 620W-SDS PT3620\"}]},{\"@type\":\"WebSite\",\"@id\":\"https:\/\/consortium.hr\/#website\",\"url\":\"https:\/\/consortium.hr\/\",\"name\":\"Consortium\",\"description\":\"Gra\u0111evinski Materijal - Odli\u010dna Ponuda i Cijena\",\"alternateName\":\"Gra\u0111evinski Materijal - Odli\u010dna Ponuda i Cijena\",\"potentialAction\":[{\"@type\":\"SearchAction\",\"target\":{\"@type\":\"EntryPoint\",\"urlTemplate\":\"https:\/\/consortium.hr\/?s={search_term_string}\"},\"query-input\":{\"@type\":\"PropertyValueSpecification\",\"valueRequired\":true,\"valueName\":\"search_term_string\"}}],\"inLanguage\":\"sl-SI\"}]}<\/script>\n<!-- \/ Yoast SEO plugin. -->","yoast_head_json":{"title":"Bu\u0161ilica-\u010deki\u0107 620W-SDS PT3620 - Consortium","robots":{"index":"index","follow":"follow","max-snippet":"max-snippet:-1","max-image-preview":"max-image-preview:large","max-video-preview":"max-video-preview:-1"},"canonical":"https:\/\/consortium.hr\/sl\/product\/busilica-cekic-620w-sds-pt3620\/","og_locale":"sl_SI","og_type":"article","og_title":"Bu\u0161ilica-\u010deki\u0107 620W-SDS PT3620 - Consortium","og_description":"Bu\u0161a\u010di \u010deki\u0107 PT3620 Bu\u0161a\u010di \u010deki\u0107 PT3620, SDS+ prihvata namijenjen prvenstveno bu\u0161enju ili klesanju u betonu ili opeci. S dodatnom steznom glavom mogu\u0107e bu\u0161iti i u drvetu, metalu i plastici. Elektro-pneumatski mehanizam bu\u0161enja omogu\u0107uje lako i brzo bu\u0161enje u betonu ili opeci bez zamora korisnika. Dodatna ru\u010dka za bolju kontrolu prilikom rada. Alat dolazi s transportnim [&hellip;]","og_url":"https:\/\/consortium.hr\/sl\/product\/busilica-cekic-620w-sds-pt3620\/","og_site_name":"Consortium","article_modified_time":"2026-01-16T07:19:04+00:00","og_image":[{"width":800,"height":800,"url":"https:\/\/consortium.hr\/wp-content\/uploads\/2024\/04\/Busilica-cekic-620W-SDS-PT3620.jpg","type":"image\/jpeg"}],"twitter_card":"summary_large_image","schema":{"@context":"https:\/\/schema.org","@graph":[{"@type":"WebPage","@id":"https:\/\/consortium.hr\/product\/busilica-cekic-620w-sds-pt3620\/","url":"https:\/\/consortium.hr\/product\/busilica-cekic-620w-sds-pt3620\/","name":"Bu\u0161ilica-\u010deki\u0107 620W-SDS PT3620 - Consortium","isPartOf":{"@id":"https:\/\/consortium.hr\/#website"},"primaryImageOfPage":{"@id":"https:\/\/consortium.hr\/product\/busilica-cekic-620w-sds-pt3620\/#primaryimage"},"image":{"@id":"https:\/\/consortium.hr\/product\/busilica-cekic-620w-sds-pt3620\/#primaryimage"},"thumbnailUrl":"https:\/\/consortium.hr\/wp-content\/uploads\/2024\/04\/Busilica-cekic-620W-SDS-PT3620.jpg","datePublished":"2024-04-23T14:23:49+00:00","dateModified":"2026-01-16T07:19:04+00:00","breadcrumb":{"@id":"https:\/\/consortium.hr\/product\/busilica-cekic-620w-sds-pt3620\/#breadcrumb"},"inLanguage":"sl-SI","potentialAction":[{"@type":"ReadAction","target":["https:\/\/consortium.hr\/product\/busilica-cekic-620w-sds-pt3620\/"]}]},{"@type":"ImageObject","inLanguage":"sl-SI","@id":"https:\/\/consortium.hr\/product\/busilica-cekic-620w-sds-pt3620\/#primaryimage","url":"https:\/\/consortium.hr\/wp-content\/uploads\/2024\/04\/Busilica-cekic-620W-SDS-PT3620.jpg","contentUrl":"https:\/\/consortium.hr\/wp-content\/uploads\/2024\/04\/Busilica-cekic-620W-SDS-PT3620.jpg","width":800,"height":800},{"@type":"BreadcrumbList","@id":"https:\/\/consortium.hr\/product\/busilica-cekic-620w-sds-pt3620\/#breadcrumb","itemListElement":[{"@type":"ListItem","position":1,"name":"Po\u010detna stranica","item":"https:\/\/consortium.hr\/sl\/"},{"@type":"ListItem","position":2,"name":"Shop","item":"https:\/\/consortium.hr\/sl\/shop\/"},{"@type":"ListItem","position":3,"name":"Bu\u0161ilica-\u010deki\u0107 620W-SDS PT3620"}]},{"@type":"WebSite","@id":"https:\/\/consortium.hr\/#website","url":"https:\/\/consortium.hr\/","name":"Consortium","description":"Gra\u0111evinski Materijal - Odli\u010dna Ponuda i Cijena","alternateName":"Gra\u0111evinski Materijal - Odli\u010dna Ponuda i Cijena","potentialAction":[{"@type":"SearchAction","target":{"@type":"EntryPoint","urlTemplate":"https:\/\/consortium.hr\/?s={search_term_string}"},"query-input":{"@type":"PropertyValueSpecification","valueRequired":true,"valueName":"search_term_string"}}],"inLanguage":"sl-SI"}]}},"_links":{"self":[{"href":"https:\/\/consortium.hr\/sl\/wp-json\/wp\/v2\/product\/5843","targetHints":{"allow":["GET"]}}],"collection":[{"href":"https:\/\/consortium.hr\/sl\/wp-json\/wp\/v2\/product"}],"about":[{"href":"https:\/\/consortium.hr\/sl\/wp-json\/wp\/v2\/types\/product"}],"wp:featuredmedia":[{"embeddable":true,"href":"https:\/\/consortium.hr\/sl\/wp-json\/wp\/v2\/media\/5844"}],"wp:attachment":[{"href":"https:\/\/consortium.hr\/sl\/wp-json\/wp\/v2\/media?parent=5843"}],"wp:term":[{"taxonomy":"product_brand","embeddable":true,"href":"https:\/\/consortium.hr\/sl\/wp-json\/wp\/v2\/product_brand?post=5843"},{"taxonomy":"product_cat","embeddable":true,"href":"https:\/\/consortium.hr\/sl\/wp-json\/wp\/v2\/product_cat?post=5843"},{"taxonomy":"product_tag","embeddable":true,"href":"https:\/\/consortium.hr\/sl\/wp-json\/wp\/v2\/product_tag?post=5843"}],"curies":[{"name":"wp","href":"https:\/\/api.w.org\/{rel}","templated":true}]}}