{"id":5851,"date":"2024-04-23T14:33:04","date_gmt":"2024-04-23T14:33:04","guid":{"rendered":"https:\/\/consortium.hr\/?post_type=product&#038;p=5851"},"modified":"2026-01-16T07:19:06","modified_gmt":"2026-01-16T07:19:06","slug":"mjesac-za-boju-1200w-pt7120","status":"publish","type":"product","link":"https:\/\/consortium.hr\/sl\/product\/mjesac-za-boju-1200w-pt7120\/","title":{"rendered":"Me\u0161alnik barve 1200W-PT7120"},"content":{"rendered":"<p><strong>Me\u0161alnik barve 1200W-PT7120<\/strong><\/p>\n<p>Me\u0161alnik za barvo s svojim u\u010dinkovit\u00fdm motorjem in mo\u010dnim spiralnim me\u0161alom je primeren za me\u0161anje vseh vrst barv, lakov, lepil za tapete in me\u0161anic.<\/p>\n<p>Z elektronsko nastavitvijo je mogo\u010de prilagoditi optimalno hitrost vrtenja.<\/p>\n<p>&nbsp;<\/p>\n<p><strong>Tehni\u010dne informacije:<\/strong><\/p>\n<p class=\"ealati_row\"><span class=\"ealati_span\">Mo\u010d: <\/span><span class=\"ealati_span\">1200 W<\/span><\/p>\n<p class=\"ealati_row\"><span class=\"ealati_span\">Napetost\/frekvenca: <\/span><span class=\"ealati_span\">230-240 V \/ 50 Hz<\/span><\/p>\n<p class=\"ealati_row\"><span class=\"ealati_span\">\u0160tevilo vrtljajev: <\/span><span class=\"ealati_span\">0-700 min-1<\/span><\/p>\n<p class=\"ealati_row\"><span class=\"ealati_span\">Elektronska nastavitev: <\/span><span class=\"ealati_span\">Da<\/span><\/p>\n<p class=\"ealati_row\"><span class=\"ealati_span\">Prilo\u017een dodatni pribor: <\/span><span class=\"ealati_span\">Spiralni me\u0161alnik<\/span><\/p>","protected":false},"excerpt":{"rendered":"<p>Mje\u0161a\u010d za boju 1200W-PT7120 Mje\u0161a\u010d za boju svojim u\u010dinkovitim motorom i sna\u017enom spiralom pogodan je za mije\u0161anje svih vrsta boja, lakova, ljepila za tapete i smjesa. Elektronskom regulacijom mogu\u0107e je podesiti optimalnu brzinu vrtnje. &nbsp; Tehni\u010dke informacije: Snaga: 1200 W Napon\/frekvencija: 230-240 V \/ 50 Hz Broj okretaja: 0-700 min-1 Elektronska regulacija: Da Prilo\u017een dodatni [&hellip;]<\/p>","protected":false},"featured_media":5852,"template":"","meta":{"_acf_changed":false},"product_brand":[],"product_cat":[222,370,226],"product_tag":[],"class_list":{"0":"post-5851","1":"product","2":"type-product","3":"status-publish","4":"has-post-thumbnail","6":"product_cat-alati","7":"product_cat-elektricni-alati","8":"product_cat-elektricni-i-akumulatorski-alati","10":"first","11":"instock","12":"shipping-taxable","13":"purchasable","14":"product-type-simple"},"acf":[],"yoast_head":"<!-- This site is optimized with the Yoast SEO plugin v26.1.1 - https:\/\/yoast.com\/wordpress\/plugins\/seo\/ -->\n<title>Mje\u0161a\u010d za boju 1200W-PT7120 - Consortium<\/title>\n<meta name=\"robots\" content=\"index, follow, max-snippet:-1, max-image-preview:large, max-video-preview:-1\" \/>\n<link rel=\"canonical\" href=\"https:\/\/consortium.hr\/sl\/product\/mjesac-za-boju-1200w-pt7120\/\" \/>\n<meta property=\"og:locale\" content=\"sl_SI\" \/>\n<meta property=\"og:type\" content=\"article\" \/>\n<meta property=\"og:title\" content=\"Mje\u0161a\u010d za boju 1200W-PT7120 - Consortium\" \/>\n<meta property=\"og:description\" content=\"Mje\u0161a\u010d za boju 1200W-PT7120 Mje\u0161a\u010d za boju svojim u\u010dinkovitim motorom i sna\u017enom spiralom pogodan je za mije\u0161anje svih vrsta boja, lakova, ljepila za tapete i smjesa. Elektronskom regulacijom mogu\u0107e je podesiti optimalnu brzinu vrtnje. &nbsp; Tehni\u010dke informacije: Snaga: 1200 W Napon\/frekvencija: 230-240 V \/ 50 Hz Broj okretaja: 0-700 min-1 Elektronska regulacija: Da Prilo\u017een dodatni [&hellip;]\" \/>\n<meta property=\"og:url\" content=\"https:\/\/consortium.hr\/sl\/product\/mjesac-za-boju-1200w-pt7120\/\" \/>\n<meta property=\"og:site_name\" content=\"Consortium\" \/>\n<meta property=\"article:modified_time\" content=\"2026-01-16T07:19:06+00:00\" \/>\n<meta property=\"og:image\" content=\"https:\/\/consortium.hr\/wp-content\/uploads\/2024\/04\/Mjesac-za-boju-1200W-PT7120.jpg\" \/>\n\t<meta property=\"og:image:width\" content=\"800\" \/>\n\t<meta property=\"og:image:height\" content=\"800\" \/>\n\t<meta property=\"og:image:type\" content=\"image\/jpeg\" \/>\n<meta name=\"twitter:card\" content=\"summary_large_image\" \/>\n<script type=\"application\/ld+json\" class=\"yoast-schema-graph\">{\"@context\":\"https:\/\/schema.org\",\"@graph\":[{\"@type\":\"WebPage\",\"@id\":\"https:\/\/consortium.hr\/product\/mjesac-za-boju-1200w-pt7120\/\",\"url\":\"https:\/\/consortium.hr\/product\/mjesac-za-boju-1200w-pt7120\/\",\"name\":\"Mje\u0161a\u010d za boju 1200W-PT7120 - Consortium\",\"isPartOf\":{\"@id\":\"https:\/\/consortium.hr\/#website\"},\"primaryImageOfPage\":{\"@id\":\"https:\/\/consortium.hr\/product\/mjesac-za-boju-1200w-pt7120\/#primaryimage\"},\"image\":{\"@id\":\"https:\/\/consortium.hr\/product\/mjesac-za-boju-1200w-pt7120\/#primaryimage\"},\"thumbnailUrl\":\"https:\/\/consortium.hr\/wp-content\/uploads\/2024\/04\/Mjesac-za-boju-1200W-PT7120.jpg\",\"datePublished\":\"2024-04-23T14:33:04+00:00\",\"dateModified\":\"2026-01-16T07:19:06+00:00\",\"breadcrumb\":{\"@id\":\"https:\/\/consortium.hr\/product\/mjesac-za-boju-1200w-pt7120\/#breadcrumb\"},\"inLanguage\":\"sl-SI\",\"potentialAction\":[{\"@type\":\"ReadAction\",\"target\":[\"https:\/\/consortium.hr\/product\/mjesac-za-boju-1200w-pt7120\/\"]}]},{\"@type\":\"ImageObject\",\"inLanguage\":\"sl-SI\",\"@id\":\"https:\/\/consortium.hr\/product\/mjesac-za-boju-1200w-pt7120\/#primaryimage\",\"url\":\"https:\/\/consortium.hr\/wp-content\/uploads\/2024\/04\/Mjesac-za-boju-1200W-PT7120.jpg\",\"contentUrl\":\"https:\/\/consortium.hr\/wp-content\/uploads\/2024\/04\/Mjesac-za-boju-1200W-PT7120.jpg\",\"width\":800,\"height\":800},{\"@type\":\"BreadcrumbList\",\"@id\":\"https:\/\/consortium.hr\/product\/mjesac-za-boju-1200w-pt7120\/#breadcrumb\",\"itemListElement\":[{\"@type\":\"ListItem\",\"position\":1,\"name\":\"Po\u010detna stranica\",\"item\":\"https:\/\/consortium.hr\/sl\/\"},{\"@type\":\"ListItem\",\"position\":2,\"name\":\"Shop\",\"item\":\"https:\/\/consortium.hr\/sl\/shop\/\"},{\"@type\":\"ListItem\",\"position\":3,\"name\":\"Mje\u0161a\u010d za boju 1200W-PT7120\"}]},{\"@type\":\"WebSite\",\"@id\":\"https:\/\/consortium.hr\/#website\",\"url\":\"https:\/\/consortium.hr\/\",\"name\":\"Consortium\",\"description\":\"Gra\u0111evinski Materijal - Odli\u010dna Ponuda i Cijena\",\"alternateName\":\"Gra\u0111evinski Materijal - Odli\u010dna Ponuda i Cijena\",\"potentialAction\":[{\"@type\":\"SearchAction\",\"target\":{\"@type\":\"EntryPoint\",\"urlTemplate\":\"https:\/\/consortium.hr\/?s={search_term_string}\"},\"query-input\":{\"@type\":\"PropertyValueSpecification\",\"valueRequired\":true,\"valueName\":\"search_term_string\"}}],\"inLanguage\":\"sl-SI\"}]}<\/script>\n<!-- \/ Yoast SEO plugin. -->","yoast_head_json":{"title":"Mje\u0161a\u010d za boju 1200W-PT7120 - Consortium","robots":{"index":"index","follow":"follow","max-snippet":"max-snippet:-1","max-image-preview":"max-image-preview:large","max-video-preview":"max-video-preview:-1"},"canonical":"https:\/\/consortium.hr\/sl\/product\/mjesac-za-boju-1200w-pt7120\/","og_locale":"sl_SI","og_type":"article","og_title":"Mje\u0161a\u010d za boju 1200W-PT7120 - Consortium","og_description":"Mje\u0161a\u010d za boju 1200W-PT7120 Mje\u0161a\u010d za boju svojim u\u010dinkovitim motorom i sna\u017enom spiralom pogodan je za mije\u0161anje svih vrsta boja, lakova, ljepila za tapete i smjesa. Elektronskom regulacijom mogu\u0107e je podesiti optimalnu brzinu vrtnje. &nbsp; Tehni\u010dke informacije: Snaga: 1200 W Napon\/frekvencija: 230-240 V \/ 50 Hz Broj okretaja: 0-700 min-1 Elektronska regulacija: Da Prilo\u017een dodatni [&hellip;]","og_url":"https:\/\/consortium.hr\/sl\/product\/mjesac-za-boju-1200w-pt7120\/","og_site_name":"Consortium","article_modified_time":"2026-01-16T07:19:06+00:00","og_image":[{"width":800,"height":800,"url":"https:\/\/consortium.hr\/wp-content\/uploads\/2024\/04\/Mjesac-za-boju-1200W-PT7120.jpg","type":"image\/jpeg"}],"twitter_card":"summary_large_image","schema":{"@context":"https:\/\/schema.org","@graph":[{"@type":"WebPage","@id":"https:\/\/consortium.hr\/product\/mjesac-za-boju-1200w-pt7120\/","url":"https:\/\/consortium.hr\/product\/mjesac-za-boju-1200w-pt7120\/","name":"Mje\u0161a\u010d za boju 1200W-PT7120 - Consortium","isPartOf":{"@id":"https:\/\/consortium.hr\/#website"},"primaryImageOfPage":{"@id":"https:\/\/consortium.hr\/product\/mjesac-za-boju-1200w-pt7120\/#primaryimage"},"image":{"@id":"https:\/\/consortium.hr\/product\/mjesac-za-boju-1200w-pt7120\/#primaryimage"},"thumbnailUrl":"https:\/\/consortium.hr\/wp-content\/uploads\/2024\/04\/Mjesac-za-boju-1200W-PT7120.jpg","datePublished":"2024-04-23T14:33:04+00:00","dateModified":"2026-01-16T07:19:06+00:00","breadcrumb":{"@id":"https:\/\/consortium.hr\/product\/mjesac-za-boju-1200w-pt7120\/#breadcrumb"},"inLanguage":"sl-SI","potentialAction":[{"@type":"ReadAction","target":["https:\/\/consortium.hr\/product\/mjesac-za-boju-1200w-pt7120\/"]}]},{"@type":"ImageObject","inLanguage":"sl-SI","@id":"https:\/\/consortium.hr\/product\/mjesac-za-boju-1200w-pt7120\/#primaryimage","url":"https:\/\/consortium.hr\/wp-content\/uploads\/2024\/04\/Mjesac-za-boju-1200W-PT7120.jpg","contentUrl":"https:\/\/consortium.hr\/wp-content\/uploads\/2024\/04\/Mjesac-za-boju-1200W-PT7120.jpg","width":800,"height":800},{"@type":"BreadcrumbList","@id":"https:\/\/consortium.hr\/product\/mjesac-za-boju-1200w-pt7120\/#breadcrumb","itemListElement":[{"@type":"ListItem","position":1,"name":"Po\u010detna stranica","item":"https:\/\/consortium.hr\/sl\/"},{"@type":"ListItem","position":2,"name":"Shop","item":"https:\/\/consortium.hr\/sl\/shop\/"},{"@type":"ListItem","position":3,"name":"Mje\u0161a\u010d za boju 1200W-PT7120"}]},{"@type":"WebSite","@id":"https:\/\/consortium.hr\/#website","url":"https:\/\/consortium.hr\/","name":"Consortium","description":"Gra\u0111evinski Materijal - Odli\u010dna Ponuda i Cijena","alternateName":"Gra\u0111evinski Materijal - Odli\u010dna Ponuda i Cijena","potentialAction":[{"@type":"SearchAction","target":{"@type":"EntryPoint","urlTemplate":"https:\/\/consortium.hr\/?s={search_term_string}"},"query-input":{"@type":"PropertyValueSpecification","valueRequired":true,"valueName":"search_term_string"}}],"inLanguage":"sl-SI"}]}},"_links":{"self":[{"href":"https:\/\/consortium.hr\/sl\/wp-json\/wp\/v2\/product\/5851","targetHints":{"allow":["GET"]}}],"collection":[{"href":"https:\/\/consortium.hr\/sl\/wp-json\/wp\/v2\/product"}],"about":[{"href":"https:\/\/consortium.hr\/sl\/wp-json\/wp\/v2\/types\/product"}],"wp:featuredmedia":[{"embeddable":true,"href":"https:\/\/consortium.hr\/sl\/wp-json\/wp\/v2\/media\/5852"}],"wp:attachment":[{"href":"https:\/\/consortium.hr\/sl\/wp-json\/wp\/v2\/media?parent=5851"}],"wp:term":[{"taxonomy":"product_brand","embeddable":true,"href":"https:\/\/consortium.hr\/sl\/wp-json\/wp\/v2\/product_brand?post=5851"},{"taxonomy":"product_cat","embeddable":true,"href":"https:\/\/consortium.hr\/sl\/wp-json\/wp\/v2\/product_cat?post=5851"},{"taxonomy":"product_tag","embeddable":true,"href":"https:\/\/consortium.hr\/sl\/wp-json\/wp\/v2\/product_tag?post=5851"}],"curies":[{"name":"wp","href":"https:\/\/api.w.org\/{rel}","templated":true}]}}