{"id":5870,"date":"2024-04-23T14:48:04","date_gmt":"2024-04-23T14:48:04","guid":{"rendered":"https:\/\/consortium.hr\/?post_type=product&#038;p=5870"},"modified":"2026-01-16T07:17:41","modified_gmt":"2026-01-16T07:17:41","slug":"makita-brusilica-ga4530-115mm-720w","status":"publish","type":"product","link":"https:\/\/consortium.hr\/sl\/product\/makita-brusilica-ga4530-115mm-720w\/","title":{"rendered":"Makita brusilnik GA4530 115mm 720W"},"content":{"rendered":"<ul>\n<li class=\"usp\">Ergonomska oblika omogo\u010da odli\u010den nadzor in upravljanje naprave<\/li>\n<li class=\"usp\">Majhno ohi\u0161je menjalnika za enostavno rokovanje in upravljivost<\/li>\n<li class=\"usp\">Preklopna ro\u010dica stikala priro\u010dno name\u0161\u010dena za enostavno upravljanje z eno roko<\/li>\n<li class=\"usp\">Ergonomski stranski ro\u010daj pod kotom 20 stopinj<\/li>\n<li class=\"usp\">Visokokakovosten motor, odporen na visoke temperature<\/li>\n<li class=\"usp\">Zanesljivej\u0161a in trpe\u017enej\u0161a sto\u017e\u010dasta zobnika zagotavljata dva- ali ve\u010dkrat dalj\u0161o \u017eivljenjsko dobo<\/li>\n<li class=\"usp\">Dvojna za\u0161\u010dita pred prahom. Dva labirintna obro\u010da tesnita krogli\u010dne le\u017eaje in popolnoma \u0161\u010ditita zobnike ter motor pred prahom in umazanijo<\/li>\n<\/ul>","protected":false},"excerpt":{"rendered":"<p>Ergonomski dizajn pru\u017ea izvrsnu kontrolu i upravljivost ure\u0111aja Malo ku\u0107i\u0161te mjenja\u010da za lako rukovanje i upravljivost Poluga prekida\u010da prikladno smje\u0161tena za jednostavan rad jednom rukom Ergonomska bo\u010dna ru\u010dka pod kutom od 20 stupnjeva Visokokvalitetni motor otporan na visoke temperature Pouzdaniji i izdr\u017eljiviji, sto\u017easti zup\u010danici osiguravaju dva ili vi\u0161e puta du\u017ei vijek trajanja Dvostruka za\u0161tita od [&hellip;]<\/p>","protected":false},"featured_media":5871,"template":"","meta":{"_acf_changed":false},"product_brand":[],"product_cat":[222,370,226],"product_tag":[],"class_list":{"0":"post-5870","1":"product","2":"type-product","3":"status-publish","4":"has-post-thumbnail","6":"product_cat-alati","7":"product_cat-elektricni-alati","8":"product_cat-elektricni-i-akumulatorski-alati","10":"first","11":"instock","12":"shipping-taxable","13":"purchasable","14":"product-type-simple"},"acf":[],"yoast_head":"<!-- This site is optimized with the Yoast SEO plugin v26.1.1 - https:\/\/yoast.com\/wordpress\/plugins\/seo\/ -->\n<title>Makita brusilica GA4530 115mm 720W - Consortium<\/title>\n<meta name=\"robots\" content=\"index, follow, max-snippet:-1, max-image-preview:large, max-video-preview:-1\" \/>\n<link rel=\"canonical\" href=\"https:\/\/consortium.hr\/sl\/product\/makita-brusilica-ga4530-115mm-720w\/\" \/>\n<meta property=\"og:locale\" content=\"sl_SI\" \/>\n<meta property=\"og:type\" content=\"article\" \/>\n<meta property=\"og:title\" content=\"Makita brusilica GA4530 115mm 720W - Consortium\" \/>\n<meta property=\"og:description\" content=\"Ergonomski dizajn pru\u017ea izvrsnu kontrolu i upravljivost ure\u0111aja Malo ku\u0107i\u0161te mjenja\u010da za lako rukovanje i upravljivost Poluga prekida\u010da prikladno smje\u0161tena za jednostavan rad jednom rukom Ergonomska bo\u010dna ru\u010dka pod kutom od 20 stupnjeva Visokokvalitetni motor otporan na visoke temperature Pouzdaniji i izdr\u017eljiviji, sto\u017easti zup\u010danici osiguravaju dva ili vi\u0161e puta du\u017ei vijek trajanja Dvostruka za\u0161tita od [&hellip;]\" \/>\n<meta property=\"og:url\" content=\"https:\/\/consortium.hr\/sl\/product\/makita-brusilica-ga4530-115mm-720w\/\" \/>\n<meta property=\"og:site_name\" content=\"Consortium\" \/>\n<meta property=\"article:modified_time\" content=\"2026-01-16T07:17:41+00:00\" \/>\n<meta property=\"og:image\" content=\"https:\/\/consortium.hr\/wp-content\/uploads\/2024\/04\/Makita-brusilica-GA4530-115mm-720W.jpg\" \/>\n\t<meta property=\"og:image:width\" content=\"800\" \/>\n\t<meta property=\"og:image:height\" content=\"800\" \/>\n\t<meta property=\"og:image:type\" content=\"image\/jpeg\" \/>\n<meta name=\"twitter:card\" content=\"summary_large_image\" \/>\n<script type=\"application\/ld+json\" class=\"yoast-schema-graph\">{\"@context\":\"https:\/\/schema.org\",\"@graph\":[{\"@type\":\"WebPage\",\"@id\":\"https:\/\/consortium.hr\/product\/makita-brusilica-ga4530-115mm-720w\/\",\"url\":\"https:\/\/consortium.hr\/product\/makita-brusilica-ga4530-115mm-720w\/\",\"name\":\"Makita brusilica GA4530 115mm 720W - Consortium\",\"isPartOf\":{\"@id\":\"https:\/\/consortium.hr\/#website\"},\"primaryImageOfPage\":{\"@id\":\"https:\/\/consortium.hr\/product\/makita-brusilica-ga4530-115mm-720w\/#primaryimage\"},\"image\":{\"@id\":\"https:\/\/consortium.hr\/product\/makita-brusilica-ga4530-115mm-720w\/#primaryimage\"},\"thumbnailUrl\":\"https:\/\/consortium.hr\/wp-content\/uploads\/2024\/04\/Makita-brusilica-GA4530-115mm-720W.jpg\",\"datePublished\":\"2024-04-23T14:48:04+00:00\",\"dateModified\":\"2026-01-16T07:17:41+00:00\",\"breadcrumb\":{\"@id\":\"https:\/\/consortium.hr\/product\/makita-brusilica-ga4530-115mm-720w\/#breadcrumb\"},\"inLanguage\":\"sl-SI\",\"potentialAction\":[{\"@type\":\"ReadAction\",\"target\":[\"https:\/\/consortium.hr\/product\/makita-brusilica-ga4530-115mm-720w\/\"]}]},{\"@type\":\"ImageObject\",\"inLanguage\":\"sl-SI\",\"@id\":\"https:\/\/consortium.hr\/product\/makita-brusilica-ga4530-115mm-720w\/#primaryimage\",\"url\":\"https:\/\/consortium.hr\/wp-content\/uploads\/2024\/04\/Makita-brusilica-GA4530-115mm-720W.jpg\",\"contentUrl\":\"https:\/\/consortium.hr\/wp-content\/uploads\/2024\/04\/Makita-brusilica-GA4530-115mm-720W.jpg\",\"width\":800,\"height\":800},{\"@type\":\"BreadcrumbList\",\"@id\":\"https:\/\/consortium.hr\/product\/makita-brusilica-ga4530-115mm-720w\/#breadcrumb\",\"itemListElement\":[{\"@type\":\"ListItem\",\"position\":1,\"name\":\"Po\u010detna stranica\",\"item\":\"https:\/\/consortium.hr\/sl\/\"},{\"@type\":\"ListItem\",\"position\":2,\"name\":\"Shop\",\"item\":\"https:\/\/consortium.hr\/sl\/shop\/\"},{\"@type\":\"ListItem\",\"position\":3,\"name\":\"Makita brusilica GA4530 115mm 720W\"}]},{\"@type\":\"WebSite\",\"@id\":\"https:\/\/consortium.hr\/#website\",\"url\":\"https:\/\/consortium.hr\/\",\"name\":\"Consortium\",\"description\":\"Gra\u0111evinski Materijal - Odli\u010dna Ponuda i Cijena\",\"alternateName\":\"Gra\u0111evinski Materijal - Odli\u010dna Ponuda i Cijena\",\"potentialAction\":[{\"@type\":\"SearchAction\",\"target\":{\"@type\":\"EntryPoint\",\"urlTemplate\":\"https:\/\/consortium.hr\/?s={search_term_string}\"},\"query-input\":{\"@type\":\"PropertyValueSpecification\",\"valueRequired\":true,\"valueName\":\"search_term_string\"}}],\"inLanguage\":\"sl-SI\"}]}<\/script>\n<!-- \/ Yoast SEO plugin. -->","yoast_head_json":{"title":"Makita brusilica GA4530 115mm 720W - Consortium","robots":{"index":"index","follow":"follow","max-snippet":"max-snippet:-1","max-image-preview":"max-image-preview:large","max-video-preview":"max-video-preview:-1"},"canonical":"https:\/\/consortium.hr\/sl\/product\/makita-brusilica-ga4530-115mm-720w\/","og_locale":"sl_SI","og_type":"article","og_title":"Makita brusilica GA4530 115mm 720W - Consortium","og_description":"Ergonomski dizajn pru\u017ea izvrsnu kontrolu i upravljivost ure\u0111aja Malo ku\u0107i\u0161te mjenja\u010da za lako rukovanje i upravljivost Poluga prekida\u010da prikladno smje\u0161tena za jednostavan rad jednom rukom Ergonomska bo\u010dna ru\u010dka pod kutom od 20 stupnjeva Visokokvalitetni motor otporan na visoke temperature Pouzdaniji i izdr\u017eljiviji, sto\u017easti zup\u010danici osiguravaju dva ili vi\u0161e puta du\u017ei vijek trajanja Dvostruka za\u0161tita od [&hellip;]","og_url":"https:\/\/consortium.hr\/sl\/product\/makita-brusilica-ga4530-115mm-720w\/","og_site_name":"Consortium","article_modified_time":"2026-01-16T07:17:41+00:00","og_image":[{"width":800,"height":800,"url":"https:\/\/consortium.hr\/wp-content\/uploads\/2024\/04\/Makita-brusilica-GA4530-115mm-720W.jpg","type":"image\/jpeg"}],"twitter_card":"summary_large_image","schema":{"@context":"https:\/\/schema.org","@graph":[{"@type":"WebPage","@id":"https:\/\/consortium.hr\/product\/makita-brusilica-ga4530-115mm-720w\/","url":"https:\/\/consortium.hr\/product\/makita-brusilica-ga4530-115mm-720w\/","name":"Makita brusilica GA4530 115mm 720W - Consortium","isPartOf":{"@id":"https:\/\/consortium.hr\/#website"},"primaryImageOfPage":{"@id":"https:\/\/consortium.hr\/product\/makita-brusilica-ga4530-115mm-720w\/#primaryimage"},"image":{"@id":"https:\/\/consortium.hr\/product\/makita-brusilica-ga4530-115mm-720w\/#primaryimage"},"thumbnailUrl":"https:\/\/consortium.hr\/wp-content\/uploads\/2024\/04\/Makita-brusilica-GA4530-115mm-720W.jpg","datePublished":"2024-04-23T14:48:04+00:00","dateModified":"2026-01-16T07:17:41+00:00","breadcrumb":{"@id":"https:\/\/consortium.hr\/product\/makita-brusilica-ga4530-115mm-720w\/#breadcrumb"},"inLanguage":"sl-SI","potentialAction":[{"@type":"ReadAction","target":["https:\/\/consortium.hr\/product\/makita-brusilica-ga4530-115mm-720w\/"]}]},{"@type":"ImageObject","inLanguage":"sl-SI","@id":"https:\/\/consortium.hr\/product\/makita-brusilica-ga4530-115mm-720w\/#primaryimage","url":"https:\/\/consortium.hr\/wp-content\/uploads\/2024\/04\/Makita-brusilica-GA4530-115mm-720W.jpg","contentUrl":"https:\/\/consortium.hr\/wp-content\/uploads\/2024\/04\/Makita-brusilica-GA4530-115mm-720W.jpg","width":800,"height":800},{"@type":"BreadcrumbList","@id":"https:\/\/consortium.hr\/product\/makita-brusilica-ga4530-115mm-720w\/#breadcrumb","itemListElement":[{"@type":"ListItem","position":1,"name":"Po\u010detna stranica","item":"https:\/\/consortium.hr\/sl\/"},{"@type":"ListItem","position":2,"name":"Shop","item":"https:\/\/consortium.hr\/sl\/shop\/"},{"@type":"ListItem","position":3,"name":"Makita brusilica GA4530 115mm 720W"}]},{"@type":"WebSite","@id":"https:\/\/consortium.hr\/#website","url":"https:\/\/consortium.hr\/","name":"Consortium","description":"Gra\u0111evinski Materijal - Odli\u010dna Ponuda i Cijena","alternateName":"Gra\u0111evinski Materijal - Odli\u010dna Ponuda i Cijena","potentialAction":[{"@type":"SearchAction","target":{"@type":"EntryPoint","urlTemplate":"https:\/\/consortium.hr\/?s={search_term_string}"},"query-input":{"@type":"PropertyValueSpecification","valueRequired":true,"valueName":"search_term_string"}}],"inLanguage":"sl-SI"}]}},"_links":{"self":[{"href":"https:\/\/consortium.hr\/sl\/wp-json\/wp\/v2\/product\/5870","targetHints":{"allow":["GET"]}}],"collection":[{"href":"https:\/\/consortium.hr\/sl\/wp-json\/wp\/v2\/product"}],"about":[{"href":"https:\/\/consortium.hr\/sl\/wp-json\/wp\/v2\/types\/product"}],"wp:featuredmedia":[{"embeddable":true,"href":"https:\/\/consortium.hr\/sl\/wp-json\/wp\/v2\/media\/5871"}],"wp:attachment":[{"href":"https:\/\/consortium.hr\/sl\/wp-json\/wp\/v2\/media?parent=5870"}],"wp:term":[{"taxonomy":"product_brand","embeddable":true,"href":"https:\/\/consortium.hr\/sl\/wp-json\/wp\/v2\/product_brand?post=5870"},{"taxonomy":"product_cat","embeddable":true,"href":"https:\/\/consortium.hr\/sl\/wp-json\/wp\/v2\/product_cat?post=5870"},{"taxonomy":"product_tag","embeddable":true,"href":"https:\/\/consortium.hr\/sl\/wp-json\/wp\/v2\/product_tag?post=5870"}],"curies":[{"name":"wp","href":"https:\/\/api.w.org\/{rel}","templated":true}]}}