{"id":5891,"date":"2024-05-08T10:52:28","date_gmt":"2024-05-08T10:52:28","guid":{"rendered":"https:\/\/consortium.hr\/?post_type=product&#038;p=5891"},"modified":"2026-03-31T10:34:03","modified_gmt":"2026-03-31T10:34:03","slug":"illumina","status":"publish","type":"product","link":"https:\/\/consortium.hr\/sl\/product\/illumina\/","title":{"rendered":"Illumina"},"content":{"rendered":"<div class=\"row\">\n<div class=\"col-sm-8 col-xs-12\">\n<p><strong>Illumina je lazurni premaz za posvetlitev temno obarvanih lesenih povr\u0161in.<\/strong><\/p>\n<ul>\n<li>posvetli temne lazure<\/li>\n<li>ni primerna kot samostojen premaz<\/li>\n<li>za les na prostem<\/li>\n<\/ul>\n<\/div>\n<div class=\"col-sm-4 col-xs-12\">Illumina je na voljo v enem, <strong>rumenkastem odtenku\u00a0<\/strong>barve. Premaz ne razgrajuje temnih povr\u0161in, ampak ima dovolj prekrivnih lastnosti, da enakomerno prekrije prej\u0161njo temno lazuro in njeno odtenek pribli\u017ea naravni barvi lesa smreke. Po nanosu illumin-e struktura lesa ne bo ve\u010d vidna, vendar z ustrezno pripravo povr\u0161ine in pravilnim delom lahko dose\u017eemo enak u\u010dinek kot pri vseh lazurah \u2013 torej struktura lesa ostane vidna.<\/div>\n<\/div>\n<div class=\"row\">\n<div class=\"col-sm-12\">\n<p class=\"normal\">Illumina je premaz v svetlem odtenku, ki je hkrati dovolj prekrivna, da skrije prej\u0161nji lazurni premaz. Vendar pa po nanosu Illumin-e morate nanesti \u0161e en sloj izbranega odtenka (Beltop). Illumina je primerna za uporabo na prostem.<\/p>\n<p><strong>Upozorenje:<\/strong><\/p>\n<p>Illumina je izdelek, ki zahteva izku\u0161enost in spretnost pri delu. Zahtevni, zelo okrasni elementi predstavljajo poseben izziv. Pri nana\u0161anju takih elementov je treba biti zelo previden pri nana\u0161anju premaza, saj se posu\u0161ena mesta ne morejo ve\u010d popraviti. Pomembno je tudi upo\u0161tevati klimatske pogoje med delom in su\u0161enjem. Idealni pogoji za nana\u0161anje so pri temperaturah med 15 in 25 \u00b0C ter relativni vla\u017enosti zraka pod 80 %. Zelo pomembno je, da je les oziroma podlaga suha. \u010ce je de\u017eevno vreme, je bolje, da delo z Illuminom po\u010daka. Izogibati se je treba tudi nana\u0161anju na mo\u010dni son\u010dni svetlobi.<\/p>\n<\/div>\n<\/div>","protected":false},"excerpt":{"rendered":"<p>Illumina je lazurni premaz za posvjetljivanje tamno obojenih drvenih povr\u0161ina. posvjetljuje tamne lazure nije prikladna kao samostalan premaz za drvo na otvorenome Illumina je na raspolaganju u jednom, \u017eu\u0107kastom tonu\u00a0boje. Premaz ne razgra\u0111uje tamne povr\u0161ine, ve\u0107 ima dovoljno prekrivaju\u0107ih svojstava, da ravnomjerno prekrije prethodnu tamnu lazuru i njenu nijansu pribli\u017eava prirodnoj boji drva smreke. Nakon [&hellip;]<\/p>","protected":false},"featured_media":5894,"template":"","meta":{"_acf_changed":false},"product_brand":[],"product_cat":[169,362,172],"product_tag":[],"class_list":{"0":"post-5891","1":"product","2":"type-product","3":"status-publish","4":"has-post-thumbnail","6":"product_cat-boje-i-lakovi","7":"product_cat-premazi-za-drvo","8":"product_cat-zastita-za-drvo","10":"first","11":"instock","12":"shipping-taxable","13":"purchasable","14":"product-type-variable","15":"wvs-archive-product-wrapper"},"acf":[],"yoast_head":"<!-- This site is optimized with the Yoast SEO plugin v26.1.1 - https:\/\/yoast.com\/wordpress\/plugins\/seo\/ -->\n<title>Illumina - Consortium<\/title>\n<meta name=\"robots\" content=\"index, follow, max-snippet:-1, max-image-preview:large, max-video-preview:-1\" \/>\n<link rel=\"canonical\" href=\"https:\/\/consortium.hr\/sl\/product\/illumina\/\" \/>\n<meta property=\"og:locale\" content=\"sl_SI\" \/>\n<meta property=\"og:type\" content=\"article\" \/>\n<meta property=\"og:title\" content=\"Illumina - Consortium\" \/>\n<meta property=\"og:description\" content=\"Illumina je lazurni premaz za posvjetljivanje tamno obojenih drvenih povr\u0161ina. posvjetljuje tamne lazure nije prikladna kao samostalan premaz za drvo na otvorenome Illumina je na raspolaganju u jednom, \u017eu\u0107kastom tonu\u00a0boje. Premaz ne razgra\u0111uje tamne povr\u0161ine, ve\u0107 ima dovoljno prekrivaju\u0107ih svojstava, da ravnomjerno prekrije prethodnu tamnu lazuru i njenu nijansu pribli\u017eava prirodnoj boji drva smreke. Nakon [&hellip;]\" \/>\n<meta property=\"og:url\" content=\"https:\/\/consortium.hr\/sl\/product\/illumina\/\" \/>\n<meta property=\"og:site_name\" content=\"Consortium\" \/>\n<meta property=\"article:modified_time\" content=\"2026-03-31T10:34:03+00:00\" \/>\n<meta property=\"og:image\" content=\"https:\/\/consortium.hr\/wp-content\/uploads\/2024\/05\/Illumina.jpg\" \/>\n\t<meta property=\"og:image:width\" content=\"800\" \/>\n\t<meta property=\"og:image:height\" content=\"800\" \/>\n\t<meta property=\"og:image:type\" content=\"image\/jpeg\" \/>\n<meta name=\"twitter:card\" content=\"summary_large_image\" \/>\n<meta name=\"twitter:label1\" content=\"Est. reading time\" \/>\n\t<meta name=\"twitter:data1\" content=\"1 minuta\" \/>\n<script type=\"application\/ld+json\" class=\"yoast-schema-graph\">{\"@context\":\"https:\/\/schema.org\",\"@graph\":[{\"@type\":\"WebPage\",\"@id\":\"https:\/\/consortium.hr\/product\/illumina\/\",\"url\":\"https:\/\/consortium.hr\/product\/illumina\/\",\"name\":\"Illumina - Consortium\",\"isPartOf\":{\"@id\":\"https:\/\/consortium.hr\/#website\"},\"primaryImageOfPage\":{\"@id\":\"https:\/\/consortium.hr\/product\/illumina\/#primaryimage\"},\"image\":{\"@id\":\"https:\/\/consortium.hr\/product\/illumina\/#primaryimage\"},\"thumbnailUrl\":\"https:\/\/consortium.hr\/wp-content\/uploads\/2024\/05\/Illumina.jpg\",\"datePublished\":\"2024-05-08T10:52:28+00:00\",\"dateModified\":\"2026-03-31T10:34:03+00:00\",\"breadcrumb\":{\"@id\":\"https:\/\/consortium.hr\/product\/illumina\/#breadcrumb\"},\"inLanguage\":\"sl-SI\",\"potentialAction\":[{\"@type\":\"ReadAction\",\"target\":[\"https:\/\/consortium.hr\/product\/illumina\/\"]}]},{\"@type\":\"ImageObject\",\"inLanguage\":\"sl-SI\",\"@id\":\"https:\/\/consortium.hr\/product\/illumina\/#primaryimage\",\"url\":\"https:\/\/consortium.hr\/wp-content\/uploads\/2024\/05\/Illumina.jpg\",\"contentUrl\":\"https:\/\/consortium.hr\/wp-content\/uploads\/2024\/05\/Illumina.jpg\",\"width\":800,\"height\":800},{\"@type\":\"BreadcrumbList\",\"@id\":\"https:\/\/consortium.hr\/product\/illumina\/#breadcrumb\",\"itemListElement\":[{\"@type\":\"ListItem\",\"position\":1,\"name\":\"Po\u010detna stranica\",\"item\":\"https:\/\/consortium.hr\/sl\/\"},{\"@type\":\"ListItem\",\"position\":2,\"name\":\"Shop\",\"item\":\"https:\/\/consortium.hr\/sl\/shop\/\"},{\"@type\":\"ListItem\",\"position\":3,\"name\":\"Illumina\"}]},{\"@type\":\"WebSite\",\"@id\":\"https:\/\/consortium.hr\/#website\",\"url\":\"https:\/\/consortium.hr\/\",\"name\":\"Consortium\",\"description\":\"Gra\u0111evinski Materijal - Odli\u010dna Ponuda i Cijena\",\"alternateName\":\"Gra\u0111evinski Materijal - Odli\u010dna Ponuda i Cijena\",\"potentialAction\":[{\"@type\":\"SearchAction\",\"target\":{\"@type\":\"EntryPoint\",\"urlTemplate\":\"https:\/\/consortium.hr\/?s={search_term_string}\"},\"query-input\":{\"@type\":\"PropertyValueSpecification\",\"valueRequired\":true,\"valueName\":\"search_term_string\"}}],\"inLanguage\":\"sl-SI\"}]}<\/script>\n<!-- \/ Yoast SEO plugin. -->","yoast_head_json":{"title":"Illumina - Consortium","robots":{"index":"index","follow":"follow","max-snippet":"max-snippet:-1","max-image-preview":"max-image-preview:large","max-video-preview":"max-video-preview:-1"},"canonical":"https:\/\/consortium.hr\/sl\/product\/illumina\/","og_locale":"sl_SI","og_type":"article","og_title":"Illumina - Consortium","og_description":"Illumina je lazurni premaz za posvjetljivanje tamno obojenih drvenih povr\u0161ina. posvjetljuje tamne lazure nije prikladna kao samostalan premaz za drvo na otvorenome Illumina je na raspolaganju u jednom, \u017eu\u0107kastom tonu\u00a0boje. Premaz ne razgra\u0111uje tamne povr\u0161ine, ve\u0107 ima dovoljno prekrivaju\u0107ih svojstava, da ravnomjerno prekrije prethodnu tamnu lazuru i njenu nijansu pribli\u017eava prirodnoj boji drva smreke. Nakon [&hellip;]","og_url":"https:\/\/consortium.hr\/sl\/product\/illumina\/","og_site_name":"Consortium","article_modified_time":"2026-03-31T10:34:03+00:00","og_image":[{"width":800,"height":800,"url":"https:\/\/consortium.hr\/wp-content\/uploads\/2024\/05\/Illumina.jpg","type":"image\/jpeg"}],"twitter_card":"summary_large_image","twitter_misc":{"Est. reading time":"1 minuta"},"schema":{"@context":"https:\/\/schema.org","@graph":[{"@type":"WebPage","@id":"https:\/\/consortium.hr\/product\/illumina\/","url":"https:\/\/consortium.hr\/product\/illumina\/","name":"Illumina - Consortium","isPartOf":{"@id":"https:\/\/consortium.hr\/#website"},"primaryImageOfPage":{"@id":"https:\/\/consortium.hr\/product\/illumina\/#primaryimage"},"image":{"@id":"https:\/\/consortium.hr\/product\/illumina\/#primaryimage"},"thumbnailUrl":"https:\/\/consortium.hr\/wp-content\/uploads\/2024\/05\/Illumina.jpg","datePublished":"2024-05-08T10:52:28+00:00","dateModified":"2026-03-31T10:34:03+00:00","breadcrumb":{"@id":"https:\/\/consortium.hr\/product\/illumina\/#breadcrumb"},"inLanguage":"sl-SI","potentialAction":[{"@type":"ReadAction","target":["https:\/\/consortium.hr\/product\/illumina\/"]}]},{"@type":"ImageObject","inLanguage":"sl-SI","@id":"https:\/\/consortium.hr\/product\/illumina\/#primaryimage","url":"https:\/\/consortium.hr\/wp-content\/uploads\/2024\/05\/Illumina.jpg","contentUrl":"https:\/\/consortium.hr\/wp-content\/uploads\/2024\/05\/Illumina.jpg","width":800,"height":800},{"@type":"BreadcrumbList","@id":"https:\/\/consortium.hr\/product\/illumina\/#breadcrumb","itemListElement":[{"@type":"ListItem","position":1,"name":"Po\u010detna stranica","item":"https:\/\/consortium.hr\/sl\/"},{"@type":"ListItem","position":2,"name":"Shop","item":"https:\/\/consortium.hr\/sl\/shop\/"},{"@type":"ListItem","position":3,"name":"Illumina"}]},{"@type":"WebSite","@id":"https:\/\/consortium.hr\/#website","url":"https:\/\/consortium.hr\/","name":"Consortium","description":"Gra\u0111evinski Materijal - Odli\u010dna Ponuda i Cijena","alternateName":"Gra\u0111evinski Materijal - Odli\u010dna Ponuda i Cijena","potentialAction":[{"@type":"SearchAction","target":{"@type":"EntryPoint","urlTemplate":"https:\/\/consortium.hr\/?s={search_term_string}"},"query-input":{"@type":"PropertyValueSpecification","valueRequired":true,"valueName":"search_term_string"}}],"inLanguage":"sl-SI"}]}},"_links":{"self":[{"href":"https:\/\/consortium.hr\/sl\/wp-json\/wp\/v2\/product\/5891","targetHints":{"allow":["GET"]}}],"collection":[{"href":"https:\/\/consortium.hr\/sl\/wp-json\/wp\/v2\/product"}],"about":[{"href":"https:\/\/consortium.hr\/sl\/wp-json\/wp\/v2\/types\/product"}],"wp:featuredmedia":[{"embeddable":true,"href":"https:\/\/consortium.hr\/sl\/wp-json\/wp\/v2\/media\/5894"}],"wp:attachment":[{"href":"https:\/\/consortium.hr\/sl\/wp-json\/wp\/v2\/media?parent=5891"}],"wp:term":[{"taxonomy":"product_brand","embeddable":true,"href":"https:\/\/consortium.hr\/sl\/wp-json\/wp\/v2\/product_brand?post=5891"},{"taxonomy":"product_cat","embeddable":true,"href":"https:\/\/consortium.hr\/sl\/wp-json\/wp\/v2\/product_cat?post=5891"},{"taxonomy":"product_tag","embeddable":true,"href":"https:\/\/consortium.hr\/sl\/wp-json\/wp\/v2\/product_tag?post=5891"}],"curies":[{"name":"wp","href":"https:\/\/api.w.org\/{rel}","templated":true}]}}